{"id":2961,"date":"2022-02-12T04:30:04","date_gmt":"2022-02-12T04:30:04","guid":{"rendered":"https:\/\/psykedelikalsd.com\/?post_type=product&#038;p=2961"},"modified":"2025-08-12T00:08:39","modified_gmt":"2025-08-12T00:08:39","slug":"koeb-4-aco-dmt-online","status":"publish","type":"product","link":"https:\/\/psykedelikalsd.com\/en\/produkt\/koeb-4-aco-dmt-online\/","title":{"rendered":"K\u00f8b 4-AcO DMT online"},"content":{"rendered":"<div id=\"tab-description\" class=\"woocommerce-Tabs-panel woocommerce-Tabs-panel--description panel entry-content active\" role=\"tabpanel\" aria-labelledby=\"tab-title-description\">\n<h1 style=\"text-align: center;\">K\u00f8b 4-AcO DMT online<\/h1>\n<p>K\u00f8b 4-AcO DMT online. O-Acetylpsilocin (ogs\u00e5 kendt som psilacetin, 4-acetoxy-DMT eller K\u00f8b 4-AcO DMT) er et semisyntetisk psykoaktivt stof, der blev foresl\u00e5et af David Nichols. Det formodes derefter at v\u00e6re et potentielt nyttigt alternativ til psilocybin til farmakologiske studier. Imidlertid menes de begge at v\u00e6re prodrugs af psilocin.<\/p>\n<h4>Hvordan det ser ud<\/h4>\n<p>Det ligner et hvidt eller beige pulver (nogle gange m\u00f8rkt) med et krystallinsk udseende uden nogen s\u00e6rlig vedh\u00e6ftning. Dette pulver s\u00e6lges ogs\u00e5 i kapselform af nogle leverand\u00f8rer, sj\u00e6ldnere i flasker. I dag er det den mest popul\u00e6re af de syntetiske\/semisyntetiske tryptaminer, selvom brugen af disse stoffer stadig er begr\u00e6nset.<\/p>\n<h3 style=\"text-align: center;\">4-AcO DMT-dosering<\/h3>\n<p>Det s\u00e6lges normalt som et fumaratsalt (4-AcO-DMT-fumarat), der indeholder et gennemsnit p\u00e5 1 mg ren 4-AcO-DMT for hver 1,24 mg pulver. Eller hvis det er et hydrochloridsalt, vil det indeholde et gennemsnit p\u00e5 1 mg ren for hver 1,15 mg pulver. I praksis kan forskellen v\u00e6re ubetydelig, men det er v\u00e6rd at vide.<\/p>\n<p>Oral dosis (omtrentlig) (if\u00f8lge Erowid)<br \/>\nT\u00e6rskel: 5-10 mg<br \/>\nLav: 10-20 mg<br \/>\nNormal: 20-30 mg<br \/>\nSt\u00e6rk: 30-50+ mg<\/p>\n<p>Virkninger af 4-AcO DMT og hvor l\u00e6nge DMT varer i kroppen<\/p>\n<p>Overraskende nok er molekylets virkninger t\u00e6t p\u00e5 dem, der m\u00e6rkes af magiske svampe, s\u00e5som dem af psilocybe-sl\u00e6gten. Det er meget repr\u00e6sentativt for dette ordsprog. Den samlede varighed af turen er omkring 3 til 6 timer, afh\u00e6ngigt af dosis og person. K\u00f8b <a href=\"https:\/\/psykedelikalsd.com\/en\/produkt\/koeb-5-meo-dmt-online\/\">5-meo DMT<\/a> online<\/p>\n<h3 style=\"text-align: center;\">\u00d8nskede effekter<\/h3>\n<ul>\n<li>Fysisk og intellektuel stimulering<\/li>\n<li>Eufori<\/li>\n<li>\u00d8get socialisering<\/li>\n<li>\u00d8nske om at udtrykke dig selv og r\u00e6kke ud til andre<\/li>\n<li>H\u00e6mningsl\u00f8shed<\/li>\n<li>F\u00f8lelse af velv\u00e6re<\/li>\n<li>Sanseforstyrrelser<\/li>\n<li>Uh\u00e6mmet libido<\/li>\n<\/ul>\n<h4 style=\"text-align: center;\">Risiko ved at indtage 4-AcO DMT<\/h4>\n<p>&nbsp;<\/p>\n<p>Den relative toksicitet af <a href=\"https:\/\/psykedeliskagemenskap.com\/\">4-AcO-DMT<\/a>, og mere specifikt neurologisk, er s\u00e5 meget desto lavere, ligesom psilocin er: n\u00e6sten ingen neurotoksicitet. Men dette er blot overdrivelser, og virkeligheden er, at der ikke er udf\u00f8rt seri\u00f8se videnskabelige unders\u00f8gelser af emnet.<\/p>\n<p>Fysiske risici omfatter is\u00e6r opkastning, bevidstl\u00f8shed og anfald, men disse er ret us\u00e6dvanlige. S\u00e5 vidt vi ved, er ingen d\u00f8de af at tage det, og det er heller ikke sandsynligt, at det er fysisk farligt for de fleste mennesker.<\/p>\n<h3>K\u00f8b 4-AcO DMT online i Danmark<\/h3>\n<p>Som med alle psykedeliske stoffer b\u00f8r det sandsynligvis undg\u00e5s af gravide eller ammende kvinder eller personer, der er tilb\u00f8jelige til anfald. Dybest set hjerteproblemer, blodtryksproblemer eller psykiske problemer som sv\u00e6r angst. Om ikke andet for at v\u00e6re forsigtig i betragtning af manglen p\u00e5 klinisk forskning.<\/p>\n<ul>\n<li>Angstudbrud<\/li>\n<li>Depersonalisering<\/li>\n<li>Hallucinationer<\/li>\n<li>Psykotisk krise<\/li>\n<li>Takykardi og forh\u00f8jet blodtryk<\/li>\n<li>Meget svedtendens og hypertermi<\/li>\n<li>Stramme k\u00e6ber<\/li>\n<li>Kvalme<\/li>\n<li>Appetitl\u00f8shed<\/li>\n<li>\u00d8nsker at genoptage \/ Trang<\/li>\n<li>Tjek ogs\u00e5 vores flydende LSD<\/li>\n<\/ul>\n<\/div>","protected":false},"excerpt":{"rendered":"<p>K\u00f8b 4-AcO DMT online K\u00f8b 4-AcO DMT online. O-Acetylpsilocin (ogs\u00e5 kendt som psilacetin, 4-acetoxy-DMT eller K\u00f8b 4-AcO DMT) er et semisyntetisk psykoaktivt stof, der blev foresl\u00e5et af David Nichols. Det formodes derefter at v\u00e6re et potentielt nyttigt alternativ til psilocybin til farmakologiske studier. Imidlertid menes de begge at v\u00e6re prodrugs af psilocin. Hvordan det ser [&#8230;]\n","protected":false},"featured_media":2999,"comment_status":"open","ping_status":"closed","template":"","meta":[],"product_brand":[],"product_cat":[69],"product_tag":[925,934,937,939,2287,932,2288,2289,83,84,2290,2301,74,2295,2296,2298,2303,2297,2291,2292,2293,2300,2299,2294,2302,938],"class_list":{"0":"post-2961","1":"product","2":"type-product","3":"status-publish","4":"has-post-thumbnail","6":"product_cat-dmt","7":"product_tag-4-aco-dmt","8":"product_tag-4-aco-dmt-60-mg","9":"product_tag-4-aco-dmt-70-mg","10":"product_tag-4-aco-dmt-dosering","11":"product_tag-4-aco-dmt-farveaendring","12":"product_tag-4-aco-dmt-med-4-ho-met","13":"product_tag-4-aco-dmt-salg","14":"product_tag-4-aco-dmt-test","15":"product_tag-5-meo","16":"product_tag-5-meo-dmt","17":"product_tag-benzo-med-4-aco-dmt","18":"product_tag-bestil-dmt","19":"product_tag-dmt","20":"product_tag-dmt-medicin","21":"product_tag-dmt-til-salg","22":"product_tag-er-det-muligt-at-koebe-o-acetylpsilocin-online","23":"product_tag-hvor-kan-jeg-koebe-4-aco-dmt-i-sverige","24":"product_tag-hvordan-kan-jeg-koebe-o-acetylpsilocin-online","25":"product_tag-koeb-4-aco-dmt-o-acetylpsilocin","26":"product_tag-koeb-dmt-online","27":"product_tag-koeb-o-acetylpsilocin-i-dark-web","28":"product_tag-o-acetylpsilocin-butik","29":"product_tag-o-acetylpsilocin-til-salg","30":"product_tag-oploes-4-aco-dmt-i-vand","31":"product_tag-sniffe-4-aco-dmt","32":"product_tag-sublingual-4-aco-dmt","34":"first","35":"instock","36":"shipping-taxable","37":"purchasable","38":"product-type-variable"},"yoast_head":"<!-- This site is optimized with the Yoast SEO plugin v27.4 - https:\/\/yoast.com\/product\/yoast-seo-wordpress\/ -->\n<title>K\u00f8b 4-AcO DMT online | K\u00f8b LSD online<\/title>\n<meta name=\"description\" content=\"K\u00f8b 4-AcO DMT online. O-Acetylpsilocin (ogs\u00e5 kendt som psilacetin, 4-acetoxy-DMT eller K\u00f8b 4-AcO DMT) er et semisyntetisk psykoaktivt stof\" \/>\n<meta name=\"robots\" content=\"index, follow, max-snippet:-1, max-image-preview:large, max-video-preview:-1\" \/>\n<link rel=\"canonical\" href=\"https:\/\/psykedelikalsd.com\/en\/produkt\/koeb-4-aco-dmt-online\/\" \/>\n<meta property=\"og:locale\" content=\"en_US\" \/>\n<meta property=\"og:type\" content=\"article\" \/>\n<meta property=\"og:title\" content=\"K\u00f8b 4-AcO DMT online | K\u00f8b LSD online\" \/>\n<meta property=\"og:description\" content=\"K\u00f8b 4-AcO DMT online. O-Acetylpsilocin (ogs\u00e5 kendt som psilacetin, 4-acetoxy-DMT eller K\u00f8b 4-AcO DMT) er et semisyntetisk psykoaktivt stof\" \/>\n<meta property=\"og:url\" content=\"https:\/\/psykedelikalsd.com\/en\/produkt\/koeb-4-aco-dmt-online\/\" \/>\n<meta property=\"og:site_name\" content=\"K\u00f8b LSD online\" \/>\n<meta property=\"article:modified_time\" content=\"2025-08-12T00:08:39+00:00\" \/>\n<meta property=\"og:image\" content=\"https:\/\/psykedelikalsd.com\/wp-content\/uploads\/2022\/02\/buy-4-aco-dmt.png\" \/>\n\t<meta property=\"og:image:width\" content=\"300\" \/>\n\t<meta property=\"og:image:height\" content=\"300\" \/>\n\t<meta property=\"og:image:type\" content=\"image\/png\" \/>\n<meta name=\"twitter:card\" content=\"summary_large_image\" \/>\n<meta name=\"twitter:label1\" content=\"Est. reading time\" \/>\n\t<meta name=\"twitter:data1\" content=\"2 minutes\" \/>\n<script type=\"application\/ld+json\" class=\"yoast-schema-graph\">{\"@context\":\"https:\\\/\\\/schema.org\",\"@graph\":[{\"@type\":\"WebPage\",\"@id\":\"https:\\\/\\\/psykedelikalsd.com\\\/produkt\\\/koeb-4-aco-dmt-online\\\/\",\"url\":\"https:\\\/\\\/psykedelikalsd.com\\\/produkt\\\/koeb-4-aco-dmt-online\\\/\",\"name\":\"K\u00f8b 4-AcO DMT online | K\u00f8b LSD online\",\"isPartOf\":{\"@id\":\"https:\\\/\\\/psykedelikalsd.com\\\/#website\"},\"primaryImageOfPage\":{\"@id\":\"https:\\\/\\\/psykedelikalsd.com\\\/produkt\\\/koeb-4-aco-dmt-online\\\/#primaryimage\"},\"image\":{\"@id\":\"https:\\\/\\\/psykedelikalsd.com\\\/produkt\\\/koeb-4-aco-dmt-online\\\/#primaryimage\"},\"thumbnailUrl\":\"https:\\\/\\\/psykedelikalsd.com\\\/wp-content\\\/uploads\\\/2022\\\/02\\\/buy-4-aco-dmt.png\",\"datePublished\":\"2022-02-12T04:30:04+00:00\",\"dateModified\":\"2025-08-12T00:08:39+00:00\",\"description\":\"K\u00f8b 4-AcO DMT online. O-Acetylpsilocin (ogs\u00e5 kendt som psilacetin, 4-acetoxy-DMT eller K\u00f8b 4-AcO DMT) er et semisyntetisk psykoaktivt stof\",\"breadcrumb\":{\"@id\":\"https:\\\/\\\/psykedelikalsd.com\\\/produkt\\\/koeb-4-aco-dmt-online\\\/#breadcrumb\"},\"inLanguage\":\"en-US\",\"potentialAction\":[{\"@type\":\"ReadAction\",\"target\":[\"https:\\\/\\\/psykedelikalsd.com\\\/produkt\\\/koeb-4-aco-dmt-online\\\/\"]}]},{\"@type\":\"ImageObject\",\"inLanguage\":\"en-US\",\"@id\":\"https:\\\/\\\/psykedelikalsd.com\\\/produkt\\\/koeb-4-aco-dmt-online\\\/#primaryimage\",\"url\":\"https:\\\/\\\/psykedelikalsd.com\\\/wp-content\\\/uploads\\\/2022\\\/02\\\/buy-4-aco-dmt.png\",\"contentUrl\":\"https:\\\/\\\/psykedelikalsd.com\\\/wp-content\\\/uploads\\\/2022\\\/02\\\/buy-4-aco-dmt.png\",\"width\":300,\"height\":300,\"caption\":\"K\u00f8b 4-AcO DMT online\"},{\"@type\":\"BreadcrumbList\",\"@id\":\"https:\\\/\\\/psykedelikalsd.com\\\/produkt\\\/koeb-4-aco-dmt-online\\\/#breadcrumb\",\"itemListElement\":[{\"@type\":\"ListItem\",\"position\":1,\"name\":\"Home\",\"item\":\"https:\\\/\\\/psykedelikalsd.com\\\/\"},{\"@type\":\"ListItem\",\"position\":2,\"name\":\"Butik\",\"item\":\"https:\\\/\\\/psykedelikalsd.com\\\/shop\\\/\"},{\"@type\":\"ListItem\",\"position\":3,\"name\":\"K\u00f8b 4-AcO DMT online\"}]},{\"@type\":\"WebSite\",\"@id\":\"https:\\\/\\\/psykedelikalsd.com\\\/#website\",\"url\":\"https:\\\/\\\/psykedelikalsd.com\\\/\",\"name\":\"K\u00f8b LSD-stof online\",\"description\":\"Bedste sted at k\u00f8be LSD-stoffer online | Bestil DMT-stoffer online\",\"publisher\":{\"@id\":\"https:\\\/\\\/psykedelikalsd.com\\\/#organization\"},\"potentialAction\":[{\"@type\":\"SearchAction\",\"target\":{\"@type\":\"EntryPoint\",\"urlTemplate\":\"https:\\\/\\\/psykedelikalsd.com\\\/?s={search_term_string}\"},\"query-input\":{\"@type\":\"PropertyValueSpecification\",\"valueRequired\":true,\"valueName\":\"search_term_string\"}}],\"inLanguage\":\"en-US\"},{\"@type\":\"Organization\",\"@id\":\"https:\\\/\\\/psykedelikalsd.com\\\/#organization\",\"name\":\"LSD-forhandler\",\"url\":\"https:\\\/\\\/psykedelikalsd.com\\\/\",\"logo\":{\"@type\":\"ImageObject\",\"inLanguage\":\"en-US\",\"@id\":\"https:\\\/\\\/psykedelikalsd.com\\\/#\\\/schema\\\/logo\\\/image\\\/\",\"url\":\"https:\\\/\\\/psykedelikalsd.com\\\/wp-content\\\/uploads\\\/2022\\\/02\\\/cropped-psychedelic-logo.png\",\"contentUrl\":\"https:\\\/\\\/psykedelikalsd.com\\\/wp-content\\\/uploads\\\/2022\\\/02\\\/cropped-psychedelic-logo.png\",\"width\":512,\"height\":512,\"caption\":\"LSD-forhandler\"},\"image\":{\"@id\":\"https:\\\/\\\/psykedelikalsd.com\\\/#\\\/schema\\\/logo\\\/image\\\/\"}}]}<\/script>\n<!-- \/ Yoast SEO plugin. -->","yoast_head_json":{"title":"K\u00f8b 4-AcO DMT online | K\u00f8b LSD online","description":"K\u00f8b 4-AcO DMT online. O-Acetylpsilocin (ogs\u00e5 kendt som psilacetin, 4-acetoxy-DMT eller K\u00f8b 4-AcO DMT) er et semisyntetisk psykoaktivt stof","robots":{"index":"index","follow":"follow","max-snippet":"max-snippet:-1","max-image-preview":"max-image-preview:large","max-video-preview":"max-video-preview:-1"},"canonical":"https:\/\/psykedelikalsd.com\/en\/produkt\/koeb-4-aco-dmt-online\/","og_locale":"en_US","og_type":"article","og_title":"K\u00f8b 4-AcO DMT online | K\u00f8b LSD online","og_description":"K\u00f8b 4-AcO DMT online. O-Acetylpsilocin (ogs\u00e5 kendt som psilacetin, 4-acetoxy-DMT eller K\u00f8b 4-AcO DMT) er et semisyntetisk psykoaktivt stof","og_url":"https:\/\/psykedelikalsd.com\/en\/produkt\/koeb-4-aco-dmt-online\/","og_site_name":"K\u00f8b LSD online","article_modified_time":"2025-08-12T00:08:39+00:00","og_image":[{"width":300,"height":300,"url":"https:\/\/psykedelikalsd.com\/wp-content\/uploads\/2022\/02\/buy-4-aco-dmt.png","type":"image\/png"}],"twitter_card":"summary_large_image","twitter_misc":{"Est. reading time":"2 minutes"},"schema":{"@context":"https:\/\/schema.org","@graph":[{"@type":"WebPage","@id":"https:\/\/psykedelikalsd.com\/produkt\/koeb-4-aco-dmt-online\/","url":"https:\/\/psykedelikalsd.com\/produkt\/koeb-4-aco-dmt-online\/","name":"K\u00f8b 4-AcO DMT online | K\u00f8b LSD online","isPartOf":{"@id":"https:\/\/psykedelikalsd.com\/#website"},"primaryImageOfPage":{"@id":"https:\/\/psykedelikalsd.com\/produkt\/koeb-4-aco-dmt-online\/#primaryimage"},"image":{"@id":"https:\/\/psykedelikalsd.com\/produkt\/koeb-4-aco-dmt-online\/#primaryimage"},"thumbnailUrl":"https:\/\/psykedelikalsd.com\/wp-content\/uploads\/2022\/02\/buy-4-aco-dmt.png","datePublished":"2022-02-12T04:30:04+00:00","dateModified":"2025-08-12T00:08:39+00:00","description":"K\u00f8b 4-AcO DMT online. O-Acetylpsilocin (ogs\u00e5 kendt som psilacetin, 4-acetoxy-DMT eller K\u00f8b 4-AcO DMT) er et semisyntetisk psykoaktivt stof","breadcrumb":{"@id":"https:\/\/psykedelikalsd.com\/produkt\/koeb-4-aco-dmt-online\/#breadcrumb"},"inLanguage":"en-US","potentialAction":[{"@type":"ReadAction","target":["https:\/\/psykedelikalsd.com\/produkt\/koeb-4-aco-dmt-online\/"]}]},{"@type":"ImageObject","inLanguage":"en-US","@id":"https:\/\/psykedelikalsd.com\/produkt\/koeb-4-aco-dmt-online\/#primaryimage","url":"https:\/\/psykedelikalsd.com\/wp-content\/uploads\/2022\/02\/buy-4-aco-dmt.png","contentUrl":"https:\/\/psykedelikalsd.com\/wp-content\/uploads\/2022\/02\/buy-4-aco-dmt.png","width":300,"height":300,"caption":"K\u00f8b 4-AcO DMT online"},{"@type":"BreadcrumbList","@id":"https:\/\/psykedelikalsd.com\/produkt\/koeb-4-aco-dmt-online\/#breadcrumb","itemListElement":[{"@type":"ListItem","position":1,"name":"Home","item":"https:\/\/psykedelikalsd.com\/"},{"@type":"ListItem","position":2,"name":"Butik","item":"https:\/\/psykedelikalsd.com\/shop\/"},{"@type":"ListItem","position":3,"name":"K\u00f8b 4-AcO DMT online"}]},{"@type":"WebSite","@id":"https:\/\/psykedelikalsd.com\/#website","url":"https:\/\/psykedelikalsd.com\/","name":"K\u00f8b LSD-stof online","description":"Bedste sted at k\u00f8be LSD-stoffer online | Bestil DMT-stoffer online","publisher":{"@id":"https:\/\/psykedelikalsd.com\/#organization"},"potentialAction":[{"@type":"SearchAction","target":{"@type":"EntryPoint","urlTemplate":"https:\/\/psykedelikalsd.com\/?s={search_term_string}"},"query-input":{"@type":"PropertyValueSpecification","valueRequired":true,"valueName":"search_term_string"}}],"inLanguage":"en-US"},{"@type":"Organization","@id":"https:\/\/psykedelikalsd.com\/#organization","name":"LSD-forhandler","url":"https:\/\/psykedelikalsd.com\/","logo":{"@type":"ImageObject","inLanguage":"en-US","@id":"https:\/\/psykedelikalsd.com\/#\/schema\/logo\/image\/","url":"https:\/\/psykedelikalsd.com\/wp-content\/uploads\/2022\/02\/cropped-psychedelic-logo.png","contentUrl":"https:\/\/psykedelikalsd.com\/wp-content\/uploads\/2022\/02\/cropped-psychedelic-logo.png","width":512,"height":512,"caption":"LSD-forhandler"},"image":{"@id":"https:\/\/psykedelikalsd.com\/#\/schema\/logo\/image\/"}}]}},"_links":{"self":[{"href":"https:\/\/psykedelikalsd.com\/en\/wp-json\/wp\/v2\/product\/2961","targetHints":{"allow":["GET"]}}],"collection":[{"href":"https:\/\/psykedelikalsd.com\/en\/wp-json\/wp\/v2\/product"}],"about":[{"href":"https:\/\/psykedelikalsd.com\/en\/wp-json\/wp\/v2\/types\/product"}],"replies":[{"embeddable":true,"href":"https:\/\/psykedelikalsd.com\/en\/wp-json\/wp\/v2\/comments?post=2961"}],"wp:featuredmedia":[{"embeddable":true,"href":"https:\/\/psykedelikalsd.com\/en\/wp-json\/wp\/v2\/media\/2999"}],"wp:attachment":[{"href":"https:\/\/psykedelikalsd.com\/en\/wp-json\/wp\/v2\/media?parent=2961"}],"wp:term":[{"taxonomy":"product_brand","embeddable":true,"href":"https:\/\/psykedelikalsd.com\/en\/wp-json\/wp\/v2\/product_brand?post=2961"},{"taxonomy":"product_cat","embeddable":true,"href":"https:\/\/psykedelikalsd.com\/en\/wp-json\/wp\/v2\/product_cat?post=2961"},{"taxonomy":"product_tag","embeddable":true,"href":"https:\/\/psykedelikalsd.com\/en\/wp-json\/wp\/v2\/product_tag?post=2961"}],"curies":[{"name":"wp","href":"https:\/\/api.w.org\/{rel}","templated":true}]}}