{"id":3028,"date":"2022-02-12T13:42:07","date_gmt":"2022-02-12T13:42:07","guid":{"rendered":"https:\/\/psykedelikalsd.com\/?post_type=product&#038;p=3028"},"modified":"2025-08-11T23:49:50","modified_gmt":"2025-08-11T23:49:50","slug":"koeb-5-meo-dmt-online","status":"publish","type":"product","link":"https:\/\/psykedelikalsd.com\/en\/produkt\/koeb-5-meo-dmt-online\/","title":{"rendered":"K\u00f8b 5-meo DMT online"},"content":{"rendered":"<h1 style=\"text-align: center;\">K\u00f8b 5-meo DMT online<\/h1>\n<p>K\u00f8b 5-meo DMT online. Dette er et ekstremt potent naturligt psykedelisk stof, der findes i visse planter og de giftige sekreter fra Sonoran-\u00f8rkentudsen. Det er sandt, at den ogs\u00e5 er kendt som Colorado River Toad. Den kan ogs\u00e5 fremstilles syntetisk i et laboratorium. Dette er forkortelsen for 5-methoxy-N,N-dimethyltryptamin. Dette stof er et af de mest kraftfulde psykedelika, der findes.<\/p>\n<h3 style=\"text-align: center;\">Hvor kan jeg k\u00f8be 5-MeO-DMT online?<\/h3>\n<p>Hos LSD Dealer Shop finder du et bredt udvalg af psykedeliske og psykoaktive stoffer, hvor vores produkt skiller sig ud som hovednavnet. Muligheden for at f\u00e5 den bedste dosis af dette stof i form af en kraftig &#8220;yopo&#8221; eller pulver, der kraftigt bl\u00e6ses ind i n\u00e6sen. Da 5-MeO-DMT er noget mere ukendt end DMT, er dets potentiale til at helbrede stofafh\u00e6ngighed mindre kendt, men nogle progressive behandlingscentre har fundet det yderst nyttigt.<\/p>\n<h3 style=\"text-align: center;\">Find den rigtige dosering<\/h3>\n<p>N\u00e5r det tages i n\u00e6rv\u00e6r af en omsorgsperson uden andre l\u00e6gemidler eller kontraindikerede l\u00e6gemidler (s\u00e5som MAO-h\u00e6mmere og antidepressiva), synes det at v\u00e6re relativt sikkert. Ellers er der rapporteret om vedvarende angst efter blot \u00e9n brug, sammen med s\u00f8vnforstyrrelser og panikanfald. For at minimere risiciene er det en god id\u00e9 at starte med lave, pr\u00e6cist afm\u00e5lte doser og have en erfaren omsorgsperson til stede.<\/p>\n<p>En af de interessante ting ved det er, at effektens varighed er alt fra 20 til 60 minutter.<\/p>\n<h3 style=\"text-align: center;\">Medicinske anvendelser af 5 meo DMT<\/h3>\n<p>Crossroads Treatment Center i det nordlige Mexico, som specialiserer sig i kombinationsbehandling med ibogain og<a href=\"https:\/\/psykedeliskagemenskap.com\/\"> 5-MeO-DMT<\/a>. Det ser ud til at virke synergistisk med ibogain, hvilket giver patienterne mulighed for at integrere ibogain med en transcendental eller mystisk oplevelse. Dette hj\u00e6lper patienterne med at rekontekstualisere deres oplevelse og kan i sidste ende give dem inspiration og motivation.<\/p>\n<p>DMT findes ogs\u00e5 i mange planter og dyr, herunder giften fra en bestemt tudse. DMT er mere som et perspektivskift. Nogle har sagt, at det er noget i retning af en n\u00e6rd\u00f8dsoplevelse. K\u00f8b <a href=\"https:\/\/psykedelikalsd.com\/en\/produkt\/koeb-ayahuasca-online\/\">Ayahuasca<\/a> online<\/p>","protected":false},"excerpt":{"rendered":"<p>5-MeO-DMT er et ekstremt potent naturligt psykedelisk stof, der findes i visse planter og de giftige sekreter fra Sonoran-\u00f8rkentudsen, ogs\u00e5 kendt som Colorado River Toad. Det kan ogs\u00e5 fremstilles syntetisk i et laboratorium. Dette er forkortelsen for 5-methoxy-N,N-dimethyltryptamin (som betyder MEO DMT).<\/p>","protected":false},"featured_media":3034,"comment_status":"open","ping_status":"closed","template":"","meta":[],"product_brand":[],"product_cat":[69],"product_tag":[83,921,2274,2273,2272,911,84,906,2275,2277,918,74,2279,2281,2278,2283,2285,2286,2280,2276,2282,922,2284],"class_list":{"0":"post-3028","1":"product","2":"type-product","3":"status-publish","4":"has-post-thumbnail","6":"product_cat-dmt","7":"product_tag-5-meo","8":"product_tag-5-meo-dmt-kemisk-struktur","9":"product_tag-5-meo-dmt-planter","10":"product_tag-5-meo-dmt-til-salg","11":"product_tag-5-meo-dmt-vogn","12":"product_tag-5-meo-dmt-vs-dmt","13":"product_tag-5-meo-dmt","14":"product_tag-alberto-guzman-5-meo-dmt","15":"product_tag-bedste-sted-at-koebe-5-meo-dmt-i-sverige","16":"product_tag-billig-5-meo-dmt-til-salg","17":"product_tag-bufo-5-meo-dmt","18":"product_tag-dmt","19":"product_tag-dmt-laegemiddel","20":"product_tag-er-der-en-forskningskemisk-form-af-5-meo-dmt","21":"product_tag-forskel-mellem-5-meo-dmt-og-dmt","22":"product_tag-forskningskemikalie-5-meo-dmt","23":"product_tag-hvad-er-5-meo-dmt","24":"product_tag-hvor-kan-man-koebe-5-meo-dmt","25":"product_tag-hvordan-kan-jeg-bestille-5-meo-dmt-online","26":"product_tag-kan-du-koebe-5-meo-dmt-online","27":"product_tag-mdma-og-5-meo-dmt","28":"product_tag-nn-dmt-vs-5-meo-dmt","29":"product_tag-tryptamin-5-meo-dmt-til-salg","31":"first","32":"instock","33":"shipping-taxable","34":"purchasable","35":"product-type-variable"},"yoast_head":"<!-- This site is optimized with the Yoast SEO plugin v27.4 - https:\/\/yoast.com\/product\/yoast-seo-wordpress\/ -->\n<title>K\u00f8b 5-meo DMT online | K\u00f8b LSD online<\/title>\n<meta name=\"description\" content=\"K\u00f8b 5-meo DMT online. Det kan ogs\u00e5 fremstilles syntetisk i et laboratorium. Dette er forkortelsen for 5-methoxy-N,N-dimethyltryptamin.\" \/>\n<meta name=\"robots\" content=\"index, follow, max-snippet:-1, max-image-preview:large, max-video-preview:-1\" \/>\n<link rel=\"canonical\" href=\"https:\/\/psykedelikalsd.com\/en\/produkt\/koeb-5-meo-dmt-online\/\" \/>\n<meta property=\"og:locale\" content=\"en_US\" \/>\n<meta property=\"og:type\" content=\"article\" \/>\n<meta property=\"og:title\" content=\"K\u00f8b 5-meo DMT online | K\u00f8b LSD online\" \/>\n<meta property=\"og:description\" content=\"K\u00f8b 5-meo DMT online. Det kan ogs\u00e5 fremstilles syntetisk i et laboratorium. Dette er forkortelsen for 5-methoxy-N,N-dimethyltryptamin.\" \/>\n<meta property=\"og:url\" content=\"https:\/\/psykedelikalsd.com\/en\/produkt\/koeb-5-meo-dmt-online\/\" \/>\n<meta property=\"og:site_name\" content=\"K\u00f8b LSD online\" \/>\n<meta property=\"article:modified_time\" content=\"2025-08-11T23:49:50+00:00\" \/>\n<meta property=\"og:image\" content=\"https:\/\/psykedelikalsd.com\/wp-content\/uploads\/2022\/02\/trippymark99___B07KuQCncnR___-600x600-1.jpg\" \/>\n\t<meta property=\"og:image:width\" content=\"600\" \/>\n\t<meta property=\"og:image:height\" content=\"600\" \/>\n\t<meta property=\"og:image:type\" content=\"image\/jpeg\" \/>\n<meta name=\"twitter:card\" content=\"summary_large_image\" \/>\n<meta name=\"twitter:label1\" content=\"Est. reading time\" \/>\n\t<meta name=\"twitter:data1\" content=\"2 minutes\" \/>\n<script type=\"application\/ld+json\" class=\"yoast-schema-graph\">{\"@context\":\"https:\\\/\\\/schema.org\",\"@graph\":[{\"@type\":\"WebPage\",\"@id\":\"https:\\\/\\\/psykedelikalsd.com\\\/produkt\\\/koeb-5-meo-dmt-online\\\/\",\"url\":\"https:\\\/\\\/psykedelikalsd.com\\\/produkt\\\/koeb-5-meo-dmt-online\\\/\",\"name\":\"K\u00f8b 5-meo DMT online | K\u00f8b LSD online\",\"isPartOf\":{\"@id\":\"https:\\\/\\\/psykedelikalsd.com\\\/#website\"},\"primaryImageOfPage\":{\"@id\":\"https:\\\/\\\/psykedelikalsd.com\\\/produkt\\\/koeb-5-meo-dmt-online\\\/#primaryimage\"},\"image\":{\"@id\":\"https:\\\/\\\/psykedelikalsd.com\\\/produkt\\\/koeb-5-meo-dmt-online\\\/#primaryimage\"},\"thumbnailUrl\":\"https:\\\/\\\/psykedelikalsd.com\\\/wp-content\\\/uploads\\\/2022\\\/02\\\/trippymark99___B07KuQCncnR___-600x600-1.jpg\",\"datePublished\":\"2022-02-12T13:42:07+00:00\",\"dateModified\":\"2025-08-11T23:49:50+00:00\",\"description\":\"K\u00f8b 5-meo DMT online. Det kan ogs\u00e5 fremstilles syntetisk i et laboratorium. Dette er forkortelsen for 5-methoxy-N,N-dimethyltryptamin.\",\"breadcrumb\":{\"@id\":\"https:\\\/\\\/psykedelikalsd.com\\\/produkt\\\/koeb-5-meo-dmt-online\\\/#breadcrumb\"},\"inLanguage\":\"en-US\",\"potentialAction\":[{\"@type\":\"ReadAction\",\"target\":[\"https:\\\/\\\/psykedelikalsd.com\\\/produkt\\\/koeb-5-meo-dmt-online\\\/\"]}]},{\"@type\":\"ImageObject\",\"inLanguage\":\"en-US\",\"@id\":\"https:\\\/\\\/psykedelikalsd.com\\\/produkt\\\/koeb-5-meo-dmt-online\\\/#primaryimage\",\"url\":\"https:\\\/\\\/psykedelikalsd.com\\\/wp-content\\\/uploads\\\/2022\\\/02\\\/trippymark99___B07KuQCncnR___-600x600-1.jpg\",\"contentUrl\":\"https:\\\/\\\/psykedelikalsd.com\\\/wp-content\\\/uploads\\\/2022\\\/02\\\/trippymark99___B07KuQCncnR___-600x600-1.jpg\",\"width\":600,\"height\":600,\"caption\":\"K\u00f8b 5-meo DMT online\"},{\"@type\":\"BreadcrumbList\",\"@id\":\"https:\\\/\\\/psykedelikalsd.com\\\/produkt\\\/koeb-5-meo-dmt-online\\\/#breadcrumb\",\"itemListElement\":[{\"@type\":\"ListItem\",\"position\":1,\"name\":\"Home\",\"item\":\"https:\\\/\\\/psykedelikalsd.com\\\/\"},{\"@type\":\"ListItem\",\"position\":2,\"name\":\"Butik\",\"item\":\"https:\\\/\\\/psykedelikalsd.com\\\/shop\\\/\"},{\"@type\":\"ListItem\",\"position\":3,\"name\":\"K\u00f8b 5-meo DMT online\"}]},{\"@type\":\"WebSite\",\"@id\":\"https:\\\/\\\/psykedelikalsd.com\\\/#website\",\"url\":\"https:\\\/\\\/psykedelikalsd.com\\\/\",\"name\":\"K\u00f8b LSD-stof online\",\"description\":\"Bedste sted at k\u00f8be LSD-stoffer online | Bestil DMT-stoffer online\",\"publisher\":{\"@id\":\"https:\\\/\\\/psykedelikalsd.com\\\/#organization\"},\"potentialAction\":[{\"@type\":\"SearchAction\",\"target\":{\"@type\":\"EntryPoint\",\"urlTemplate\":\"https:\\\/\\\/psykedelikalsd.com\\\/?s={search_term_string}\"},\"query-input\":{\"@type\":\"PropertyValueSpecification\",\"valueRequired\":true,\"valueName\":\"search_term_string\"}}],\"inLanguage\":\"en-US\"},{\"@type\":\"Organization\",\"@id\":\"https:\\\/\\\/psykedelikalsd.com\\\/#organization\",\"name\":\"LSD-forhandler\",\"url\":\"https:\\\/\\\/psykedelikalsd.com\\\/\",\"logo\":{\"@type\":\"ImageObject\",\"inLanguage\":\"en-US\",\"@id\":\"https:\\\/\\\/psykedelikalsd.com\\\/#\\\/schema\\\/logo\\\/image\\\/\",\"url\":\"https:\\\/\\\/psykedelikalsd.com\\\/wp-content\\\/uploads\\\/2022\\\/02\\\/cropped-psychedelic-logo.png\",\"contentUrl\":\"https:\\\/\\\/psykedelikalsd.com\\\/wp-content\\\/uploads\\\/2022\\\/02\\\/cropped-psychedelic-logo.png\",\"width\":512,\"height\":512,\"caption\":\"LSD-forhandler\"},\"image\":{\"@id\":\"https:\\\/\\\/psykedelikalsd.com\\\/#\\\/schema\\\/logo\\\/image\\\/\"}}]}<\/script>\n<!-- \/ Yoast SEO plugin. -->","yoast_head_json":{"title":"K\u00f8b 5-meo DMT online | K\u00f8b LSD online","description":"K\u00f8b 5-meo DMT online. Det kan ogs\u00e5 fremstilles syntetisk i et laboratorium. Dette er forkortelsen for 5-methoxy-N,N-dimethyltryptamin.","robots":{"index":"index","follow":"follow","max-snippet":"max-snippet:-1","max-image-preview":"max-image-preview:large","max-video-preview":"max-video-preview:-1"},"canonical":"https:\/\/psykedelikalsd.com\/en\/produkt\/koeb-5-meo-dmt-online\/","og_locale":"en_US","og_type":"article","og_title":"K\u00f8b 5-meo DMT online | K\u00f8b LSD online","og_description":"K\u00f8b 5-meo DMT online. Det kan ogs\u00e5 fremstilles syntetisk i et laboratorium. Dette er forkortelsen for 5-methoxy-N,N-dimethyltryptamin.","og_url":"https:\/\/psykedelikalsd.com\/en\/produkt\/koeb-5-meo-dmt-online\/","og_site_name":"K\u00f8b LSD online","article_modified_time":"2025-08-11T23:49:50+00:00","og_image":[{"width":600,"height":600,"url":"https:\/\/psykedelikalsd.com\/wp-content\/uploads\/2022\/02\/trippymark99___B07KuQCncnR___-600x600-1.jpg","type":"image\/jpeg"}],"twitter_card":"summary_large_image","twitter_misc":{"Est. reading time":"2 minutes"},"schema":{"@context":"https:\/\/schema.org","@graph":[{"@type":"WebPage","@id":"https:\/\/psykedelikalsd.com\/produkt\/koeb-5-meo-dmt-online\/","url":"https:\/\/psykedelikalsd.com\/produkt\/koeb-5-meo-dmt-online\/","name":"K\u00f8b 5-meo DMT online | K\u00f8b LSD online","isPartOf":{"@id":"https:\/\/psykedelikalsd.com\/#website"},"primaryImageOfPage":{"@id":"https:\/\/psykedelikalsd.com\/produkt\/koeb-5-meo-dmt-online\/#primaryimage"},"image":{"@id":"https:\/\/psykedelikalsd.com\/produkt\/koeb-5-meo-dmt-online\/#primaryimage"},"thumbnailUrl":"https:\/\/psykedelikalsd.com\/wp-content\/uploads\/2022\/02\/trippymark99___B07KuQCncnR___-600x600-1.jpg","datePublished":"2022-02-12T13:42:07+00:00","dateModified":"2025-08-11T23:49:50+00:00","description":"K\u00f8b 5-meo DMT online. Det kan ogs\u00e5 fremstilles syntetisk i et laboratorium. Dette er forkortelsen for 5-methoxy-N,N-dimethyltryptamin.","breadcrumb":{"@id":"https:\/\/psykedelikalsd.com\/produkt\/koeb-5-meo-dmt-online\/#breadcrumb"},"inLanguage":"en-US","potentialAction":[{"@type":"ReadAction","target":["https:\/\/psykedelikalsd.com\/produkt\/koeb-5-meo-dmt-online\/"]}]},{"@type":"ImageObject","inLanguage":"en-US","@id":"https:\/\/psykedelikalsd.com\/produkt\/koeb-5-meo-dmt-online\/#primaryimage","url":"https:\/\/psykedelikalsd.com\/wp-content\/uploads\/2022\/02\/trippymark99___B07KuQCncnR___-600x600-1.jpg","contentUrl":"https:\/\/psykedelikalsd.com\/wp-content\/uploads\/2022\/02\/trippymark99___B07KuQCncnR___-600x600-1.jpg","width":600,"height":600,"caption":"K\u00f8b 5-meo DMT online"},{"@type":"BreadcrumbList","@id":"https:\/\/psykedelikalsd.com\/produkt\/koeb-5-meo-dmt-online\/#breadcrumb","itemListElement":[{"@type":"ListItem","position":1,"name":"Home","item":"https:\/\/psykedelikalsd.com\/"},{"@type":"ListItem","position":2,"name":"Butik","item":"https:\/\/psykedelikalsd.com\/shop\/"},{"@type":"ListItem","position":3,"name":"K\u00f8b 5-meo DMT online"}]},{"@type":"WebSite","@id":"https:\/\/psykedelikalsd.com\/#website","url":"https:\/\/psykedelikalsd.com\/","name":"K\u00f8b LSD-stof online","description":"Bedste sted at k\u00f8be LSD-stoffer online | Bestil DMT-stoffer online","publisher":{"@id":"https:\/\/psykedelikalsd.com\/#organization"},"potentialAction":[{"@type":"SearchAction","target":{"@type":"EntryPoint","urlTemplate":"https:\/\/psykedelikalsd.com\/?s={search_term_string}"},"query-input":{"@type":"PropertyValueSpecification","valueRequired":true,"valueName":"search_term_string"}}],"inLanguage":"en-US"},{"@type":"Organization","@id":"https:\/\/psykedelikalsd.com\/#organization","name":"LSD-forhandler","url":"https:\/\/psykedelikalsd.com\/","logo":{"@type":"ImageObject","inLanguage":"en-US","@id":"https:\/\/psykedelikalsd.com\/#\/schema\/logo\/image\/","url":"https:\/\/psykedelikalsd.com\/wp-content\/uploads\/2022\/02\/cropped-psychedelic-logo.png","contentUrl":"https:\/\/psykedelikalsd.com\/wp-content\/uploads\/2022\/02\/cropped-psychedelic-logo.png","width":512,"height":512,"caption":"LSD-forhandler"},"image":{"@id":"https:\/\/psykedelikalsd.com\/#\/schema\/logo\/image\/"}}]}},"_links":{"self":[{"href":"https:\/\/psykedelikalsd.com\/en\/wp-json\/wp\/v2\/product\/3028","targetHints":{"allow":["GET"]}}],"collection":[{"href":"https:\/\/psykedelikalsd.com\/en\/wp-json\/wp\/v2\/product"}],"about":[{"href":"https:\/\/psykedelikalsd.com\/en\/wp-json\/wp\/v2\/types\/product"}],"replies":[{"embeddable":true,"href":"https:\/\/psykedelikalsd.com\/en\/wp-json\/wp\/v2\/comments?post=3028"}],"wp:featuredmedia":[{"embeddable":true,"href":"https:\/\/psykedelikalsd.com\/en\/wp-json\/wp\/v2\/media\/3034"}],"wp:attachment":[{"href":"https:\/\/psykedelikalsd.com\/en\/wp-json\/wp\/v2\/media?parent=3028"}],"wp:term":[{"taxonomy":"product_brand","embeddable":true,"href":"https:\/\/psykedelikalsd.com\/en\/wp-json\/wp\/v2\/product_brand?post=3028"},{"taxonomy":"product_cat","embeddable":true,"href":"https:\/\/psykedelikalsd.com\/en\/wp-json\/wp\/v2\/product_cat?post=3028"},{"taxonomy":"product_tag","embeddable":true,"href":"https:\/\/psykedelikalsd.com\/en\/wp-json\/wp\/v2\/product_tag?post=3028"}],"curies":[{"name":"wp","href":"https:\/\/api.w.org\/{rel}","templated":true}]}}