{"id":3041,"date":"2022-02-12T15:16:22","date_gmt":"2022-02-12T15:16:22","guid":{"rendered":"https:\/\/psykedelikalsd.com\/?post_type=product&#038;p=3041"},"modified":"2025-08-11T23:41:25","modified_gmt":"2025-08-11T23:41:25","slug":"koeb-ayahuasca-online","status":"publish","type":"product","link":"https:\/\/psykedelikalsd.com\/en\/produkt\/koeb-ayahuasca-online\/","title":{"rendered":"K\u00f8b Ayahuasca online"},"content":{"rendered":"<h2 style=\"text-align: center;\">K\u00f8b Ayahuasca online<\/h2>\n<p>K\u00f8b Ayahuasca online. Ayahuasca er en entheogen bryg eller te lavet af vinstokken Banisteriopsis caapi og bladet Psychotria viridis (Ayahuasca til salg). Den bruges i traditionelle ceremonier blandt de indf\u00f8dte stammer i Amazonas. Den indeholder DMT, et kraftigt psykedelisk stof, og B. caapi indeholder monoaminoxidaseh\u00e6mmere (MAOI&#8217;er), som interagerer med DMT for at skabe en langvarig psykedelisk oplevelse. Disse giver folk langt fra traditionelle livsstile mulighed for at deltage i de helbredende og nye fordele ved ayahuasca.<\/p>\n<h3 style=\"text-align: center;\">Indtagelse af Ayahuasca (K\u00f8b Ayahuasca online)<\/h3>\n<p>Indtagelse af ayahuasca, som er aff\u00f8ringsmiddel og hallucinogent, for\u00e5rsager en form for beruselse (mareacion) med kvalme og opkastning. P\u00e5 grund af dens bitterhed bliver den friske bark undertiden kv\u00e6let eller pulveriseret for at v\u00e6re overkommelig, som det er tilf\u00e6ldet i nogle dele af Orinoco. Indtagelsen af planten sker ofte i et rituelt milj\u00f8, helst direkte og kontrolleret af en shaman. N\u00e5r ayahuasca indtages som en gruppe i et ritual, er opkastning en del af oplevelsen.<\/p>\n<h3 style=\"text-align: center;\">Ayahuasca-te<\/h3>\n<p>Ayahuasca-te brygges med to separate planter: B. caapi og P. viridis. B. caapi-planten indeholder MAO-h\u00e6mmere, der tillader DMT at have sin psykoaktive effekt; disse MAO-h\u00e6mmere inkluderer harmin, tetrahydroharmin (THH) og harmalin, selvom andre alkaloider ogs\u00e5 er til stede. P. viridis-planten indeholder det eneste st\u00f8rre psykedeliske alkaloid, DMT. Koncentrationen af alkaloiderne i brygget ayahuasca-te er flere gange st\u00f8rre end de planter, de er lavet af. L\u00e6gemidler, der ikke b\u00f8r indtages f\u00f8r psilocybin. K\u00f8b <a href=\"https:\/\/psykedelikalsd.com\/en\/produkt\/koeb-psilocybe-semilanceata-online\/\">Psilocybe semilanceata<\/a> online<\/p>\n<p>&nbsp;<\/p>\n<h3 style=\"text-align: center;\">Disse stoffer\/medicin b\u00f8r ogs\u00e5 undg\u00e5s f\u00f8r\/under en ayahuasca-ceremoni:<\/h3>\n<ul>\n<li>Antihypertensiva (medicin mod forh\u00f8jet blodtryk)<\/li>\n<li>Appetitneds\u00e6ttende midler (slankepiller)<\/li>\n<li>Medicin mod astma, bronkitis eller andre vejrtr\u00e6kningsproblemer; antihistaminer; medicin mod fork\u00f8lelse, bihuleproblemer, h\u00f8feber eller allergier (enhver medicin, der indeholder dextromethorphan\/DXM eller har DM, DX eller Tuss i navnet)<\/li>\n<li>CNS-depressiva (centralnervesystemdepressiva) (<a href=\"https:\/\/daghemsapotek.com\/\">xanax<\/a>, ativan osv.)<\/li>\n<li>Vasodilatorer<\/li>\n<li>Antipsykotika<\/li>\n<li>Barbiturater<\/li>\n<li>Alkohol<\/li>\n<\/ul>","protected":false},"excerpt":{"rendered":"<p>K\u00f8b Ayahuasca online K\u00f8b Ayahuasca online. Ayahuasca er en entheogen bryg eller te lavet af vinstokken Banisteriopsis caapi og bladet Psychotria viridis (Ayahuasca til salg). Den bruges i traditionelle ceremonier blandt de indf\u00f8dte stammer i Amazonas. Den indeholder DMT, et kraftigt psykedelisk stof, og B. caapi indeholder monoaminoxidaseh\u00e6mmere (MAOI&#8217;er), som interagerer med DMT for at [&#8230;]\n","protected":false},"featured_media":3046,"comment_status":"open","ping_status":"closed","template":"","meta":[],"product_brand":[],"product_cat":[71],"product_tag":[368,897,2251,2256,2257,882,884,2253,2254,2252,2255,2260,2259,2258,2261,2262,2270,2271,2266,2268,2267,2265,2263,2264,2269],"class_list":{"0":"post-3041","1":"product","2":"type-product","3":"status-publish","4":"has-post-thumbnail","6":"product_cat-psilocybin","7":"product_tag-ayahuasca","8":"product_tag-ayahuasca-dmt","9":"product_tag-ayahuasca-koeb-online","10":"product_tag-ayahuasca-lilla","11":"product_tag-ayahuasca-lilla-variant","12":"product_tag-ayahuasca-retreat","13":"product_tag-ayahuasca-te","14":"product_tag-ayahuasca-til-salg","15":"product_tag-ayahuasca-til-salg-sverige-i-sverige","16":"product_tag-ayahuasca-laegemiddel","17":"product_tag-ayahuasca-plante","18":"product_tag-ayahuasca-rejser","19":"product_tag-ayahuasca-retreat-i-naerheden-af-mig","20":"product_tag-ayahuasca-retreatpris","21":"product_tag-ayascaer","22":"product_tag-bedste-sted-at-bestille-ayahuasca-i-sverige","23":"product_tag-hvad-er-ayahuasca","24":"product_tag-hvor-kan-man-faa-ayahuasca-i-portugal","25":"product_tag-hvor-laenge-holder-ayahuasca","26":"product_tag-hvordan-man-forbereder-sig-paa-ayahuasca","27":"product_tag-hvordan-man-koeber-sverige-online-i-sverige","28":"product_tag-kan-jeg-koebe-ayahuasca-online","29":"product_tag-koeb-ayahuasca","30":"product_tag-koeb-ayahuasca-i-naerheden-af-mig","31":"product_tag-v-psykedelisk","33":"first","34":"instock","35":"shipping-taxable","36":"purchasable","37":"product-type-variable"},"yoast_head":"<!-- This site is optimized with the Yoast SEO plugin v27.4 - https:\/\/yoast.com\/product\/yoast-seo-wordpress\/ -->\n<title>K\u00f8b Ayahuasca online | K\u00f8b LSD online<\/title>\n<meta name=\"description\" content=\"K\u00f8b Ayahuasca online. Ayahuasca er en entheogen bryg eller te lavet af Banisteriopsis caapi-ranken og Psychotria viridis-bladet.\" \/>\n<meta name=\"robots\" content=\"index, follow, max-snippet:-1, max-image-preview:large, max-video-preview:-1\" \/>\n<link rel=\"canonical\" href=\"https:\/\/psykedelikalsd.com\/en\/produkt\/koeb-ayahuasca-online\/\" \/>\n<meta property=\"og:locale\" content=\"en_US\" \/>\n<meta property=\"og:type\" content=\"article\" \/>\n<meta property=\"og:title\" content=\"K\u00f8b Ayahuasca online | K\u00f8b LSD online\" \/>\n<meta property=\"og:description\" content=\"K\u00f8b Ayahuasca online. Ayahuasca er en entheogen bryg eller te lavet af Banisteriopsis caapi-ranken og Psychotria viridis-bladet.\" \/>\n<meta property=\"og:url\" content=\"https:\/\/psykedelikalsd.com\/en\/produkt\/koeb-ayahuasca-online\/\" \/>\n<meta property=\"og:site_name\" content=\"K\u00f8b LSD online\" \/>\n<meta property=\"article:modified_time\" content=\"2025-08-11T23:41:25+00:00\" \/>\n<meta property=\"og:image\" content=\"https:\/\/psykedelikalsd.com\/wp-content\/uploads\/2022\/02\/ayahuasca-1-300x300-1.jpg\" \/>\n\t<meta property=\"og:image:width\" content=\"300\" \/>\n\t<meta property=\"og:image:height\" content=\"300\" \/>\n\t<meta property=\"og:image:type\" content=\"image\/jpeg\" \/>\n<meta name=\"twitter:card\" content=\"summary_large_image\" \/>\n<meta name=\"twitter:label1\" content=\"Est. reading time\" \/>\n\t<meta name=\"twitter:data1\" content=\"2 minutes\" \/>\n<script type=\"application\/ld+json\" class=\"yoast-schema-graph\">{\"@context\":\"https:\\\/\\\/schema.org\",\"@graph\":[{\"@type\":\"WebPage\",\"@id\":\"https:\\\/\\\/psykedelikalsd.com\\\/produkt\\\/koeb-ayahuasca-online\\\/\",\"url\":\"https:\\\/\\\/psykedelikalsd.com\\\/produkt\\\/koeb-ayahuasca-online\\\/\",\"name\":\"K\u00f8b Ayahuasca online | K\u00f8b LSD online\",\"isPartOf\":{\"@id\":\"https:\\\/\\\/psykedelikalsd.com\\\/#website\"},\"primaryImageOfPage\":{\"@id\":\"https:\\\/\\\/psykedelikalsd.com\\\/produkt\\\/koeb-ayahuasca-online\\\/#primaryimage\"},\"image\":{\"@id\":\"https:\\\/\\\/psykedelikalsd.com\\\/produkt\\\/koeb-ayahuasca-online\\\/#primaryimage\"},\"thumbnailUrl\":\"https:\\\/\\\/psykedelikalsd.com\\\/wp-content\\\/uploads\\\/2022\\\/02\\\/ayahuasca-1-300x300-1.jpg\",\"datePublished\":\"2022-02-12T15:16:22+00:00\",\"dateModified\":\"2025-08-11T23:41:25+00:00\",\"description\":\"K\u00f8b Ayahuasca online. Ayahuasca er en entheogen bryg eller te lavet af Banisteriopsis caapi-ranken og Psychotria viridis-bladet.\",\"breadcrumb\":{\"@id\":\"https:\\\/\\\/psykedelikalsd.com\\\/produkt\\\/koeb-ayahuasca-online\\\/#breadcrumb\"},\"inLanguage\":\"en-US\",\"potentialAction\":[{\"@type\":\"ReadAction\",\"target\":[\"https:\\\/\\\/psykedelikalsd.com\\\/produkt\\\/koeb-ayahuasca-online\\\/\"]}]},{\"@type\":\"ImageObject\",\"inLanguage\":\"en-US\",\"@id\":\"https:\\\/\\\/psykedelikalsd.com\\\/produkt\\\/koeb-ayahuasca-online\\\/#primaryimage\",\"url\":\"https:\\\/\\\/psykedelikalsd.com\\\/wp-content\\\/uploads\\\/2022\\\/02\\\/ayahuasca-1-300x300-1.jpg\",\"contentUrl\":\"https:\\\/\\\/psykedelikalsd.com\\\/wp-content\\\/uploads\\\/2022\\\/02\\\/ayahuasca-1-300x300-1.jpg\",\"width\":300,\"height\":300,\"caption\":\"K\u00f8b Ayahuasca online\"},{\"@type\":\"BreadcrumbList\",\"@id\":\"https:\\\/\\\/psykedelikalsd.com\\\/produkt\\\/koeb-ayahuasca-online\\\/#breadcrumb\",\"itemListElement\":[{\"@type\":\"ListItem\",\"position\":1,\"name\":\"Home\",\"item\":\"https:\\\/\\\/psykedelikalsd.com\\\/\"},{\"@type\":\"ListItem\",\"position\":2,\"name\":\"Butik\",\"item\":\"https:\\\/\\\/psykedelikalsd.com\\\/shop\\\/\"},{\"@type\":\"ListItem\",\"position\":3,\"name\":\"K\u00f8b Ayahuasca online\"}]},{\"@type\":\"WebSite\",\"@id\":\"https:\\\/\\\/psykedelikalsd.com\\\/#website\",\"url\":\"https:\\\/\\\/psykedelikalsd.com\\\/\",\"name\":\"K\u00f8b LSD-stof online\",\"description\":\"Bedste sted at k\u00f8be LSD-stoffer online | Bestil DMT-stoffer online\",\"publisher\":{\"@id\":\"https:\\\/\\\/psykedelikalsd.com\\\/#organization\"},\"potentialAction\":[{\"@type\":\"SearchAction\",\"target\":{\"@type\":\"EntryPoint\",\"urlTemplate\":\"https:\\\/\\\/psykedelikalsd.com\\\/?s={search_term_string}\"},\"query-input\":{\"@type\":\"PropertyValueSpecification\",\"valueRequired\":true,\"valueName\":\"search_term_string\"}}],\"inLanguage\":\"en-US\"},{\"@type\":\"Organization\",\"@id\":\"https:\\\/\\\/psykedelikalsd.com\\\/#organization\",\"name\":\"LSD-forhandler\",\"url\":\"https:\\\/\\\/psykedelikalsd.com\\\/\",\"logo\":{\"@type\":\"ImageObject\",\"inLanguage\":\"en-US\",\"@id\":\"https:\\\/\\\/psykedelikalsd.com\\\/#\\\/schema\\\/logo\\\/image\\\/\",\"url\":\"https:\\\/\\\/psykedelikalsd.com\\\/wp-content\\\/uploads\\\/2022\\\/02\\\/cropped-psychedelic-logo.png\",\"contentUrl\":\"https:\\\/\\\/psykedelikalsd.com\\\/wp-content\\\/uploads\\\/2022\\\/02\\\/cropped-psychedelic-logo.png\",\"width\":512,\"height\":512,\"caption\":\"LSD-forhandler\"},\"image\":{\"@id\":\"https:\\\/\\\/psykedelikalsd.com\\\/#\\\/schema\\\/logo\\\/image\\\/\"}}]}<\/script>\n<!-- \/ Yoast SEO plugin. -->","yoast_head_json":{"title":"K\u00f8b Ayahuasca online | K\u00f8b LSD online","description":"K\u00f8b Ayahuasca online. Ayahuasca er en entheogen bryg eller te lavet af Banisteriopsis caapi-ranken og Psychotria viridis-bladet.","robots":{"index":"index","follow":"follow","max-snippet":"max-snippet:-1","max-image-preview":"max-image-preview:large","max-video-preview":"max-video-preview:-1"},"canonical":"https:\/\/psykedelikalsd.com\/en\/produkt\/koeb-ayahuasca-online\/","og_locale":"en_US","og_type":"article","og_title":"K\u00f8b Ayahuasca online | K\u00f8b LSD online","og_description":"K\u00f8b Ayahuasca online. Ayahuasca er en entheogen bryg eller te lavet af Banisteriopsis caapi-ranken og Psychotria viridis-bladet.","og_url":"https:\/\/psykedelikalsd.com\/en\/produkt\/koeb-ayahuasca-online\/","og_site_name":"K\u00f8b LSD online","article_modified_time":"2025-08-11T23:41:25+00:00","og_image":[{"width":300,"height":300,"url":"https:\/\/psykedelikalsd.com\/wp-content\/uploads\/2022\/02\/ayahuasca-1-300x300-1.jpg","type":"image\/jpeg"}],"twitter_card":"summary_large_image","twitter_misc":{"Est. reading time":"2 minutes"},"schema":{"@context":"https:\/\/schema.org","@graph":[{"@type":"WebPage","@id":"https:\/\/psykedelikalsd.com\/produkt\/koeb-ayahuasca-online\/","url":"https:\/\/psykedelikalsd.com\/produkt\/koeb-ayahuasca-online\/","name":"K\u00f8b Ayahuasca online | K\u00f8b LSD online","isPartOf":{"@id":"https:\/\/psykedelikalsd.com\/#website"},"primaryImageOfPage":{"@id":"https:\/\/psykedelikalsd.com\/produkt\/koeb-ayahuasca-online\/#primaryimage"},"image":{"@id":"https:\/\/psykedelikalsd.com\/produkt\/koeb-ayahuasca-online\/#primaryimage"},"thumbnailUrl":"https:\/\/psykedelikalsd.com\/wp-content\/uploads\/2022\/02\/ayahuasca-1-300x300-1.jpg","datePublished":"2022-02-12T15:16:22+00:00","dateModified":"2025-08-11T23:41:25+00:00","description":"K\u00f8b Ayahuasca online. Ayahuasca er en entheogen bryg eller te lavet af Banisteriopsis caapi-ranken og Psychotria viridis-bladet.","breadcrumb":{"@id":"https:\/\/psykedelikalsd.com\/produkt\/koeb-ayahuasca-online\/#breadcrumb"},"inLanguage":"en-US","potentialAction":[{"@type":"ReadAction","target":["https:\/\/psykedelikalsd.com\/produkt\/koeb-ayahuasca-online\/"]}]},{"@type":"ImageObject","inLanguage":"en-US","@id":"https:\/\/psykedelikalsd.com\/produkt\/koeb-ayahuasca-online\/#primaryimage","url":"https:\/\/psykedelikalsd.com\/wp-content\/uploads\/2022\/02\/ayahuasca-1-300x300-1.jpg","contentUrl":"https:\/\/psykedelikalsd.com\/wp-content\/uploads\/2022\/02\/ayahuasca-1-300x300-1.jpg","width":300,"height":300,"caption":"K\u00f8b Ayahuasca online"},{"@type":"BreadcrumbList","@id":"https:\/\/psykedelikalsd.com\/produkt\/koeb-ayahuasca-online\/#breadcrumb","itemListElement":[{"@type":"ListItem","position":1,"name":"Home","item":"https:\/\/psykedelikalsd.com\/"},{"@type":"ListItem","position":2,"name":"Butik","item":"https:\/\/psykedelikalsd.com\/shop\/"},{"@type":"ListItem","position":3,"name":"K\u00f8b Ayahuasca online"}]},{"@type":"WebSite","@id":"https:\/\/psykedelikalsd.com\/#website","url":"https:\/\/psykedelikalsd.com\/","name":"K\u00f8b LSD-stof online","description":"Bedste sted at k\u00f8be LSD-stoffer online | Bestil DMT-stoffer online","publisher":{"@id":"https:\/\/psykedelikalsd.com\/#organization"},"potentialAction":[{"@type":"SearchAction","target":{"@type":"EntryPoint","urlTemplate":"https:\/\/psykedelikalsd.com\/?s={search_term_string}"},"query-input":{"@type":"PropertyValueSpecification","valueRequired":true,"valueName":"search_term_string"}}],"inLanguage":"en-US"},{"@type":"Organization","@id":"https:\/\/psykedelikalsd.com\/#organization","name":"LSD-forhandler","url":"https:\/\/psykedelikalsd.com\/","logo":{"@type":"ImageObject","inLanguage":"en-US","@id":"https:\/\/psykedelikalsd.com\/#\/schema\/logo\/image\/","url":"https:\/\/psykedelikalsd.com\/wp-content\/uploads\/2022\/02\/cropped-psychedelic-logo.png","contentUrl":"https:\/\/psykedelikalsd.com\/wp-content\/uploads\/2022\/02\/cropped-psychedelic-logo.png","width":512,"height":512,"caption":"LSD-forhandler"},"image":{"@id":"https:\/\/psykedelikalsd.com\/#\/schema\/logo\/image\/"}}]}},"_links":{"self":[{"href":"https:\/\/psykedelikalsd.com\/en\/wp-json\/wp\/v2\/product\/3041","targetHints":{"allow":["GET"]}}],"collection":[{"href":"https:\/\/psykedelikalsd.com\/en\/wp-json\/wp\/v2\/product"}],"about":[{"href":"https:\/\/psykedelikalsd.com\/en\/wp-json\/wp\/v2\/types\/product"}],"replies":[{"embeddable":true,"href":"https:\/\/psykedelikalsd.com\/en\/wp-json\/wp\/v2\/comments?post=3041"}],"wp:featuredmedia":[{"embeddable":true,"href":"https:\/\/psykedelikalsd.com\/en\/wp-json\/wp\/v2\/media\/3046"}],"wp:attachment":[{"href":"https:\/\/psykedelikalsd.com\/en\/wp-json\/wp\/v2\/media?parent=3041"}],"wp:term":[{"taxonomy":"product_brand","embeddable":true,"href":"https:\/\/psykedelikalsd.com\/en\/wp-json\/wp\/v2\/product_brand?post=3041"},{"taxonomy":"product_cat","embeddable":true,"href":"https:\/\/psykedelikalsd.com\/en\/wp-json\/wp\/v2\/product_cat?post=3041"},{"taxonomy":"product_tag","embeddable":true,"href":"https:\/\/psykedelikalsd.com\/en\/wp-json\/wp\/v2\/product_tag?post=3041"}],"curies":[{"name":"wp","href":"https:\/\/api.w.org\/{rel}","templated":true}]}}