{"id":3069,"date":"2022-02-12T16:13:09","date_gmt":"2022-02-12T16:13:09","guid":{"rendered":"https:\/\/psykedelikalsd.com\/?post_type=product&#038;p=3069"},"modified":"2025-08-11T23:25:55","modified_gmt":"2025-08-11T23:25:55","slug":"koeb-psilocybe-semilanceata-online","status":"publish","type":"product","link":"https:\/\/psykedelikalsd.com\/en\/produkt\/koeb-psilocybe-semilanceata-online\/","title":{"rendered":"K\u00f8b Psilocybe semilanceata online"},"content":{"rendered":"<h1 style=\"text-align: center;\">K\u00f8b Psilocybe semilanceata online<\/h1>\n<p style=\"text-align: left;\">K\u00f8b Psilocybe semilanceata online. Almindeligt kendt som liberty cap, er det en svampeart, der producerer de psykoaktive forbindelser psilocybin og baeocystin. Mange mennesker ved ikke, at der findes tre typer liberty caps i Sverige. Den spidse liberty cap (Psilocybe semilanceata) er den mest kendte liberty caps-svamp. Disse findes i den \u00f8stlige del af landet. N\u00e6sten al information p\u00e5 internettet om liberty caps g\u00e6lder for denne type.<\/p>\n<h2>Typer af frihedshatte og det bedste sted at k\u00f8be Psilocybe semilanceata online<\/h2>\n<p>Psilocybe liniformans er kendetegnet ved en slimet kant lige under lamellen. Denne kant kan tr\u00e6kkes af som en elastik.<\/p>\n<p>Psilocybe fimetaria har derimod en mere bl\u00e5 base end andre Liberty-hatte. Den spidse Liberty-hat har, som navnet antyder, en skarp hat.<\/p>\n<p>Stropharia fimetaria, s\u00e5 er der Psilocybe liniformans. Disse er meget sj\u00e6ldne og forekommer n\u00e6sten kun i Holland, hvor de kaldes slijmrandkaalkopje.<\/p>\n<p>De indeholder det samme psykoaktive stof som mexicanske og hawaiianske svampe. P\u00e5 trods af dette har Liberty-hatte en anden effekt. Man kan sammenligne forskellen i effekt med forskellen mellem vin og \u00f8l. Drikkevarerne indeholder alkohol, men man bliver beruset p\u00e5 en anden m\u00e5de end begge. Dette er resultatet af, at vin eller \u00f8l indeholder forskellige stoffer, der giver alkoholen en yderligere effekt. Tilsvarende er der ogs\u00e5 en forskel i effekt, hvis man sammenligner Liberty-hatte med andre svampe, der indeholder psilocybin.<\/p>\n<p>Liberty-hatte betragtes som meget venlige svampe. De er ogs\u00e5 meget sociale svampe. Med andre ord, n\u00e5r du bruger dem, bliver du empatisk, du snakker meget og bliver ofte glad. Nogle gange vil der v\u00e6re ukontrollerbar latter. Generelt resulterer Liberty-kapsler ikke i st\u00e6rke <a href=\"https:\/\/psykedelikalsd.com\/en\/produkt\/koeb-heroin-stoffer-online\/\">hallucinationer<\/a>, som hawaiianske svampe kan give. De kan dog f\u00f8re til dybere indsigt. Tjek vores produkt af bedste kvalitet og vores specielle LSD-v\u00e6ske og LSD-TABLETTER.<\/p>\n<p>S\u00e5dan identificerer du Liberty-kapslen<\/p>\n<p>. Liberty-kapsel i h\u00e5nden<\/p>\n<h3>HVORDAN GENKENDER DU Psilocybe semilanceata?<\/h3>\n<p>Du finder dem p\u00e5 gr\u00e6skl\u00e6dt t\u00f8rv- og lerjord, s\u00e5som gamle jordvolde eller udgravet landbrugsjord. Denne jord er gold eller let g\u00f8det. Hvis du finder en svamp et andet sted, for eksempel i en skov eller p\u00e5 et tr\u00e6, vil det sandsynligvis ikke v\u00e6re en Liberty-hat.<\/p>\n<p>De har en konisk hat med en spids plet. Disse har en gennemsnitlig tv\u00e6rsnit p\u00e5 5 til 15 mm og er 6 til 13 mm h\u00f8je. N\u00e5r de er friske, er de olivengr\u00f8nne til gr\u00e5brune. Hvis du lader dem t\u00f8rre, bliver de str\u00e5gule eller okker. Sporerne er sorte til lillabrune. Lamellerne er lysebrun-gr\u00e5 til violetbrune. Stilken er 5 til 9 cm lang med en tv\u00e6rsnit p\u00e5 ca. 1 til 2 mm.<\/p>\n<h3>Psilocybe semilanceata-s\u00e6lgere i Danmark<\/h3>\n<p>Det bedste sted at k\u00f8be denne fantastiske stamme er fra LSDLEADER. Stilkens farve er hvidlig eller cremet. Basen har nogle gange et bl\u00e5gr\u00f8nt sk\u00e6r. K\u00f8det p\u00e5 hatten er gr\u00e5brunt eller beige. De har en mild smag og lugter lidt af radise. De har en sl\u00e5ende gennemsigtig, slimet pels, som du kan tr\u00e6kke af med en pincet.<\/p>\n<p>N\u00e5r du b\u00f8jer eller kn\u00e6kker dem lidt, vil der ses en bl\u00e5 misfarvning. Hvis du ser denne farve, ved du med sikkerhed, at du har at g\u00f8re med Liberty-hatte. Denne farve fremkommer, fordi psilocybin oxiderer ved kontakt med luft. Andre svampe indeholder ikke dette stof og udviser derfor den samme misfarvning. kop-heroin-droger-online<\/p>\n<p>K\u00f8b <a href=\"https:\/\/comprelsdon-line.com\/\">Psilocybe<\/a> semilanceata fra lovlige s\u00e6lgere i Danmark. Vi tilbyder 24-timers service og leverer til din adresse n\u00e5r som helst.<\/p>","protected":false},"excerpt":{"rendered":"<p>Psilocybe liniformans er kendetegnet ved en slimet kant lige under lamellen. Denne kant kan tr\u00e6kkes af som en elastik.<br \/>\nPsilocybe fimetaria har derimod en mere bl\u00e5lig base end andre Liberty-hatte. Den spidse Liberty-hat har, som navnet antyder, en skarp hat.<br \/>\nStropharia fimetaria, s\u00e5 er der Psilocybe liniformans. Disse er meget sj\u00e6ldne og forekommer n\u00e6sten kun i Holland, hvor de kaldes slijmrandkaalkopje.<\/p>\n<p>&nbsp;<\/p>","protected":false},"featured_media":3074,"comment_status":"open","ping_status":"closed","template":"","meta":[],"product_brand":[],"product_cat":[71],"product_tag":[880,2235,2246,2242,2245,2249,2250,2240,2239,2238,2241,2236,2237,860,879,2248,863,2244,870,2247,2243],"class_list":{"0":"post-3069","1":"product","2":"type-product","3":"status-publish","4":"has-post-thumbnail","6":"product_cat-psilocybin","7":"product_tag-albino-psilocybe-semilanceata","8":"product_tag-bedste-steder-at-finde-psilocybe-semilanceata","9":"product_tag-der-ligner-psilocybe-semilanceata","10":"product_tag-dosering-af-psilocybe-semilanceata","11":"product_tag-habitat-for-psilocybe-semilanceata","12":"product_tag-hvor-kan-man-finde-psilocybe-semilanceata","13":"product_tag-hvor-vokser-psilocybe-semilanceata","14":"product_tag-hvordan-man-bestiller-psilocybe-semilanceata-online","15":"product_tag-hvordan-man-dyrker-psilocybe-semilanceata","16":"product_tag-hvordan-man-finder-psilocybe-semilanceata","17":"product_tag-koeb-psilocybe-semilanceata","18":"product_tag-koeb-psilocybe-semilanceata-online","19":"product_tag-koeb-vild-psilocybe-semilanceata-sporespray-online","20":"product_tag-psilocybe-semilanceata","21":"product_tag-psilocybe-semilanceata-portugal","22":"product_tag-psilocybe-semilanceata-sporeaftryk","23":"product_tag-psilocybe-semilanceata-sporer","24":"product_tag-psilocybe-semilanceata-til-salg","25":"product_tag-psilocybe-semilanceata-vs-cubensis","26":"product_tag-styrke-for-psilocybe-semilanceata-semilanceata-sporeaftryk","27":"product_tag-toerret-psilocybe-semilanceata","29":"first","30":"instock","31":"shipping-taxable","32":"purchasable","33":"product-type-variable"},"yoast_head":"<!-- This site is optimized with the Yoast SEO plugin v27.4 - https:\/\/yoast.com\/product\/yoast-seo-wordpress\/ -->\n<title>K\u00f8b Psilocybe semilanceata online | K\u00f8b LSD online<\/title>\n<meta name=\"description\" content=\"K\u00f8b Psilocybe semilanceata online. Liberty caps anses for at v\u00e6re meget venlige svampe. De er ogs\u00e5 meget sociale svampe.\" \/>\n<meta name=\"robots\" content=\"index, follow, max-snippet:-1, max-image-preview:large, max-video-preview:-1\" \/>\n<link rel=\"canonical\" href=\"https:\/\/psykedelikalsd.com\/en\/produkt\/koeb-psilocybe-semilanceata-online\/\" \/>\n<meta property=\"og:locale\" content=\"en_US\" \/>\n<meta property=\"og:type\" content=\"article\" \/>\n<meta property=\"og:title\" content=\"K\u00f8b Psilocybe semilanceata online | K\u00f8b LSD online\" \/>\n<meta property=\"og:description\" content=\"K\u00f8b Psilocybe semilanceata online. Liberty caps anses for at v\u00e6re meget venlige svampe. De er ogs\u00e5 meget sociale svampe.\" \/>\n<meta property=\"og:url\" content=\"https:\/\/psykedelikalsd.com\/en\/produkt\/koeb-psilocybe-semilanceata-online\/\" \/>\n<meta property=\"og:site_name\" content=\"K\u00f8b LSD online\" \/>\n<meta property=\"article:modified_time\" content=\"2025-08-11T23:25:55+00:00\" \/>\n<meta property=\"og:image\" content=\"https:\/\/psykedelikalsd.com\/wp-content\/uploads\/2022\/02\/Buy-Liberty-caps-1-600x400-1.jpg\" \/>\n\t<meta property=\"og:image:width\" content=\"600\" \/>\n\t<meta property=\"og:image:height\" content=\"400\" \/>\n\t<meta property=\"og:image:type\" content=\"image\/jpeg\" \/>\n<meta name=\"twitter:card\" content=\"summary_large_image\" \/>\n<meta name=\"twitter:label1\" content=\"Est. reading time\" \/>\n\t<meta name=\"twitter:data1\" content=\"3 minutes\" \/>\n<script type=\"application\/ld+json\" class=\"yoast-schema-graph\">{\"@context\":\"https:\\\/\\\/schema.org\",\"@graph\":[{\"@type\":\"WebPage\",\"@id\":\"https:\\\/\\\/psykedelikalsd.com\\\/produkt\\\/koeb-psilocybe-semilanceata-online\\\/\",\"url\":\"https:\\\/\\\/psykedelikalsd.com\\\/produkt\\\/koeb-psilocybe-semilanceata-online\\\/\",\"name\":\"K\u00f8b Psilocybe semilanceata online | K\u00f8b LSD online\",\"isPartOf\":{\"@id\":\"https:\\\/\\\/psykedelikalsd.com\\\/#website\"},\"primaryImageOfPage\":{\"@id\":\"https:\\\/\\\/psykedelikalsd.com\\\/produkt\\\/koeb-psilocybe-semilanceata-online\\\/#primaryimage\"},\"image\":{\"@id\":\"https:\\\/\\\/psykedelikalsd.com\\\/produkt\\\/koeb-psilocybe-semilanceata-online\\\/#primaryimage\"},\"thumbnailUrl\":\"https:\\\/\\\/psykedelikalsd.com\\\/wp-content\\\/uploads\\\/2022\\\/02\\\/Buy-Liberty-caps-1-600x400-1.jpg\",\"datePublished\":\"2022-02-12T16:13:09+00:00\",\"dateModified\":\"2025-08-11T23:25:55+00:00\",\"description\":\"K\u00f8b Psilocybe semilanceata online. Liberty caps anses for at v\u00e6re meget venlige svampe. De er ogs\u00e5 meget sociale svampe.\",\"breadcrumb\":{\"@id\":\"https:\\\/\\\/psykedelikalsd.com\\\/produkt\\\/koeb-psilocybe-semilanceata-online\\\/#breadcrumb\"},\"inLanguage\":\"en-US\",\"potentialAction\":[{\"@type\":\"ReadAction\",\"target\":[\"https:\\\/\\\/psykedelikalsd.com\\\/produkt\\\/koeb-psilocybe-semilanceata-online\\\/\"]}]},{\"@type\":\"ImageObject\",\"inLanguage\":\"en-US\",\"@id\":\"https:\\\/\\\/psykedelikalsd.com\\\/produkt\\\/koeb-psilocybe-semilanceata-online\\\/#primaryimage\",\"url\":\"https:\\\/\\\/psykedelikalsd.com\\\/wp-content\\\/uploads\\\/2022\\\/02\\\/Buy-Liberty-caps-1-600x400-1.jpg\",\"contentUrl\":\"https:\\\/\\\/psykedelikalsd.com\\\/wp-content\\\/uploads\\\/2022\\\/02\\\/Buy-Liberty-caps-1-600x400-1.jpg\",\"width\":600,\"height\":400,\"caption\":\"K\u00f8b Psilocybe semilanceata online\"},{\"@type\":\"BreadcrumbList\",\"@id\":\"https:\\\/\\\/psykedelikalsd.com\\\/produkt\\\/koeb-psilocybe-semilanceata-online\\\/#breadcrumb\",\"itemListElement\":[{\"@type\":\"ListItem\",\"position\":1,\"name\":\"Home\",\"item\":\"https:\\\/\\\/psykedelikalsd.com\\\/\"},{\"@type\":\"ListItem\",\"position\":2,\"name\":\"Butik\",\"item\":\"https:\\\/\\\/psykedelikalsd.com\\\/shop\\\/\"},{\"@type\":\"ListItem\",\"position\":3,\"name\":\"K\u00f8b Psilocybe semilanceata online\"}]},{\"@type\":\"WebSite\",\"@id\":\"https:\\\/\\\/psykedelikalsd.com\\\/#website\",\"url\":\"https:\\\/\\\/psykedelikalsd.com\\\/\",\"name\":\"K\u00f8b LSD-stof online\",\"description\":\"Bedste sted at k\u00f8be LSD-stoffer online | Bestil DMT-stoffer online\",\"publisher\":{\"@id\":\"https:\\\/\\\/psykedelikalsd.com\\\/#organization\"},\"potentialAction\":[{\"@type\":\"SearchAction\",\"target\":{\"@type\":\"EntryPoint\",\"urlTemplate\":\"https:\\\/\\\/psykedelikalsd.com\\\/?s={search_term_string}\"},\"query-input\":{\"@type\":\"PropertyValueSpecification\",\"valueRequired\":true,\"valueName\":\"search_term_string\"}}],\"inLanguage\":\"en-US\"},{\"@type\":\"Organization\",\"@id\":\"https:\\\/\\\/psykedelikalsd.com\\\/#organization\",\"name\":\"LSD-forhandler\",\"url\":\"https:\\\/\\\/psykedelikalsd.com\\\/\",\"logo\":{\"@type\":\"ImageObject\",\"inLanguage\":\"en-US\",\"@id\":\"https:\\\/\\\/psykedelikalsd.com\\\/#\\\/schema\\\/logo\\\/image\\\/\",\"url\":\"https:\\\/\\\/psykedelikalsd.com\\\/wp-content\\\/uploads\\\/2022\\\/02\\\/cropped-psychedelic-logo.png\",\"contentUrl\":\"https:\\\/\\\/psykedelikalsd.com\\\/wp-content\\\/uploads\\\/2022\\\/02\\\/cropped-psychedelic-logo.png\",\"width\":512,\"height\":512,\"caption\":\"LSD-forhandler\"},\"image\":{\"@id\":\"https:\\\/\\\/psykedelikalsd.com\\\/#\\\/schema\\\/logo\\\/image\\\/\"}}]}<\/script>\n<!-- \/ Yoast SEO plugin. -->","yoast_head_json":{"title":"K\u00f8b Psilocybe semilanceata online | K\u00f8b LSD online","description":"K\u00f8b Psilocybe semilanceata online. Liberty caps anses for at v\u00e6re meget venlige svampe. De er ogs\u00e5 meget sociale svampe.","robots":{"index":"index","follow":"follow","max-snippet":"max-snippet:-1","max-image-preview":"max-image-preview:large","max-video-preview":"max-video-preview:-1"},"canonical":"https:\/\/psykedelikalsd.com\/en\/produkt\/koeb-psilocybe-semilanceata-online\/","og_locale":"en_US","og_type":"article","og_title":"K\u00f8b Psilocybe semilanceata online | K\u00f8b LSD online","og_description":"K\u00f8b Psilocybe semilanceata online. Liberty caps anses for at v\u00e6re meget venlige svampe. De er ogs\u00e5 meget sociale svampe.","og_url":"https:\/\/psykedelikalsd.com\/en\/produkt\/koeb-psilocybe-semilanceata-online\/","og_site_name":"K\u00f8b LSD online","article_modified_time":"2025-08-11T23:25:55+00:00","og_image":[{"width":600,"height":400,"url":"https:\/\/psykedelikalsd.com\/wp-content\/uploads\/2022\/02\/Buy-Liberty-caps-1-600x400-1.jpg","type":"image\/jpeg"}],"twitter_card":"summary_large_image","twitter_misc":{"Est. reading time":"3 minutes"},"schema":{"@context":"https:\/\/schema.org","@graph":[{"@type":"WebPage","@id":"https:\/\/psykedelikalsd.com\/produkt\/koeb-psilocybe-semilanceata-online\/","url":"https:\/\/psykedelikalsd.com\/produkt\/koeb-psilocybe-semilanceata-online\/","name":"K\u00f8b Psilocybe semilanceata online | K\u00f8b LSD online","isPartOf":{"@id":"https:\/\/psykedelikalsd.com\/#website"},"primaryImageOfPage":{"@id":"https:\/\/psykedelikalsd.com\/produkt\/koeb-psilocybe-semilanceata-online\/#primaryimage"},"image":{"@id":"https:\/\/psykedelikalsd.com\/produkt\/koeb-psilocybe-semilanceata-online\/#primaryimage"},"thumbnailUrl":"https:\/\/psykedelikalsd.com\/wp-content\/uploads\/2022\/02\/Buy-Liberty-caps-1-600x400-1.jpg","datePublished":"2022-02-12T16:13:09+00:00","dateModified":"2025-08-11T23:25:55+00:00","description":"K\u00f8b Psilocybe semilanceata online. Liberty caps anses for at v\u00e6re meget venlige svampe. De er ogs\u00e5 meget sociale svampe.","breadcrumb":{"@id":"https:\/\/psykedelikalsd.com\/produkt\/koeb-psilocybe-semilanceata-online\/#breadcrumb"},"inLanguage":"en-US","potentialAction":[{"@type":"ReadAction","target":["https:\/\/psykedelikalsd.com\/produkt\/koeb-psilocybe-semilanceata-online\/"]}]},{"@type":"ImageObject","inLanguage":"en-US","@id":"https:\/\/psykedelikalsd.com\/produkt\/koeb-psilocybe-semilanceata-online\/#primaryimage","url":"https:\/\/psykedelikalsd.com\/wp-content\/uploads\/2022\/02\/Buy-Liberty-caps-1-600x400-1.jpg","contentUrl":"https:\/\/psykedelikalsd.com\/wp-content\/uploads\/2022\/02\/Buy-Liberty-caps-1-600x400-1.jpg","width":600,"height":400,"caption":"K\u00f8b Psilocybe semilanceata online"},{"@type":"BreadcrumbList","@id":"https:\/\/psykedelikalsd.com\/produkt\/koeb-psilocybe-semilanceata-online\/#breadcrumb","itemListElement":[{"@type":"ListItem","position":1,"name":"Home","item":"https:\/\/psykedelikalsd.com\/"},{"@type":"ListItem","position":2,"name":"Butik","item":"https:\/\/psykedelikalsd.com\/shop\/"},{"@type":"ListItem","position":3,"name":"K\u00f8b Psilocybe semilanceata online"}]},{"@type":"WebSite","@id":"https:\/\/psykedelikalsd.com\/#website","url":"https:\/\/psykedelikalsd.com\/","name":"K\u00f8b LSD-stof online","description":"Bedste sted at k\u00f8be LSD-stoffer online | Bestil DMT-stoffer online","publisher":{"@id":"https:\/\/psykedelikalsd.com\/#organization"},"potentialAction":[{"@type":"SearchAction","target":{"@type":"EntryPoint","urlTemplate":"https:\/\/psykedelikalsd.com\/?s={search_term_string}"},"query-input":{"@type":"PropertyValueSpecification","valueRequired":true,"valueName":"search_term_string"}}],"inLanguage":"en-US"},{"@type":"Organization","@id":"https:\/\/psykedelikalsd.com\/#organization","name":"LSD-forhandler","url":"https:\/\/psykedelikalsd.com\/","logo":{"@type":"ImageObject","inLanguage":"en-US","@id":"https:\/\/psykedelikalsd.com\/#\/schema\/logo\/image\/","url":"https:\/\/psykedelikalsd.com\/wp-content\/uploads\/2022\/02\/cropped-psychedelic-logo.png","contentUrl":"https:\/\/psykedelikalsd.com\/wp-content\/uploads\/2022\/02\/cropped-psychedelic-logo.png","width":512,"height":512,"caption":"LSD-forhandler"},"image":{"@id":"https:\/\/psykedelikalsd.com\/#\/schema\/logo\/image\/"}}]}},"_links":{"self":[{"href":"https:\/\/psykedelikalsd.com\/en\/wp-json\/wp\/v2\/product\/3069","targetHints":{"allow":["GET"]}}],"collection":[{"href":"https:\/\/psykedelikalsd.com\/en\/wp-json\/wp\/v2\/product"}],"about":[{"href":"https:\/\/psykedelikalsd.com\/en\/wp-json\/wp\/v2\/types\/product"}],"replies":[{"embeddable":true,"href":"https:\/\/psykedelikalsd.com\/en\/wp-json\/wp\/v2\/comments?post=3069"}],"wp:featuredmedia":[{"embeddable":true,"href":"https:\/\/psykedelikalsd.com\/en\/wp-json\/wp\/v2\/media\/3074"}],"wp:attachment":[{"href":"https:\/\/psykedelikalsd.com\/en\/wp-json\/wp\/v2\/media?parent=3069"}],"wp:term":[{"taxonomy":"product_brand","embeddable":true,"href":"https:\/\/psykedelikalsd.com\/en\/wp-json\/wp\/v2\/product_brand?post=3069"},{"taxonomy":"product_cat","embeddable":true,"href":"https:\/\/psykedelikalsd.com\/en\/wp-json\/wp\/v2\/product_cat?post=3069"},{"taxonomy":"product_tag","embeddable":true,"href":"https:\/\/psykedelikalsd.com\/en\/wp-json\/wp\/v2\/product_tag?post=3069"}],"curies":[{"name":"wp","href":"https:\/\/api.w.org\/{rel}","templated":true}]}}