{"id":3103,"date":"2022-02-12T17:10:23","date_gmt":"2022-02-12T17:10:23","guid":{"rendered":"https:\/\/psykedelikalsd.com\/?post_type=product&#038;p=3103"},"modified":"2025-08-09T12:47:33","modified_gmt":"2025-08-09T12:47:33","slug":"koeb-ketamin-online","status":"publish","type":"product","link":"https:\/\/psykedelikalsd.com\/en\/produkt\/koeb-ketamin-online\/","title":{"rendered":"K\u00f8b Ketamin online"},"content":{"rendered":"<h2 style=\"text-align: center;\">K\u00f8b Ketamin Online, Ketamin HCL til salg<\/h2>\n<p>K\u00f8b Ketamin online er en medicin, der bruges til at fremkalde bevidsthedstab eller an\u00e6stesi. Det kan for\u00e5rsage afslapning og lindre smerter hos mennesker og dyr. Katteberoligende middel, kattevalium, special K, lilla, vitamin K, ketalar, alle gadenavne for Ketamin. Ketamin er et injicerbart og korttidsvirkende bed\u00f8velsesmiddel. Et bed\u00f8velsesmiddel er et l\u00e6gemiddel, der resulterer i et totalt eller delvist tab af f\u00f8lelse, for eksempel potentielt bevidsthedstab. <a href=\"https:\/\/svenskapoteket.com\/\">Ketamin<\/a> startede som an\u00e6stesimedicin i 1960&#8217;erne. Det blev brugt i Vietnamkrigen.<\/p>\n<p>I sin rene form kommer ketamin i et h\u00e6tteglas som en klar v\u00e6ske. Flydende ketamin blandes i drikkevarer og injiceres nogle gange af mennesker.<\/p>\n<p>Ketaminpulver pakkes typisk i sm\u00e5 glash\u00e6tteglas, sm\u00e5 plastikposer og kapsler. Samt papir- og aluminiumsfoliefolder. Ketaminkrystal Australien.<\/p>\n<h3>Effekt af beroligende middel eller ketamin til katte<\/h3>\n<p>Selv med gyldig anvendelse hos mennesker og dyr. Ved lavere doser kan det hj\u00e6lpe med at lindre smerter og virker som et beroligende middel. Dette kan hj\u00e6lpe folk med at have brug for f\u00e6rre vanedannende smertestillende midler, som morfin efter operationer eller under pleje af brands\u00e5r.<\/p>\n<p>Vigtigste bivirkninger inkluderer:<\/p>\n<ul>\n<li>Hypertension eller forh\u00f8jet blodtryk<\/li>\n<li>Takykardi, \u00f8get hjertefrekvens<\/li>\n<li>Takypn\u00f8, \u00f8get respirationsfrekvens eller respirationsdepression<\/li>\n<li>Kvalme og opkastning<\/li>\n<li>Anoreksi<\/li>\n<li>Stive muskler og rykvise muskelbev\u00e6gelser<\/li>\n<li>Forvirring eller agitation<\/li>\n<li>Hallucinationer og delirium<\/li>\n<li>Urinvejstoksicitet<\/li>\n<li>Voldsom adf\u00e6rd<\/li>\n<li>Anfald<\/li>\n<li>En livstruende allergisk reaktion<\/li>\n<li>Koma<\/li>\n<li>D\u00f8d som f\u00f8lge af overdosis<\/li>\n<\/ul>\n<h3>Korttidsvirkninger af ketalar, K\u00f8b ketaminpulver til salg<\/h3>\n<p>Ketamin (Ketalar) Pulver producerer en pludselig rus, der varer i cirka en time. Det starter omkring 2 til 5 minutter efter, at dosen er blevet r\u00f8get eller slugt. Ved injektion sker det omkring 30 sekunder efter, at injektionen er foretaget. K\u00f8b ketamin i Australien<\/p>\n<p>Den f\u00f8rste f\u00f8lelse af rus, som brugeren f\u00e5r, er en overv\u00e6ldende f\u00f8lelse af afslapning, nogle gange beskrevet som en summen i hele kroppen. Nogle brugere f\u00f8ler, at de sv\u00e6ver, og nogle beskriver det endda som at v\u00e6re ude af deres kroppe. Mange oplever hallucinationer og kan vare l\u00e6ngere end bed\u00f8vende virkninger.<\/p>\n<p>H\u00f8jere doser kan producere mere intense virkninger, hvor brugerne rapporterer fuldst\u00e6ndig og total distancering fra deres kroppe. Virkningerne ligner dem, der beskrives af personer, der har haft n\u00e6rd\u00f8dsoplevelser. Det beskrives ogs\u00e5 som at v\u00e6re i &#8220;K-hullet&#8221;. Du kan ogs\u00e5 k\u00f8be <a href=\"https:\/\/psykedelikalsd.com\/en\/produkt\/koeb-metamfetamin-online\/\">meth<\/a> online hos <a href=\"https:\/\/psykedelikalsd.com\/en\/\">LSD LEADER<\/a>.<\/p>","protected":false},"excerpt":{"rendered":"<p>Ketamin er et l\u00e6gemiddel, der prim\u00e6rt bruges til at inducere og opretholde an\u00e6stesi (k\u00f8b ketaminl\u00e6gemidler online). Det inducerer en trancelignende tilstand, samtidig med at det giver smertelindring, beroligende effekt og hukommelsestab. Andre anvendelser omfatter kroniske smerter, intensiv beroligende effekt og depression.<\/p>","protected":false},"featured_media":3109,"comment_status":"open","ping_status":"closed","template":"","meta":[],"product_brand":[],"product_cat":[348],"product_tag":[2189,2199,2195,2192,2193,2184,2185,2188,2196,2187,2186,2191,2197,2190,2198],"class_list":{"0":"post-3103","1":"product","2":"type-product","3":"status-publish","4":"has-post-thumbnail","6":"product_cat-heroin","7":"product_tag-beroligende-middel-til-katte","8":"product_tag-bestil-ketamin-i-danmark","9":"product_tag-ketamin-i-pulverform-til-salg","10":"product_tag-ketamin-til-salg","11":"product_tag-ketaminhydrochlorid","12":"product_tag-koeb-ketalar-med-bitcoin","13":"product_tag-koeb-ketamin-australien","14":"product_tag-koeb-ketamin-i-pulverform","15":"product_tag-koeb-ketamin-i-storbritannien","16":"product_tag-koeb-ketamin-online","17":"product_tag-koeb-ketamin-til-salg-usa","18":"product_tag-krystalketamin","19":"product_tag-special-k","20":"product_tag-valium-til-katte","21":"product_tag-vitamin-k-til-salg","23":"first","24":"instock","25":"shipping-taxable","26":"purchasable","27":"product-type-variable"},"yoast_head":"<!-- This site is optimized with the Yoast SEO plugin v27.4 - https:\/\/yoast.com\/product\/yoast-seo-wordpress\/ -->\n<title>K\u00f8b Ketamin online | K\u00f8b LSD online<\/title>\n<meta name=\"description\" content=\"K\u00f8b Ketamin online. Ketamin er et injicerbart og korttidsvirkende bed\u00f8velsesmiddel. Et bed\u00f8velsesmiddel er et l\u00e6gemiddel, der resulterer i et helt eller delvist tab af f\u00f8lesans.\" \/>\n<meta name=\"robots\" content=\"index, follow, max-snippet:-1, max-image-preview:large, max-video-preview:-1\" \/>\n<link rel=\"canonical\" href=\"https:\/\/psykedelikalsd.com\/en\/produkt\/koeb-ketamin-online\/\" \/>\n<meta property=\"og:locale\" content=\"en_US\" \/>\n<meta property=\"og:type\" content=\"article\" \/>\n<meta property=\"og:title\" content=\"K\u00f8b Ketamin online | K\u00f8b LSD online\" \/>\n<meta property=\"og:description\" content=\"K\u00f8b Ketamin online. Ketamin er et injicerbart og korttidsvirkende bed\u00f8velsesmiddel. Et bed\u00f8velsesmiddel er et l\u00e6gemiddel, der resulterer i et helt eller delvist tab af f\u00f8lesans.\" \/>\n<meta property=\"og:url\" content=\"https:\/\/psykedelikalsd.com\/en\/produkt\/koeb-ketamin-online\/\" \/>\n<meta property=\"og:site_name\" content=\"K\u00f8b LSD online\" \/>\n<meta property=\"article:modified_time\" content=\"2025-08-09T12:47:33+00:00\" \/>\n<meta property=\"og:image\" content=\"https:\/\/psykedelikalsd.com\/wp-content\/uploads\/2022\/02\/buy-ketamine-drug-online.jpg\" \/>\n\t<meta property=\"og:image:width\" content=\"860\" \/>\n\t<meta property=\"og:image:height\" content=\"574\" \/>\n\t<meta property=\"og:image:type\" content=\"image\/jpeg\" \/>\n<meta name=\"twitter:card\" content=\"summary_large_image\" \/>\n<meta name=\"twitter:label1\" content=\"Est. reading time\" \/>\n\t<meta name=\"twitter:data1\" content=\"4 minutes\" \/>\n<script type=\"application\/ld+json\" class=\"yoast-schema-graph\">{\"@context\":\"https:\\\/\\\/schema.org\",\"@graph\":[{\"@type\":\"WebPage\",\"@id\":\"https:\\\/\\\/psykedelikalsd.com\\\/produkt\\\/koeb-ketamin-online\\\/\",\"url\":\"https:\\\/\\\/psykedelikalsd.com\\\/produkt\\\/koeb-ketamin-online\\\/\",\"name\":\"K\u00f8b Ketamin online | K\u00f8b LSD online\",\"isPartOf\":{\"@id\":\"https:\\\/\\\/psykedelikalsd.com\\\/#website\"},\"primaryImageOfPage\":{\"@id\":\"https:\\\/\\\/psykedelikalsd.com\\\/produkt\\\/koeb-ketamin-online\\\/#primaryimage\"},\"image\":{\"@id\":\"https:\\\/\\\/psykedelikalsd.com\\\/produkt\\\/koeb-ketamin-online\\\/#primaryimage\"},\"thumbnailUrl\":\"https:\\\/\\\/psykedelikalsd.com\\\/wp-content\\\/uploads\\\/2022\\\/02\\\/buy-ketamine-drug-online.jpg\",\"datePublished\":\"2022-02-12T17:10:23+00:00\",\"dateModified\":\"2025-08-09T12:47:33+00:00\",\"description\":\"K\u00f8b Ketamin online. Ketamin er et injicerbart og korttidsvirkende bed\u00f8velsesmiddel. Et bed\u00f8velsesmiddel er et l\u00e6gemiddel, der resulterer i et helt eller delvist tab af f\u00f8lesans.\",\"breadcrumb\":{\"@id\":\"https:\\\/\\\/psykedelikalsd.com\\\/produkt\\\/koeb-ketamin-online\\\/#breadcrumb\"},\"inLanguage\":\"en-US\",\"potentialAction\":[{\"@type\":\"ReadAction\",\"target\":[\"https:\\\/\\\/psykedelikalsd.com\\\/produkt\\\/koeb-ketamin-online\\\/\"]}]},{\"@type\":\"ImageObject\",\"inLanguage\":\"en-US\",\"@id\":\"https:\\\/\\\/psykedelikalsd.com\\\/produkt\\\/koeb-ketamin-online\\\/#primaryimage\",\"url\":\"https:\\\/\\\/psykedelikalsd.com\\\/wp-content\\\/uploads\\\/2022\\\/02\\\/buy-ketamine-drug-online.jpg\",\"contentUrl\":\"https:\\\/\\\/psykedelikalsd.com\\\/wp-content\\\/uploads\\\/2022\\\/02\\\/buy-ketamine-drug-online.jpg\",\"width\":860,\"height\":574,\"caption\":\"K\u00f8b Ketamin online\"},{\"@type\":\"BreadcrumbList\",\"@id\":\"https:\\\/\\\/psykedelikalsd.com\\\/produkt\\\/koeb-ketamin-online\\\/#breadcrumb\",\"itemListElement\":[{\"@type\":\"ListItem\",\"position\":1,\"name\":\"Home\",\"item\":\"https:\\\/\\\/psykedelikalsd.com\\\/\"},{\"@type\":\"ListItem\",\"position\":2,\"name\":\"Butik\",\"item\":\"https:\\\/\\\/psykedelikalsd.com\\\/shop\\\/\"},{\"@type\":\"ListItem\",\"position\":3,\"name\":\"K\u00f8b Ketamin online\"}]},{\"@type\":\"WebSite\",\"@id\":\"https:\\\/\\\/psykedelikalsd.com\\\/#website\",\"url\":\"https:\\\/\\\/psykedelikalsd.com\\\/\",\"name\":\"K\u00f8b LSD-stof online\",\"description\":\"Bedste sted at k\u00f8be LSD-stoffer online | Bestil DMT-stoffer online\",\"publisher\":{\"@id\":\"https:\\\/\\\/psykedelikalsd.com\\\/#organization\"},\"potentialAction\":[{\"@type\":\"SearchAction\",\"target\":{\"@type\":\"EntryPoint\",\"urlTemplate\":\"https:\\\/\\\/psykedelikalsd.com\\\/?s={search_term_string}\"},\"query-input\":{\"@type\":\"PropertyValueSpecification\",\"valueRequired\":true,\"valueName\":\"search_term_string\"}}],\"inLanguage\":\"en-US\"},{\"@type\":\"Organization\",\"@id\":\"https:\\\/\\\/psykedelikalsd.com\\\/#organization\",\"name\":\"LSD-forhandler\",\"url\":\"https:\\\/\\\/psykedelikalsd.com\\\/\",\"logo\":{\"@type\":\"ImageObject\",\"inLanguage\":\"en-US\",\"@id\":\"https:\\\/\\\/psykedelikalsd.com\\\/#\\\/schema\\\/logo\\\/image\\\/\",\"url\":\"https:\\\/\\\/psykedelikalsd.com\\\/wp-content\\\/uploads\\\/2022\\\/02\\\/cropped-psychedelic-logo.png\",\"contentUrl\":\"https:\\\/\\\/psykedelikalsd.com\\\/wp-content\\\/uploads\\\/2022\\\/02\\\/cropped-psychedelic-logo.png\",\"width\":512,\"height\":512,\"caption\":\"LSD-forhandler\"},\"image\":{\"@id\":\"https:\\\/\\\/psykedelikalsd.com\\\/#\\\/schema\\\/logo\\\/image\\\/\"}}]}<\/script>\n<!-- \/ Yoast SEO plugin. -->","yoast_head_json":{"title":"K\u00f8b Ketamin online | K\u00f8b LSD online","description":"K\u00f8b Ketamin online. Ketamin er et injicerbart og korttidsvirkende bed\u00f8velsesmiddel. Et bed\u00f8velsesmiddel er et l\u00e6gemiddel, der resulterer i et helt eller delvist tab af f\u00f8lesans.","robots":{"index":"index","follow":"follow","max-snippet":"max-snippet:-1","max-image-preview":"max-image-preview:large","max-video-preview":"max-video-preview:-1"},"canonical":"https:\/\/psykedelikalsd.com\/en\/produkt\/koeb-ketamin-online\/","og_locale":"en_US","og_type":"article","og_title":"K\u00f8b Ketamin online | K\u00f8b LSD online","og_description":"K\u00f8b Ketamin online. Ketamin er et injicerbart og korttidsvirkende bed\u00f8velsesmiddel. Et bed\u00f8velsesmiddel er et l\u00e6gemiddel, der resulterer i et helt eller delvist tab af f\u00f8lesans.","og_url":"https:\/\/psykedelikalsd.com\/en\/produkt\/koeb-ketamin-online\/","og_site_name":"K\u00f8b LSD online","article_modified_time":"2025-08-09T12:47:33+00:00","og_image":[{"width":860,"height":574,"url":"https:\/\/psykedelikalsd.com\/wp-content\/uploads\/2022\/02\/buy-ketamine-drug-online.jpg","type":"image\/jpeg"}],"twitter_card":"summary_large_image","twitter_misc":{"Est. reading time":"4 minutes"},"schema":{"@context":"https:\/\/schema.org","@graph":[{"@type":"WebPage","@id":"https:\/\/psykedelikalsd.com\/produkt\/koeb-ketamin-online\/","url":"https:\/\/psykedelikalsd.com\/produkt\/koeb-ketamin-online\/","name":"K\u00f8b Ketamin online | K\u00f8b LSD online","isPartOf":{"@id":"https:\/\/psykedelikalsd.com\/#website"},"primaryImageOfPage":{"@id":"https:\/\/psykedelikalsd.com\/produkt\/koeb-ketamin-online\/#primaryimage"},"image":{"@id":"https:\/\/psykedelikalsd.com\/produkt\/koeb-ketamin-online\/#primaryimage"},"thumbnailUrl":"https:\/\/psykedelikalsd.com\/wp-content\/uploads\/2022\/02\/buy-ketamine-drug-online.jpg","datePublished":"2022-02-12T17:10:23+00:00","dateModified":"2025-08-09T12:47:33+00:00","description":"K\u00f8b Ketamin online. Ketamin er et injicerbart og korttidsvirkende bed\u00f8velsesmiddel. Et bed\u00f8velsesmiddel er et l\u00e6gemiddel, der resulterer i et helt eller delvist tab af f\u00f8lesans.","breadcrumb":{"@id":"https:\/\/psykedelikalsd.com\/produkt\/koeb-ketamin-online\/#breadcrumb"},"inLanguage":"en-US","potentialAction":[{"@type":"ReadAction","target":["https:\/\/psykedelikalsd.com\/produkt\/koeb-ketamin-online\/"]}]},{"@type":"ImageObject","inLanguage":"en-US","@id":"https:\/\/psykedelikalsd.com\/produkt\/koeb-ketamin-online\/#primaryimage","url":"https:\/\/psykedelikalsd.com\/wp-content\/uploads\/2022\/02\/buy-ketamine-drug-online.jpg","contentUrl":"https:\/\/psykedelikalsd.com\/wp-content\/uploads\/2022\/02\/buy-ketamine-drug-online.jpg","width":860,"height":574,"caption":"K\u00f8b Ketamin online"},{"@type":"BreadcrumbList","@id":"https:\/\/psykedelikalsd.com\/produkt\/koeb-ketamin-online\/#breadcrumb","itemListElement":[{"@type":"ListItem","position":1,"name":"Home","item":"https:\/\/psykedelikalsd.com\/"},{"@type":"ListItem","position":2,"name":"Butik","item":"https:\/\/psykedelikalsd.com\/shop\/"},{"@type":"ListItem","position":3,"name":"K\u00f8b Ketamin online"}]},{"@type":"WebSite","@id":"https:\/\/psykedelikalsd.com\/#website","url":"https:\/\/psykedelikalsd.com\/","name":"K\u00f8b LSD-stof online","description":"Bedste sted at k\u00f8be LSD-stoffer online | Bestil DMT-stoffer online","publisher":{"@id":"https:\/\/psykedelikalsd.com\/#organization"},"potentialAction":[{"@type":"SearchAction","target":{"@type":"EntryPoint","urlTemplate":"https:\/\/psykedelikalsd.com\/?s={search_term_string}"},"query-input":{"@type":"PropertyValueSpecification","valueRequired":true,"valueName":"search_term_string"}}],"inLanguage":"en-US"},{"@type":"Organization","@id":"https:\/\/psykedelikalsd.com\/#organization","name":"LSD-forhandler","url":"https:\/\/psykedelikalsd.com\/","logo":{"@type":"ImageObject","inLanguage":"en-US","@id":"https:\/\/psykedelikalsd.com\/#\/schema\/logo\/image\/","url":"https:\/\/psykedelikalsd.com\/wp-content\/uploads\/2022\/02\/cropped-psychedelic-logo.png","contentUrl":"https:\/\/psykedelikalsd.com\/wp-content\/uploads\/2022\/02\/cropped-psychedelic-logo.png","width":512,"height":512,"caption":"LSD-forhandler"},"image":{"@id":"https:\/\/psykedelikalsd.com\/#\/schema\/logo\/image\/"}}]}},"_links":{"self":[{"href":"https:\/\/psykedelikalsd.com\/en\/wp-json\/wp\/v2\/product\/3103","targetHints":{"allow":["GET"]}}],"collection":[{"href":"https:\/\/psykedelikalsd.com\/en\/wp-json\/wp\/v2\/product"}],"about":[{"href":"https:\/\/psykedelikalsd.com\/en\/wp-json\/wp\/v2\/types\/product"}],"replies":[{"embeddable":true,"href":"https:\/\/psykedelikalsd.com\/en\/wp-json\/wp\/v2\/comments?post=3103"}],"wp:featuredmedia":[{"embeddable":true,"href":"https:\/\/psykedelikalsd.com\/en\/wp-json\/wp\/v2\/media\/3109"}],"wp:attachment":[{"href":"https:\/\/psykedelikalsd.com\/en\/wp-json\/wp\/v2\/media?parent=3103"}],"wp:term":[{"taxonomy":"product_brand","embeddable":true,"href":"https:\/\/psykedelikalsd.com\/en\/wp-json\/wp\/v2\/product_brand?post=3103"},{"taxonomy":"product_cat","embeddable":true,"href":"https:\/\/psykedelikalsd.com\/en\/wp-json\/wp\/v2\/product_cat?post=3103"},{"taxonomy":"product_tag","embeddable":true,"href":"https:\/\/psykedelikalsd.com\/en\/wp-json\/wp\/v2\/product_tag?post=3103"}],"curies":[{"name":"wp","href":"https:\/\/api.w.org\/{rel}","templated":true}]}}