{"id":3116,"date":"2022-02-12T17:23:31","date_gmt":"2022-02-12T17:23:31","guid":{"rendered":"https:\/\/psykedelikalsd.com\/?post_type=product&#038;p=3116"},"modified":"2025-08-09T12:30:15","modified_gmt":"2025-08-09T12:30:15","slug":"koeb-metamfetamin-online","status":"publish","type":"product","link":"https:\/\/psykedelikalsd.com\/en\/produkt\/koeb-metamfetamin-online\/","title":{"rendered":"K\u00f8b metamfetamin online"},"content":{"rendered":"<h1 style=\"text-align: center;\">K\u00f8b metamfetamin online<\/h1>\n<h4>Hvad er metamfetamin?<\/h4>\n<p>K\u00f8b Meth (methamfetamin) online. Metamfetamin er et kraftigt stimulerende middel, der hurtigt skaber en euforisk tilstand, der minder om kokain. Virkningerne af metamfetamin er dog meget l\u00e6ngerevarende, da de kan vare op til 12 timer afh\u00e6ngigt af, hvordan det indtages. Metamfetamin er et pulver, der kan synkes, sniffes (inhaleres gennem n\u00e6sen), ryges eller injiceres. Det kan ogs\u00e5 v\u00e6re i form af krystaller, som normalt ryges. Krystalmetamfetamin kaldes ogs\u00e5 ofte &#8220;crystal meth&#8221; eller &#8220;thina&#8221;. Det er ogs\u00e5 kendt som &#8220;speed&#8221; eller &#8220;meth&#8221; (sidstn\u00e6vnte navn g\u00e6lder ogs\u00e5 for metadon, der er risiko for forveksling).<\/p>\n<h3>Hvad er virkningerne af metamfetamin?<\/h3>\n<p>Metaforgiftning virker p\u00e5 hjernen ved at \u00f8ge f\u00f8lelsen af nydelse. Det frembringer en f\u00f8lelse af intens velv\u00e6re. Det er dog ogs\u00e5 et st\u00e6rkt stof, der har andre mindre behagelige og direkte farlige virkninger. Brug af metamfetamin, selv kun \u00e9n gang, kan have f\u00f8lgende virkninger:<\/p>\n<h3>K\u00f8b Meth (metamfetamin) online i Danmark<\/h3>\n<p>Metaforgiftning for\u00e5rsager ogs\u00e5 forvirring og vrede og tilskynder til vold.<\/p>\n<p>\u00d8ger kropstemperaturen, risikoen er is\u00e6r h\u00f8j hos personer, der er meget aktive, mens de tager dette stof, da en for h\u00f8j kropstemperatur kan f\u00f8re til d\u00f8den.<\/p>\n<p>\u00d8ger blodtrykket, hvilket kan for\u00e5rsage slagtilf\u00e6lde med invaliderende eller endda fatale konsekvenser.<\/p>\n<p>Kan for\u00e5rsage anfald eller \u00e6ndringer i hjertefrekvensen. Selvom det er sj\u00e6ldent, kan disse virkninger f\u00f8re til permanente hjerte- eller hjerneproblemer eller endda d\u00f8den.<\/p>\n<p>Det ledsages af en brutal nedtur: N\u00e5r du ikke l\u00e6ngere er p\u00e5virket af metamfetamin, f\u00f8ler du dig tr\u00e6t, deprimeret, nerv\u00f8s og meget irritabel; vi sveder voldsomt, og vi f\u00f8ler os sultne.<\/p>\n<p>Indtagelse af metamfetamin i store m\u00e6ngder eller i l\u00e6ngere tid kan:<\/p>\n<p>Skade p\u00e5 omr\u00e5der i hjernen, der styrer tanke og bev\u00e6gelse. Dette kan for\u00e5rsage hukommelsestab, t\u00e6nkningsbesv\u00e6r, depression, rysten og koordinationsproblemer.<br \/>\nFor\u00e5rsage visuelle og auditive hallucinationer og prikkende fornemmelser (som kan indikere, at ens krop er fyldt med sv\u00e6rmende insekter) og f\u00f8les som alles backpacking-oplevelser, der kan vare i m\u00e5neder eller endda \u00e5r efter, at du er stoppet med at bruge <a href=\"https:\/\/daghemsapotek.com\/\">metamfetamin<\/a>.<br \/>\nMindske appetitten. Nogle mennesker er s\u00e5 tynde og svage, at deres kroppe k\u00e6mper for at bek\u00e6mpe infektioner.<br \/>\nSkade t\u00e6nder og tandk\u00f8d (en tilstand kaldet &#8220;meth-mund&#8221;).<br \/>\nF\u00f8re folk til at forlade deres venner, familie og aktiviteter, der bragte dem gl\u00e6de. Du kan ogs\u00e5 k\u00f8be <a href=\"https:\/\/psykedelikalsd.com\/en\/produkt\/koebe-albino-penismisundelse-svamp\/\">Albino Penis Envy-svampen<\/a>.<\/p>","protected":false},"excerpt":{"rendered":"<p>Metamfetamin er et kraftigt stimulerende stof, der hurtigt fremkalder en euforisk tilstand, der minder om kokain. Virkningerne af metamfetamin er dog meget l\u00e6ngerevarende, da de kan vare op til 12 timer afh\u00e6ngigt af, hvordan det indtages. Metamfetamin er et pulver, der kan synkes, sniffes (inhaleres gennem n\u00e6sen), ryges eller injiceres. Det kan ogs\u00e5 v\u00e6re i form af krystaller, som normalt ryges. Krystalmetamfetamin kaldes ofte &#8220;crystal meth&#8221; eller &#8220;tina&#8221;. Det er ogs\u00e5 kendt som &#8220;speed&#8221; eller &#8220;meth&#8221; (sidstn\u00e6vnte navn bruges ogs\u00e5 for metadon, der er risiko for forveksling).<\/p>","protected":false},"featured_media":3121,"comment_status":"open","ping_status":"closed","template":"","meta":[],"product_brand":[],"product_cat":[68],"product_tag":[2183,749,2158,2179,2162,87,2171,2166,764,2182,2181,2168,2169,2170,2163,2167,768,2160,2161,90,86,2159,2164,765,2173,2176,2175,2178,2172,2177,2174,2180,2165],"class_list":{"0":"post-3116","1":"product","2":"type-product","3":"status-publish","4":"has-post-thumbnail","6":"product_cat-psykedelika","7":"product_tag-abstinenser-fra-metamfetamin","8":"product_tag-amfetamin-vs-metamfetamin","9":"product_tag-bedste-sted-at-bestille-metamfetamin","10":"product_tag-bestil-metamfetamin-i-portugal","11":"product_tag-cigaretter-og-alkohol-er-alle-eksempler-paa","12":"product_tag-crack","13":"product_tag-er-adderall-en-metamfetamin","14":"product_tag-heltinde","15":"product_tag-heroin","16":"product_tag-hvad-bruges-metamfetamin-til","17":"product_tag-hvad-er-metamfetamin","18":"product_tag-hvordan-man-koeber-metamfetamin-online","19":"product_tag-hvordan-man-laver-krystalmetamfetamin","20":"product_tag-hvordan-man-laver-metamfetamin","21":"product_tag-hvordan-metamfetamin-ser-ud","22":"product_tag-hvordan-ryger-man-metamfetamin","23":"product_tag-ingredienser-i-metamfetamin","24":"product_tag-kan-jeg-koebe-metamfetamin","25":"product_tag-kan-man-ryge-metamfetamin","26":"product_tag-ketamin","27":"product_tag-kokain","28":"product_tag-koeb-metamfetamin-online","29":"product_tag-krystalmetamfetamin","30":"product_tag-metamfetamin","31":"product_tag-metamfetamin-og-fentanyl","32":"product_tag-metamfetamin-til-abstinenser","33":"product_tag-metamfetamin-til-adhd","34":"product_tag-metamfetaminbrug-icd-10","35":"product_tag-metamfetaminmisbrug-icd-forbliver-i-dit-10-system","36":"product_tag-metamfetaminpriser","37":"product_tag-metamfetaminstof","38":"product_tag-receptpligtig-metamfetamin","39":"product_tag-stof","41":"first","42":"instock","43":"shipping-taxable","44":"purchasable","45":"product-type-variable"},"yoast_head":"<!-- This site is optimized with the Yoast SEO plugin v27.4 - https:\/\/yoast.com\/product\/yoast-seo-wordpress\/ -->\n<title>K\u00f8b metamfetamin online | K\u00f8b LSD online<\/title>\n<meta name=\"description\" content=\"K\u00f8b metamfetamin online. Metamfetamin er et kraftigt stimulerende middel, der hurtigt skaber en euforisk tilstand, der minder om kokain.\" \/>\n<meta name=\"robots\" content=\"index, follow, max-snippet:-1, max-image-preview:large, max-video-preview:-1\" \/>\n<link rel=\"canonical\" href=\"https:\/\/psykedelikalsd.com\/en\/produkt\/koeb-metamfetamin-online\/\" \/>\n<meta property=\"og:locale\" content=\"en_US\" \/>\n<meta property=\"og:type\" content=\"article\" \/>\n<meta property=\"og:title\" content=\"K\u00f8b metamfetamin online | K\u00f8b LSD online\" \/>\n<meta property=\"og:description\" content=\"K\u00f8b metamfetamin online. Metamfetamin er et kraftigt stimulerende middel, der hurtigt skaber en euforisk tilstand, der minder om kokain.\" \/>\n<meta property=\"og:url\" content=\"https:\/\/psykedelikalsd.com\/en\/produkt\/koeb-metamfetamin-online\/\" \/>\n<meta property=\"og:site_name\" content=\"K\u00f8b LSD online\" \/>\n<meta property=\"article:modified_time\" content=\"2025-08-09T12:30:15+00:00\" \/>\n<meta property=\"og:image\" content=\"https:\/\/psykedelikalsd.com\/wp-content\/uploads\/2022\/02\/methamphetamine-1-600x442-1.jpg\" \/>\n\t<meta property=\"og:image:width\" content=\"600\" \/>\n\t<meta property=\"og:image:height\" content=\"442\" \/>\n\t<meta property=\"og:image:type\" content=\"image\/jpeg\" \/>\n<meta name=\"twitter:card\" content=\"summary_large_image\" \/>\n<meta name=\"twitter:label1\" content=\"Est. reading time\" \/>\n\t<meta name=\"twitter:data1\" content=\"2 minutes\" \/>\n<script type=\"application\/ld+json\" class=\"yoast-schema-graph\">{\"@context\":\"https:\\\/\\\/schema.org\",\"@graph\":[{\"@type\":\"WebPage\",\"@id\":\"https:\\\/\\\/psykedelikalsd.com\\\/produkt\\\/koeb-metamfetamin-online\\\/\",\"url\":\"https:\\\/\\\/psykedelikalsd.com\\\/produkt\\\/koeb-metamfetamin-online\\\/\",\"name\":\"K\u00f8b metamfetamin online | K\u00f8b LSD online\",\"isPartOf\":{\"@id\":\"https:\\\/\\\/psykedelikalsd.com\\\/#website\"},\"primaryImageOfPage\":{\"@id\":\"https:\\\/\\\/psykedelikalsd.com\\\/produkt\\\/koeb-metamfetamin-online\\\/#primaryimage\"},\"image\":{\"@id\":\"https:\\\/\\\/psykedelikalsd.com\\\/produkt\\\/koeb-metamfetamin-online\\\/#primaryimage\"},\"thumbnailUrl\":\"https:\\\/\\\/psykedelikalsd.com\\\/wp-content\\\/uploads\\\/2022\\\/02\\\/methamphetamine-1-600x442-1.jpg\",\"datePublished\":\"2022-02-12T17:23:31+00:00\",\"dateModified\":\"2025-08-09T12:30:15+00:00\",\"description\":\"K\u00f8b metamfetamin online. Metamfetamin er et kraftigt stimulerende middel, der hurtigt skaber en euforisk tilstand, der minder om kokain.\",\"breadcrumb\":{\"@id\":\"https:\\\/\\\/psykedelikalsd.com\\\/produkt\\\/koeb-metamfetamin-online\\\/#breadcrumb\"},\"inLanguage\":\"en-US\",\"potentialAction\":[{\"@type\":\"ReadAction\",\"target\":[\"https:\\\/\\\/psykedelikalsd.com\\\/produkt\\\/koeb-metamfetamin-online\\\/\"]}]},{\"@type\":\"ImageObject\",\"inLanguage\":\"en-US\",\"@id\":\"https:\\\/\\\/psykedelikalsd.com\\\/produkt\\\/koeb-metamfetamin-online\\\/#primaryimage\",\"url\":\"https:\\\/\\\/psykedelikalsd.com\\\/wp-content\\\/uploads\\\/2022\\\/02\\\/methamphetamine-1-600x442-1.jpg\",\"contentUrl\":\"https:\\\/\\\/psykedelikalsd.com\\\/wp-content\\\/uploads\\\/2022\\\/02\\\/methamphetamine-1-600x442-1.jpg\",\"width\":600,\"height\":442,\"caption\":\"K\u00f8b metamfetamin online\"},{\"@type\":\"BreadcrumbList\",\"@id\":\"https:\\\/\\\/psykedelikalsd.com\\\/produkt\\\/koeb-metamfetamin-online\\\/#breadcrumb\",\"itemListElement\":[{\"@type\":\"ListItem\",\"position\":1,\"name\":\"Home\",\"item\":\"https:\\\/\\\/psykedelikalsd.com\\\/\"},{\"@type\":\"ListItem\",\"position\":2,\"name\":\"Butik\",\"item\":\"https:\\\/\\\/psykedelikalsd.com\\\/shop\\\/\"},{\"@type\":\"ListItem\",\"position\":3,\"name\":\"K\u00f8b metamfetamin online\"}]},{\"@type\":\"WebSite\",\"@id\":\"https:\\\/\\\/psykedelikalsd.com\\\/#website\",\"url\":\"https:\\\/\\\/psykedelikalsd.com\\\/\",\"name\":\"K\u00f8b LSD-stof online\",\"description\":\"Bedste sted at k\u00f8be LSD-stoffer online | Bestil DMT-stoffer online\",\"publisher\":{\"@id\":\"https:\\\/\\\/psykedelikalsd.com\\\/#organization\"},\"potentialAction\":[{\"@type\":\"SearchAction\",\"target\":{\"@type\":\"EntryPoint\",\"urlTemplate\":\"https:\\\/\\\/psykedelikalsd.com\\\/?s={search_term_string}\"},\"query-input\":{\"@type\":\"PropertyValueSpecification\",\"valueRequired\":true,\"valueName\":\"search_term_string\"}}],\"inLanguage\":\"en-US\"},{\"@type\":\"Organization\",\"@id\":\"https:\\\/\\\/psykedelikalsd.com\\\/#organization\",\"name\":\"LSD-forhandler\",\"url\":\"https:\\\/\\\/psykedelikalsd.com\\\/\",\"logo\":{\"@type\":\"ImageObject\",\"inLanguage\":\"en-US\",\"@id\":\"https:\\\/\\\/psykedelikalsd.com\\\/#\\\/schema\\\/logo\\\/image\\\/\",\"url\":\"https:\\\/\\\/psykedelikalsd.com\\\/wp-content\\\/uploads\\\/2022\\\/02\\\/cropped-psychedelic-logo.png\",\"contentUrl\":\"https:\\\/\\\/psykedelikalsd.com\\\/wp-content\\\/uploads\\\/2022\\\/02\\\/cropped-psychedelic-logo.png\",\"width\":512,\"height\":512,\"caption\":\"LSD-forhandler\"},\"image\":{\"@id\":\"https:\\\/\\\/psykedelikalsd.com\\\/#\\\/schema\\\/logo\\\/image\\\/\"}}]}<\/script>\n<!-- \/ Yoast SEO plugin. -->","yoast_head_json":{"title":"K\u00f8b metamfetamin online | K\u00f8b LSD online","description":"K\u00f8b metamfetamin online. Metamfetamin er et kraftigt stimulerende middel, der hurtigt skaber en euforisk tilstand, der minder om kokain.","robots":{"index":"index","follow":"follow","max-snippet":"max-snippet:-1","max-image-preview":"max-image-preview:large","max-video-preview":"max-video-preview:-1"},"canonical":"https:\/\/psykedelikalsd.com\/en\/produkt\/koeb-metamfetamin-online\/","og_locale":"en_US","og_type":"article","og_title":"K\u00f8b metamfetamin online | K\u00f8b LSD online","og_description":"K\u00f8b metamfetamin online. Metamfetamin er et kraftigt stimulerende middel, der hurtigt skaber en euforisk tilstand, der minder om kokain.","og_url":"https:\/\/psykedelikalsd.com\/en\/produkt\/koeb-metamfetamin-online\/","og_site_name":"K\u00f8b LSD online","article_modified_time":"2025-08-09T12:30:15+00:00","og_image":[{"width":600,"height":442,"url":"https:\/\/psykedelikalsd.com\/wp-content\/uploads\/2022\/02\/methamphetamine-1-600x442-1.jpg","type":"image\/jpeg"}],"twitter_card":"summary_large_image","twitter_misc":{"Est. reading time":"2 minutes"},"schema":{"@context":"https:\/\/schema.org","@graph":[{"@type":"WebPage","@id":"https:\/\/psykedelikalsd.com\/produkt\/koeb-metamfetamin-online\/","url":"https:\/\/psykedelikalsd.com\/produkt\/koeb-metamfetamin-online\/","name":"K\u00f8b metamfetamin online | K\u00f8b LSD online","isPartOf":{"@id":"https:\/\/psykedelikalsd.com\/#website"},"primaryImageOfPage":{"@id":"https:\/\/psykedelikalsd.com\/produkt\/koeb-metamfetamin-online\/#primaryimage"},"image":{"@id":"https:\/\/psykedelikalsd.com\/produkt\/koeb-metamfetamin-online\/#primaryimage"},"thumbnailUrl":"https:\/\/psykedelikalsd.com\/wp-content\/uploads\/2022\/02\/methamphetamine-1-600x442-1.jpg","datePublished":"2022-02-12T17:23:31+00:00","dateModified":"2025-08-09T12:30:15+00:00","description":"K\u00f8b metamfetamin online. Metamfetamin er et kraftigt stimulerende middel, der hurtigt skaber en euforisk tilstand, der minder om kokain.","breadcrumb":{"@id":"https:\/\/psykedelikalsd.com\/produkt\/koeb-metamfetamin-online\/#breadcrumb"},"inLanguage":"en-US","potentialAction":[{"@type":"ReadAction","target":["https:\/\/psykedelikalsd.com\/produkt\/koeb-metamfetamin-online\/"]}]},{"@type":"ImageObject","inLanguage":"en-US","@id":"https:\/\/psykedelikalsd.com\/produkt\/koeb-metamfetamin-online\/#primaryimage","url":"https:\/\/psykedelikalsd.com\/wp-content\/uploads\/2022\/02\/methamphetamine-1-600x442-1.jpg","contentUrl":"https:\/\/psykedelikalsd.com\/wp-content\/uploads\/2022\/02\/methamphetamine-1-600x442-1.jpg","width":600,"height":442,"caption":"K\u00f8b metamfetamin online"},{"@type":"BreadcrumbList","@id":"https:\/\/psykedelikalsd.com\/produkt\/koeb-metamfetamin-online\/#breadcrumb","itemListElement":[{"@type":"ListItem","position":1,"name":"Home","item":"https:\/\/psykedelikalsd.com\/"},{"@type":"ListItem","position":2,"name":"Butik","item":"https:\/\/psykedelikalsd.com\/shop\/"},{"@type":"ListItem","position":3,"name":"K\u00f8b metamfetamin online"}]},{"@type":"WebSite","@id":"https:\/\/psykedelikalsd.com\/#website","url":"https:\/\/psykedelikalsd.com\/","name":"K\u00f8b LSD-stof online","description":"Bedste sted at k\u00f8be LSD-stoffer online | Bestil DMT-stoffer online","publisher":{"@id":"https:\/\/psykedelikalsd.com\/#organization"},"potentialAction":[{"@type":"SearchAction","target":{"@type":"EntryPoint","urlTemplate":"https:\/\/psykedelikalsd.com\/?s={search_term_string}"},"query-input":{"@type":"PropertyValueSpecification","valueRequired":true,"valueName":"search_term_string"}}],"inLanguage":"en-US"},{"@type":"Organization","@id":"https:\/\/psykedelikalsd.com\/#organization","name":"LSD-forhandler","url":"https:\/\/psykedelikalsd.com\/","logo":{"@type":"ImageObject","inLanguage":"en-US","@id":"https:\/\/psykedelikalsd.com\/#\/schema\/logo\/image\/","url":"https:\/\/psykedelikalsd.com\/wp-content\/uploads\/2022\/02\/cropped-psychedelic-logo.png","contentUrl":"https:\/\/psykedelikalsd.com\/wp-content\/uploads\/2022\/02\/cropped-psychedelic-logo.png","width":512,"height":512,"caption":"LSD-forhandler"},"image":{"@id":"https:\/\/psykedelikalsd.com\/#\/schema\/logo\/image\/"}}]}},"_links":{"self":[{"href":"https:\/\/psykedelikalsd.com\/en\/wp-json\/wp\/v2\/product\/3116","targetHints":{"allow":["GET"]}}],"collection":[{"href":"https:\/\/psykedelikalsd.com\/en\/wp-json\/wp\/v2\/product"}],"about":[{"href":"https:\/\/psykedelikalsd.com\/en\/wp-json\/wp\/v2\/types\/product"}],"replies":[{"embeddable":true,"href":"https:\/\/psykedelikalsd.com\/en\/wp-json\/wp\/v2\/comments?post=3116"}],"wp:featuredmedia":[{"embeddable":true,"href":"https:\/\/psykedelikalsd.com\/en\/wp-json\/wp\/v2\/media\/3121"}],"wp:attachment":[{"href":"https:\/\/psykedelikalsd.com\/en\/wp-json\/wp\/v2\/media?parent=3116"}],"wp:term":[{"taxonomy":"product_brand","embeddable":true,"href":"https:\/\/psykedelikalsd.com\/en\/wp-json\/wp\/v2\/product_brand?post=3116"},{"taxonomy":"product_cat","embeddable":true,"href":"https:\/\/psykedelikalsd.com\/en\/wp-json\/wp\/v2\/product_cat?post=3116"},{"taxonomy":"product_tag","embeddable":true,"href":"https:\/\/psykedelikalsd.com\/en\/wp-json\/wp\/v2\/product_tag?post=3116"}],"curies":[{"name":"wp","href":"https:\/\/api.w.org\/{rel}","templated":true}]}}