{"id":3137,"date":"2022-02-13T04:12:46","date_gmt":"2022-02-13T04:12:46","guid":{"rendered":"https:\/\/psykedelikalsd.com\/?post_type=product&#038;p=3137"},"modified":"2025-08-09T01:55:35","modified_gmt":"2025-08-09T01:55:35","slug":"koeb-gylden-laerer-svamp-online","status":"publish","type":"product","link":"https:\/\/psykedelikalsd.com\/en\/produkt\/koeb-gylden-laerer-svamp-online\/","title":{"rendered":"K\u00f8b Gylden L\u00e6rer-svamp online"},"content":{"rendered":"<h1 style=\"text-align: center;\">K\u00f8b Gylden L\u00e6rer-svamp online<\/h1>\n<p>K\u00f8b Gylden L\u00e6rer-svamp online. Gylden L\u00e6rer-svamp er en af de mest fremtr\u00e6dende svampesorter. Med sine genkendelige gyldne h\u00e6tter og gule pletter er det meget nemt at skelne denne svampesort fra andre. Den stammer fra 1980&#8217;erne og er vokset i popularitet i magiske svampemilj\u00f8et. K\u00f8b Gylden L\u00e6rer-svamp.<\/p>\n<p>Vores Gylden L\u00e6rer-svamp Sporespr\u00f8jtemikroskops\u00e6t indeholder 10 ml \u00e6gte Gylden L\u00e6rer-svamp-sporer i en spr\u00f8jte, individuelt pakket og inkluderer en steril n\u00e5l. Salg til Idaho, Georgia og Californien vil blive afvist. Sporer bruges kun til mikroskopi og sorteringsform\u00e5l. De viste billeder er kun til reference og stammer fra andre avlere og laboratorier uden for USA. Dyrkning er ulovlig i mange lande, herunder USA. Form\u00e5let med denne hjemmeside er ikke at dyrke <a href=\"https:\/\/psykedeliskagemenskap.com\/\">psilocybinsvampe<\/a> eller Golden Teacher-svampe.<\/p>\n<h4>Forhandler af Gylden L\u00e6rer-svamp i Danmark<\/h4>\n<p>&#8220;L\u00e6reren&#8221; refererer til de effekter, som brugerne oplever under deres brug. Mange mennesker rapporterer at have oplevet nogle af de mest dybe filosofiske indsigter, de nogensinde har haft. Dette er den slags visdom, du ikke kan l\u00e6se i en bog eller forst\u00e5, medmindre nogen indirekte fort\u00e6ller dig det.<\/p>\n<p>Doseringsanbefalinger:<\/p>\n<p>Kreativ dosis: 0,5 gram til 1,25 gram<\/p>\n<p>Medium rekreativ dosis: 1,5 gram til 2 gram<\/p>\n<p>Fuld rekreativ dosis: 2 gram til 3,5 gram<\/p>\n<p>!!Advarsel!! Bland ikke svampeprodukter med alkohol eller andre antidepressiva (SSRI&#8217;er), da det vil d\u00e6mpe oplevelsen eller blokere den helt.<\/p>\n<h3>K\u00f8b Gylden L\u00e6rer-svamp i Danmark<\/h3>\n<p>Opbevar produktet ved stuetemperatur i et t\u00f8rt milj\u00f8 v\u00e6k fra direkte sollys. Opbevares ogs\u00e5 utilg\u00e6ngeligt for b\u00f8rn og k\u00e6ledyr.<\/p>\n<p>Dette er det bedste sted at k\u00f8be magiske svampe online. Vi tilbyder de bedste produkter, du kan finde p\u00e5 markedet. Vi forst\u00e5r ogs\u00e5, at de fleste af vores kunder finder det sv\u00e6rt at k\u00f8be disse produkter online, derfor er vi her for at g\u00f8re dette muligt. K\u00f8b <a href=\"https:\/\/psykedelikalsd.com\/en\/produkt\/koeb-b-magiske-svampe-online\/\">MAGISKE SVAMPE<\/a> online<\/p>","protected":false},"excerpt":{"rendered":"<p>Gylden L\u00e6rer-svampen er en af de mest popul\u00e6re sorter p\u00e5 markedet. Det mest bem\u00e6rkelsesv\u00e6rdige ved Gylden L\u00e6rer-svamp er, at den tilbyder en mildt psykedelisk rus. Af denne grund er dette en indgangsport for f\u00f8rstegangsbrugere af magiske svampe. Gylden L\u00e6rer-svamp er bedst kendt for deres shamanistiske egenskaber eller spirituelle effekter snarere end udelukkende for underholdning.<\/p>","protected":false},"featured_media":3142,"comment_status":"open","ping_status":"closed","template":"","meta":[],"product_brand":[],"product_cat":[71],"product_tag":[2119,2145,2058,2124,2132,2123,2129,2128,2140,2142,2143,2144,2146,2126,2125,2122,2120,2121,2137,2136,2131,2139,2134,2135,2130,2138,2127,2147,2133,2141],"class_list":{"0":"post-3137","1":"product","2":"type-product","3":"status-publish","4":"has-post-thumbnail","6":"product_cat-psilocybin","7":"product_tag-bedste-sted-at-koebe-golden-teacher-svamp-i-sverige","8":"product_tag-bestilling-af-golden-teacher-svamp","9":"product_tag-butik-med-magiske-svampe","10":"product_tag-dyrkningskit-til-golden-teacher-svamp","11":"product_tag-froe-af-golden-teacher-svamp","12":"product_tag-golden-teacher-svamp","13":"product_tag-golden-teacher-svamp-i-naturen","14":"product_tag-golden-teacher-svamp-til-salg-online","15":"product_tag-golden-teacher-svamp-vs-penismisundelse","16":"product_tag-hvordan-man-dyrker-sporer-af-golden-teacher-svamp","17":"product_tag-hvordan-man-ved","18":"product_tag-hvornaar-en-golden-teacher-svamp-er-fuldt-moden","19":"product_tag-hvornaar-man-skal-hoeste-golden-teacher-svamp","20":"product_tag-kapsler-af-golden-teacher-svamp","21":"product_tag-koeb-af-golden-teacher-svamp","22":"product_tag-koeb-dehydreret-golden-teacher-svamp","23":"product_tag-koeb-sporeaftryk-af-golden-teacher-svamp","24":"product_tag-koeb-sporer-af-golden-teacher-svamp","25":"product_tag-langsom-vaekst-af-golden-teacher-svamp","26":"product_tag-placering-af-golden-teacher-svamp","27":"product_tag-pris-paa-golden-teacher-svamp","28":"product_tag-rundvisning-af-golden-teacher-svamp","29":"product_tag-sporing-af-golden-teacher-svamp","30":"product_tag-spray-af-golden-teacher-svamp","31":"product_tag-styrke-af-golden-teacher-svamp","32":"product_tag-tidsforskel-af-golden-teacher-svamp","33":"product_tag-toerret-golden-teacher-svamp","34":"product_tag-toerret-vild-golden-teacher-svamp","35":"product_tag-vaeksthastighed-for-golden-teacher-svamp","36":"product_tag-vejer-golden-teacher-svamp-2-gram-toer","38":"first","39":"instock","40":"shipping-taxable","41":"purchasable","42":"product-type-variable"},"yoast_head":"<!-- This site is optimized with the Yoast SEO plugin v27.4 - https:\/\/yoast.com\/product\/yoast-seo-wordpress\/ -->\n<title>K\u00f8b Gylden L\u00e6rer-svamp online | K\u00f8b LSD online<\/title>\n<meta name=\"description\" content=\"K\u00f8b Gylden L\u00e6rer-svamp online. Vores Gylden L\u00e6rer-svamp Sporespr\u00f8jtemikroskops\u00e6t indeholder 10 ml \u00e6gte Gylden L\u00e6rer-svamp-sporer i en spr\u00f8jte\" \/>\n<meta name=\"robots\" content=\"index, follow, max-snippet:-1, max-image-preview:large, max-video-preview:-1\" \/>\n<link rel=\"canonical\" href=\"https:\/\/psykedelikalsd.com\/en\/produkt\/koeb-gylden-laerer-svamp-online\/\" \/>\n<meta property=\"og:locale\" content=\"en_US\" \/>\n<meta property=\"og:type\" content=\"article\" \/>\n<meta property=\"og:title\" content=\"K\u00f8b Gylden L\u00e6rer-svamp online | K\u00f8b LSD online\" \/>\n<meta property=\"og:description\" content=\"K\u00f8b Gylden L\u00e6rer-svamp online. Vores Gylden L\u00e6rer-svamp Sporespr\u00f8jtemikroskops\u00e6t indeholder 10 ml \u00e6gte Gylden L\u00e6rer-svamp-sporer i en spr\u00f8jte\" \/>\n<meta property=\"og:url\" content=\"https:\/\/psykedelikalsd.com\/en\/produkt\/koeb-gylden-laerer-svamp-online\/\" \/>\n<meta property=\"og:site_name\" content=\"K\u00f8b LSD online\" \/>\n<meta property=\"article:modified_time\" content=\"2025-08-09T01:55:35+00:00\" \/>\n<meta property=\"og:image\" content=\"https:\/\/psykedelikalsd.com\/wp-content\/uploads\/2022\/02\/854x480-gogoanimetensei-shitara-slime-datta-ken-2nd-season-episode-1_Moment.jpg\" \/>\n\t<meta property=\"og:image:width\" content=\"768\" \/>\n\t<meta property=\"og:image:height\" content=\"624\" \/>\n\t<meta property=\"og:image:type\" content=\"image\/jpeg\" \/>\n<meta name=\"twitter:card\" content=\"summary_large_image\" \/>\n<meta name=\"twitter:label1\" content=\"Est. reading time\" \/>\n\t<meta name=\"twitter:data1\" content=\"2 minutes\" \/>\n<script type=\"application\/ld+json\" class=\"yoast-schema-graph\">{\"@context\":\"https:\\\/\\\/schema.org\",\"@graph\":[{\"@type\":\"WebPage\",\"@id\":\"https:\\\/\\\/psykedelikalsd.com\\\/produkt\\\/koeb-gylden-laerer-svamp-online\\\/\",\"url\":\"https:\\\/\\\/psykedelikalsd.com\\\/produkt\\\/koeb-gylden-laerer-svamp-online\\\/\",\"name\":\"K\u00f8b Gylden L\u00e6rer-svamp online | K\u00f8b LSD online\",\"isPartOf\":{\"@id\":\"https:\\\/\\\/psykedelikalsd.com\\\/#website\"},\"primaryImageOfPage\":{\"@id\":\"https:\\\/\\\/psykedelikalsd.com\\\/produkt\\\/koeb-gylden-laerer-svamp-online\\\/#primaryimage\"},\"image\":{\"@id\":\"https:\\\/\\\/psykedelikalsd.com\\\/produkt\\\/koeb-gylden-laerer-svamp-online\\\/#primaryimage\"},\"thumbnailUrl\":\"https:\\\/\\\/psykedelikalsd.com\\\/wp-content\\\/uploads\\\/2022\\\/02\\\/854x480-gogoanimetensei-shitara-slime-datta-ken-2nd-season-episode-1_Moment.jpg\",\"datePublished\":\"2022-02-13T04:12:46+00:00\",\"dateModified\":\"2025-08-09T01:55:35+00:00\",\"description\":\"K\u00f8b Gylden L\u00e6rer-svamp online. Vores Gylden L\u00e6rer-svamp Sporespr\u00f8jtemikroskops\u00e6t indeholder 10 ml \u00e6gte Gylden L\u00e6rer-svamp-sporer i en spr\u00f8jte\",\"breadcrumb\":{\"@id\":\"https:\\\/\\\/psykedelikalsd.com\\\/produkt\\\/koeb-gylden-laerer-svamp-online\\\/#breadcrumb\"},\"inLanguage\":\"en-US\",\"potentialAction\":[{\"@type\":\"ReadAction\",\"target\":[\"https:\\\/\\\/psykedelikalsd.com\\\/produkt\\\/koeb-gylden-laerer-svamp-online\\\/\"]}]},{\"@type\":\"ImageObject\",\"inLanguage\":\"en-US\",\"@id\":\"https:\\\/\\\/psykedelikalsd.com\\\/produkt\\\/koeb-gylden-laerer-svamp-online\\\/#primaryimage\",\"url\":\"https:\\\/\\\/psykedelikalsd.com\\\/wp-content\\\/uploads\\\/2022\\\/02\\\/854x480-gogoanimetensei-shitara-slime-datta-ken-2nd-season-episode-1_Moment.jpg\",\"contentUrl\":\"https:\\\/\\\/psykedelikalsd.com\\\/wp-content\\\/uploads\\\/2022\\\/02\\\/854x480-gogoanimetensei-shitara-slime-datta-ken-2nd-season-episode-1_Moment.jpg\",\"width\":768,\"height\":624,\"caption\":\"K\u00f8b Gylden L\u00e6rer-svamp online\"},{\"@type\":\"BreadcrumbList\",\"@id\":\"https:\\\/\\\/psykedelikalsd.com\\\/produkt\\\/koeb-gylden-laerer-svamp-online\\\/#breadcrumb\",\"itemListElement\":[{\"@type\":\"ListItem\",\"position\":1,\"name\":\"Home\",\"item\":\"https:\\\/\\\/psykedelikalsd.com\\\/\"},{\"@type\":\"ListItem\",\"position\":2,\"name\":\"Butik\",\"item\":\"https:\\\/\\\/psykedelikalsd.com\\\/shop\\\/\"},{\"@type\":\"ListItem\",\"position\":3,\"name\":\"K\u00f8b Gylden L\u00e6rer-svamp online\"}]},{\"@type\":\"WebSite\",\"@id\":\"https:\\\/\\\/psykedelikalsd.com\\\/#website\",\"url\":\"https:\\\/\\\/psykedelikalsd.com\\\/\",\"name\":\"K\u00f8b LSD-stof online\",\"description\":\"Bedste sted at k\u00f8be LSD-stoffer online | Bestil DMT-stoffer online\",\"publisher\":{\"@id\":\"https:\\\/\\\/psykedelikalsd.com\\\/#organization\"},\"potentialAction\":[{\"@type\":\"SearchAction\",\"target\":{\"@type\":\"EntryPoint\",\"urlTemplate\":\"https:\\\/\\\/psykedelikalsd.com\\\/?s={search_term_string}\"},\"query-input\":{\"@type\":\"PropertyValueSpecification\",\"valueRequired\":true,\"valueName\":\"search_term_string\"}}],\"inLanguage\":\"en-US\"},{\"@type\":\"Organization\",\"@id\":\"https:\\\/\\\/psykedelikalsd.com\\\/#organization\",\"name\":\"LSD-forhandler\",\"url\":\"https:\\\/\\\/psykedelikalsd.com\\\/\",\"logo\":{\"@type\":\"ImageObject\",\"inLanguage\":\"en-US\",\"@id\":\"https:\\\/\\\/psykedelikalsd.com\\\/#\\\/schema\\\/logo\\\/image\\\/\",\"url\":\"https:\\\/\\\/psykedelikalsd.com\\\/wp-content\\\/uploads\\\/2022\\\/02\\\/cropped-psychedelic-logo.png\",\"contentUrl\":\"https:\\\/\\\/psykedelikalsd.com\\\/wp-content\\\/uploads\\\/2022\\\/02\\\/cropped-psychedelic-logo.png\",\"width\":512,\"height\":512,\"caption\":\"LSD-forhandler\"},\"image\":{\"@id\":\"https:\\\/\\\/psykedelikalsd.com\\\/#\\\/schema\\\/logo\\\/image\\\/\"}}]}<\/script>\n<!-- \/ Yoast SEO plugin. -->","yoast_head_json":{"title":"K\u00f8b Gylden L\u00e6rer-svamp online | K\u00f8b LSD online","description":"K\u00f8b Gylden L\u00e6rer-svamp online. Vores Gylden L\u00e6rer-svamp Sporespr\u00f8jtemikroskops\u00e6t indeholder 10 ml \u00e6gte Gylden L\u00e6rer-svamp-sporer i en spr\u00f8jte","robots":{"index":"index","follow":"follow","max-snippet":"max-snippet:-1","max-image-preview":"max-image-preview:large","max-video-preview":"max-video-preview:-1"},"canonical":"https:\/\/psykedelikalsd.com\/en\/produkt\/koeb-gylden-laerer-svamp-online\/","og_locale":"en_US","og_type":"article","og_title":"K\u00f8b Gylden L\u00e6rer-svamp online | K\u00f8b LSD online","og_description":"K\u00f8b Gylden L\u00e6rer-svamp online. Vores Gylden L\u00e6rer-svamp Sporespr\u00f8jtemikroskops\u00e6t indeholder 10 ml \u00e6gte Gylden L\u00e6rer-svamp-sporer i en spr\u00f8jte","og_url":"https:\/\/psykedelikalsd.com\/en\/produkt\/koeb-gylden-laerer-svamp-online\/","og_site_name":"K\u00f8b LSD online","article_modified_time":"2025-08-09T01:55:35+00:00","og_image":[{"width":768,"height":624,"url":"https:\/\/psykedelikalsd.com\/wp-content\/uploads\/2022\/02\/854x480-gogoanimetensei-shitara-slime-datta-ken-2nd-season-episode-1_Moment.jpg","type":"image\/jpeg"}],"twitter_card":"summary_large_image","twitter_misc":{"Est. reading time":"2 minutes"},"schema":{"@context":"https:\/\/schema.org","@graph":[{"@type":"WebPage","@id":"https:\/\/psykedelikalsd.com\/produkt\/koeb-gylden-laerer-svamp-online\/","url":"https:\/\/psykedelikalsd.com\/produkt\/koeb-gylden-laerer-svamp-online\/","name":"K\u00f8b Gylden L\u00e6rer-svamp online | K\u00f8b LSD online","isPartOf":{"@id":"https:\/\/psykedelikalsd.com\/#website"},"primaryImageOfPage":{"@id":"https:\/\/psykedelikalsd.com\/produkt\/koeb-gylden-laerer-svamp-online\/#primaryimage"},"image":{"@id":"https:\/\/psykedelikalsd.com\/produkt\/koeb-gylden-laerer-svamp-online\/#primaryimage"},"thumbnailUrl":"https:\/\/psykedelikalsd.com\/wp-content\/uploads\/2022\/02\/854x480-gogoanimetensei-shitara-slime-datta-ken-2nd-season-episode-1_Moment.jpg","datePublished":"2022-02-13T04:12:46+00:00","dateModified":"2025-08-09T01:55:35+00:00","description":"K\u00f8b Gylden L\u00e6rer-svamp online. Vores Gylden L\u00e6rer-svamp Sporespr\u00f8jtemikroskops\u00e6t indeholder 10 ml \u00e6gte Gylden L\u00e6rer-svamp-sporer i en spr\u00f8jte","breadcrumb":{"@id":"https:\/\/psykedelikalsd.com\/produkt\/koeb-gylden-laerer-svamp-online\/#breadcrumb"},"inLanguage":"en-US","potentialAction":[{"@type":"ReadAction","target":["https:\/\/psykedelikalsd.com\/produkt\/koeb-gylden-laerer-svamp-online\/"]}]},{"@type":"ImageObject","inLanguage":"en-US","@id":"https:\/\/psykedelikalsd.com\/produkt\/koeb-gylden-laerer-svamp-online\/#primaryimage","url":"https:\/\/psykedelikalsd.com\/wp-content\/uploads\/2022\/02\/854x480-gogoanimetensei-shitara-slime-datta-ken-2nd-season-episode-1_Moment.jpg","contentUrl":"https:\/\/psykedelikalsd.com\/wp-content\/uploads\/2022\/02\/854x480-gogoanimetensei-shitara-slime-datta-ken-2nd-season-episode-1_Moment.jpg","width":768,"height":624,"caption":"K\u00f8b Gylden L\u00e6rer-svamp online"},{"@type":"BreadcrumbList","@id":"https:\/\/psykedelikalsd.com\/produkt\/koeb-gylden-laerer-svamp-online\/#breadcrumb","itemListElement":[{"@type":"ListItem","position":1,"name":"Home","item":"https:\/\/psykedelikalsd.com\/"},{"@type":"ListItem","position":2,"name":"Butik","item":"https:\/\/psykedelikalsd.com\/shop\/"},{"@type":"ListItem","position":3,"name":"K\u00f8b Gylden L\u00e6rer-svamp online"}]},{"@type":"WebSite","@id":"https:\/\/psykedelikalsd.com\/#website","url":"https:\/\/psykedelikalsd.com\/","name":"K\u00f8b LSD-stof online","description":"Bedste sted at k\u00f8be LSD-stoffer online | Bestil DMT-stoffer online","publisher":{"@id":"https:\/\/psykedelikalsd.com\/#organization"},"potentialAction":[{"@type":"SearchAction","target":{"@type":"EntryPoint","urlTemplate":"https:\/\/psykedelikalsd.com\/?s={search_term_string}"},"query-input":{"@type":"PropertyValueSpecification","valueRequired":true,"valueName":"search_term_string"}}],"inLanguage":"en-US"},{"@type":"Organization","@id":"https:\/\/psykedelikalsd.com\/#organization","name":"LSD-forhandler","url":"https:\/\/psykedelikalsd.com\/","logo":{"@type":"ImageObject","inLanguage":"en-US","@id":"https:\/\/psykedelikalsd.com\/#\/schema\/logo\/image\/","url":"https:\/\/psykedelikalsd.com\/wp-content\/uploads\/2022\/02\/cropped-psychedelic-logo.png","contentUrl":"https:\/\/psykedelikalsd.com\/wp-content\/uploads\/2022\/02\/cropped-psychedelic-logo.png","width":512,"height":512,"caption":"LSD-forhandler"},"image":{"@id":"https:\/\/psykedelikalsd.com\/#\/schema\/logo\/image\/"}}]}},"_links":{"self":[{"href":"https:\/\/psykedelikalsd.com\/en\/wp-json\/wp\/v2\/product\/3137","targetHints":{"allow":["GET"]}}],"collection":[{"href":"https:\/\/psykedelikalsd.com\/en\/wp-json\/wp\/v2\/product"}],"about":[{"href":"https:\/\/psykedelikalsd.com\/en\/wp-json\/wp\/v2\/types\/product"}],"replies":[{"embeddable":true,"href":"https:\/\/psykedelikalsd.com\/en\/wp-json\/wp\/v2\/comments?post=3137"}],"wp:featuredmedia":[{"embeddable":true,"href":"https:\/\/psykedelikalsd.com\/en\/wp-json\/wp\/v2\/media\/3142"}],"wp:attachment":[{"href":"https:\/\/psykedelikalsd.com\/en\/wp-json\/wp\/v2\/media?parent=3137"}],"wp:term":[{"taxonomy":"product_brand","embeddable":true,"href":"https:\/\/psykedelikalsd.com\/en\/wp-json\/wp\/v2\/product_brand?post=3137"},{"taxonomy":"product_cat","embeddable":true,"href":"https:\/\/psykedelikalsd.com\/en\/wp-json\/wp\/v2\/product_cat?post=3137"},{"taxonomy":"product_tag","embeddable":true,"href":"https:\/\/psykedelikalsd.com\/en\/wp-json\/wp\/v2\/product_tag?post=3137"}],"curies":[{"name":"wp","href":"https:\/\/api.w.org\/{rel}","templated":true}]}}