{"id":3143,"date":"2022-02-13T04:16:34","date_gmt":"2022-02-13T04:16:34","guid":{"rendered":"https:\/\/psykedelikalsd.com\/?post_type=product&#038;p=3143"},"modified":"2025-08-08T22:05:35","modified_gmt":"2025-08-08T22:05:35","slug":"koeb-b-magiske-svampe-online","status":"publish","type":"product","link":"https:\/\/psykedelikalsd.com\/en\/produkt\/koeb-b-magiske-svampe-online\/","title":{"rendered":"K\u00f8b B+ Magiske Svampe online"},"content":{"rendered":"<h1 style=\"text-align: center;\">K\u00f8b B+ Magiske Svampe online<\/h1>\n<p>K\u00f8b B+ Magiske Svampe online. B+ Magiske Svampe er en af de mest popul\u00e6re og velkendte Psilocybe cubensis i moderne tid. Det er en popul\u00e6r variant for f\u00f8rstegangs-trippers og begyndere inden for mykologer. B+ Magiske Svampe er den bedst s\u00e6lgende variant siden 90&#8217;erne.<\/p>\n<p>B+ Svampe er store og har en af de bredeste h\u00e6tter inden for psilocybe cubensis-familien. -B+ Sorten er ogs\u00e5 kendt for sine positive anmeldelser, og den er kendt for at give en af de varmeste visuelle og spirituelle trips. Det er en alsidig og alsidig svamp. Anbefales til b\u00e5de begyndere og erfarne psykonauter.<\/p>\n<h3>B+ Magisk Svampe | K\u00f8b B+ Magiske Svampe<\/h3>\n<p>Psilocybe Cubensis B+ er en popul\u00e6r variant af magisk svamp. Denne variant af magisk svamp er kendt for sin fylde og solide ydeevne. Den vigtigste aktive ingrediens i denne klasse af svampe er psilocybin og psilocin. Udseendet af B+ Cubensis er et kunstv\u00e6rk. Den har smukke karamel\/gyldne h\u00e6tter og en tyk, saftig stilk. Disse svampe kan blive meget store afh\u00e6ngigt af det medium, der bruges til at dyrke disse svampe.<\/p>\n<h3>B+ Magiske Svampes Historie<\/h3>\n<p>B+ <a href=\"https:\/\/psykedelikalsd.com\/en\/produkt\/koeb-magiske-svampekapsler-online\/\">Magiske Svampe<\/a>, der har v\u00e6ret popul\u00e6r siden 90&#8217;erne, er en velkendt stamme, der tilh\u00f8rer Psilocybe Cubensis-familien. Denne stamme blev f\u00f8rst opdaget i Florida af en kultivator og mykolog, hr. G. Han \u00f8nskede at \u00e6ndre svampeverdenen ved at udvikle en stamme af magiske svampe til at forbedre hum\u00f8r, sp\u00e6nding og eufori. Siden da har B+ Svampe v\u00e6ret en af de bedst s\u00e6lgende i svampesamfundet.<\/p>\n<h3>Virkninger af B+ Cubensis<\/h3>\n<p>B+ <a href=\"https:\/\/comprelsdon-line.com\/\">Cubensis<\/a> er fantastisk p\u00e5 grund af dens langsomme, men stabile trip. Derfor giver denne stamme dig, i mods\u00e6tning til andre typer magiske svampe, der rammer dig p\u00e5 \u00e9n gang, en gradvis frigivelse af sp\u00e6nding. Desuden er B+ Magiske Svampe kendt for at give en af de varmeste visuelle og spirituelle trips. P\u00e5 grund af disse egenskaber er det en alsidig og alsidig svamp.<\/p>","protected":false},"excerpt":{"rendered":"<p>Magiske svampe er vilde eller dyrkede svampe, der indeholder psilocybin, en naturligt forekommende psykoaktiv og hallucinogen forbindelse. Psilocybin betragtes som et af de mest kendte psykedelika, if\u00f8lge Substance Abuse and Mental Health Services Administration.<\/p>","protected":false},"featured_media":3148,"comment_status":"open","ping_status":"closed","template":"","meta":[],"product_brand":[],"product_cat":[71],"product_tag":[1398,1397,1399,1400,1401,1402,1403,1404,1405,1412,1407,1408,1409,1410,1406,1411,1413,1414,1415,1416,1417,1418,1419],"class_list":{"0":"post-3143","1":"product","2":"type-product","3":"status-publish","4":"has-post-thumbnail","6":"product_cat-psilocybin","7":"product_tag-best-magic-mushroom-strain","8":"product_tag-best-magic-mushrooms","9":"product_tag-golden-teacher-magic-mushroom","10":"product_tag-magic-mushroom","11":"product_tag-magic-mushroom-buy","12":"product_tag-magic-mushroom-buy-deals-rotmg","13":"product_tag-magic-mushroom-buy-in-usa","14":"product_tag-magic-mushroom-buy-online","15":"product_tag-magic-mushroom-buy-uk","16":"product_tag-magic-mushroom-capsules","17":"product_tag-magic-mushroom-chocolate","18":"product_tag-magic-mushroom-chocolate-bars","19":"product_tag-magic-mushroom-chocolate-cake","20":"product_tag-magic-mushroom-dosage","21":"product_tag-magic-mushroom-for-sale","22":"product_tag-magic-mushroom-grow-kit","23":"product_tag-magic-mushroom-spores","24":"product_tag-magic-mushroom-spores-for-sale","25":"product_tag-magic-mushroom-strains","26":"product_tag-psilocybin-magic-mushroom","27":"product_tag-sports-magic-mushroom-buy","28":"product_tag-syringe-magic-mushroom","29":"product_tag-where-to-buy-magic-mushroom-spores","31":"first","32":"instock","33":"shipping-taxable","34":"purchasable","35":"product-type-variable"},"yoast_head":"<!-- This site is optimized with the Yoast SEO plugin v27.4 - https:\/\/yoast.com\/product\/yoast-seo-wordpress\/ -->\n<title>K\u00f8b B+ Magiske Svampe online | K\u00f8b LSD online<\/title>\n<meta name=\"description\" content=\"K\u00f8b B+ Magiske Svampe online. B+ magisk svamp er kendt for at give en af de varmeste visuelle og spirituelle oplevelser. P\u00e5 grund af disse egenskaber er den en alsidig svamp.\" \/>\n<meta name=\"robots\" content=\"index, follow, max-snippet:-1, max-image-preview:large, max-video-preview:-1\" \/>\n<link rel=\"canonical\" href=\"https:\/\/psykedelikalsd.com\/en\/produkt\/koeb-b-magiske-svampe-online\/\" \/>\n<meta property=\"og:locale\" content=\"en_US\" \/>\n<meta property=\"og:type\" content=\"article\" \/>\n<meta property=\"og:title\" content=\"K\u00f8b B+ Magiske Svampe online | K\u00f8b LSD online\" \/>\n<meta property=\"og:description\" content=\"K\u00f8b B+ Magiske Svampe online. B+ magisk svamp er kendt for at give en af de varmeste visuelle og spirituelle oplevelser. P\u00e5 grund af disse egenskaber er den en alsidig svamp.\" \/>\n<meta property=\"og:url\" content=\"https:\/\/psykedelikalsd.com\/en\/produkt\/koeb-b-magiske-svampe-online\/\" \/>\n<meta property=\"og:site_name\" content=\"K\u00f8b LSD online\" \/>\n<meta property=\"article:modified_time\" content=\"2025-08-08T22:05:35+00:00\" \/>\n<meta property=\"og:image\" content=\"https:\/\/psykedelikalsd.com\/wp-content\/uploads\/2022\/02\/Magic-Mushrooms.jpg\" \/>\n\t<meta property=\"og:image:width\" content=\"640\" \/>\n\t<meta property=\"og:image:height\" content=\"427\" \/>\n\t<meta property=\"og:image:type\" content=\"image\/jpeg\" \/>\n<meta name=\"twitter:card\" content=\"summary_large_image\" \/>\n<meta name=\"twitter:label1\" content=\"Est. reading time\" \/>\n\t<meta name=\"twitter:data1\" content=\"2 minutes\" \/>\n<script type=\"application\/ld+json\" class=\"yoast-schema-graph\">{\"@context\":\"https:\\\/\\\/schema.org\",\"@graph\":[{\"@type\":\"WebPage\",\"@id\":\"https:\\\/\\\/psykedelikalsd.com\\\/produkt\\\/koeb-b-magiske-svampe-online\\\/\",\"url\":\"https:\\\/\\\/psykedelikalsd.com\\\/produkt\\\/koeb-b-magiske-svampe-online\\\/\",\"name\":\"K\u00f8b B+ Magiske Svampe online | K\u00f8b LSD online\",\"isPartOf\":{\"@id\":\"https:\\\/\\\/psykedelikalsd.com\\\/#website\"},\"primaryImageOfPage\":{\"@id\":\"https:\\\/\\\/psykedelikalsd.com\\\/produkt\\\/koeb-b-magiske-svampe-online\\\/#primaryimage\"},\"image\":{\"@id\":\"https:\\\/\\\/psykedelikalsd.com\\\/produkt\\\/koeb-b-magiske-svampe-online\\\/#primaryimage\"},\"thumbnailUrl\":\"https:\\\/\\\/psykedelikalsd.com\\\/wp-content\\\/uploads\\\/2022\\\/02\\\/Magic-Mushrooms.jpg\",\"datePublished\":\"2022-02-13T04:16:34+00:00\",\"dateModified\":\"2025-08-08T22:05:35+00:00\",\"description\":\"K\u00f8b B+ Magiske Svampe online. B+ magisk svamp er kendt for at give en af de varmeste visuelle og spirituelle oplevelser. P\u00e5 grund af disse egenskaber er den en alsidig svamp.\",\"breadcrumb\":{\"@id\":\"https:\\\/\\\/psykedelikalsd.com\\\/produkt\\\/koeb-b-magiske-svampe-online\\\/#breadcrumb\"},\"inLanguage\":\"en-US\",\"potentialAction\":[{\"@type\":\"ReadAction\",\"target\":[\"https:\\\/\\\/psykedelikalsd.com\\\/produkt\\\/koeb-b-magiske-svampe-online\\\/\"]}]},{\"@type\":\"ImageObject\",\"inLanguage\":\"en-US\",\"@id\":\"https:\\\/\\\/psykedelikalsd.com\\\/produkt\\\/koeb-b-magiske-svampe-online\\\/#primaryimage\",\"url\":\"https:\\\/\\\/psykedelikalsd.com\\\/wp-content\\\/uploads\\\/2022\\\/02\\\/Magic-Mushrooms.jpg\",\"contentUrl\":\"https:\\\/\\\/psykedelikalsd.com\\\/wp-content\\\/uploads\\\/2022\\\/02\\\/Magic-Mushrooms.jpg\",\"width\":640,\"height\":427,\"caption\":\"K\u00f8b B+ Magiske Svampe online\"},{\"@type\":\"BreadcrumbList\",\"@id\":\"https:\\\/\\\/psykedelikalsd.com\\\/produkt\\\/koeb-b-magiske-svampe-online\\\/#breadcrumb\",\"itemListElement\":[{\"@type\":\"ListItem\",\"position\":1,\"name\":\"Home\",\"item\":\"https:\\\/\\\/psykedelikalsd.com\\\/\"},{\"@type\":\"ListItem\",\"position\":2,\"name\":\"Butik\",\"item\":\"https:\\\/\\\/psykedelikalsd.com\\\/shop\\\/\"},{\"@type\":\"ListItem\",\"position\":3,\"name\":\"K\u00f8b B+ Magiske Svampe online\"}]},{\"@type\":\"WebSite\",\"@id\":\"https:\\\/\\\/psykedelikalsd.com\\\/#website\",\"url\":\"https:\\\/\\\/psykedelikalsd.com\\\/\",\"name\":\"K\u00f8b LSD-stof online\",\"description\":\"Bedste sted at k\u00f8be LSD-stoffer online | Bestil DMT-stoffer online\",\"publisher\":{\"@id\":\"https:\\\/\\\/psykedelikalsd.com\\\/#organization\"},\"potentialAction\":[{\"@type\":\"SearchAction\",\"target\":{\"@type\":\"EntryPoint\",\"urlTemplate\":\"https:\\\/\\\/psykedelikalsd.com\\\/?s={search_term_string}\"},\"query-input\":{\"@type\":\"PropertyValueSpecification\",\"valueRequired\":true,\"valueName\":\"search_term_string\"}}],\"inLanguage\":\"en-US\"},{\"@type\":\"Organization\",\"@id\":\"https:\\\/\\\/psykedelikalsd.com\\\/#organization\",\"name\":\"LSD-forhandler\",\"url\":\"https:\\\/\\\/psykedelikalsd.com\\\/\",\"logo\":{\"@type\":\"ImageObject\",\"inLanguage\":\"en-US\",\"@id\":\"https:\\\/\\\/psykedelikalsd.com\\\/#\\\/schema\\\/logo\\\/image\\\/\",\"url\":\"https:\\\/\\\/psykedelikalsd.com\\\/wp-content\\\/uploads\\\/2022\\\/02\\\/cropped-psychedelic-logo.png\",\"contentUrl\":\"https:\\\/\\\/psykedelikalsd.com\\\/wp-content\\\/uploads\\\/2022\\\/02\\\/cropped-psychedelic-logo.png\",\"width\":512,\"height\":512,\"caption\":\"LSD-forhandler\"},\"image\":{\"@id\":\"https:\\\/\\\/psykedelikalsd.com\\\/#\\\/schema\\\/logo\\\/image\\\/\"}}]}<\/script>\n<!-- \/ Yoast SEO plugin. -->","yoast_head_json":{"title":"K\u00f8b B+ Magiske Svampe online | K\u00f8b LSD online","description":"K\u00f8b B+ Magiske Svampe online. B+ magisk svamp er kendt for at give en af de varmeste visuelle og spirituelle oplevelser. P\u00e5 grund af disse egenskaber er den en alsidig svamp.","robots":{"index":"index","follow":"follow","max-snippet":"max-snippet:-1","max-image-preview":"max-image-preview:large","max-video-preview":"max-video-preview:-1"},"canonical":"https:\/\/psykedelikalsd.com\/en\/produkt\/koeb-b-magiske-svampe-online\/","og_locale":"en_US","og_type":"article","og_title":"K\u00f8b B+ Magiske Svampe online | K\u00f8b LSD online","og_description":"K\u00f8b B+ Magiske Svampe online. B+ magisk svamp er kendt for at give en af de varmeste visuelle og spirituelle oplevelser. P\u00e5 grund af disse egenskaber er den en alsidig svamp.","og_url":"https:\/\/psykedelikalsd.com\/en\/produkt\/koeb-b-magiske-svampe-online\/","og_site_name":"K\u00f8b LSD online","article_modified_time":"2025-08-08T22:05:35+00:00","og_image":[{"width":640,"height":427,"url":"https:\/\/psykedelikalsd.com\/wp-content\/uploads\/2022\/02\/Magic-Mushrooms.jpg","type":"image\/jpeg"}],"twitter_card":"summary_large_image","twitter_misc":{"Est. reading time":"2 minutes"},"schema":{"@context":"https:\/\/schema.org","@graph":[{"@type":"WebPage","@id":"https:\/\/psykedelikalsd.com\/produkt\/koeb-b-magiske-svampe-online\/","url":"https:\/\/psykedelikalsd.com\/produkt\/koeb-b-magiske-svampe-online\/","name":"K\u00f8b B+ Magiske Svampe online | K\u00f8b LSD online","isPartOf":{"@id":"https:\/\/psykedelikalsd.com\/#website"},"primaryImageOfPage":{"@id":"https:\/\/psykedelikalsd.com\/produkt\/koeb-b-magiske-svampe-online\/#primaryimage"},"image":{"@id":"https:\/\/psykedelikalsd.com\/produkt\/koeb-b-magiske-svampe-online\/#primaryimage"},"thumbnailUrl":"https:\/\/psykedelikalsd.com\/wp-content\/uploads\/2022\/02\/Magic-Mushrooms.jpg","datePublished":"2022-02-13T04:16:34+00:00","dateModified":"2025-08-08T22:05:35+00:00","description":"K\u00f8b B+ Magiske Svampe online. B+ magisk svamp er kendt for at give en af de varmeste visuelle og spirituelle oplevelser. P\u00e5 grund af disse egenskaber er den en alsidig svamp.","breadcrumb":{"@id":"https:\/\/psykedelikalsd.com\/produkt\/koeb-b-magiske-svampe-online\/#breadcrumb"},"inLanguage":"en-US","potentialAction":[{"@type":"ReadAction","target":["https:\/\/psykedelikalsd.com\/produkt\/koeb-b-magiske-svampe-online\/"]}]},{"@type":"ImageObject","inLanguage":"en-US","@id":"https:\/\/psykedelikalsd.com\/produkt\/koeb-b-magiske-svampe-online\/#primaryimage","url":"https:\/\/psykedelikalsd.com\/wp-content\/uploads\/2022\/02\/Magic-Mushrooms.jpg","contentUrl":"https:\/\/psykedelikalsd.com\/wp-content\/uploads\/2022\/02\/Magic-Mushrooms.jpg","width":640,"height":427,"caption":"K\u00f8b B+ Magiske Svampe online"},{"@type":"BreadcrumbList","@id":"https:\/\/psykedelikalsd.com\/produkt\/koeb-b-magiske-svampe-online\/#breadcrumb","itemListElement":[{"@type":"ListItem","position":1,"name":"Home","item":"https:\/\/psykedelikalsd.com\/"},{"@type":"ListItem","position":2,"name":"Butik","item":"https:\/\/psykedelikalsd.com\/shop\/"},{"@type":"ListItem","position":3,"name":"K\u00f8b B+ Magiske Svampe online"}]},{"@type":"WebSite","@id":"https:\/\/psykedelikalsd.com\/#website","url":"https:\/\/psykedelikalsd.com\/","name":"K\u00f8b LSD-stof online","description":"Bedste sted at k\u00f8be LSD-stoffer online | Bestil DMT-stoffer online","publisher":{"@id":"https:\/\/psykedelikalsd.com\/#organization"},"potentialAction":[{"@type":"SearchAction","target":{"@type":"EntryPoint","urlTemplate":"https:\/\/psykedelikalsd.com\/?s={search_term_string}"},"query-input":{"@type":"PropertyValueSpecification","valueRequired":true,"valueName":"search_term_string"}}],"inLanguage":"en-US"},{"@type":"Organization","@id":"https:\/\/psykedelikalsd.com\/#organization","name":"LSD-forhandler","url":"https:\/\/psykedelikalsd.com\/","logo":{"@type":"ImageObject","inLanguage":"en-US","@id":"https:\/\/psykedelikalsd.com\/#\/schema\/logo\/image\/","url":"https:\/\/psykedelikalsd.com\/wp-content\/uploads\/2022\/02\/cropped-psychedelic-logo.png","contentUrl":"https:\/\/psykedelikalsd.com\/wp-content\/uploads\/2022\/02\/cropped-psychedelic-logo.png","width":512,"height":512,"caption":"LSD-forhandler"},"image":{"@id":"https:\/\/psykedelikalsd.com\/#\/schema\/logo\/image\/"}}]}},"_links":{"self":[{"href":"https:\/\/psykedelikalsd.com\/en\/wp-json\/wp\/v2\/product\/3143","targetHints":{"allow":["GET"]}}],"collection":[{"href":"https:\/\/psykedelikalsd.com\/en\/wp-json\/wp\/v2\/product"}],"about":[{"href":"https:\/\/psykedelikalsd.com\/en\/wp-json\/wp\/v2\/types\/product"}],"replies":[{"embeddable":true,"href":"https:\/\/psykedelikalsd.com\/en\/wp-json\/wp\/v2\/comments?post=3143"}],"wp:featuredmedia":[{"embeddable":true,"href":"https:\/\/psykedelikalsd.com\/en\/wp-json\/wp\/v2\/media\/3148"}],"wp:attachment":[{"href":"https:\/\/psykedelikalsd.com\/en\/wp-json\/wp\/v2\/media?parent=3143"}],"wp:term":[{"taxonomy":"product_brand","embeddable":true,"href":"https:\/\/psykedelikalsd.com\/en\/wp-json\/wp\/v2\/product_brand?post=3143"},{"taxonomy":"product_cat","embeddable":true,"href":"https:\/\/psykedelikalsd.com\/en\/wp-json\/wp\/v2\/product_cat?post=3143"},{"taxonomy":"product_tag","embeddable":true,"href":"https:\/\/psykedelikalsd.com\/en\/wp-json\/wp\/v2\/product_tag?post=3143"}],"curies":[{"name":"wp","href":"https:\/\/api.w.org\/{rel}","templated":true}]}}