{"id":3149,"date":"2022-02-13T04:21:13","date_gmt":"2022-02-13T04:21:13","guid":{"rendered":"https:\/\/psykedelikalsd.com\/?post_type=product&#038;p=3149"},"modified":"2025-08-08T21:50:45","modified_gmt":"2025-08-08T21:50:45","slug":"koeb-magiske-svampekapsler-online","status":"publish","type":"product","link":"https:\/\/psykedelikalsd.com\/en\/produkt\/koeb-magiske-svampekapsler-online\/","title":{"rendered":"K\u00f8b magiske svampekapsler online"},"content":{"rendered":"<h1 style=\"text-align: center;\">K\u00f8b magiske svampekapsler online<\/h1>\n<h4>Hvad er mikrodosering, og hvordan mikrodoserer man magiske svampe?<\/h4>\n<p>K\u00f8b magiske svampekapsler online. Mikrodosering er pr\u00e6cis, hvad det lyder som &#8211; at tage mikrodoser af psykoaktive stoffer. Folk mikrodoserer magiske svampe af forskellige \u00e5rsager, men oftest g\u00f8r de det for at \u00f8ge deres produktivitet og forbedre deres mentale sundhed uden at opleve nogen psykedeliske effekter.<\/p>\n<p>Mikrodosering af hele svampe kan v\u00e6re vanskeligt for nye forbrugere, og derfor har vi besluttet at introducere psilocybin-baserede produkter, som vi allerede har opdelt i mikrodoser. Hver kapsel indeholder en fast dosis psilocybin for at hj\u00e6lpe dig med at opn\u00e5 konsistens i din rutine.<\/p>\n<h2>Fordelene ved mikrodosering af svampe<\/h2>\n<p>At tage regelm\u00e6ssige doser af psykedeliske svampe kan v\u00e6re overv\u00e6ldende i det lange l\u00f8b. Mens oplysende indsigt i virkeligheden og kosmos kan v\u00e6re inspirerende og i sidste ende udvide din horisont, kan regelm\u00e6ssig tripping forhindre dig i at f\u00e5 tingene gjort i l\u00f8bet af dagen.<\/p>\n<p>S\u00e5 f\u00f8rst og fremmest er mikrodosering af svampe en god id\u00e9 for folk, der \u00f8nsker at udvide deres sind og forbedre deres kreativitet, samtidig med at de stadig kan fylde en opvaskemaskine.<\/p>\n<p>Ikke nok med det, men mikrodosering af magiske svampe har ogs\u00e5 nogle vigtige medicinske fordele if\u00f8lge nyere forskning. Forskere har forbundet mikrodosering af psilocybin med en reduktion af symptomer p\u00e5 depression, klyngehovedpine og en generel forbedring af den mentale sundhed.<\/p>\n<p>If\u00f8lge Dr. James Fadiman, forfatter til en bog kaldet The Psychedelic Explorer&#8217;s Guide. Er mikrodosering en generel sundhedsbooster, hvor alting er bare en lille smule bedre. Folk opf\u00f8rer sig bedre, er gladere, mere tolerante og mere i flow.<\/p>\n<h4>Mikrodosering for begyndere<\/h4>\n<p>Hvis du aldrig har spist t\u00f8rrede psilocybe-svampe, er mikrodosering et godt sted at starte. Det er den sikreste kendte metode til at introducere psykoaktive stoffer i dit system. Folk mikrodoserer cannabis, <a href=\"https:\/\/comprelsdon-line.com\/\">LSD<\/a>, s\u00e5 hvorfor ikke g\u00f8re det samme med svampe. Som falder et sted midt imellem, n\u00e5r det kommer til deres psykedeliske styrke?<\/p>\n<p>Gad vide, hvordan du mikrodoserer dine svampe for at f\u00e5 maksimal gavn? Her er en simpel guide til begyndere:<br \/>\nS\u00e5dan mikrodoserer du magiske svampe<\/p>\n<p>T\u00e6nk p\u00e5 mikrodosering som en kunst, du skal mestre, hvis du vil have den rigtige oplevelse. Hvis du har erfaring med psykedelika. Burde du ikke have noget problem med at finjustere dit h\u00e5ndv\u00e6rk for at optimere resultaterne, men ingen er f\u00f8dt som ekspert.<\/p>\n<p>Dr. Fadiman anbefaler at starte med 0,3 gram t\u00f8rrede psilocybe-svampe en gang hver tredje dag. At have to dages pause giver dig et vindue til virkelig at vurdere fordelene ved mikrodosering og hj\u00e6lper din krop med at undg\u00e5 at opbygge tolerance over for hyppige doser.<\/p>\n<h3>K\u00f8b magiske svampekapsler online i Danmark<\/h3>\n<p>Det siger sig selv, at alle er forskellige, og det samme g\u00e6lder din reaktion p\u00e5 virkningerne af magiske svampe. Det er vigtigt regelm\u00e6ssigt at overv\u00e5ge virkningerne og \u00f8ge eller mindske dosis efter din krops pr\u00e6ferencer.<\/p>\n<p>Hvis tingene begynder at komme til live, bryder du mikrodoseringen. Hvis virkningerne derimod ligner noget, der minder om den eftergl\u00f8dende lykke efter en regelm\u00e6ssig dosis psykedelika, er du t\u00e6t p\u00e5 det optimale punkt.<\/p>\n<p>Men vigtigst af alt anbefales det at kende dine intentioner, n\u00e5r du mikrodoserer svampe, og gribe det an med forsigtighed. Du kan f\u00f8re dagbog for at spore eventuelle forskelle i, hvordan du f\u00f8ler og opfatter dine omgivelser. M\u00e5let med mikrodosering er at kunne forts\u00e6tte dit normale liv uden at blive h\u00f8j p\u00e5 svampe. At tr\u00e6ne, spise godt og reducere m\u00e6ngden af stress fra milj\u00f8faktorer vil n\u00e6sten helt sikkert bidrage til at forst\u00e6rke virkningerne af din mikrodosering. K\u00f8b <a href=\"https:\/\/psykedelikalsd.com\/en\/produkt\/koeb-penismisundelse-svampe-online\/\">Penismisundelse Svampe<\/a> Online<\/p>","protected":false},"excerpt":{"rendered":"<p>Mikrodosering er pr\u00e6cis, hvad det lyder som \u2013 at tage mikrodoser af psykoaktive stoffer. Folk mikrodoserer magiske svampe af forskellige \u00e5rsager, men oftest bruger de det til at \u00f8ge deres produktivitet og forbedre deres mentale sundhed uden at opleve nogen psykedeliske effekter.<\/p>","protected":false},"featured_media":3154,"comment_status":"open","ping_status":"closed","template":"","meta":[],"product_brand":[],"product_cat":[71],"product_tag":[2084,2021,2020,2077,2053,2028,2075,2030,2058,2061,2048,2107,2079,2066,2049,2082,2032,2033,2051,2093,2067,2016,2017,2018,2045,2019,2029,2109,2117,2115,2116,2112,2114,2113,2111,2038,2036,2037,2039,2040,2041,2035,2042,2034,2110,2043,2052,2105,2106,2022,2023,2024,2025,2026,2027,2083,2046,688,2047,2065,2050,2069,2064,2070,2072,2071,2073,2063,2074,2054,2068,2055,2104,2057,93,2099,2101,2103,2102,96,2080,2088,2089,2078,2090,2096,2086,2081,2087,2097,2098,2092,2091,2095,2085,2094,2056,2059,2060,2062,2100,2031,2108,2044,2118,2076],"class_list":{"0":"post-3149","1":"product","2":"type-product","3":"status-publish","4":"has-post-thumbnail","6":"product_cat-psilocybin","7":"product_tag-anmeldelse-af-psykedeliske-stoffer","8":"product_tag-bedste-magiske-svampe","9":"product_tag-bedste-magiske-svampesort","10":"product_tag-bestil-magiske-svampe","11":"product_tag-billeder-af-magiske-svampe","12":"product_tag-billige-magiske-svampe","13":"product_tag-bivirkninger-af-magiske-svampe","14":"product_tag-bliver-magiske-svampe-daarlige","15":"product_tag-butik-med-magiske-svampe","16":"product_tag-butikker-med-magiske-svampe-i-michigan","17":"product_tag-chokolade-til-magisk-svamp","18":"product_tag-de-psykedeliske-pelse","19":"product_tag-definition-af-psykedelisk-stof","20":"product_tag-depression-af-magiske-svampe","21":"product_tag-dosering-af-magiske-svampe","22":"product_tag-dosering-af-psykedeliske-stoffer","23":"product_tag-dyrk-magiske-svampe","24":"product_tag-dyrkning-af-magiske-svampe","25":"product_tag-dyrkningskit-til-magiske-svampe","26":"product_tag-dyrkningskit-til-psykedeliske-svampe-i-usa","27":"product_tag-effekter-af-magiske-svampe","28":"product_tag-er-magiske-svampe-farlige","29":"product_tag-er-magiske-svampe-ulovlige","30":"product_tag-er-psykedelika-lovlige","31":"product_tag-er-psykedelisk-ulovligt","32":"product_tag-fordele-ved-magiske-svampe","33":"product_tag-forskellige-typer-magiske-svampe","34":"product_tag-hvad-er-magiske-svampe","35":"product_tag-hvor-kan-man-faa-magiske-svampe","36":"product_tag-hvor-kan-man-finde-magiske-svampe","37":"product_tag-hvor-kan-man-finde-psykedeliske-svampe","38":"product_tag-hvor-kan-man-koebe-magiske-svampe","39":"product_tag-hvor-kan-man-koebe-psykedelika","40":"product_tag-hvor-kan-man-koebe-psykedelisk","41":"product_tag-hvor-vokser-magiske-svampe","42":"product_tag-hvordan-man-dyrker-magiske-svampe","43":"product_tag-hvordan-man-finder-magiske-svampe","44":"product_tag-hvordan-man-finder-psykedelika-i-denver","45":"product_tag-hvordan-man-identificerer-magiske-svampe","46":"product_tag-hvordan-man-laver-te-til-magisk-svamp","47":"product_tag-hvordan-man-opbevarer-magiske-svampe","48":"product_tag-hvordan-man-spiser-magiske-svampe","49":"product_tag-hvordan-man-tager-magiske-svampe","50":"product_tag-hvordan-man-toerrer-magiske-svampe","51":"product_tag-hvordan-ser-magiske-svampe-ud","52":"product_tag-identificering-af-magiske-svampe","53":"product_tag-identifikation-af-magiske-svampe","54":"product_tag-koeb-af-magiske-svampe","55":"product_tag-koeb-af-psykedelika","56":"product_tag-koeb-billige-psykedelika-online","57":"product_tag-koeb-magiske-svampe","58":"product_tag-koeb-magiske-svampe-online","59":"product_tag-koeb-magiske-svampesporer","60":"product_tag-koeb-psykedelisk","61":"product_tag-koeb-psykedelisk-online-magiske-svampe","62":"product_tag-liste-over-psykedeliske-stoffer","63":"product_tag-lovlige-psykedelika","64":"product_tag-magisk-svamp","65":"product_tag-magiske-svampe-australien","66":"product_tag-magiske-svampe-canada","67":"product_tag-magiske-svampe-europa","68":"product_tag-magiske-svampe-i-atlanta","69":"product_tag-magiske-svampe-i-californien","70":"product_tag-magiske-svampe-i-florida","71":"product_tag-magiske-svampe-i-new-york","72":"product_tag-magiske-svampe-i-north-carolina","73":"product_tag-magiske-svampe-i-pennsylvania","74":"product_tag-magiske-svampe-i-storbritannien","75":"product_tag-magiske-svampe-i-texas","76":"product_tag-magiske-svampe-online","77":"product_tag-magiske-svampe-til-salg","78":"product_tag-pizza-til-magisk-svamp","79":"product_tag-pris-paa-psykedelika","80":"product_tag-priser-paa-magiske-svampe","81":"product_tag-psykedelika","82":"product_tag-psykedelika-australien","83":"product_tag-psykedelika-europa","84":"product_tag-psykedelika-i-naerheden-af-mig","85":"product_tag-psykedelika-melbourne","86":"product_tag-psykedelisk","87":"product_tag-psykedelisk-dmt","88":"product_tag-psykedelisk-frankrig","89":"product_tag-psykedelisk-gif","90":"product_tag-psykedelisk-kunst","91":"product_tag-psykedelisk-lsd","92":"product_tag-psykedelisk-rock","93":"product_tag-psykedelisk-skrifttype","94":"product_tag-psykedelisk-stof","95":"product_tag-psykedelisk-stof-til-salg","96":"product_tag-psykedelisk-tapet","97":"product_tag-psykedelisk-vand","98":"product_tag-psykedeliske-film","99":"product_tag-psykedeliske-magiske-svampe","100":"product_tag-psykedeliske-moenstre","101":"product_tag-psykedeliske-stoffer","102":"product_tag-psykedeliske-svampe","103":"product_tag-pulver-til-magiske-svampe","104":"product_tag-sporer-til-magiske-svampe","105":"product_tag-sporer-til-magiske-svampe-til-salg","106":"product_tag-te-af-magiske-svampe","107":"product_tag-tilgaengelige-psykedelika","108":"product_tag-toerrede-magiske-svampe","109":"product_tag-typer-af-magiske-svampe","110":"product_tag-ulovlige-psykedelika","111":"product_tag-vilde-magiske-svampe","112":"product_tag-wiki-om-magiske-svampe","114":"first","115":"instock","116":"shipping-taxable","117":"purchasable","118":"product-type-variable"},"yoast_head":"<!-- This site is optimized with the Yoast SEO plugin v27.4 - https:\/\/yoast.com\/product\/yoast-seo-wordpress\/ -->\n<title>K\u00f8b magiske svampekapsler online | K\u00f8b LSD online<\/title>\n<meta name=\"description\" content=\"K\u00f8b magiske svampekapsler online. Mikrodosering er pr\u00e6cis, hvad det lyder som - at tage mikrodoser af psykoaktive stoffer.\" \/>\n<meta name=\"robots\" content=\"index, follow, max-snippet:-1, max-image-preview:large, max-video-preview:-1\" \/>\n<link rel=\"canonical\" href=\"https:\/\/psykedelikalsd.com\/en\/produkt\/koeb-magiske-svampekapsler-online\/\" \/>\n<meta property=\"og:locale\" content=\"en_US\" \/>\n<meta property=\"og:type\" content=\"article\" \/>\n<meta property=\"og:title\" content=\"K\u00f8b magiske svampekapsler online | K\u00f8b LSD online\" \/>\n<meta property=\"og:description\" content=\"K\u00f8b magiske svampekapsler online. Mikrodosering er pr\u00e6cis, hvad det lyder som - at tage mikrodoser af psykoaktive stoffer.\" \/>\n<meta property=\"og:url\" content=\"https:\/\/psykedelikalsd.com\/en\/produkt\/koeb-magiske-svampekapsler-online\/\" \/>\n<meta property=\"og:site_name\" content=\"K\u00f8b LSD online\" \/>\n<meta property=\"article:modified_time\" content=\"2025-08-08T21:50:45+00:00\" \/>\n<meta property=\"og:image\" content=\"https:\/\/psykedelikalsd.com\/wp-content\/uploads\/2022\/02\/mushroom-capsules-1-1-300x223-1.jpg\" \/>\n\t<meta property=\"og:image:width\" content=\"300\" \/>\n\t<meta property=\"og:image:height\" content=\"223\" \/>\n\t<meta property=\"og:image:type\" content=\"image\/jpeg\" \/>\n<meta name=\"twitter:card\" content=\"summary_large_image\" \/>\n<meta name=\"twitter:label1\" content=\"Est. reading time\" \/>\n\t<meta name=\"twitter:data1\" content=\"3 minutes\" \/>\n<script type=\"application\/ld+json\" class=\"yoast-schema-graph\">{\"@context\":\"https:\\\/\\\/schema.org\",\"@graph\":[{\"@type\":\"WebPage\",\"@id\":\"https:\\\/\\\/psykedelikalsd.com\\\/produkt\\\/koeb-magiske-svampekapsler-online\\\/\",\"url\":\"https:\\\/\\\/psykedelikalsd.com\\\/produkt\\\/koeb-magiske-svampekapsler-online\\\/\",\"name\":\"K\u00f8b magiske svampekapsler online | K\u00f8b LSD online\",\"isPartOf\":{\"@id\":\"https:\\\/\\\/psykedelikalsd.com\\\/#website\"},\"primaryImageOfPage\":{\"@id\":\"https:\\\/\\\/psykedelikalsd.com\\\/produkt\\\/koeb-magiske-svampekapsler-online\\\/#primaryimage\"},\"image\":{\"@id\":\"https:\\\/\\\/psykedelikalsd.com\\\/produkt\\\/koeb-magiske-svampekapsler-online\\\/#primaryimage\"},\"thumbnailUrl\":\"https:\\\/\\\/psykedelikalsd.com\\\/wp-content\\\/uploads\\\/2022\\\/02\\\/mushroom-capsules-1-1-300x223-1.jpg\",\"datePublished\":\"2022-02-13T04:21:13+00:00\",\"dateModified\":\"2025-08-08T21:50:45+00:00\",\"description\":\"K\u00f8b magiske svampekapsler online. Mikrodosering er pr\u00e6cis, hvad det lyder som - at tage mikrodoser af psykoaktive stoffer.\",\"breadcrumb\":{\"@id\":\"https:\\\/\\\/psykedelikalsd.com\\\/produkt\\\/koeb-magiske-svampekapsler-online\\\/#breadcrumb\"},\"inLanguage\":\"en-US\",\"potentialAction\":[{\"@type\":\"ReadAction\",\"target\":[\"https:\\\/\\\/psykedelikalsd.com\\\/produkt\\\/koeb-magiske-svampekapsler-online\\\/\"]}]},{\"@type\":\"ImageObject\",\"inLanguage\":\"en-US\",\"@id\":\"https:\\\/\\\/psykedelikalsd.com\\\/produkt\\\/koeb-magiske-svampekapsler-online\\\/#primaryimage\",\"url\":\"https:\\\/\\\/psykedelikalsd.com\\\/wp-content\\\/uploads\\\/2022\\\/02\\\/mushroom-capsules-1-1-300x223-1.jpg\",\"contentUrl\":\"https:\\\/\\\/psykedelikalsd.com\\\/wp-content\\\/uploads\\\/2022\\\/02\\\/mushroom-capsules-1-1-300x223-1.jpg\",\"width\":300,\"height\":223,\"caption\":\"K\u00f8b magiske svampekapsler online\"},{\"@type\":\"BreadcrumbList\",\"@id\":\"https:\\\/\\\/psykedelikalsd.com\\\/produkt\\\/koeb-magiske-svampekapsler-online\\\/#breadcrumb\",\"itemListElement\":[{\"@type\":\"ListItem\",\"position\":1,\"name\":\"Home\",\"item\":\"https:\\\/\\\/psykedelikalsd.com\\\/\"},{\"@type\":\"ListItem\",\"position\":2,\"name\":\"Butik\",\"item\":\"https:\\\/\\\/psykedelikalsd.com\\\/shop\\\/\"},{\"@type\":\"ListItem\",\"position\":3,\"name\":\"K\u00f8b magiske svampekapsler online\"}]},{\"@type\":\"WebSite\",\"@id\":\"https:\\\/\\\/psykedelikalsd.com\\\/#website\",\"url\":\"https:\\\/\\\/psykedelikalsd.com\\\/\",\"name\":\"K\u00f8b LSD-stof online\",\"description\":\"Bedste sted at k\u00f8be LSD-stoffer online | Bestil DMT-stoffer online\",\"publisher\":{\"@id\":\"https:\\\/\\\/psykedelikalsd.com\\\/#organization\"},\"potentialAction\":[{\"@type\":\"SearchAction\",\"target\":{\"@type\":\"EntryPoint\",\"urlTemplate\":\"https:\\\/\\\/psykedelikalsd.com\\\/?s={search_term_string}\"},\"query-input\":{\"@type\":\"PropertyValueSpecification\",\"valueRequired\":true,\"valueName\":\"search_term_string\"}}],\"inLanguage\":\"en-US\"},{\"@type\":\"Organization\",\"@id\":\"https:\\\/\\\/psykedelikalsd.com\\\/#organization\",\"name\":\"LSD-forhandler\",\"url\":\"https:\\\/\\\/psykedelikalsd.com\\\/\",\"logo\":{\"@type\":\"ImageObject\",\"inLanguage\":\"en-US\",\"@id\":\"https:\\\/\\\/psykedelikalsd.com\\\/#\\\/schema\\\/logo\\\/image\\\/\",\"url\":\"https:\\\/\\\/psykedelikalsd.com\\\/wp-content\\\/uploads\\\/2022\\\/02\\\/cropped-psychedelic-logo.png\",\"contentUrl\":\"https:\\\/\\\/psykedelikalsd.com\\\/wp-content\\\/uploads\\\/2022\\\/02\\\/cropped-psychedelic-logo.png\",\"width\":512,\"height\":512,\"caption\":\"LSD-forhandler\"},\"image\":{\"@id\":\"https:\\\/\\\/psykedelikalsd.com\\\/#\\\/schema\\\/logo\\\/image\\\/\"}}]}<\/script>\n<!-- \/ Yoast SEO plugin. -->","yoast_head_json":{"title":"K\u00f8b magiske svampekapsler online | K\u00f8b LSD online","description":"K\u00f8b magiske svampekapsler online. Mikrodosering er pr\u00e6cis, hvad det lyder som - at tage mikrodoser af psykoaktive stoffer.","robots":{"index":"index","follow":"follow","max-snippet":"max-snippet:-1","max-image-preview":"max-image-preview:large","max-video-preview":"max-video-preview:-1"},"canonical":"https:\/\/psykedelikalsd.com\/en\/produkt\/koeb-magiske-svampekapsler-online\/","og_locale":"en_US","og_type":"article","og_title":"K\u00f8b magiske svampekapsler online | K\u00f8b LSD online","og_description":"K\u00f8b magiske svampekapsler online. Mikrodosering er pr\u00e6cis, hvad det lyder som - at tage mikrodoser af psykoaktive stoffer.","og_url":"https:\/\/psykedelikalsd.com\/en\/produkt\/koeb-magiske-svampekapsler-online\/","og_site_name":"K\u00f8b LSD online","article_modified_time":"2025-08-08T21:50:45+00:00","og_image":[{"width":300,"height":223,"url":"https:\/\/psykedelikalsd.com\/wp-content\/uploads\/2022\/02\/mushroom-capsules-1-1-300x223-1.jpg","type":"image\/jpeg"}],"twitter_card":"summary_large_image","twitter_misc":{"Est. reading time":"3 minutes"},"schema":{"@context":"https:\/\/schema.org","@graph":[{"@type":"WebPage","@id":"https:\/\/psykedelikalsd.com\/produkt\/koeb-magiske-svampekapsler-online\/","url":"https:\/\/psykedelikalsd.com\/produkt\/koeb-magiske-svampekapsler-online\/","name":"K\u00f8b magiske svampekapsler online | K\u00f8b LSD online","isPartOf":{"@id":"https:\/\/psykedelikalsd.com\/#website"},"primaryImageOfPage":{"@id":"https:\/\/psykedelikalsd.com\/produkt\/koeb-magiske-svampekapsler-online\/#primaryimage"},"image":{"@id":"https:\/\/psykedelikalsd.com\/produkt\/koeb-magiske-svampekapsler-online\/#primaryimage"},"thumbnailUrl":"https:\/\/psykedelikalsd.com\/wp-content\/uploads\/2022\/02\/mushroom-capsules-1-1-300x223-1.jpg","datePublished":"2022-02-13T04:21:13+00:00","dateModified":"2025-08-08T21:50:45+00:00","description":"K\u00f8b magiske svampekapsler online. Mikrodosering er pr\u00e6cis, hvad det lyder som - at tage mikrodoser af psykoaktive stoffer.","breadcrumb":{"@id":"https:\/\/psykedelikalsd.com\/produkt\/koeb-magiske-svampekapsler-online\/#breadcrumb"},"inLanguage":"en-US","potentialAction":[{"@type":"ReadAction","target":["https:\/\/psykedelikalsd.com\/produkt\/koeb-magiske-svampekapsler-online\/"]}]},{"@type":"ImageObject","inLanguage":"en-US","@id":"https:\/\/psykedelikalsd.com\/produkt\/koeb-magiske-svampekapsler-online\/#primaryimage","url":"https:\/\/psykedelikalsd.com\/wp-content\/uploads\/2022\/02\/mushroom-capsules-1-1-300x223-1.jpg","contentUrl":"https:\/\/psykedelikalsd.com\/wp-content\/uploads\/2022\/02\/mushroom-capsules-1-1-300x223-1.jpg","width":300,"height":223,"caption":"K\u00f8b magiske svampekapsler online"},{"@type":"BreadcrumbList","@id":"https:\/\/psykedelikalsd.com\/produkt\/koeb-magiske-svampekapsler-online\/#breadcrumb","itemListElement":[{"@type":"ListItem","position":1,"name":"Home","item":"https:\/\/psykedelikalsd.com\/"},{"@type":"ListItem","position":2,"name":"Butik","item":"https:\/\/psykedelikalsd.com\/shop\/"},{"@type":"ListItem","position":3,"name":"K\u00f8b magiske svampekapsler online"}]},{"@type":"WebSite","@id":"https:\/\/psykedelikalsd.com\/#website","url":"https:\/\/psykedelikalsd.com\/","name":"K\u00f8b LSD-stof online","description":"Bedste sted at k\u00f8be LSD-stoffer online | Bestil DMT-stoffer online","publisher":{"@id":"https:\/\/psykedelikalsd.com\/#organization"},"potentialAction":[{"@type":"SearchAction","target":{"@type":"EntryPoint","urlTemplate":"https:\/\/psykedelikalsd.com\/?s={search_term_string}"},"query-input":{"@type":"PropertyValueSpecification","valueRequired":true,"valueName":"search_term_string"}}],"inLanguage":"en-US"},{"@type":"Organization","@id":"https:\/\/psykedelikalsd.com\/#organization","name":"LSD-forhandler","url":"https:\/\/psykedelikalsd.com\/","logo":{"@type":"ImageObject","inLanguage":"en-US","@id":"https:\/\/psykedelikalsd.com\/#\/schema\/logo\/image\/","url":"https:\/\/psykedelikalsd.com\/wp-content\/uploads\/2022\/02\/cropped-psychedelic-logo.png","contentUrl":"https:\/\/psykedelikalsd.com\/wp-content\/uploads\/2022\/02\/cropped-psychedelic-logo.png","width":512,"height":512,"caption":"LSD-forhandler"},"image":{"@id":"https:\/\/psykedelikalsd.com\/#\/schema\/logo\/image\/"}}]}},"_links":{"self":[{"href":"https:\/\/psykedelikalsd.com\/en\/wp-json\/wp\/v2\/product\/3149","targetHints":{"allow":["GET"]}}],"collection":[{"href":"https:\/\/psykedelikalsd.com\/en\/wp-json\/wp\/v2\/product"}],"about":[{"href":"https:\/\/psykedelikalsd.com\/en\/wp-json\/wp\/v2\/types\/product"}],"replies":[{"embeddable":true,"href":"https:\/\/psykedelikalsd.com\/en\/wp-json\/wp\/v2\/comments?post=3149"}],"wp:featuredmedia":[{"embeddable":true,"href":"https:\/\/psykedelikalsd.com\/en\/wp-json\/wp\/v2\/media\/3154"}],"wp:attachment":[{"href":"https:\/\/psykedelikalsd.com\/en\/wp-json\/wp\/v2\/media?parent=3149"}],"wp:term":[{"taxonomy":"product_brand","embeddable":true,"href":"https:\/\/psykedelikalsd.com\/en\/wp-json\/wp\/v2\/product_brand?post=3149"},{"taxonomy":"product_cat","embeddable":true,"href":"https:\/\/psykedelikalsd.com\/en\/wp-json\/wp\/v2\/product_cat?post=3149"},{"taxonomy":"product_tag","embeddable":true,"href":"https:\/\/psykedelikalsd.com\/en\/wp-json\/wp\/v2\/product_tag?post=3149"}],"curies":[{"name":"wp","href":"https:\/\/api.w.org\/{rel}","templated":true}]}}