{"id":3157,"date":"2022-02-13T04:28:00","date_gmt":"2022-02-13T04:28:00","guid":{"rendered":"https:\/\/psykedelikalsd.com\/?post_type=product&#038;p=3157"},"modified":"2025-08-08T21:37:20","modified_gmt":"2025-08-08T21:37:20","slug":"koeb-penismisundelse-svampe-online","status":"publish","type":"product","link":"https:\/\/psykedelikalsd.com\/en\/produkt\/koeb-penismisundelse-svampe-online\/","title":{"rendered":"K\u00f8b Penismisundelse svampe online"},"content":{"rendered":"<h2 style=\"text-align: center;\">K\u00f8b Penismisundelse svampe online<\/h2>\n<p>K\u00f8b Penismisundelse svampe online. Dette er en meget sj\u00e6lden stamme af albino pigmenteringssvamp. Det er en variant af den verdensber\u00f8mte Penismisundelse. I mods\u00e6tning til de fleste andre albinosvampe er der en reel forskel i psilocybinindholdet. I alle undervarianterne af Penismisundelse er Albino Penismisundelse den st\u00e6rkeste. Derfor v\u00e6lger mange vingummibamser og chokolades\u00e6lgere at lave en s\u00e6rlig opskrift med denne stamme. Disse svampe har en smuk blanding af hvidt blandet med bl\u00e5 og sorte nuancer. Deres stilke er generelt tykkere i st\u00f8rrelse ligesom den originale Penismisundelse, men mere robuste.<\/p>\n<h3>Effekter af Penismisundelse <a href=\"https:\/\/psykedelikalsd.com\/en\/produkt\/koeb-psilocybe-azurenses-online\/\">Cubensis<\/a><\/h3>\n<p>Effekterne af Penismisundelse minder meget om originalen. Dens effekter beskrives i str\u00e5lende vendinger som meget visuelle med masser af eufori og dybe tanker. Hvis du leder efter en spirituel rejse, kan du sandsynligvis opn\u00e5 det med en relativt lav dosis. Ved h\u00f8je doser kan APE nemt give dig en ud-af-kroppen-oplevelse.<\/p>\n<p>Det anbefales ikke til begyndere at tage denne <a href=\"https:\/\/mandyspsychedelic.com\/\">svamp<\/a> i rekreativ dosis. Selv erfarne psykonauter bliver overrasket over, hvor st\u00e6rk denne stamme er.<\/p>\n<h3>Doseringsvejledning<\/h3>\n<p>Kreativ dosis: 0,5 gram til 1,25 gram<\/p>\n<p>Mellem rekreativ dosis: 1,5 gram til 2 gram<\/p>\n<p>Fuld rekreativ dosis: 2 gram til 3,5 gram<\/p>\n<p>Erfaren fuld rekreativ dosis: 3,5 gram til 5 gram<\/p>\n<p>Heroisk dosis: 5 gram til 7+ gram<\/p>","protected":false},"excerpt":{"rendered":"<p>Penismisundelse er en af de mest potente Cubensis-sorter i verden. Denne sort har f\u00e5et sit navn fra dens fysiske udseende. Den har en lang, tyk stilk efterfulgt af en lille h\u00e6tte. Dette er den autentiske sort i mods\u00e6tning til andre ting, du ser p\u00e5 nettet. Forveksl ikke denne sort med den mindre og svagere Penismisundelse 6 eller Texas Penis Envy. Denne sort anbefales ikke til begyndere p\u00e5 grund af dens h\u00f8je potens. Den siges at have bedre psykedeliske effekter end LSD. De fleste brugere oplever ekstreme billeder, ud-af-kroppen-oplevelser og eufori.<\/p>","protected":false},"featured_media":3162,"comment_status":"open","ping_status":"closed","template":"","meta":[],"product_brand":[],"product_cat":[71],"product_tag":[1981,1982,2007,2005,1983,1995,1996,1999,1990,2014,2015,1991,1984,1985,1986,2003,1988,2002,2013,2000,2012,2004,1989,1993,1994,1992,2008,2009,2010,2001,2006,1987,2011,1998,1997],"class_list":{"0":"post-3157","1":"product","2":"type-product","3":"status-publish","4":"has-post-thumbnail","6":"product_cat-psilocybin","7":"product_tag-albino-penis-misundelsessvamp","8":"product_tag-albino-penis-misundelsessvampesporer","9":"product_tag-anmeldelse-af-penis-misundelsessvampe","10":"product_tag-billeder-af-penis-misundelsessvampe","11":"product_tag-blaa-penis-misundelsessvamp","12":"product_tag-dosering-af-penis-misundelsessvamp","13":"product_tag-dosis-af-penis-misundelsessvamp","14":"product_tag-effekter-af-penis-misundelsessvamp","15":"product_tag-fordele-ved-penis-misundelsessvamp","16":"product_tag-hvad-er-penis-misundelsessvamp","17":"product_tag-hvid-penis-misundelsessvamp","18":"product_tag-koeb-penis-misundelsessvamp","19":"product_tag-koeb-penis-misundelsessvamp-online","20":"product_tag-koeb-penis-misundelsessvampesporer","21":"product_tag-koeb-penis-misundelsessvampesporer-online","22":"product_tag-mikrodosis-af-penis-misundelsessvamp","23":"product_tag-penis-misundelsessvamp","24":"product_tag-penis-misundelsessvamp-high","25":"product_tag-penis-misundelsessvamp-i-texas","26":"product_tag-penis-misundelsessvamp-til-salg","27":"product_tag-penis-misundelsessvamp-vs-golden-teacher","28":"product_tag-penis-misundelsessvampe-potens","29":"product_tag-penis-misundelsessvampebar","30":"product_tag-penis-misundelsessvampechokolade","31":"product_tag-penis-misundelsessvampechokoladebar","32":"product_tag-penis-misundelsessvampekapsler","33":"product_tag-penis-misundelsessvampesporer","34":"product_tag-penis-misundelsessvampesporer-til-salg","35":"product_tag-penis-misundelsessvampestamme","36":"product_tag-penis-misundelsessvampevingummier","37":"product_tag-pris-paa-penis-misundelsessvampe","38":"product_tag-pris-penis-misundelsessvamp","39":"product_tag-rejse-ved-penis-misundelsessvamp","40":"product_tag-toer-penis-misundelsessvamp","41":"product_tag-toerret-penis-misundelsessvamp","43":"first","44":"instock","45":"shipping-taxable","46":"purchasable","47":"product-type-variable"},"yoast_head":"<!-- This site is optimized with the Yoast SEO plugin v27.4 - https:\/\/yoast.com\/product\/yoast-seo-wordpress\/ -->\n<title>K\u00f8b Penismisundelse svampe online | K\u00f8b LSD online<\/title>\n<meta name=\"description\" content=\"K\u00f8b Penismisundelse svampe online. Dette er en meget sj\u00e6lden stamme af albino pigmenteringssvamp. Det er en variant af den verdensber\u00f8mte Penismisundelse.\" \/>\n<meta name=\"robots\" content=\"index, follow, max-snippet:-1, max-image-preview:large, max-video-preview:-1\" \/>\n<link rel=\"canonical\" href=\"https:\/\/psykedelikalsd.com\/en\/produkt\/koeb-penismisundelse-svampe-online\/\" \/>\n<meta property=\"og:locale\" content=\"en_US\" \/>\n<meta property=\"og:type\" content=\"article\" \/>\n<meta property=\"og:title\" content=\"K\u00f8b Penismisundelse svampe online | K\u00f8b LSD online\" \/>\n<meta property=\"og:description\" content=\"K\u00f8b Penismisundelse svampe online. Dette er en meget sj\u00e6lden stamme af albino pigmenteringssvamp. Det er en variant af den verdensber\u00f8mte Penismisundelse.\" \/>\n<meta property=\"og:url\" content=\"https:\/\/psykedelikalsd.com\/en\/produkt\/koeb-penismisundelse-svampe-online\/\" \/>\n<meta property=\"og:site_name\" content=\"K\u00f8b LSD online\" \/>\n<meta property=\"article:modified_time\" content=\"2025-08-08T21:37:20+00:00\" \/>\n<meta property=\"og:image\" content=\"https:\/\/psykedelikalsd.com\/wp-content\/uploads\/2022\/02\/Penis-Envy-scaled-1-768x1024-1.jpg\" \/>\n\t<meta property=\"og:image:width\" content=\"768\" \/>\n\t<meta property=\"og:image:height\" content=\"1024\" \/>\n\t<meta property=\"og:image:type\" content=\"image\/jpeg\" \/>\n<meta name=\"twitter:card\" content=\"summary_large_image\" \/>\n<meta name=\"twitter:label1\" content=\"Est. reading time\" \/>\n\t<meta name=\"twitter:data1\" content=\"2 minutes\" \/>\n<script type=\"application\/ld+json\" class=\"yoast-schema-graph\">{\"@context\":\"https:\\\/\\\/schema.org\",\"@graph\":[{\"@type\":\"WebPage\",\"@id\":\"https:\\\/\\\/psykedelikalsd.com\\\/produkt\\\/koeb-penismisundelse-svampe-online\\\/\",\"url\":\"https:\\\/\\\/psykedelikalsd.com\\\/produkt\\\/koeb-penismisundelse-svampe-online\\\/\",\"name\":\"K\u00f8b Penismisundelse svampe online | K\u00f8b LSD online\",\"isPartOf\":{\"@id\":\"https:\\\/\\\/psykedelikalsd.com\\\/#website\"},\"primaryImageOfPage\":{\"@id\":\"https:\\\/\\\/psykedelikalsd.com\\\/produkt\\\/koeb-penismisundelse-svampe-online\\\/#primaryimage\"},\"image\":{\"@id\":\"https:\\\/\\\/psykedelikalsd.com\\\/produkt\\\/koeb-penismisundelse-svampe-online\\\/#primaryimage\"},\"thumbnailUrl\":\"https:\\\/\\\/psykedelikalsd.com\\\/wp-content\\\/uploads\\\/2022\\\/02\\\/Penis-Envy-scaled-1-768x1024-1.jpg\",\"datePublished\":\"2022-02-13T04:28:00+00:00\",\"dateModified\":\"2025-08-08T21:37:20+00:00\",\"description\":\"K\u00f8b Penismisundelse svampe online. Dette er en meget sj\u00e6lden stamme af albino pigmenteringssvamp. Det er en variant af den verdensber\u00f8mte Penismisundelse.\",\"breadcrumb\":{\"@id\":\"https:\\\/\\\/psykedelikalsd.com\\\/produkt\\\/koeb-penismisundelse-svampe-online\\\/#breadcrumb\"},\"inLanguage\":\"en-US\",\"potentialAction\":[{\"@type\":\"ReadAction\",\"target\":[\"https:\\\/\\\/psykedelikalsd.com\\\/produkt\\\/koeb-penismisundelse-svampe-online\\\/\"]}]},{\"@type\":\"ImageObject\",\"inLanguage\":\"en-US\",\"@id\":\"https:\\\/\\\/psykedelikalsd.com\\\/produkt\\\/koeb-penismisundelse-svampe-online\\\/#primaryimage\",\"url\":\"https:\\\/\\\/psykedelikalsd.com\\\/wp-content\\\/uploads\\\/2022\\\/02\\\/Penis-Envy-scaled-1-768x1024-1.jpg\",\"contentUrl\":\"https:\\\/\\\/psykedelikalsd.com\\\/wp-content\\\/uploads\\\/2022\\\/02\\\/Penis-Envy-scaled-1-768x1024-1.jpg\",\"width\":768,\"height\":1024,\"caption\":\"K\u00f8b Penismisundelse svampe online\"},{\"@type\":\"BreadcrumbList\",\"@id\":\"https:\\\/\\\/psykedelikalsd.com\\\/produkt\\\/koeb-penismisundelse-svampe-online\\\/#breadcrumb\",\"itemListElement\":[{\"@type\":\"ListItem\",\"position\":1,\"name\":\"Home\",\"item\":\"https:\\\/\\\/psykedelikalsd.com\\\/\"},{\"@type\":\"ListItem\",\"position\":2,\"name\":\"Butik\",\"item\":\"https:\\\/\\\/psykedelikalsd.com\\\/shop\\\/\"},{\"@type\":\"ListItem\",\"position\":3,\"name\":\"K\u00f8b Penismisundelse svampe online\"}]},{\"@type\":\"WebSite\",\"@id\":\"https:\\\/\\\/psykedelikalsd.com\\\/#website\",\"url\":\"https:\\\/\\\/psykedelikalsd.com\\\/\",\"name\":\"K\u00f8b LSD-stof online\",\"description\":\"Bedste sted at k\u00f8be LSD-stoffer online | Bestil DMT-stoffer online\",\"publisher\":{\"@id\":\"https:\\\/\\\/psykedelikalsd.com\\\/#organization\"},\"potentialAction\":[{\"@type\":\"SearchAction\",\"target\":{\"@type\":\"EntryPoint\",\"urlTemplate\":\"https:\\\/\\\/psykedelikalsd.com\\\/?s={search_term_string}\"},\"query-input\":{\"@type\":\"PropertyValueSpecification\",\"valueRequired\":true,\"valueName\":\"search_term_string\"}}],\"inLanguage\":\"en-US\"},{\"@type\":\"Organization\",\"@id\":\"https:\\\/\\\/psykedelikalsd.com\\\/#organization\",\"name\":\"LSD-forhandler\",\"url\":\"https:\\\/\\\/psykedelikalsd.com\\\/\",\"logo\":{\"@type\":\"ImageObject\",\"inLanguage\":\"en-US\",\"@id\":\"https:\\\/\\\/psykedelikalsd.com\\\/#\\\/schema\\\/logo\\\/image\\\/\",\"url\":\"https:\\\/\\\/psykedelikalsd.com\\\/wp-content\\\/uploads\\\/2022\\\/02\\\/cropped-psychedelic-logo.png\",\"contentUrl\":\"https:\\\/\\\/psykedelikalsd.com\\\/wp-content\\\/uploads\\\/2022\\\/02\\\/cropped-psychedelic-logo.png\",\"width\":512,\"height\":512,\"caption\":\"LSD-forhandler\"},\"image\":{\"@id\":\"https:\\\/\\\/psykedelikalsd.com\\\/#\\\/schema\\\/logo\\\/image\\\/\"}}]}<\/script>\n<!-- \/ Yoast SEO plugin. -->","yoast_head_json":{"title":"K\u00f8b Penismisundelse svampe online | K\u00f8b LSD online","description":"K\u00f8b Penismisundelse svampe online. Dette er en meget sj\u00e6lden stamme af albino pigmenteringssvamp. Det er en variant af den verdensber\u00f8mte Penismisundelse.","robots":{"index":"index","follow":"follow","max-snippet":"max-snippet:-1","max-image-preview":"max-image-preview:large","max-video-preview":"max-video-preview:-1"},"canonical":"https:\/\/psykedelikalsd.com\/en\/produkt\/koeb-penismisundelse-svampe-online\/","og_locale":"en_US","og_type":"article","og_title":"K\u00f8b Penismisundelse svampe online | K\u00f8b LSD online","og_description":"K\u00f8b Penismisundelse svampe online. Dette er en meget sj\u00e6lden stamme af albino pigmenteringssvamp. Det er en variant af den verdensber\u00f8mte Penismisundelse.","og_url":"https:\/\/psykedelikalsd.com\/en\/produkt\/koeb-penismisundelse-svampe-online\/","og_site_name":"K\u00f8b LSD online","article_modified_time":"2025-08-08T21:37:20+00:00","og_image":[{"width":768,"height":1024,"url":"https:\/\/psykedelikalsd.com\/wp-content\/uploads\/2022\/02\/Penis-Envy-scaled-1-768x1024-1.jpg","type":"image\/jpeg"}],"twitter_card":"summary_large_image","twitter_misc":{"Est. reading time":"2 minutes"},"schema":{"@context":"https:\/\/schema.org","@graph":[{"@type":"WebPage","@id":"https:\/\/psykedelikalsd.com\/produkt\/koeb-penismisundelse-svampe-online\/","url":"https:\/\/psykedelikalsd.com\/produkt\/koeb-penismisundelse-svampe-online\/","name":"K\u00f8b Penismisundelse svampe online | K\u00f8b LSD online","isPartOf":{"@id":"https:\/\/psykedelikalsd.com\/#website"},"primaryImageOfPage":{"@id":"https:\/\/psykedelikalsd.com\/produkt\/koeb-penismisundelse-svampe-online\/#primaryimage"},"image":{"@id":"https:\/\/psykedelikalsd.com\/produkt\/koeb-penismisundelse-svampe-online\/#primaryimage"},"thumbnailUrl":"https:\/\/psykedelikalsd.com\/wp-content\/uploads\/2022\/02\/Penis-Envy-scaled-1-768x1024-1.jpg","datePublished":"2022-02-13T04:28:00+00:00","dateModified":"2025-08-08T21:37:20+00:00","description":"K\u00f8b Penismisundelse svampe online. Dette er en meget sj\u00e6lden stamme af albino pigmenteringssvamp. Det er en variant af den verdensber\u00f8mte Penismisundelse.","breadcrumb":{"@id":"https:\/\/psykedelikalsd.com\/produkt\/koeb-penismisundelse-svampe-online\/#breadcrumb"},"inLanguage":"en-US","potentialAction":[{"@type":"ReadAction","target":["https:\/\/psykedelikalsd.com\/produkt\/koeb-penismisundelse-svampe-online\/"]}]},{"@type":"ImageObject","inLanguage":"en-US","@id":"https:\/\/psykedelikalsd.com\/produkt\/koeb-penismisundelse-svampe-online\/#primaryimage","url":"https:\/\/psykedelikalsd.com\/wp-content\/uploads\/2022\/02\/Penis-Envy-scaled-1-768x1024-1.jpg","contentUrl":"https:\/\/psykedelikalsd.com\/wp-content\/uploads\/2022\/02\/Penis-Envy-scaled-1-768x1024-1.jpg","width":768,"height":1024,"caption":"K\u00f8b Penismisundelse svampe online"},{"@type":"BreadcrumbList","@id":"https:\/\/psykedelikalsd.com\/produkt\/koeb-penismisundelse-svampe-online\/#breadcrumb","itemListElement":[{"@type":"ListItem","position":1,"name":"Home","item":"https:\/\/psykedelikalsd.com\/"},{"@type":"ListItem","position":2,"name":"Butik","item":"https:\/\/psykedelikalsd.com\/shop\/"},{"@type":"ListItem","position":3,"name":"K\u00f8b Penismisundelse svampe online"}]},{"@type":"WebSite","@id":"https:\/\/psykedelikalsd.com\/#website","url":"https:\/\/psykedelikalsd.com\/","name":"K\u00f8b LSD-stof online","description":"Bedste sted at k\u00f8be LSD-stoffer online | Bestil DMT-stoffer online","publisher":{"@id":"https:\/\/psykedelikalsd.com\/#organization"},"potentialAction":[{"@type":"SearchAction","target":{"@type":"EntryPoint","urlTemplate":"https:\/\/psykedelikalsd.com\/?s={search_term_string}"},"query-input":{"@type":"PropertyValueSpecification","valueRequired":true,"valueName":"search_term_string"}}],"inLanguage":"en-US"},{"@type":"Organization","@id":"https:\/\/psykedelikalsd.com\/#organization","name":"LSD-forhandler","url":"https:\/\/psykedelikalsd.com\/","logo":{"@type":"ImageObject","inLanguage":"en-US","@id":"https:\/\/psykedelikalsd.com\/#\/schema\/logo\/image\/","url":"https:\/\/psykedelikalsd.com\/wp-content\/uploads\/2022\/02\/cropped-psychedelic-logo.png","contentUrl":"https:\/\/psykedelikalsd.com\/wp-content\/uploads\/2022\/02\/cropped-psychedelic-logo.png","width":512,"height":512,"caption":"LSD-forhandler"},"image":{"@id":"https:\/\/psykedelikalsd.com\/#\/schema\/logo\/image\/"}}]}},"_links":{"self":[{"href":"https:\/\/psykedelikalsd.com\/en\/wp-json\/wp\/v2\/product\/3157","targetHints":{"allow":["GET"]}}],"collection":[{"href":"https:\/\/psykedelikalsd.com\/en\/wp-json\/wp\/v2\/product"}],"about":[{"href":"https:\/\/psykedelikalsd.com\/en\/wp-json\/wp\/v2\/types\/product"}],"replies":[{"embeddable":true,"href":"https:\/\/psykedelikalsd.com\/en\/wp-json\/wp\/v2\/comments?post=3157"}],"wp:featuredmedia":[{"embeddable":true,"href":"https:\/\/psykedelikalsd.com\/en\/wp-json\/wp\/v2\/media\/3162"}],"wp:attachment":[{"href":"https:\/\/psykedelikalsd.com\/en\/wp-json\/wp\/v2\/media?parent=3157"}],"wp:term":[{"taxonomy":"product_brand","embeddable":true,"href":"https:\/\/psykedelikalsd.com\/en\/wp-json\/wp\/v2\/product_brand?post=3157"},{"taxonomy":"product_cat","embeddable":true,"href":"https:\/\/psykedelikalsd.com\/en\/wp-json\/wp\/v2\/product_cat?post=3157"},{"taxonomy":"product_tag","embeddable":true,"href":"https:\/\/psykedelikalsd.com\/en\/wp-json\/wp\/v2\/product_tag?post=3157"}],"curies":[{"name":"wp","href":"https:\/\/api.w.org\/{rel}","templated":true}]}}