{"id":3163,"date":"2022-02-13T04:30:04","date_gmt":"2022-02-13T04:30:04","guid":{"rendered":"https:\/\/psykedelikalsd.com\/?post_type=product&#038;p=3163"},"modified":"2025-08-08T21:17:11","modified_gmt":"2025-08-08T21:17:11","slug":"koeb-psilocybe-azurenses-online","status":"publish","type":"product","link":"https:\/\/psykedelikalsd.com\/en\/produkt\/koeb-psilocybe-azurenses-online\/","title":{"rendered":"K\u00f8b Psilocybe Azurenses online"},"content":{"rendered":"<h2>K\u00f8b Psilocybe Azurenses online<\/h2>\n<p>K\u00f8b Psilocybe Azurenses online. Psilocybe azurescens er almindeligvis kendt som &#8220;den flyvende tallerken&#8221;-svamp p\u00e5 grund af sin unikke UFO-formede h\u00e6tte. Denne potente svamp er \u00e6ret af psykedeliske opdagelsesrejsende for sine st\u00e6rke psykoaktive effekter og eftertragtet af svampej\u00e6gere for sp\u00e6ndingen ved at finde den i sit naturlige habitat ved havet.<\/p>\n<p>Rodordet &#8220;azur&#8221; p\u00e5 latinbaserede sprog formidler en dybbl\u00e5 farve, som afspejles i artsnavnet <a href=\"https:\/\/psykedelikalsd.com\/en\/produkt\/koeb-psilocybe-cubensis-online\/\">Psilocybe<\/a> azur-escens. Selvom denne art sandsynligvis var kendt af lokalsamfundene, blev den f\u00f8rst formelt dokumenteret i det nordvestlige Stillehav i 1979. Senere, i 1995, opkaldte den ber\u00f8mte mykolog Paul Stamets officielt arten efter sin s\u00f8n, <a href=\"https:\/\/mandyspsychedelic.com\/\">Azureus<\/a>, et navn inspireret af svampens sl\u00e5ende bl\u00e5 m\u00e6rker. Disse levende bl\u00e5 m\u00e6rker var en detalje, som Stamets v\u00e6rdsatte s\u00e6rligt, som n\u00e6vnt i Michael Pollans bestsellerbog, How to Change Your Mind.<\/p>","protected":false},"excerpt":{"rendered":"<p>Psilocybe Azurescens er gyldne svampe, der findes i det nordvestlige Stillehav. Koncentrationen af de psykoaktive biokemiske stoffer psilocybin og psilocin er h\u00f8jere her end i andre svampe som Psilocybe Cubensis og Psilocybe cyanescens.<\/p>","protected":false},"featured_media":3168,"comment_status":"open","ping_status":"closed","template":"","meta":[],"product_brand":[],"product_cat":[71],"product_tag":[1971,1970,1969,1978,1968,1975,1972,1973,1977,1979,1980,1976,1974],"class_list":{"0":"post-3163","1":"product","2":"type-product","3":"status-publish","4":"has-post-thumbnail","6":"product_cat-psilocybin","7":"product_tag-bedste-psykedeliske-svampebutik","8":"product_tag-bedste-sted-at-faa-psilocybe-azurenses","9":"product_tag-bedste-sted-at-koebe-psilocybe-azurenses","10":"product_tag-bestil-psilocybe-azurenses-online","11":"product_tag-fordele-ved-psilocybe-azurenses","12":"product_tag-friske-psilocybe-azurenses","13":"product_tag-koeb-psilocybe-azurenses","14":"product_tag-koeb-psykedeliske-svampe","15":"product_tag-magbeh-magiske-svampe-i-portugal","16":"product_tag-psilocybe-azurenses-til-salg","17":"product_tag-psykedeliske-svampe-til-salg","18":"product_tag-saadan-koeber-du-psilocybe-azurenses","19":"product_tag-toerrede-psilocybe-azurenses","21":"first","22":"instock","23":"shipping-taxable","24":"purchasable","25":"product-type-variable"},"yoast_head":"<!-- This site is optimized with the Yoast SEO plugin v27.4 - https:\/\/yoast.com\/product\/yoast-seo-wordpress\/ -->\n<title>K\u00f8b Psilocybe Azurenses online | K\u00f8b LSD online<\/title>\n<meta name=\"description\" content=\"K\u00f8b Psilocybe Azurenses online. Psilocybe Azurescens er en af de 180 arter af svampe fra Psilocybe-sl\u00e6gten og vokser i en r\u00e6kke forskellige milj\u00f8er.\" \/>\n<meta name=\"robots\" content=\"index, follow, max-snippet:-1, max-image-preview:large, max-video-preview:-1\" \/>\n<link rel=\"canonical\" href=\"https:\/\/psykedelikalsd.com\/en\/produkt\/koeb-psilocybe-azurenses-online\/\" \/>\n<meta property=\"og:locale\" content=\"en_US\" \/>\n<meta property=\"og:type\" content=\"article\" \/>\n<meta property=\"og:title\" content=\"K\u00f8b Psilocybe Azurenses online | K\u00f8b LSD online\" \/>\n<meta property=\"og:description\" content=\"K\u00f8b Psilocybe Azurenses online. Psilocybe Azurescens er en af de 180 arter af svampe fra Psilocybe-sl\u00e6gten og vokser i en r\u00e6kke forskellige milj\u00f8er.\" \/>\n<meta property=\"og:url\" content=\"https:\/\/psykedelikalsd.com\/en\/produkt\/koeb-psilocybe-azurenses-online\/\" \/>\n<meta property=\"og:site_name\" content=\"K\u00f8b LSD online\" \/>\n<meta property=\"article:modified_time\" content=\"2025-08-08T21:17:11+00:00\" \/>\n<meta property=\"og:image\" content=\"https:\/\/psykedelikalsd.com\/wp-content\/uploads\/2022\/02\/azurenses.jpg\" \/>\n\t<meta property=\"og:image:width\" content=\"500\" \/>\n\t<meta property=\"og:image:height\" content=\"350\" \/>\n\t<meta property=\"og:image:type\" content=\"image\/jpeg\" \/>\n<meta name=\"twitter:card\" content=\"summary_large_image\" \/>\n<meta name=\"twitter:label1\" content=\"Est. reading time\" \/>\n\t<meta name=\"twitter:data1\" content=\"2 minutes\" \/>\n<script type=\"application\/ld+json\" class=\"yoast-schema-graph\">{\"@context\":\"https:\\\/\\\/schema.org\",\"@graph\":[{\"@type\":\"WebPage\",\"@id\":\"https:\\\/\\\/psykedelikalsd.com\\\/produkt\\\/koeb-psilocybe-azurenses-online\\\/\",\"url\":\"https:\\\/\\\/psykedelikalsd.com\\\/produkt\\\/koeb-psilocybe-azurenses-online\\\/\",\"name\":\"K\u00f8b Psilocybe Azurenses online | K\u00f8b LSD online\",\"isPartOf\":{\"@id\":\"https:\\\/\\\/psykedelikalsd.com\\\/#website\"},\"primaryImageOfPage\":{\"@id\":\"https:\\\/\\\/psykedelikalsd.com\\\/produkt\\\/koeb-psilocybe-azurenses-online\\\/#primaryimage\"},\"image\":{\"@id\":\"https:\\\/\\\/psykedelikalsd.com\\\/produkt\\\/koeb-psilocybe-azurenses-online\\\/#primaryimage\"},\"thumbnailUrl\":\"https:\\\/\\\/psykedelikalsd.com\\\/wp-content\\\/uploads\\\/2022\\\/02\\\/azurenses.jpg\",\"datePublished\":\"2022-02-13T04:30:04+00:00\",\"dateModified\":\"2025-08-08T21:17:11+00:00\",\"description\":\"K\u00f8b Psilocybe Azurenses online. Psilocybe Azurescens er en af de 180 arter af svampe fra Psilocybe-sl\u00e6gten og vokser i en r\u00e6kke forskellige milj\u00f8er.\",\"breadcrumb\":{\"@id\":\"https:\\\/\\\/psykedelikalsd.com\\\/produkt\\\/koeb-psilocybe-azurenses-online\\\/#breadcrumb\"},\"inLanguage\":\"en-US\",\"potentialAction\":[{\"@type\":\"ReadAction\",\"target\":[\"https:\\\/\\\/psykedelikalsd.com\\\/produkt\\\/koeb-psilocybe-azurenses-online\\\/\"]}]},{\"@type\":\"ImageObject\",\"inLanguage\":\"en-US\",\"@id\":\"https:\\\/\\\/psykedelikalsd.com\\\/produkt\\\/koeb-psilocybe-azurenses-online\\\/#primaryimage\",\"url\":\"https:\\\/\\\/psykedelikalsd.com\\\/wp-content\\\/uploads\\\/2022\\\/02\\\/azurenses.jpg\",\"contentUrl\":\"https:\\\/\\\/psykedelikalsd.com\\\/wp-content\\\/uploads\\\/2022\\\/02\\\/azurenses.jpg\",\"width\":500,\"height\":350,\"caption\":\"K\u00f8b Psilocybe Azurenses online\"},{\"@type\":\"BreadcrumbList\",\"@id\":\"https:\\\/\\\/psykedelikalsd.com\\\/produkt\\\/koeb-psilocybe-azurenses-online\\\/#breadcrumb\",\"itemListElement\":[{\"@type\":\"ListItem\",\"position\":1,\"name\":\"Home\",\"item\":\"https:\\\/\\\/psykedelikalsd.com\\\/\"},{\"@type\":\"ListItem\",\"position\":2,\"name\":\"Butik\",\"item\":\"https:\\\/\\\/psykedelikalsd.com\\\/shop\\\/\"},{\"@type\":\"ListItem\",\"position\":3,\"name\":\"K\u00f8b Psilocybe Azurenses online\"}]},{\"@type\":\"WebSite\",\"@id\":\"https:\\\/\\\/psykedelikalsd.com\\\/#website\",\"url\":\"https:\\\/\\\/psykedelikalsd.com\\\/\",\"name\":\"K\u00f8b LSD-stof online\",\"description\":\"Bedste sted at k\u00f8be LSD-stoffer online | Bestil DMT-stoffer online\",\"publisher\":{\"@id\":\"https:\\\/\\\/psykedelikalsd.com\\\/#organization\"},\"potentialAction\":[{\"@type\":\"SearchAction\",\"target\":{\"@type\":\"EntryPoint\",\"urlTemplate\":\"https:\\\/\\\/psykedelikalsd.com\\\/?s={search_term_string}\"},\"query-input\":{\"@type\":\"PropertyValueSpecification\",\"valueRequired\":true,\"valueName\":\"search_term_string\"}}],\"inLanguage\":\"en-US\"},{\"@type\":\"Organization\",\"@id\":\"https:\\\/\\\/psykedelikalsd.com\\\/#organization\",\"name\":\"LSD-forhandler\",\"url\":\"https:\\\/\\\/psykedelikalsd.com\\\/\",\"logo\":{\"@type\":\"ImageObject\",\"inLanguage\":\"en-US\",\"@id\":\"https:\\\/\\\/psykedelikalsd.com\\\/#\\\/schema\\\/logo\\\/image\\\/\",\"url\":\"https:\\\/\\\/psykedelikalsd.com\\\/wp-content\\\/uploads\\\/2022\\\/02\\\/cropped-psychedelic-logo.png\",\"contentUrl\":\"https:\\\/\\\/psykedelikalsd.com\\\/wp-content\\\/uploads\\\/2022\\\/02\\\/cropped-psychedelic-logo.png\",\"width\":512,\"height\":512,\"caption\":\"LSD-forhandler\"},\"image\":{\"@id\":\"https:\\\/\\\/psykedelikalsd.com\\\/#\\\/schema\\\/logo\\\/image\\\/\"}}]}<\/script>\n<!-- \/ Yoast SEO plugin. -->","yoast_head_json":{"title":"K\u00f8b Psilocybe Azurenses online | K\u00f8b LSD online","description":"K\u00f8b Psilocybe Azurenses online. Psilocybe Azurescens er en af de 180 arter af svampe fra Psilocybe-sl\u00e6gten og vokser i en r\u00e6kke forskellige milj\u00f8er.","robots":{"index":"index","follow":"follow","max-snippet":"max-snippet:-1","max-image-preview":"max-image-preview:large","max-video-preview":"max-video-preview:-1"},"canonical":"https:\/\/psykedelikalsd.com\/en\/produkt\/koeb-psilocybe-azurenses-online\/","og_locale":"en_US","og_type":"article","og_title":"K\u00f8b Psilocybe Azurenses online | K\u00f8b LSD online","og_description":"K\u00f8b Psilocybe Azurenses online. Psilocybe Azurescens er en af de 180 arter af svampe fra Psilocybe-sl\u00e6gten og vokser i en r\u00e6kke forskellige milj\u00f8er.","og_url":"https:\/\/psykedelikalsd.com\/en\/produkt\/koeb-psilocybe-azurenses-online\/","og_site_name":"K\u00f8b LSD online","article_modified_time":"2025-08-08T21:17:11+00:00","og_image":[{"width":500,"height":350,"url":"https:\/\/psykedelikalsd.com\/wp-content\/uploads\/2022\/02\/azurenses.jpg","type":"image\/jpeg"}],"twitter_card":"summary_large_image","twitter_misc":{"Est. reading time":"2 minutes"},"schema":{"@context":"https:\/\/schema.org","@graph":[{"@type":"WebPage","@id":"https:\/\/psykedelikalsd.com\/produkt\/koeb-psilocybe-azurenses-online\/","url":"https:\/\/psykedelikalsd.com\/produkt\/koeb-psilocybe-azurenses-online\/","name":"K\u00f8b Psilocybe Azurenses online | K\u00f8b LSD online","isPartOf":{"@id":"https:\/\/psykedelikalsd.com\/#website"},"primaryImageOfPage":{"@id":"https:\/\/psykedelikalsd.com\/produkt\/koeb-psilocybe-azurenses-online\/#primaryimage"},"image":{"@id":"https:\/\/psykedelikalsd.com\/produkt\/koeb-psilocybe-azurenses-online\/#primaryimage"},"thumbnailUrl":"https:\/\/psykedelikalsd.com\/wp-content\/uploads\/2022\/02\/azurenses.jpg","datePublished":"2022-02-13T04:30:04+00:00","dateModified":"2025-08-08T21:17:11+00:00","description":"K\u00f8b Psilocybe Azurenses online. Psilocybe Azurescens er en af de 180 arter af svampe fra Psilocybe-sl\u00e6gten og vokser i en r\u00e6kke forskellige milj\u00f8er.","breadcrumb":{"@id":"https:\/\/psykedelikalsd.com\/produkt\/koeb-psilocybe-azurenses-online\/#breadcrumb"},"inLanguage":"en-US","potentialAction":[{"@type":"ReadAction","target":["https:\/\/psykedelikalsd.com\/produkt\/koeb-psilocybe-azurenses-online\/"]}]},{"@type":"ImageObject","inLanguage":"en-US","@id":"https:\/\/psykedelikalsd.com\/produkt\/koeb-psilocybe-azurenses-online\/#primaryimage","url":"https:\/\/psykedelikalsd.com\/wp-content\/uploads\/2022\/02\/azurenses.jpg","contentUrl":"https:\/\/psykedelikalsd.com\/wp-content\/uploads\/2022\/02\/azurenses.jpg","width":500,"height":350,"caption":"K\u00f8b Psilocybe Azurenses online"},{"@type":"BreadcrumbList","@id":"https:\/\/psykedelikalsd.com\/produkt\/koeb-psilocybe-azurenses-online\/#breadcrumb","itemListElement":[{"@type":"ListItem","position":1,"name":"Home","item":"https:\/\/psykedelikalsd.com\/"},{"@type":"ListItem","position":2,"name":"Butik","item":"https:\/\/psykedelikalsd.com\/shop\/"},{"@type":"ListItem","position":3,"name":"K\u00f8b Psilocybe Azurenses online"}]},{"@type":"WebSite","@id":"https:\/\/psykedelikalsd.com\/#website","url":"https:\/\/psykedelikalsd.com\/","name":"K\u00f8b LSD-stof online","description":"Bedste sted at k\u00f8be LSD-stoffer online | Bestil DMT-stoffer online","publisher":{"@id":"https:\/\/psykedelikalsd.com\/#organization"},"potentialAction":[{"@type":"SearchAction","target":{"@type":"EntryPoint","urlTemplate":"https:\/\/psykedelikalsd.com\/?s={search_term_string}"},"query-input":{"@type":"PropertyValueSpecification","valueRequired":true,"valueName":"search_term_string"}}],"inLanguage":"en-US"},{"@type":"Organization","@id":"https:\/\/psykedelikalsd.com\/#organization","name":"LSD-forhandler","url":"https:\/\/psykedelikalsd.com\/","logo":{"@type":"ImageObject","inLanguage":"en-US","@id":"https:\/\/psykedelikalsd.com\/#\/schema\/logo\/image\/","url":"https:\/\/psykedelikalsd.com\/wp-content\/uploads\/2022\/02\/cropped-psychedelic-logo.png","contentUrl":"https:\/\/psykedelikalsd.com\/wp-content\/uploads\/2022\/02\/cropped-psychedelic-logo.png","width":512,"height":512,"caption":"LSD-forhandler"},"image":{"@id":"https:\/\/psykedelikalsd.com\/#\/schema\/logo\/image\/"}}]}},"_links":{"self":[{"href":"https:\/\/psykedelikalsd.com\/en\/wp-json\/wp\/v2\/product\/3163","targetHints":{"allow":["GET"]}}],"collection":[{"href":"https:\/\/psykedelikalsd.com\/en\/wp-json\/wp\/v2\/product"}],"about":[{"href":"https:\/\/psykedelikalsd.com\/en\/wp-json\/wp\/v2\/types\/product"}],"replies":[{"embeddable":true,"href":"https:\/\/psykedelikalsd.com\/en\/wp-json\/wp\/v2\/comments?post=3163"}],"wp:featuredmedia":[{"embeddable":true,"href":"https:\/\/psykedelikalsd.com\/en\/wp-json\/wp\/v2\/media\/3168"}],"wp:attachment":[{"href":"https:\/\/psykedelikalsd.com\/en\/wp-json\/wp\/v2\/media?parent=3163"}],"wp:term":[{"taxonomy":"product_brand","embeddable":true,"href":"https:\/\/psykedelikalsd.com\/en\/wp-json\/wp\/v2\/product_brand?post=3163"},{"taxonomy":"product_cat","embeddable":true,"href":"https:\/\/psykedelikalsd.com\/en\/wp-json\/wp\/v2\/product_cat?post=3163"},{"taxonomy":"product_tag","embeddable":true,"href":"https:\/\/psykedelikalsd.com\/en\/wp-json\/wp\/v2\/product_tag?post=3163"}],"curies":[{"name":"wp","href":"https:\/\/api.w.org\/{rel}","templated":true}]}}