{"id":3170,"date":"2022-02-13T04:32:40","date_gmt":"2022-02-13T04:32:40","guid":{"rendered":"https:\/\/psykedelikalsd.com\/?post_type=product&#038;p=3170"},"modified":"2025-08-08T20:51:03","modified_gmt":"2025-08-08T20:51:03","slug":"koeb-psilocybe-cubensis-online","status":"publish","type":"product","link":"https:\/\/psykedelikalsd.com\/en\/produkt\/koeb-psilocybe-cubensis-online\/","title":{"rendered":"K\u00f8b PSILOCYBE CUBENSIS online"},"content":{"rendered":"<h1 style=\"text-align: center;\">K\u00f8b PSILOCYBE CUBENSIS online<\/h1>\n<p>K\u00f8b PSILOCYBE CUBENSIS online. Psilocybe cubensis er en art af psykedelisk svamp, hvis prim\u00e6re aktive ingredienser er psilocybin og psilocin. Almindeligt kaldet svampe, magiske svampe, gyldne toppe, terninger eller gyldne h\u00e6tter. Den tilh\u00f8rer svampefamilien Hymenogastraceae og var tidligere kendt som Stropharia cubensis. K\u00f8b Psilocybe Cubensis.<\/p>\n<p>Koncentrationerne af <a href=\"https:\/\/comprelsdon-line.com\/\">psilocin<\/a> og psilocybin, bestemt ved h\u00f8jtydende v\u00e6skekromatografi, ligger i omr\u00e5det 0,14-0,42% og 0,37-1,30% (t\u00f8rv\u00e6gt) i hele svampen, 0,17-0,78% og 0,44-1,35% i hatten og henholdsvis 0,09 og 0,30%\/0,05-1,27% i stilken.<\/p>\n<p>Individuel hjernekemi og psykologisk pr\u00e6disposition spiller en betydelig rolle i bestemmelsen af passende doser. For en beskeden psykedelisk effekt indtages mindst et gram t\u00f8rret Psilocybe cubensis-svamp oralt. 0,25-1 gram er normalt tilstr\u00e6kkeligt til at producere en mild effekt, 1-2,5 gram giver normalt en moderat effekt, og 2,5 gram og derover giver normalt st\u00e6rke effekter.<\/p>\n<p>Derudover vil 3,5 t\u00f8rrede gram (1\/8 oz) for de fleste mennesker blive betragtet som en h\u00f8j dosis og kan give en intens oplevelse. Dette betragtes dog normalt som en standarddosis blandt rekreative brugere. For mange individer kan doser over tre gram v\u00e6re overv\u00e6ldende.<\/p>\n<p>For nogle f\u00e5 sj\u00e6ldne individer kan doser s\u00e5 lave som 0,25 gram give fuldbl\u00e6ste effekter, der normalt er forbundet med meget h\u00f8je doser for de fleste mennesker. Dette dosisniveau vil dog resultere i stort set ingen effekter. P\u00e5 grund af faktorer som alder og opbevaringsmetode vil psilocybinindholdet i en given svampepr\u00f8ve variere.<\/p>\n<h2>Det bedste sted at k\u00f8be PSILOCYBE CUBENSIS online<\/h2>\n<p>Derudover begynder virkningerne normalt efter cirka 20-60 minutter (afh\u00e6ngigt af indtagelsesmetoden og maveindholdet) og kan vare fra fire til ti timer, afh\u00e6ngigt af doseringen. Visuelle forvr\u00e6ngninger er almindelige, herunder v\u00e6gge, der ser ud til at \u00e5nde, en levende forst\u00e6rkning af farver og animation af organiske former. Du er det bedste sted at k\u00f8be PSILOCYBE CUBENSIS i verden. Bestil nu med tillid, og den vil blive leveret til din hjemmeadresse. Vi forst\u00e5r ogs\u00e5, at de fleste kunder har sv\u00e6rt ved at k\u00f8be disse produkter. Bare rolig, din l\u00f8sning er her. K\u00f8b <a href=\"https:\/\/psykedelikalsd.com\/en\/produkt\/koeb-changa-dmt-online\/\">CHANGA DMT<\/a> online<\/p>","protected":false},"excerpt":{"rendered":"<p>Psilocybe Azurescens er gyldne svampe, der findes i det nordvestlige Stillehav. Koncentrationen af de psykoaktive biokemiske stoffer psilocybin og psilocin er h\u00f8jere her end i andre svampe som Psilocybe Cubensis og Psilocybe cyanescens.<\/p>","protected":false},"featured_media":3175,"comment_status":"open","ping_status":"closed","template":"","meta":[],"product_brand":[],"product_cat":[71],"product_tag":[590,1952,1953,1967,600,598,595,1957,1958,1961,1959,603,1962,1966,582,596,1964,1963,1965,1960,1956,1955,1954],"class_list":{"0":"post-3170","1":"product","2":"type-product","3":"status-publish","4":"has-post-thumbnail","6":"product_cat-psilocybin","7":"product_tag-cubensis","8":"product_tag-cubensis-fordele","9":"product_tag-cubensis-til-at-dyrke-psilocybe-cubensis","10":"product_tag-hvor-man-kan-dyrke-psilocybe-cubensis","11":"product_tag-psilocybe-cubensis","12":"product_tag-psilocybe-cubensis-b","13":"product_tag-psilocybe-cubensis-dosering","14":"product_tag-psilocybe-cubensis-dyrkningspose","15":"product_tag-psilocybe-cubensis-dyrkningssaet","16":"product_tag-psilocybe-cubensis-egenskaber","17":"product_tag-psilocybe-cubensis-flydende-kultur","18":"product_tag-psilocybe-cubensis-i-sverige","19":"product_tag-psilocybe-cubensis-psilocybe-cubensis-koeb","20":"product_tag-psilocybe-cubensis-sorter","21":"product_tag-psilocybe-cubensis-sporer","22":"product_tag-psilocybe-cubensis-sporer-etsy","23":"product_tag-psilocybe-cubensis-sporer-til-salg","24":"product_tag-psilocybe-cubensis-sporespray","25":"product_tag-psilocybe-cubensis-styrke","26":"product_tag-psilocybe-cubensis-svampesporer","27":"product_tag-psilocybe-cubensis-til-salg","28":"product_tag-psilocybe-cubensis-virkninger-paa-hjernen","29":"product_tag-toerret-psilocybe-cubensis","31":"first","32":"instock","33":"shipping-taxable","34":"purchasable","35":"product-type-variable"},"yoast_head":"<!-- This site is optimized with the Yoast SEO plugin v27.4 - https:\/\/yoast.com\/product\/yoast-seo-wordpress\/ -->\n<title>K\u00f8b PSILOCYBE CUBENSIS online | K\u00f8b LSD online<\/title>\n<meta name=\"description\" content=\"K\u00f8b PSILOCYBE CUBENSIS online. Koncentrationerne af psilocin og psilocybin, bestemt ved h\u00f8jtydende v\u00e6skekromatografi.\" \/>\n<meta name=\"robots\" content=\"index, follow, max-snippet:-1, max-image-preview:large, max-video-preview:-1\" \/>\n<link rel=\"canonical\" href=\"https:\/\/psykedelikalsd.com\/en\/produkt\/koeb-psilocybe-cubensis-online\/\" \/>\n<meta property=\"og:locale\" content=\"en_US\" \/>\n<meta property=\"og:type\" content=\"article\" \/>\n<meta property=\"og:title\" content=\"K\u00f8b PSILOCYBE CUBENSIS online | K\u00f8b LSD online\" \/>\n<meta property=\"og:description\" content=\"K\u00f8b PSILOCYBE CUBENSIS online. Koncentrationerne af psilocin og psilocybin, bestemt ved h\u00f8jtydende v\u00e6skekromatografi.\" \/>\n<meta property=\"og:url\" content=\"https:\/\/psykedelikalsd.com\/en\/produkt\/koeb-psilocybe-cubensis-online\/\" \/>\n<meta property=\"og:site_name\" content=\"K\u00f8b LSD online\" \/>\n<meta property=\"article:modified_time\" content=\"2025-08-08T20:51:03+00:00\" \/>\n<meta property=\"og:image\" content=\"https:\/\/psykedelikalsd.com\/wp-content\/uploads\/2022\/02\/a.jpg\" \/>\n\t<meta property=\"og:image:width\" content=\"550\" \/>\n\t<meta property=\"og:image:height\" content=\"550\" \/>\n\t<meta property=\"og:image:type\" content=\"image\/jpeg\" \/>\n<meta name=\"twitter:card\" content=\"summary_large_image\" \/>\n<meta name=\"twitter:label1\" content=\"Est. reading time\" \/>\n\t<meta name=\"twitter:data1\" content=\"2 minutes\" \/>\n<script type=\"application\/ld+json\" class=\"yoast-schema-graph\">{\"@context\":\"https:\\\/\\\/schema.org\",\"@graph\":[{\"@type\":\"WebPage\",\"@id\":\"https:\\\/\\\/psykedelikalsd.com\\\/produkt\\\/koeb-psilocybe-cubensis-online\\\/\",\"url\":\"https:\\\/\\\/psykedelikalsd.com\\\/produkt\\\/koeb-psilocybe-cubensis-online\\\/\",\"name\":\"K\u00f8b PSILOCYBE CUBENSIS online | K\u00f8b LSD online\",\"isPartOf\":{\"@id\":\"https:\\\/\\\/psykedelikalsd.com\\\/#website\"},\"primaryImageOfPage\":{\"@id\":\"https:\\\/\\\/psykedelikalsd.com\\\/produkt\\\/koeb-psilocybe-cubensis-online\\\/#primaryimage\"},\"image\":{\"@id\":\"https:\\\/\\\/psykedelikalsd.com\\\/produkt\\\/koeb-psilocybe-cubensis-online\\\/#primaryimage\"},\"thumbnailUrl\":\"https:\\\/\\\/psykedelikalsd.com\\\/wp-content\\\/uploads\\\/2022\\\/02\\\/a.jpg\",\"datePublished\":\"2022-02-13T04:32:40+00:00\",\"dateModified\":\"2025-08-08T20:51:03+00:00\",\"description\":\"K\u00f8b PSILOCYBE CUBENSIS online. Koncentrationerne af psilocin og psilocybin, bestemt ved h\u00f8jtydende v\u00e6skekromatografi.\",\"breadcrumb\":{\"@id\":\"https:\\\/\\\/psykedelikalsd.com\\\/produkt\\\/koeb-psilocybe-cubensis-online\\\/#breadcrumb\"},\"inLanguage\":\"en-US\",\"potentialAction\":[{\"@type\":\"ReadAction\",\"target\":[\"https:\\\/\\\/psykedelikalsd.com\\\/produkt\\\/koeb-psilocybe-cubensis-online\\\/\"]}]},{\"@type\":\"ImageObject\",\"inLanguage\":\"en-US\",\"@id\":\"https:\\\/\\\/psykedelikalsd.com\\\/produkt\\\/koeb-psilocybe-cubensis-online\\\/#primaryimage\",\"url\":\"https:\\\/\\\/psykedelikalsd.com\\\/wp-content\\\/uploads\\\/2022\\\/02\\\/a.jpg\",\"contentUrl\":\"https:\\\/\\\/psykedelikalsd.com\\\/wp-content\\\/uploads\\\/2022\\\/02\\\/a.jpg\",\"width\":550,\"height\":550,\"caption\":\"K\u00f8b PSILOCYBE CUBENSIS online\"},{\"@type\":\"BreadcrumbList\",\"@id\":\"https:\\\/\\\/psykedelikalsd.com\\\/produkt\\\/koeb-psilocybe-cubensis-online\\\/#breadcrumb\",\"itemListElement\":[{\"@type\":\"ListItem\",\"position\":1,\"name\":\"Home\",\"item\":\"https:\\\/\\\/psykedelikalsd.com\\\/\"},{\"@type\":\"ListItem\",\"position\":2,\"name\":\"Butik\",\"item\":\"https:\\\/\\\/psykedelikalsd.com\\\/shop\\\/\"},{\"@type\":\"ListItem\",\"position\":3,\"name\":\"K\u00f8b PSILOCYBE CUBENSIS online\"}]},{\"@type\":\"WebSite\",\"@id\":\"https:\\\/\\\/psykedelikalsd.com\\\/#website\",\"url\":\"https:\\\/\\\/psykedelikalsd.com\\\/\",\"name\":\"K\u00f8b LSD-stof online\",\"description\":\"Bedste sted at k\u00f8be LSD-stoffer online | Bestil DMT-stoffer online\",\"publisher\":{\"@id\":\"https:\\\/\\\/psykedelikalsd.com\\\/#organization\"},\"potentialAction\":[{\"@type\":\"SearchAction\",\"target\":{\"@type\":\"EntryPoint\",\"urlTemplate\":\"https:\\\/\\\/psykedelikalsd.com\\\/?s={search_term_string}\"},\"query-input\":{\"@type\":\"PropertyValueSpecification\",\"valueRequired\":true,\"valueName\":\"search_term_string\"}}],\"inLanguage\":\"en-US\"},{\"@type\":\"Organization\",\"@id\":\"https:\\\/\\\/psykedelikalsd.com\\\/#organization\",\"name\":\"LSD-forhandler\",\"url\":\"https:\\\/\\\/psykedelikalsd.com\\\/\",\"logo\":{\"@type\":\"ImageObject\",\"inLanguage\":\"en-US\",\"@id\":\"https:\\\/\\\/psykedelikalsd.com\\\/#\\\/schema\\\/logo\\\/image\\\/\",\"url\":\"https:\\\/\\\/psykedelikalsd.com\\\/wp-content\\\/uploads\\\/2022\\\/02\\\/cropped-psychedelic-logo.png\",\"contentUrl\":\"https:\\\/\\\/psykedelikalsd.com\\\/wp-content\\\/uploads\\\/2022\\\/02\\\/cropped-psychedelic-logo.png\",\"width\":512,\"height\":512,\"caption\":\"LSD-forhandler\"},\"image\":{\"@id\":\"https:\\\/\\\/psykedelikalsd.com\\\/#\\\/schema\\\/logo\\\/image\\\/\"}}]}<\/script>\n<!-- \/ Yoast SEO plugin. -->","yoast_head_json":{"title":"K\u00f8b PSILOCYBE CUBENSIS online | K\u00f8b LSD online","description":"K\u00f8b PSILOCYBE CUBENSIS online. Koncentrationerne af psilocin og psilocybin, bestemt ved h\u00f8jtydende v\u00e6skekromatografi.","robots":{"index":"index","follow":"follow","max-snippet":"max-snippet:-1","max-image-preview":"max-image-preview:large","max-video-preview":"max-video-preview:-1"},"canonical":"https:\/\/psykedelikalsd.com\/en\/produkt\/koeb-psilocybe-cubensis-online\/","og_locale":"en_US","og_type":"article","og_title":"K\u00f8b PSILOCYBE CUBENSIS online | K\u00f8b LSD online","og_description":"K\u00f8b PSILOCYBE CUBENSIS online. Koncentrationerne af psilocin og psilocybin, bestemt ved h\u00f8jtydende v\u00e6skekromatografi.","og_url":"https:\/\/psykedelikalsd.com\/en\/produkt\/koeb-psilocybe-cubensis-online\/","og_site_name":"K\u00f8b LSD online","article_modified_time":"2025-08-08T20:51:03+00:00","og_image":[{"width":550,"height":550,"url":"https:\/\/psykedelikalsd.com\/wp-content\/uploads\/2022\/02\/a.jpg","type":"image\/jpeg"}],"twitter_card":"summary_large_image","twitter_misc":{"Est. reading time":"2 minutes"},"schema":{"@context":"https:\/\/schema.org","@graph":[{"@type":"WebPage","@id":"https:\/\/psykedelikalsd.com\/produkt\/koeb-psilocybe-cubensis-online\/","url":"https:\/\/psykedelikalsd.com\/produkt\/koeb-psilocybe-cubensis-online\/","name":"K\u00f8b PSILOCYBE CUBENSIS online | K\u00f8b LSD online","isPartOf":{"@id":"https:\/\/psykedelikalsd.com\/#website"},"primaryImageOfPage":{"@id":"https:\/\/psykedelikalsd.com\/produkt\/koeb-psilocybe-cubensis-online\/#primaryimage"},"image":{"@id":"https:\/\/psykedelikalsd.com\/produkt\/koeb-psilocybe-cubensis-online\/#primaryimage"},"thumbnailUrl":"https:\/\/psykedelikalsd.com\/wp-content\/uploads\/2022\/02\/a.jpg","datePublished":"2022-02-13T04:32:40+00:00","dateModified":"2025-08-08T20:51:03+00:00","description":"K\u00f8b PSILOCYBE CUBENSIS online. Koncentrationerne af psilocin og psilocybin, bestemt ved h\u00f8jtydende v\u00e6skekromatografi.","breadcrumb":{"@id":"https:\/\/psykedelikalsd.com\/produkt\/koeb-psilocybe-cubensis-online\/#breadcrumb"},"inLanguage":"en-US","potentialAction":[{"@type":"ReadAction","target":["https:\/\/psykedelikalsd.com\/produkt\/koeb-psilocybe-cubensis-online\/"]}]},{"@type":"ImageObject","inLanguage":"en-US","@id":"https:\/\/psykedelikalsd.com\/produkt\/koeb-psilocybe-cubensis-online\/#primaryimage","url":"https:\/\/psykedelikalsd.com\/wp-content\/uploads\/2022\/02\/a.jpg","contentUrl":"https:\/\/psykedelikalsd.com\/wp-content\/uploads\/2022\/02\/a.jpg","width":550,"height":550,"caption":"K\u00f8b PSILOCYBE CUBENSIS online"},{"@type":"BreadcrumbList","@id":"https:\/\/psykedelikalsd.com\/produkt\/koeb-psilocybe-cubensis-online\/#breadcrumb","itemListElement":[{"@type":"ListItem","position":1,"name":"Home","item":"https:\/\/psykedelikalsd.com\/"},{"@type":"ListItem","position":2,"name":"Butik","item":"https:\/\/psykedelikalsd.com\/shop\/"},{"@type":"ListItem","position":3,"name":"K\u00f8b PSILOCYBE CUBENSIS online"}]},{"@type":"WebSite","@id":"https:\/\/psykedelikalsd.com\/#website","url":"https:\/\/psykedelikalsd.com\/","name":"K\u00f8b LSD-stof online","description":"Bedste sted at k\u00f8be LSD-stoffer online | Bestil DMT-stoffer online","publisher":{"@id":"https:\/\/psykedelikalsd.com\/#organization"},"potentialAction":[{"@type":"SearchAction","target":{"@type":"EntryPoint","urlTemplate":"https:\/\/psykedelikalsd.com\/?s={search_term_string}"},"query-input":{"@type":"PropertyValueSpecification","valueRequired":true,"valueName":"search_term_string"}}],"inLanguage":"en-US"},{"@type":"Organization","@id":"https:\/\/psykedelikalsd.com\/#organization","name":"LSD-forhandler","url":"https:\/\/psykedelikalsd.com\/","logo":{"@type":"ImageObject","inLanguage":"en-US","@id":"https:\/\/psykedelikalsd.com\/#\/schema\/logo\/image\/","url":"https:\/\/psykedelikalsd.com\/wp-content\/uploads\/2022\/02\/cropped-psychedelic-logo.png","contentUrl":"https:\/\/psykedelikalsd.com\/wp-content\/uploads\/2022\/02\/cropped-psychedelic-logo.png","width":512,"height":512,"caption":"LSD-forhandler"},"image":{"@id":"https:\/\/psykedelikalsd.com\/#\/schema\/logo\/image\/"}}]}},"_links":{"self":[{"href":"https:\/\/psykedelikalsd.com\/en\/wp-json\/wp\/v2\/product\/3170","targetHints":{"allow":["GET"]}}],"collection":[{"href":"https:\/\/psykedelikalsd.com\/en\/wp-json\/wp\/v2\/product"}],"about":[{"href":"https:\/\/psykedelikalsd.com\/en\/wp-json\/wp\/v2\/types\/product"}],"replies":[{"embeddable":true,"href":"https:\/\/psykedelikalsd.com\/en\/wp-json\/wp\/v2\/comments?post=3170"}],"wp:featuredmedia":[{"embeddable":true,"href":"https:\/\/psykedelikalsd.com\/en\/wp-json\/wp\/v2\/media\/3175"}],"wp:attachment":[{"href":"https:\/\/psykedelikalsd.com\/en\/wp-json\/wp\/v2\/media?parent=3170"}],"wp:term":[{"taxonomy":"product_brand","embeddable":true,"href":"https:\/\/psykedelikalsd.com\/en\/wp-json\/wp\/v2\/product_brand?post=3170"},{"taxonomy":"product_cat","embeddable":true,"href":"https:\/\/psykedelikalsd.com\/en\/wp-json\/wp\/v2\/product_cat?post=3170"},{"taxonomy":"product_tag","embeddable":true,"href":"https:\/\/psykedelikalsd.com\/en\/wp-json\/wp\/v2\/product_tag?post=3170"}],"curies":[{"name":"wp","href":"https:\/\/api.w.org\/{rel}","templated":true}]}}