{"id":3178,"date":"2022-02-13T04:35:36","date_gmt":"2022-02-13T04:35:36","guid":{"rendered":"https:\/\/psykedelikalsd.com\/?post_type=product&#038;p=3178"},"modified":"2025-08-08T20:26:58","modified_gmt":"2025-08-08T20:26:58","slug":"koeb-changa-dmt-online","status":"publish","type":"product","link":"https:\/\/psykedelikalsd.com\/en\/produkt\/koeb-changa-dmt-online\/","title":{"rendered":"K\u00f8b Changa DMT Online"},"content":{"rendered":"<h2 style=\"text-align: center;\">K\u00f8b Changa DMT Online<\/h2>\n<p>K\u00f8b Changa DMT hos os online. Dette produkt er en rygeblanding af dimethyltryptamin, ogs\u00e5 kendt som DMT, samt den psykedeliske forbindelse MAOI. Det minder om, og du kan ryge det som tobak eller cannabis.<\/p>\n<p>Det er ikke s\u00e5 traditionelt. Urteblandingen blev i begyndelsen af 2000&#8217;erne udviklet af en australsk mand ved navn Julian Palmer. For at lave changa tilsatte Palmer t\u00f8rret caapi-vin med isoleret DMT og rullede det ind i en rygebar joint. Men selvom Palmer er manden bag navnet &#8220;changa&#8221;, var han bestemt ikke den f\u00f8rste person, der blandede DMT med rygebare urter. Palmer, persille og andre planter, som vi ogs\u00e5 bruger til dette form\u00e5l.<\/p>\n<p>Changa DMT er udviklet som et middel mod dette; tils\u00e6tning af en MAO-I forhindrer nedbrydningen af DMT. Hvis brugerne \u00f8nsker at opleve de sinds\u00e6ndrende virkninger af DMT uden den intense indtr\u00e6den, eller \u00f8nsker at &#8220;bryde igennem&#8221; med en lavere dosis, kan Changa v\u00e6re et mere passende alternativ.<\/p>\n<h3 style=\"text-align: center;\">Changa DMT | K\u00f8b Changa DMT Online Legit<\/h3>\n<p>Changa refererer til en blanding af rygelige urter tilsat DMT. Der er dog megen debat i det psykedeliske milj\u00f8 om, hvad der udg\u00f8r &#8220;\u00e6gte&#8221; changa. If\u00f8lge Palmer indeholder \u00e6gte changa ayahuasca-ranken. &#8220;Uden ayahuasca i changaen,&#8221; skriver han, &#8220;vil ayahuascaen ikke virkelig aktivere de andre urter, varigheden vil ikke v\u00e6re den samme, og den samme glathed vil ikke v\u00e6re der.&#8221;<\/p>\n<p>Andre almindelige changa-urter inkluderer Mimosa hostilis (jurema preta) og Peganum harmala (syrisk rue). Men changa, der s\u00e6lges ulovligt, kan indeholde blandinger af stort set hvad som helst. Nogle gange kan urteblandingen best\u00e5 af Banisteriopsis caapi, nogle gange syrisk rue, nogle gange persille, eller nogle gange kan det v\u00e6re noget helt andet. k\u00f8b changa dmt online.<\/p>\n<h3 style=\"text-align: center;\">Change vs. Ayahuasca \/ K\u00f8b DMT i n\u00e6rheden af mig<\/h3>\n<p>En anden DMT-holdig psykedelisk stof, der er blevet popul\u00e6r i de seneste \u00e5rtier, er ayahuasca. Ingredienserne og principperne i ayahuasca og Changa er de samme, men den afg\u00f8rende forskel er den m\u00e5de, vi kan forbruge den p\u00e5. Traditionelt moses B. Caapi til en pulp, som vi tils\u00e6tter kogende vand for at lave ayahuasca. Chacruna-bladet tils\u00e6ttes derefter bryggen for at ud\u00f8ve psykoaktive effekter. Ayahuasca-bryggen f\u00f8rer til en psykedelisk rejse, der varer omkring seks timer. k\u00f8b changa dmt online k\u00f8b lsd online<\/p>\n<p>Changa er derimod en kombination af de to planter i rygelig form. Ligesom ayahuasca skal de to planter v\u00e6re sammen; MAO-I for at forhindre DMT i at blive nedbrudt i kroppen, hvorved effekterne kan tr\u00e6de i kraft over en langsommere periode. MAO-I kan muligvis ogs\u00e5 give brugerne mulighed for at &#8220;bryde igennem&#8221; p\u00e5 den DMT-holdige blanding med mindre doser, da MAO-I forhindrer den \u00f8jeblikkelige nedbrydning af noget DMT. Virkningerne af Changa varer dog ikke n\u00e6r s\u00e5 l\u00e6nge som ayahuasca &#8211; virkningerne aftager til ubetydelige niveauer inden for 30 minutter til en time.<\/p>\n<h3 style=\"text-align: center;\">Changa DMT-effekter \/ DMT til salg<\/h3>\n<p>Virkningerne af Changa kommer fra DMT&#8217;en i chacruna. Rick Strassman populariserede <a href=\"https:\/\/psykedeliskagemenskap.com\/\">DMT<\/a> som &#8220;\u00c5ndemolekylet&#8221;, da det indeholdt mange lignende aspekter af religi\u00f8se og spirituelle oplevelser. Dette omfattede st\u00e6rke hallucinationer, som at h\u00f8re stemmer. k\u00f8b changa dmt online<\/p>\n<p>I denne verden har brugerne ofte m\u00f8der med &#8216;v\u00e6sener&#8217; fra andre verdener, efter at de har &#8216;brudt igennem&#8217;. Den form, som disse entiteter antager, er dog sammenflettet med individets kultur, milj\u00f8 og omgivelser.<\/p>\n<p>Selvom disse gennembrudsoplevelser bestemt er mulige med Changa, afh\u00e6nger det af, at en stor m\u00e6ngde ryges p\u00e5 kort tid. For en lettere oplevelse kan brugerne ryge changa i en pibe eller en joint. Denne lettere oplevelse er karakteriseret ved mindre \u00e6ndringer i opfattelse og kognition; pioneren bag Changa, Julian Palmer, sagde, at det skulle &#8220;oplyse farver, forst\u00e6rke opfattelsen og tydeligg\u00f8re sindets aktivitet og bringe balance til tankerne.&#8221;<\/p>\n<h3 style=\"text-align: center;\">Hvor kan jeg k\u00f8be Changa DMT online<\/h3>\n<p>Leder du efter billig dimethyltryptamin (<a href=\"https:\/\/psykedelikalsd.com\/en\/produkt\/koeb-dmt-patron-og-batteri-1-ml-online\/\">DMT<\/a>) online? Bestil dimethyltryptamin (DMT) fra DMT Shop til overkommelige priser og med direkte levering. K\u00f8b DMT online fra en anerkendt leverand\u00f8r af DMT af h\u00f8j kvalitet til uovertrufne priser. K\u00f8b Psychedelics USA. Vi leverer ogs\u00e5 5-MeO-DMT, NEMBUTAL, KOKAIN. Takket v\u00e6re vores juridiske kemiske dokumenter er vi i stand til at levere h\u00f8jkvalitets emballage og levering af alle produkter til deres respektive ejere uden komplikationer. k\u00f8b 4aco dmt online dmt til salg.<\/p>","protected":false},"excerpt":{"rendered":"<p>Changa er en DMT\/MAOI-infunderet rygeblanding. Typisk kombineres ekstrakter fra DMT-holdige planter med en blanding af forskellige urter og ayahuasca-ranker og\/eller -blade for at skabe en blanding, der er 20-50% DMT, svarende til en rygebar ayahuasca.<\/p>","protected":false},"featured_media":3184,"comment_status":"open","ping_status":"closed","template":"","meta":[],"product_brand":[],"product_cat":[69],"product_tag":[125,127,128,1308,567,1939,573,575,1940,1938,1937,1941,130,131,132,1943,1942,134,569,1951,1936,1944,1945,1946,1947,1948,1950,581,1949],"class_list":{"0":"post-3178","1":"product","2":"type-product","3":"status-publish","4":"has-post-thumbnail","6":"product_cat-dmt","7":"product_tag-chaga-dmt","8":"product_tag-changa","9":"product_tag-changa-dmt","10":"product_tag-changa-dmt-50-mg","11":"product_tag-changa-dmt-erva","12":"product_tag-changa-dmt-indhold","13":"product_tag-changa-dmt-ioga","14":"product_tag-changa-dmt-kaufen","15":"product_tag-changa-dmt-ketamin","16":"product_tag-changa-dmt-komponenter","17":"product_tag-changa-dmt-koeb","18":"product_tag-changa-dmts-dm","19":"product_tag-dmt-changa","20":"product_tag-dmt-nexus","21":"product_tag-dmt-nexus-changa","22":"product_tag-dmt-tur","23":"product_tag-dmt-chaga-lav-dmt","24":"product_tag-dmtnexus","25":"product_tag-experiencia-changa-dmt","26":"product_tag-hvad-er-changa-dmt","27":"product_tag-koeb-changa-dmt","28":"product_tag-ligesom-fazer-changa-dmt","29":"product_tag-ligesom-fazer-changa-dmt-nexus","30":"product_tag-ligesom-fazer-changa-fra-dmt","31":"product_tag-ligesom-fazer-dmt","32":"product_tag-ligesom-fazer-goer-fazer-dmta-changage","33":"product_tag-maader-at-goere-changa-dmt-paa","34":"product_tag-receita-changa-dmt","35":"product_tag-som-fazer-make-fazer-dsmo-changage-dmt","37":"first","38":"instock","39":"shipping-taxable","40":"purchasable","41":"product-type-variable"},"yoast_head":"<!-- This site is optimized with the Yoast SEO plugin v27.4 - https:\/\/yoast.com\/product\/yoast-seo-wordpress\/ -->\n<title>K\u00f8b Changa DMT Online | K\u00f8b LSD online<\/title>\n<meta name=\"description\" content=\"K\u00f8b Changa DMT Online. Dette produkt er en rygeblanding af dimethyltryptamin, ogs\u00e5 kendt som DMT, samt den psykedeliske forbindelse MAOI\" \/>\n<meta name=\"robots\" content=\"index, follow, max-snippet:-1, max-image-preview:large, max-video-preview:-1\" \/>\n<link rel=\"canonical\" href=\"https:\/\/psykedelikalsd.com\/en\/produkt\/koeb-changa-dmt-online\/\" \/>\n<meta property=\"og:locale\" content=\"en_US\" \/>\n<meta property=\"og:type\" content=\"article\" \/>\n<meta property=\"og:title\" content=\"K\u00f8b Changa DMT Online | K\u00f8b LSD online\" \/>\n<meta property=\"og:description\" content=\"K\u00f8b Changa DMT Online. Dette produkt er en rygeblanding af dimethyltryptamin, ogs\u00e5 kendt som DMT, samt den psykedeliske forbindelse MAOI\" \/>\n<meta property=\"og:url\" content=\"https:\/\/psykedelikalsd.com\/en\/produkt\/koeb-changa-dmt-online\/\" \/>\n<meta property=\"og:site_name\" content=\"K\u00f8b LSD online\" \/>\n<meta property=\"article:modified_time\" content=\"2025-08-08T20:26:58+00:00\" \/>\n<meta property=\"og:image\" content=\"https:\/\/psykedelikalsd.com\/wp-content\/uploads\/2022\/02\/changa-scaled-1.jpg\" \/>\n\t<meta property=\"og:image:width\" content=\"1920\" \/>\n\t<meta property=\"og:image:height\" content=\"2560\" \/>\n\t<meta property=\"og:image:type\" content=\"image\/jpeg\" \/>\n<meta name=\"twitter:card\" content=\"summary_large_image\" \/>\n<meta name=\"twitter:label1\" content=\"Est. reading time\" \/>\n\t<meta name=\"twitter:data1\" content=\"2 minutes\" \/>\n<script type=\"application\/ld+json\" class=\"yoast-schema-graph\">{\"@context\":\"https:\\\/\\\/schema.org\",\"@graph\":[{\"@type\":\"WebPage\",\"@id\":\"https:\\\/\\\/psykedelikalsd.com\\\/produkt\\\/koeb-changa-dmt-online\\\/\",\"url\":\"https:\\\/\\\/psykedelikalsd.com\\\/produkt\\\/koeb-changa-dmt-online\\\/\",\"name\":\"K\u00f8b Changa DMT Online | K\u00f8b LSD online\",\"isPartOf\":{\"@id\":\"https:\\\/\\\/psykedelikalsd.com\\\/#website\"},\"primaryImageOfPage\":{\"@id\":\"https:\\\/\\\/psykedelikalsd.com\\\/produkt\\\/koeb-changa-dmt-online\\\/#primaryimage\"},\"image\":{\"@id\":\"https:\\\/\\\/psykedelikalsd.com\\\/produkt\\\/koeb-changa-dmt-online\\\/#primaryimage\"},\"thumbnailUrl\":\"https:\\\/\\\/psykedelikalsd.com\\\/wp-content\\\/uploads\\\/2022\\\/02\\\/changa-scaled-1.jpg\",\"datePublished\":\"2022-02-13T04:35:36+00:00\",\"dateModified\":\"2025-08-08T20:26:58+00:00\",\"description\":\"K\u00f8b Changa DMT Online. Dette produkt er en rygeblanding af dimethyltryptamin, ogs\u00e5 kendt som DMT, samt den psykedeliske forbindelse MAOI\",\"breadcrumb\":{\"@id\":\"https:\\\/\\\/psykedelikalsd.com\\\/produkt\\\/koeb-changa-dmt-online\\\/#breadcrumb\"},\"inLanguage\":\"en-US\",\"potentialAction\":[{\"@type\":\"ReadAction\",\"target\":[\"https:\\\/\\\/psykedelikalsd.com\\\/produkt\\\/koeb-changa-dmt-online\\\/\"]}]},{\"@type\":\"ImageObject\",\"inLanguage\":\"en-US\",\"@id\":\"https:\\\/\\\/psykedelikalsd.com\\\/produkt\\\/koeb-changa-dmt-online\\\/#primaryimage\",\"url\":\"https:\\\/\\\/psykedelikalsd.com\\\/wp-content\\\/uploads\\\/2022\\\/02\\\/changa-scaled-1.jpg\",\"contentUrl\":\"https:\\\/\\\/psykedelikalsd.com\\\/wp-content\\\/uploads\\\/2022\\\/02\\\/changa-scaled-1.jpg\",\"width\":1920,\"height\":2560,\"caption\":\"K\u00f8b Changa DMT Online\"},{\"@type\":\"BreadcrumbList\",\"@id\":\"https:\\\/\\\/psykedelikalsd.com\\\/produkt\\\/koeb-changa-dmt-online\\\/#breadcrumb\",\"itemListElement\":[{\"@type\":\"ListItem\",\"position\":1,\"name\":\"Home\",\"item\":\"https:\\\/\\\/psykedelikalsd.com\\\/\"},{\"@type\":\"ListItem\",\"position\":2,\"name\":\"Butik\",\"item\":\"https:\\\/\\\/psykedelikalsd.com\\\/shop\\\/\"},{\"@type\":\"ListItem\",\"position\":3,\"name\":\"K\u00f8b Changa DMT Online\"}]},{\"@type\":\"WebSite\",\"@id\":\"https:\\\/\\\/psykedelikalsd.com\\\/#website\",\"url\":\"https:\\\/\\\/psykedelikalsd.com\\\/\",\"name\":\"K\u00f8b LSD-stof online\",\"description\":\"Bedste sted at k\u00f8be LSD-stoffer online | Bestil DMT-stoffer online\",\"publisher\":{\"@id\":\"https:\\\/\\\/psykedelikalsd.com\\\/#organization\"},\"potentialAction\":[{\"@type\":\"SearchAction\",\"target\":{\"@type\":\"EntryPoint\",\"urlTemplate\":\"https:\\\/\\\/psykedelikalsd.com\\\/?s={search_term_string}\"},\"query-input\":{\"@type\":\"PropertyValueSpecification\",\"valueRequired\":true,\"valueName\":\"search_term_string\"}}],\"inLanguage\":\"en-US\"},{\"@type\":\"Organization\",\"@id\":\"https:\\\/\\\/psykedelikalsd.com\\\/#organization\",\"name\":\"LSD-forhandler\",\"url\":\"https:\\\/\\\/psykedelikalsd.com\\\/\",\"logo\":{\"@type\":\"ImageObject\",\"inLanguage\":\"en-US\",\"@id\":\"https:\\\/\\\/psykedelikalsd.com\\\/#\\\/schema\\\/logo\\\/image\\\/\",\"url\":\"https:\\\/\\\/psykedelikalsd.com\\\/wp-content\\\/uploads\\\/2022\\\/02\\\/cropped-psychedelic-logo.png\",\"contentUrl\":\"https:\\\/\\\/psykedelikalsd.com\\\/wp-content\\\/uploads\\\/2022\\\/02\\\/cropped-psychedelic-logo.png\",\"width\":512,\"height\":512,\"caption\":\"LSD-forhandler\"},\"image\":{\"@id\":\"https:\\\/\\\/psykedelikalsd.com\\\/#\\\/schema\\\/logo\\\/image\\\/\"}}]}<\/script>\n<!-- \/ Yoast SEO plugin. -->","yoast_head_json":{"title":"K\u00f8b Changa DMT Online | K\u00f8b LSD online","description":"K\u00f8b Changa DMT Online. Dette produkt er en rygeblanding af dimethyltryptamin, ogs\u00e5 kendt som DMT, samt den psykedeliske forbindelse MAOI","robots":{"index":"index","follow":"follow","max-snippet":"max-snippet:-1","max-image-preview":"max-image-preview:large","max-video-preview":"max-video-preview:-1"},"canonical":"https:\/\/psykedelikalsd.com\/en\/produkt\/koeb-changa-dmt-online\/","og_locale":"en_US","og_type":"article","og_title":"K\u00f8b Changa DMT Online | K\u00f8b LSD online","og_description":"K\u00f8b Changa DMT Online. Dette produkt er en rygeblanding af dimethyltryptamin, ogs\u00e5 kendt som DMT, samt den psykedeliske forbindelse MAOI","og_url":"https:\/\/psykedelikalsd.com\/en\/produkt\/koeb-changa-dmt-online\/","og_site_name":"K\u00f8b LSD online","article_modified_time":"2025-08-08T20:26:58+00:00","og_image":[{"width":1920,"height":2560,"url":"https:\/\/psykedelikalsd.com\/wp-content\/uploads\/2022\/02\/changa-scaled-1.jpg","type":"image\/jpeg"}],"twitter_card":"summary_large_image","twitter_misc":{"Est. reading time":"2 minutes"},"schema":{"@context":"https:\/\/schema.org","@graph":[{"@type":"WebPage","@id":"https:\/\/psykedelikalsd.com\/produkt\/koeb-changa-dmt-online\/","url":"https:\/\/psykedelikalsd.com\/produkt\/koeb-changa-dmt-online\/","name":"K\u00f8b Changa DMT Online | K\u00f8b LSD online","isPartOf":{"@id":"https:\/\/psykedelikalsd.com\/#website"},"primaryImageOfPage":{"@id":"https:\/\/psykedelikalsd.com\/produkt\/koeb-changa-dmt-online\/#primaryimage"},"image":{"@id":"https:\/\/psykedelikalsd.com\/produkt\/koeb-changa-dmt-online\/#primaryimage"},"thumbnailUrl":"https:\/\/psykedelikalsd.com\/wp-content\/uploads\/2022\/02\/changa-scaled-1.jpg","datePublished":"2022-02-13T04:35:36+00:00","dateModified":"2025-08-08T20:26:58+00:00","description":"K\u00f8b Changa DMT Online. Dette produkt er en rygeblanding af dimethyltryptamin, ogs\u00e5 kendt som DMT, samt den psykedeliske forbindelse MAOI","breadcrumb":{"@id":"https:\/\/psykedelikalsd.com\/produkt\/koeb-changa-dmt-online\/#breadcrumb"},"inLanguage":"en-US","potentialAction":[{"@type":"ReadAction","target":["https:\/\/psykedelikalsd.com\/produkt\/koeb-changa-dmt-online\/"]}]},{"@type":"ImageObject","inLanguage":"en-US","@id":"https:\/\/psykedelikalsd.com\/produkt\/koeb-changa-dmt-online\/#primaryimage","url":"https:\/\/psykedelikalsd.com\/wp-content\/uploads\/2022\/02\/changa-scaled-1.jpg","contentUrl":"https:\/\/psykedelikalsd.com\/wp-content\/uploads\/2022\/02\/changa-scaled-1.jpg","width":1920,"height":2560,"caption":"K\u00f8b Changa DMT Online"},{"@type":"BreadcrumbList","@id":"https:\/\/psykedelikalsd.com\/produkt\/koeb-changa-dmt-online\/#breadcrumb","itemListElement":[{"@type":"ListItem","position":1,"name":"Home","item":"https:\/\/psykedelikalsd.com\/"},{"@type":"ListItem","position":2,"name":"Butik","item":"https:\/\/psykedelikalsd.com\/shop\/"},{"@type":"ListItem","position":3,"name":"K\u00f8b Changa DMT Online"}]},{"@type":"WebSite","@id":"https:\/\/psykedelikalsd.com\/#website","url":"https:\/\/psykedelikalsd.com\/","name":"K\u00f8b LSD-stof online","description":"Bedste sted at k\u00f8be LSD-stoffer online | Bestil DMT-stoffer online","publisher":{"@id":"https:\/\/psykedelikalsd.com\/#organization"},"potentialAction":[{"@type":"SearchAction","target":{"@type":"EntryPoint","urlTemplate":"https:\/\/psykedelikalsd.com\/?s={search_term_string}"},"query-input":{"@type":"PropertyValueSpecification","valueRequired":true,"valueName":"search_term_string"}}],"inLanguage":"en-US"},{"@type":"Organization","@id":"https:\/\/psykedelikalsd.com\/#organization","name":"LSD-forhandler","url":"https:\/\/psykedelikalsd.com\/","logo":{"@type":"ImageObject","inLanguage":"en-US","@id":"https:\/\/psykedelikalsd.com\/#\/schema\/logo\/image\/","url":"https:\/\/psykedelikalsd.com\/wp-content\/uploads\/2022\/02\/cropped-psychedelic-logo.png","contentUrl":"https:\/\/psykedelikalsd.com\/wp-content\/uploads\/2022\/02\/cropped-psychedelic-logo.png","width":512,"height":512,"caption":"LSD-forhandler"},"image":{"@id":"https:\/\/psykedelikalsd.com\/#\/schema\/logo\/image\/"}}]}},"_links":{"self":[{"href":"https:\/\/psykedelikalsd.com\/en\/wp-json\/wp\/v2\/product\/3178","targetHints":{"allow":["GET"]}}],"collection":[{"href":"https:\/\/psykedelikalsd.com\/en\/wp-json\/wp\/v2\/product"}],"about":[{"href":"https:\/\/psykedelikalsd.com\/en\/wp-json\/wp\/v2\/types\/product"}],"replies":[{"embeddable":true,"href":"https:\/\/psykedelikalsd.com\/en\/wp-json\/wp\/v2\/comments?post=3178"}],"wp:featuredmedia":[{"embeddable":true,"href":"https:\/\/psykedelikalsd.com\/en\/wp-json\/wp\/v2\/media\/3184"}],"wp:attachment":[{"href":"https:\/\/psykedelikalsd.com\/en\/wp-json\/wp\/v2\/media?parent=3178"}],"wp:term":[{"taxonomy":"product_brand","embeddable":true,"href":"https:\/\/psykedelikalsd.com\/en\/wp-json\/wp\/v2\/product_brand?post=3178"},{"taxonomy":"product_cat","embeddable":true,"href":"https:\/\/psykedelikalsd.com\/en\/wp-json\/wp\/v2\/product_cat?post=3178"},{"taxonomy":"product_tag","embeddable":true,"href":"https:\/\/psykedelikalsd.com\/en\/wp-json\/wp\/v2\/product_tag?post=3178"}],"curies":[{"name":"wp","href":"https:\/\/api.w.org\/{rel}","templated":true}]}}