{"id":3185,"date":"2022-02-13T04:41:14","date_gmt":"2022-02-13T04:41:14","guid":{"rendered":"https:\/\/psykedelikalsd.com\/?post_type=product&#038;p=3185"},"modified":"2025-08-08T20:12:59","modified_gmt":"2025-08-08T20:12:59","slug":"koeb-dmt-patron-og-batteri-1-ml-online","status":"publish","type":"product","link":"https:\/\/psykedelikalsd.com\/en\/produkt\/koeb-dmt-patron-og-batteri-1-ml-online\/","title":{"rendered":"K\u00f8b DMT-patron og batteri 1 ml online"},"content":{"rendered":"<h2 style=\"text-align: center;\">K\u00f8b DMT-patron og batteri 1 ml online<\/h2>\n<p>K\u00f8b DMT-patron og batteri 1 ml online. DMT (N,N-dimethyltryptamin) er et af de mest potente psykedelika, du kan indtage, og oplevelsen kan v\u00e6re intens og kraftfuld \u2013 p\u00e5 b\u00e5de positive og negative m\u00e5der. Det er blevet brugt i religi\u00f8se praksisser og ritualer. Det kaldes ogs\u00e5 &#8220;\u00e5ndemolekylet&#8221; p\u00e5 grund af den intense psykedeliske oplevelse. Brugere oplever lyse farver, bev\u00e6gelige milj\u00f8er eller gentagne m\u00f8nstre og m\u00e5ske endda &#8220;milj\u00f8orbisme&#8221; ved h\u00f8jere doser. DMT-oplevelsen beskrives ofte som et &#8220;perspektivskifte&#8221;, der er karakteriseret ved fysiske, f\u00f8lelsesm\u00e6ssige og konceptuelle effekter. Hovedeffekten af DMT er psykologisk med intense visuelle og auditive hallucinationer, eufori og en \u00e6ndret f\u00f8lelse af rum, krop og tid.<\/p>\n<p>Mange brugere beskriver oplevelsen som livs\u00e6ndrende. Mange ser det som en proces med d\u00f8d og genf\u00f8dsel efterfulgt af varige selvforbedringer, herunder mental klarhed, \u00f8get motivation, forbedret bevidsthed, livsgl\u00e6de og en f\u00f8lelse af indre fred. N\u00e5r det ryges, producerer <a href=\"https:\/\/psykedelikalsd.com\/en\/produkt\/koeb-nn-dmt-online\/\">DMT<\/a> korte, men intense visuelle og auditive hallucinationer, der er blevet beskrevet af brugerne som en alternativ virkelighed.<\/p>\n<p>DMT-oplevelse: Kroppen kan ogs\u00e5 f\u00f8les tungere. Intense f\u00f8lelser er typiske, lige fra ekstrem frygt til eufori. Under starten m\u00e6rkes ofte angst eller sp\u00e6nding. Det er ogs\u00e5 almindeligt at opleve en overv\u00e6ldende f\u00f8lelse af enhed med universet. Eller en f\u00f8lelse af at v\u00e6re uden for tid og rum, samtidig med at man oplever helheden af begge dele. Egod\u00f8d er ogs\u00e5 typisk for <a href=\"https:\/\/comprelsdon-line.com\/\">DMT<\/a>-oplevelsen. DMT-patron og batteri 1 ml.<\/p>\n<p>***Vape og 1 ml patron leveres med batteri inkluderet***<\/p>","protected":false},"excerpt":{"rendered":"<p>DMT omtales som et \u00e5ndemolekyle. Mange ser det som en proces med d\u00f8d og genf\u00f8dsel efterfulgt af varige selvforbedringer, herunder mental klarhed, \u00f8get motivation, forbedret bevidsthed, livsgl\u00e6de og en f\u00f8lelse af indre fred.<\/p>\n<ul>\n<li>1 ml<\/li>\n<li>800 mg DMT<\/li>\n<li>Vape og patron inkluderet<\/li>\n<\/ul>\n<p>&nbsp;<\/p>","protected":false},"featured_media":3583,"comment_status":"open","ping_status":"closed","template":"","meta":[],"product_brand":[],"product_cat":[69],"product_tag":[1263,1903,1928,1929,1930,1272,1916,1917,542,1919,539,513,1909,1286,1287,1911,1915,1275,1288,1276,1914,1279,1920,1912,1913,1918,543,1910,1908,1921,1932,1931,1935,1934,1933,1922,1925,1924,1923,1926,1904,1905,1906,1907,1927,1301],"class_list":{"0":"post-3185","1":"product","2":"type-product","3":"status-publish","4":"has-post-thumbnail","6":"product_cat-dmt","7":"product_tag-5-meo-dmt-vape-pen","8":"product_tag-bedste-dmt-vape-pen","9":"product_tag-bestil-dmt-vape-pen","10":"product_tag-bestil-dmt-vape-pen-online","11":"product_tag-bruger-en-dmt-vape-pen-anmeldelser","12":"product_tag-dmt-vape-pen","13":"product_tag-dmt-vape-pen-anmeldelse","14":"product_tag-dmt-vape-pen-anmeldelser","15":"product_tag-dmt-vape-pen-australien","16":"product_tag-dmt-vape-pen-butik-i-naerheden-af-mig","17":"product_tag-dmt-vape-pen-freebase","18":"product_tag-dmt-vape-pen-nexus","19":"product_tag-dmt-vape-pen-og-patroner-til-salg","20":"product_tag-dmt-vape-pen-ohm","21":"product_tag-dmt-vape-pen-online","22":"product_tag-dmt-vape-pen-oplevelse","23":"product_tag-dmt-vape-pen-opskrift","24":"product_tag-dmt-vape-pen-patent","25":"product_tag-dmt-vape-pen-porto","26":"product_tag-dmt-vape-pen-portugal","27":"product_tag-dmt-vape-pen-pris","28":"product_tag-dmt-vape-pen-reddit","29":"product_tag-dmt-vape-pen-spaending","30":"product_tag-dmt-vape-pen-til-salg","31":"product_tag-dmt-vape-pen-til-salg-online","32":"product_tag-dmt-vape-pen-udsalg","33":"product_tag-dmt-vape-pen-vaporizer","34":"product_tag-dmt-vape-pen-varighed","35":"product_tag-engangs-dmt-vape-pen","36":"product_tag-god-dmt-vape-pen","37":"product_tag-hvad-er-dmt-vape-pen","38":"product_tag-hvad-er-en-dmt-vape-pen","39":"product_tag-hvor-kan-jeg-faa-dmt-vape-pen","40":"product_tag-hvor-kan-jeg-faa-en-dmt-vape-pen","41":"product_tag-hvor-kan-jeg-koebe-dmt-vape-pen","42":"product_tag-hvor-meget-koster-en-dmt-vape-pen","43":"product_tag-hvordan-man-bruger-dmt-vape-pen","44":"product_tag-hvordan-man-laver-dmt-vape-pen","45":"product_tag-hvordan-man-laver-en-dmt-vape-pen","46":"product_tag-hvordan-man-skaber-et-gennembrud-med-dmt-vape-pen","47":"product_tag-koeb-dmt-vape-pen","48":"product_tag-koeb-dmt-vape-pen-og-patroner","49":"product_tag-koeb-dmt-vape-pen-og-patroner-online","50":"product_tag-koeb-dmt-vape-pen-online","51":"product_tag-lav-dmt-vape-pen","52":"product_tag-rt-dmt-vape-pen","54":"first","55":"instock","56":"shipping-taxable","57":"purchasable","58":"product-type-simple"},"yoast_head":"<!-- This site is optimized with the Yoast SEO plugin v27.4 - https:\/\/yoast.com\/product\/yoast-seo-wordpress\/ -->\n<title>K\u00f8b DMT-patron og batteri 1 ml online | K\u00f8b LSD online<\/title>\n<meta name=\"description\" content=\"K\u00f8b DMT-patron og batteri 1 ml online. Det er blevet brugt i religi\u00f8se praksisser og ritualer. Det kaldes ogs\u00e5 &quot;\u00e5ndemolekylet&quot; p\u00e5 grund af den intense psykedeliske oplevelse.\" \/>\n<meta name=\"robots\" content=\"index, follow, max-snippet:-1, max-image-preview:large, max-video-preview:-1\" \/>\n<link rel=\"canonical\" href=\"https:\/\/psykedelikalsd.com\/en\/produkt\/koeb-dmt-patron-og-batteri-1-ml-online\/\" \/>\n<meta property=\"og:locale\" content=\"en_US\" \/>\n<meta property=\"og:type\" content=\"article\" \/>\n<meta property=\"og:title\" content=\"K\u00f8b DMT-patron og batteri 1 ml online | K\u00f8b LSD online\" \/>\n<meta property=\"og:description\" content=\"K\u00f8b DMT-patron og batteri 1 ml online. Det er blevet brugt i religi\u00f8se praksisser og ritualer. Det kaldes ogs\u00e5 &quot;\u00e5ndemolekylet&quot; p\u00e5 grund af den intense psykedeliske oplevelse.\" \/>\n<meta property=\"og:url\" content=\"https:\/\/psykedelikalsd.com\/en\/produkt\/koeb-dmt-patron-og-batteri-1-ml-online\/\" \/>\n<meta property=\"og:site_name\" content=\"K\u00f8b LSD online\" \/>\n<meta property=\"article:modified_time\" content=\"2025-08-08T20:12:59+00:00\" \/>\n<meta property=\"og:image\" content=\"https:\/\/psykedelikalsd.com\/wp-content\/uploads\/2022\/02\/nndmt-1ml-1.jpg\" \/>\n\t<meta property=\"og:image:width\" content=\"600\" \/>\n\t<meta property=\"og:image:height\" content=\"600\" \/>\n\t<meta property=\"og:image:type\" content=\"image\/jpeg\" \/>\n<meta name=\"twitter:card\" content=\"summary_large_image\" \/>\n<meta name=\"twitter:label1\" content=\"Est. reading time\" \/>\n\t<meta name=\"twitter:data1\" content=\"2 minutes\" \/>\n<script type=\"application\/ld+json\" class=\"yoast-schema-graph\">{\"@context\":\"https:\\\/\\\/schema.org\",\"@graph\":[{\"@type\":\"WebPage\",\"@id\":\"https:\\\/\\\/psykedelikalsd.com\\\/produkt\\\/koeb-dmt-patron-og-batteri-1-ml-online\\\/\",\"url\":\"https:\\\/\\\/psykedelikalsd.com\\\/produkt\\\/koeb-dmt-patron-og-batteri-1-ml-online\\\/\",\"name\":\"K\u00f8b DMT-patron og batteri 1 ml online | K\u00f8b LSD online\",\"isPartOf\":{\"@id\":\"https:\\\/\\\/psykedelikalsd.com\\\/#website\"},\"primaryImageOfPage\":{\"@id\":\"https:\\\/\\\/psykedelikalsd.com\\\/produkt\\\/koeb-dmt-patron-og-batteri-1-ml-online\\\/#primaryimage\"},\"image\":{\"@id\":\"https:\\\/\\\/psykedelikalsd.com\\\/produkt\\\/koeb-dmt-patron-og-batteri-1-ml-online\\\/#primaryimage\"},\"thumbnailUrl\":\"https:\\\/\\\/psykedelikalsd.com\\\/wp-content\\\/uploads\\\/2022\\\/02\\\/nndmt-1ml-1.jpg\",\"datePublished\":\"2022-02-13T04:41:14+00:00\",\"dateModified\":\"2025-08-08T20:12:59+00:00\",\"description\":\"K\u00f8b DMT-patron og batteri 1 ml online. Det er blevet brugt i religi\u00f8se praksisser og ritualer. Det kaldes ogs\u00e5 \\\"\u00e5ndemolekylet\\\" p\u00e5 grund af den intense psykedeliske oplevelse.\",\"breadcrumb\":{\"@id\":\"https:\\\/\\\/psykedelikalsd.com\\\/produkt\\\/koeb-dmt-patron-og-batteri-1-ml-online\\\/#breadcrumb\"},\"inLanguage\":\"en-US\",\"potentialAction\":[{\"@type\":\"ReadAction\",\"target\":[\"https:\\\/\\\/psykedelikalsd.com\\\/produkt\\\/koeb-dmt-patron-og-batteri-1-ml-online\\\/\"]}]},{\"@type\":\"ImageObject\",\"inLanguage\":\"en-US\",\"@id\":\"https:\\\/\\\/psykedelikalsd.com\\\/produkt\\\/koeb-dmt-patron-og-batteri-1-ml-online\\\/#primaryimage\",\"url\":\"https:\\\/\\\/psykedelikalsd.com\\\/wp-content\\\/uploads\\\/2022\\\/02\\\/nndmt-1ml-1.jpg\",\"contentUrl\":\"https:\\\/\\\/psykedelikalsd.com\\\/wp-content\\\/uploads\\\/2022\\\/02\\\/nndmt-1ml-1.jpg\",\"width\":600,\"height\":600,\"caption\":\"K\u00f8b DMT-patron og batteri 1 ml online\"},{\"@type\":\"BreadcrumbList\",\"@id\":\"https:\\\/\\\/psykedelikalsd.com\\\/produkt\\\/koeb-dmt-patron-og-batteri-1-ml-online\\\/#breadcrumb\",\"itemListElement\":[{\"@type\":\"ListItem\",\"position\":1,\"name\":\"Home\",\"item\":\"https:\\\/\\\/psykedelikalsd.com\\\/\"},{\"@type\":\"ListItem\",\"position\":2,\"name\":\"Butik\",\"item\":\"https:\\\/\\\/psykedelikalsd.com\\\/shop\\\/\"},{\"@type\":\"ListItem\",\"position\":3,\"name\":\"K\u00f8b DMT-patron og batteri 1 ml online\"}]},{\"@type\":\"WebSite\",\"@id\":\"https:\\\/\\\/psykedelikalsd.com\\\/#website\",\"url\":\"https:\\\/\\\/psykedelikalsd.com\\\/\",\"name\":\"K\u00f8b LSD-stof online\",\"description\":\"Bedste sted at k\u00f8be LSD-stoffer online | Bestil DMT-stoffer online\",\"publisher\":{\"@id\":\"https:\\\/\\\/psykedelikalsd.com\\\/#organization\"},\"potentialAction\":[{\"@type\":\"SearchAction\",\"target\":{\"@type\":\"EntryPoint\",\"urlTemplate\":\"https:\\\/\\\/psykedelikalsd.com\\\/?s={search_term_string}\"},\"query-input\":{\"@type\":\"PropertyValueSpecification\",\"valueRequired\":true,\"valueName\":\"search_term_string\"}}],\"inLanguage\":\"en-US\"},{\"@type\":\"Organization\",\"@id\":\"https:\\\/\\\/psykedelikalsd.com\\\/#organization\",\"name\":\"LSD-forhandler\",\"url\":\"https:\\\/\\\/psykedelikalsd.com\\\/\",\"logo\":{\"@type\":\"ImageObject\",\"inLanguage\":\"en-US\",\"@id\":\"https:\\\/\\\/psykedelikalsd.com\\\/#\\\/schema\\\/logo\\\/image\\\/\",\"url\":\"https:\\\/\\\/psykedelikalsd.com\\\/wp-content\\\/uploads\\\/2022\\\/02\\\/cropped-psychedelic-logo.png\",\"contentUrl\":\"https:\\\/\\\/psykedelikalsd.com\\\/wp-content\\\/uploads\\\/2022\\\/02\\\/cropped-psychedelic-logo.png\",\"width\":512,\"height\":512,\"caption\":\"LSD-forhandler\"},\"image\":{\"@id\":\"https:\\\/\\\/psykedelikalsd.com\\\/#\\\/schema\\\/logo\\\/image\\\/\"}}]}<\/script>\n<!-- \/ Yoast SEO plugin. -->","yoast_head_json":{"title":"K\u00f8b DMT-patron og batteri 1 ml online | K\u00f8b LSD online","description":"K\u00f8b DMT-patron og batteri 1 ml online. Det er blevet brugt i religi\u00f8se praksisser og ritualer. Det kaldes ogs\u00e5 \"\u00e5ndemolekylet\" p\u00e5 grund af den intense psykedeliske oplevelse.","robots":{"index":"index","follow":"follow","max-snippet":"max-snippet:-1","max-image-preview":"max-image-preview:large","max-video-preview":"max-video-preview:-1"},"canonical":"https:\/\/psykedelikalsd.com\/en\/produkt\/koeb-dmt-patron-og-batteri-1-ml-online\/","og_locale":"en_US","og_type":"article","og_title":"K\u00f8b DMT-patron og batteri 1 ml online | K\u00f8b LSD online","og_description":"K\u00f8b DMT-patron og batteri 1 ml online. Det er blevet brugt i religi\u00f8se praksisser og ritualer. Det kaldes ogs\u00e5 \"\u00e5ndemolekylet\" p\u00e5 grund af den intense psykedeliske oplevelse.","og_url":"https:\/\/psykedelikalsd.com\/en\/produkt\/koeb-dmt-patron-og-batteri-1-ml-online\/","og_site_name":"K\u00f8b LSD online","article_modified_time":"2025-08-08T20:12:59+00:00","og_image":[{"width":600,"height":600,"url":"https:\/\/psykedelikalsd.com\/wp-content\/uploads\/2022\/02\/nndmt-1ml-1.jpg","type":"image\/jpeg"}],"twitter_card":"summary_large_image","twitter_misc":{"Est. reading time":"2 minutes"},"schema":{"@context":"https:\/\/schema.org","@graph":[{"@type":"WebPage","@id":"https:\/\/psykedelikalsd.com\/produkt\/koeb-dmt-patron-og-batteri-1-ml-online\/","url":"https:\/\/psykedelikalsd.com\/produkt\/koeb-dmt-patron-og-batteri-1-ml-online\/","name":"K\u00f8b DMT-patron og batteri 1 ml online | K\u00f8b LSD online","isPartOf":{"@id":"https:\/\/psykedelikalsd.com\/#website"},"primaryImageOfPage":{"@id":"https:\/\/psykedelikalsd.com\/produkt\/koeb-dmt-patron-og-batteri-1-ml-online\/#primaryimage"},"image":{"@id":"https:\/\/psykedelikalsd.com\/produkt\/koeb-dmt-patron-og-batteri-1-ml-online\/#primaryimage"},"thumbnailUrl":"https:\/\/psykedelikalsd.com\/wp-content\/uploads\/2022\/02\/nndmt-1ml-1.jpg","datePublished":"2022-02-13T04:41:14+00:00","dateModified":"2025-08-08T20:12:59+00:00","description":"K\u00f8b DMT-patron og batteri 1 ml online. Det er blevet brugt i religi\u00f8se praksisser og ritualer. Det kaldes ogs\u00e5 \"\u00e5ndemolekylet\" p\u00e5 grund af den intense psykedeliske oplevelse.","breadcrumb":{"@id":"https:\/\/psykedelikalsd.com\/produkt\/koeb-dmt-patron-og-batteri-1-ml-online\/#breadcrumb"},"inLanguage":"en-US","potentialAction":[{"@type":"ReadAction","target":["https:\/\/psykedelikalsd.com\/produkt\/koeb-dmt-patron-og-batteri-1-ml-online\/"]}]},{"@type":"ImageObject","inLanguage":"en-US","@id":"https:\/\/psykedelikalsd.com\/produkt\/koeb-dmt-patron-og-batteri-1-ml-online\/#primaryimage","url":"https:\/\/psykedelikalsd.com\/wp-content\/uploads\/2022\/02\/nndmt-1ml-1.jpg","contentUrl":"https:\/\/psykedelikalsd.com\/wp-content\/uploads\/2022\/02\/nndmt-1ml-1.jpg","width":600,"height":600,"caption":"K\u00f8b DMT-patron og batteri 1 ml online"},{"@type":"BreadcrumbList","@id":"https:\/\/psykedelikalsd.com\/produkt\/koeb-dmt-patron-og-batteri-1-ml-online\/#breadcrumb","itemListElement":[{"@type":"ListItem","position":1,"name":"Home","item":"https:\/\/psykedelikalsd.com\/"},{"@type":"ListItem","position":2,"name":"Butik","item":"https:\/\/psykedelikalsd.com\/shop\/"},{"@type":"ListItem","position":3,"name":"K\u00f8b DMT-patron og batteri 1 ml online"}]},{"@type":"WebSite","@id":"https:\/\/psykedelikalsd.com\/#website","url":"https:\/\/psykedelikalsd.com\/","name":"K\u00f8b LSD-stof online","description":"Bedste sted at k\u00f8be LSD-stoffer online | Bestil DMT-stoffer online","publisher":{"@id":"https:\/\/psykedelikalsd.com\/#organization"},"potentialAction":[{"@type":"SearchAction","target":{"@type":"EntryPoint","urlTemplate":"https:\/\/psykedelikalsd.com\/?s={search_term_string}"},"query-input":{"@type":"PropertyValueSpecification","valueRequired":true,"valueName":"search_term_string"}}],"inLanguage":"en-US"},{"@type":"Organization","@id":"https:\/\/psykedelikalsd.com\/#organization","name":"LSD-forhandler","url":"https:\/\/psykedelikalsd.com\/","logo":{"@type":"ImageObject","inLanguage":"en-US","@id":"https:\/\/psykedelikalsd.com\/#\/schema\/logo\/image\/","url":"https:\/\/psykedelikalsd.com\/wp-content\/uploads\/2022\/02\/cropped-psychedelic-logo.png","contentUrl":"https:\/\/psykedelikalsd.com\/wp-content\/uploads\/2022\/02\/cropped-psychedelic-logo.png","width":512,"height":512,"caption":"LSD-forhandler"},"image":{"@id":"https:\/\/psykedelikalsd.com\/#\/schema\/logo\/image\/"}}]}},"_links":{"self":[{"href":"https:\/\/psykedelikalsd.com\/en\/wp-json\/wp\/v2\/product\/3185","targetHints":{"allow":["GET"]}}],"collection":[{"href":"https:\/\/psykedelikalsd.com\/en\/wp-json\/wp\/v2\/product"}],"about":[{"href":"https:\/\/psykedelikalsd.com\/en\/wp-json\/wp\/v2\/types\/product"}],"replies":[{"embeddable":true,"href":"https:\/\/psykedelikalsd.com\/en\/wp-json\/wp\/v2\/comments?post=3185"}],"wp:featuredmedia":[{"embeddable":true,"href":"https:\/\/psykedelikalsd.com\/en\/wp-json\/wp\/v2\/media\/3583"}],"wp:attachment":[{"href":"https:\/\/psykedelikalsd.com\/en\/wp-json\/wp\/v2\/media?parent=3185"}],"wp:term":[{"taxonomy":"product_brand","embeddable":true,"href":"https:\/\/psykedelikalsd.com\/en\/wp-json\/wp\/v2\/product_brand?post=3185"},{"taxonomy":"product_cat","embeddable":true,"href":"https:\/\/psykedelikalsd.com\/en\/wp-json\/wp\/v2\/product_cat?post=3185"},{"taxonomy":"product_tag","embeddable":true,"href":"https:\/\/psykedelikalsd.com\/en\/wp-json\/wp\/v2\/product_tag?post=3185"}],"curies":[{"name":"wp","href":"https:\/\/api.w.org\/{rel}","templated":true}]}}