{"id":3192,"date":"2022-02-13T04:45:15","date_gmt":"2022-02-13T04:45:15","guid":{"rendered":"https:\/\/psykedelikalsd.com\/?post_type=product&#038;p=3192"},"modified":"2025-08-08T16:52:42","modified_gmt":"2025-08-08T16:52:42","slug":"koeb-nn-dmt-online","status":"publish","type":"product","link":"https:\/\/psykedelikalsd.com\/en\/produkt\/koeb-nn-dmt-online\/","title":{"rendered":"K\u00f8b N,N DMT online"},"content":{"rendered":"<h2 style=\"text-align: center;\">NN DMT | DMT TIL SALG<\/h2>\n<p>K\u00f8b N,N DMT online. N,N-dimethyltryptamin (DMT eller N,N-DMT) er en kemisk forbindelse, der findes i mange planter og dyr, og som b\u00e5de er et derivat og en strukturel analog af tryptamin. Det kan indtages som et psykedelisk stof og er historisk set blevet produceret af forskellige kulturer til rituelle form\u00e5l som et entheogen.<\/p>\n<h2 style=\"text-align: center;\">K\u00f8b N,N DMT online \u2013 K\u00d8B DIMETHYLTRYPTAMIN<\/h2>\n<p>Den psykedeliske t\u00e6rskelv\u00e6rdi for DMT er cirka 0,2 mg\/kg. N\u00e5r det ryges, er det et meget hurtigtvirkende stof med en maksimal subjektiv oplevelse, der opst\u00e5r cirka 2 minutter efter indtagelse og helt aftager inden for 15 til 20 minutter. Taget som en ayahuasca-infusion kan virkningerne tage op til en time at indtr\u00e6ffe og kan vare i flere timer. K\u00f8b N,N DMT online<\/p>\n<p>Mimosa tenuiflora rod, mimosa, pulver til salg, mimosa hostilis, mimosa hostilis rodbarkpulver USA, mimosa hostilis rodbarkleverand\u00f8r USA, hvordan man laver DMT. Jeg, USA s\u00e6lger af mimosa hostilis rodbark, mimosa hostilis indre rodbark, mimosa hostilis rodbark, hostilis, mimosa hostilis, k\u00f8b mimosa hostilis, mimosa hostilis, derefter mimosa hostilis rodbark i n\u00e6rheden af mig. K\u00d8B <a href=\"https:\/\/psykedelikalsd.com\/en\/produkt\/koeb-2-c-b-online\/\">2 C-B<\/a> ONLINE.<\/p>\n<p>Vi tilbyder de bedste <a href=\"https:\/\/comprelsdon-line.com\/\">DMT<\/a>-produkter p\u00e5 markedet. Vi s\u00f8rger ogs\u00e5 for, at du f\u00e5r det, du bestiller. Bestil i dag, og vi vil v\u00e6re til din tjeneste. Dette er ogs\u00e5 et f\u00e6llesskab for hjernevridende sind. Vi taler engelsk og svensk. Vi st\u00e5r til din tjeneste. Bestil nu. Vores virksomhed har mere end 30 agenter klar til at betjene dine behov. Bestil nu!<\/p>","protected":false},"excerpt":{"rendered":"<p>N,N-dimethyltryptamin (DMT eller N,N-DMT) er et kemisk stof, der findes i mange planter og dyr, og som b\u00e5de er et derivat og en strukturel analog af tryptamin. Det kan indtages som et psykedelisk stof og er historisk set blevet produceret af forskellige kulturer til rituelle form\u00e5l som et entheogen.<\/p>","protected":false},"featured_media":3196,"comment_status":"open","ping_status":"closed","template":"","meta":[],"product_brand":[],"product_cat":[69],"product_tag":[1889,125,1891,127,128,129,130,131,132,133,134,1897,1892,1893,1799,1894,1895,1896,1890,496,497,503,1898,1900,1901,1902,498,1899,501],"class_list":{"0":"post-3192","1":"product","2":"type-product","3":"status-publish","4":"has-post-thumbnail","6":"product_cat-dmt","7":"product_tag-5-meo-dmt-versus-i-n","8":"product_tag-chaga-dmt","9":"product_tag-chaga-svampe-dmt-chaga-laver-dmt","10":"product_tag-changa","11":"product_tag-changa-dmt","12":"product_tag-changa-vs-dm","13":"product_tag-dmt-changa","14":"product_tag-dmt-nexus","15":"product_tag-dmt-nexus-changa","16":"product_tag-dmt-trip","17":"product_tag-dmtnexus","18":"product_tag-hvordan-man-damper-n","19":"product_tag-hvordan-man-laver-changa-dmt","20":"product_tag-hvordan-man-laver-changa-fra-dmt","21":"product_tag-hvordan-man-laver-dmt","22":"product_tag-hvordan-man-laver-dmt-changa","23":"product_tag-hvordan-man-ryger-dmt-changa","24":"product_tag-hvordan-man-skelner-5-meo-dmt-fra-n","25":"product_tag-koeb-n","26":"product_tag-n","27":"product_tag-n-dmt","28":"product_tag-n-dmt-doser","29":"product_tag-n-dmt-dosis","30":"product_tag-n-dmt-freebase-vs-fumarat","31":"product_tag-n-dmt-markedsvaerdi","32":"product_tag-n-dmt-molekylaer-struktur","33":"product_tag-n-dmt-regeant","34":"product_tag-n-dmt-til-salg","35":"product_tag-n-dmt-v-5-meo","37":"first","38":"instock","39":"shipping-taxable","40":"purchasable","41":"product-type-variable"},"yoast_head":"<!-- This site is optimized with the Yoast SEO plugin v27.4 - https:\/\/yoast.com\/product\/yoast-seo-wordpress\/ -->\n<title>K\u00f8b N,N DMT online | K\u00f8b LSD online<\/title>\n<meta name=\"description\" content=\"K\u00f8b N,N DMT online. N,N-dimethyltryptamin (DMT eller N,N-DMT) er en kemisk forbindelse, der findes i mange planter og dyr\" \/>\n<meta name=\"robots\" content=\"index, follow, max-snippet:-1, max-image-preview:large, max-video-preview:-1\" \/>\n<link rel=\"canonical\" href=\"https:\/\/psykedelikalsd.com\/en\/produkt\/koeb-nn-dmt-online\/\" \/>\n<meta property=\"og:locale\" content=\"en_US\" \/>\n<meta property=\"og:type\" content=\"article\" \/>\n<meta property=\"og:title\" content=\"K\u00f8b N,N DMT online | K\u00f8b LSD online\" \/>\n<meta property=\"og:description\" content=\"K\u00f8b N,N DMT online. N,N-dimethyltryptamin (DMT eller N,N-DMT) er en kemisk forbindelse, der findes i mange planter og dyr\" \/>\n<meta property=\"og:url\" content=\"https:\/\/psykedelikalsd.com\/en\/produkt\/koeb-nn-dmt-online\/\" \/>\n<meta property=\"og:site_name\" content=\"K\u00f8b LSD online\" \/>\n<meta property=\"article:modified_time\" content=\"2025-08-08T16:52:42+00:00\" \/>\n<meta property=\"og:image\" content=\"https:\/\/psykedelikalsd.com\/wp-content\/uploads\/2022\/02\/aa.jpg\" \/>\n\t<meta property=\"og:image:width\" content=\"259\" \/>\n\t<meta property=\"og:image:height\" content=\"194\" \/>\n\t<meta property=\"og:image:type\" content=\"image\/jpeg\" \/>\n<meta name=\"twitter:card\" content=\"summary_large_image\" \/>\n<meta name=\"twitter:label1\" content=\"Est. reading time\" \/>\n\t<meta name=\"twitter:data1\" content=\"2 minutes\" \/>\n<script type=\"application\/ld+json\" class=\"yoast-schema-graph\">{\"@context\":\"https:\\\/\\\/schema.org\",\"@graph\":[{\"@type\":\"WebPage\",\"@id\":\"https:\\\/\\\/psykedelikalsd.com\\\/produkt\\\/koeb-nn-dmt-online\\\/\",\"url\":\"https:\\\/\\\/psykedelikalsd.com\\\/produkt\\\/koeb-nn-dmt-online\\\/\",\"name\":\"K\u00f8b N,N DMT online | K\u00f8b LSD online\",\"isPartOf\":{\"@id\":\"https:\\\/\\\/psykedelikalsd.com\\\/#website\"},\"primaryImageOfPage\":{\"@id\":\"https:\\\/\\\/psykedelikalsd.com\\\/produkt\\\/koeb-nn-dmt-online\\\/#primaryimage\"},\"image\":{\"@id\":\"https:\\\/\\\/psykedelikalsd.com\\\/produkt\\\/koeb-nn-dmt-online\\\/#primaryimage\"},\"thumbnailUrl\":\"https:\\\/\\\/psykedelikalsd.com\\\/wp-content\\\/uploads\\\/2022\\\/02\\\/aa.jpg\",\"datePublished\":\"2022-02-13T04:45:15+00:00\",\"dateModified\":\"2025-08-08T16:52:42+00:00\",\"description\":\"K\u00f8b N,N DMT online. N,N-dimethyltryptamin (DMT eller N,N-DMT) er en kemisk forbindelse, der findes i mange planter og dyr\",\"breadcrumb\":{\"@id\":\"https:\\\/\\\/psykedelikalsd.com\\\/produkt\\\/koeb-nn-dmt-online\\\/#breadcrumb\"},\"inLanguage\":\"en-US\",\"potentialAction\":[{\"@type\":\"ReadAction\",\"target\":[\"https:\\\/\\\/psykedelikalsd.com\\\/produkt\\\/koeb-nn-dmt-online\\\/\"]}]},{\"@type\":\"ImageObject\",\"inLanguage\":\"en-US\",\"@id\":\"https:\\\/\\\/psykedelikalsd.com\\\/produkt\\\/koeb-nn-dmt-online\\\/#primaryimage\",\"url\":\"https:\\\/\\\/psykedelikalsd.com\\\/wp-content\\\/uploads\\\/2022\\\/02\\\/aa.jpg\",\"contentUrl\":\"https:\\\/\\\/psykedelikalsd.com\\\/wp-content\\\/uploads\\\/2022\\\/02\\\/aa.jpg\",\"width\":259,\"height\":194,\"caption\":\"K\u00f8b N,N DMT online\"},{\"@type\":\"BreadcrumbList\",\"@id\":\"https:\\\/\\\/psykedelikalsd.com\\\/produkt\\\/koeb-nn-dmt-online\\\/#breadcrumb\",\"itemListElement\":[{\"@type\":\"ListItem\",\"position\":1,\"name\":\"Home\",\"item\":\"https:\\\/\\\/psykedelikalsd.com\\\/\"},{\"@type\":\"ListItem\",\"position\":2,\"name\":\"Butik\",\"item\":\"https:\\\/\\\/psykedelikalsd.com\\\/shop\\\/\"},{\"@type\":\"ListItem\",\"position\":3,\"name\":\"K\u00f8b N,N DMT online\"}]},{\"@type\":\"WebSite\",\"@id\":\"https:\\\/\\\/psykedelikalsd.com\\\/#website\",\"url\":\"https:\\\/\\\/psykedelikalsd.com\\\/\",\"name\":\"K\u00f8b LSD-stof online\",\"description\":\"Bedste sted at k\u00f8be LSD-stoffer online | Bestil DMT-stoffer online\",\"publisher\":{\"@id\":\"https:\\\/\\\/psykedelikalsd.com\\\/#organization\"},\"potentialAction\":[{\"@type\":\"SearchAction\",\"target\":{\"@type\":\"EntryPoint\",\"urlTemplate\":\"https:\\\/\\\/psykedelikalsd.com\\\/?s={search_term_string}\"},\"query-input\":{\"@type\":\"PropertyValueSpecification\",\"valueRequired\":true,\"valueName\":\"search_term_string\"}}],\"inLanguage\":\"en-US\"},{\"@type\":\"Organization\",\"@id\":\"https:\\\/\\\/psykedelikalsd.com\\\/#organization\",\"name\":\"LSD-forhandler\",\"url\":\"https:\\\/\\\/psykedelikalsd.com\\\/\",\"logo\":{\"@type\":\"ImageObject\",\"inLanguage\":\"en-US\",\"@id\":\"https:\\\/\\\/psykedelikalsd.com\\\/#\\\/schema\\\/logo\\\/image\\\/\",\"url\":\"https:\\\/\\\/psykedelikalsd.com\\\/wp-content\\\/uploads\\\/2022\\\/02\\\/cropped-psychedelic-logo.png\",\"contentUrl\":\"https:\\\/\\\/psykedelikalsd.com\\\/wp-content\\\/uploads\\\/2022\\\/02\\\/cropped-psychedelic-logo.png\",\"width\":512,\"height\":512,\"caption\":\"LSD-forhandler\"},\"image\":{\"@id\":\"https:\\\/\\\/psykedelikalsd.com\\\/#\\\/schema\\\/logo\\\/image\\\/\"}}]}<\/script>\n<!-- \/ Yoast SEO plugin. -->","yoast_head_json":{"title":"K\u00f8b N,N DMT online | K\u00f8b LSD online","description":"K\u00f8b N,N DMT online. N,N-dimethyltryptamin (DMT eller N,N-DMT) er en kemisk forbindelse, der findes i mange planter og dyr","robots":{"index":"index","follow":"follow","max-snippet":"max-snippet:-1","max-image-preview":"max-image-preview:large","max-video-preview":"max-video-preview:-1"},"canonical":"https:\/\/psykedelikalsd.com\/en\/produkt\/koeb-nn-dmt-online\/","og_locale":"en_US","og_type":"article","og_title":"K\u00f8b N,N DMT online | K\u00f8b LSD online","og_description":"K\u00f8b N,N DMT online. N,N-dimethyltryptamin (DMT eller N,N-DMT) er en kemisk forbindelse, der findes i mange planter og dyr","og_url":"https:\/\/psykedelikalsd.com\/en\/produkt\/koeb-nn-dmt-online\/","og_site_name":"K\u00f8b LSD online","article_modified_time":"2025-08-08T16:52:42+00:00","og_image":[{"width":259,"height":194,"url":"https:\/\/psykedelikalsd.com\/wp-content\/uploads\/2022\/02\/aa.jpg","type":"image\/jpeg"}],"twitter_card":"summary_large_image","twitter_misc":{"Est. reading time":"2 minutes"},"schema":{"@context":"https:\/\/schema.org","@graph":[{"@type":"WebPage","@id":"https:\/\/psykedelikalsd.com\/produkt\/koeb-nn-dmt-online\/","url":"https:\/\/psykedelikalsd.com\/produkt\/koeb-nn-dmt-online\/","name":"K\u00f8b N,N DMT online | K\u00f8b LSD online","isPartOf":{"@id":"https:\/\/psykedelikalsd.com\/#website"},"primaryImageOfPage":{"@id":"https:\/\/psykedelikalsd.com\/produkt\/koeb-nn-dmt-online\/#primaryimage"},"image":{"@id":"https:\/\/psykedelikalsd.com\/produkt\/koeb-nn-dmt-online\/#primaryimage"},"thumbnailUrl":"https:\/\/psykedelikalsd.com\/wp-content\/uploads\/2022\/02\/aa.jpg","datePublished":"2022-02-13T04:45:15+00:00","dateModified":"2025-08-08T16:52:42+00:00","description":"K\u00f8b N,N DMT online. N,N-dimethyltryptamin (DMT eller N,N-DMT) er en kemisk forbindelse, der findes i mange planter og dyr","breadcrumb":{"@id":"https:\/\/psykedelikalsd.com\/produkt\/koeb-nn-dmt-online\/#breadcrumb"},"inLanguage":"en-US","potentialAction":[{"@type":"ReadAction","target":["https:\/\/psykedelikalsd.com\/produkt\/koeb-nn-dmt-online\/"]}]},{"@type":"ImageObject","inLanguage":"en-US","@id":"https:\/\/psykedelikalsd.com\/produkt\/koeb-nn-dmt-online\/#primaryimage","url":"https:\/\/psykedelikalsd.com\/wp-content\/uploads\/2022\/02\/aa.jpg","contentUrl":"https:\/\/psykedelikalsd.com\/wp-content\/uploads\/2022\/02\/aa.jpg","width":259,"height":194,"caption":"K\u00f8b N,N DMT online"},{"@type":"BreadcrumbList","@id":"https:\/\/psykedelikalsd.com\/produkt\/koeb-nn-dmt-online\/#breadcrumb","itemListElement":[{"@type":"ListItem","position":1,"name":"Home","item":"https:\/\/psykedelikalsd.com\/"},{"@type":"ListItem","position":2,"name":"Butik","item":"https:\/\/psykedelikalsd.com\/shop\/"},{"@type":"ListItem","position":3,"name":"K\u00f8b N,N DMT online"}]},{"@type":"WebSite","@id":"https:\/\/psykedelikalsd.com\/#website","url":"https:\/\/psykedelikalsd.com\/","name":"K\u00f8b LSD-stof online","description":"Bedste sted at k\u00f8be LSD-stoffer online | Bestil DMT-stoffer online","publisher":{"@id":"https:\/\/psykedelikalsd.com\/#organization"},"potentialAction":[{"@type":"SearchAction","target":{"@type":"EntryPoint","urlTemplate":"https:\/\/psykedelikalsd.com\/?s={search_term_string}"},"query-input":{"@type":"PropertyValueSpecification","valueRequired":true,"valueName":"search_term_string"}}],"inLanguage":"en-US"},{"@type":"Organization","@id":"https:\/\/psykedelikalsd.com\/#organization","name":"LSD-forhandler","url":"https:\/\/psykedelikalsd.com\/","logo":{"@type":"ImageObject","inLanguage":"en-US","@id":"https:\/\/psykedelikalsd.com\/#\/schema\/logo\/image\/","url":"https:\/\/psykedelikalsd.com\/wp-content\/uploads\/2022\/02\/cropped-psychedelic-logo.png","contentUrl":"https:\/\/psykedelikalsd.com\/wp-content\/uploads\/2022\/02\/cropped-psychedelic-logo.png","width":512,"height":512,"caption":"LSD-forhandler"},"image":{"@id":"https:\/\/psykedelikalsd.com\/#\/schema\/logo\/image\/"}}]}},"_links":{"self":[{"href":"https:\/\/psykedelikalsd.com\/en\/wp-json\/wp\/v2\/product\/3192","targetHints":{"allow":["GET"]}}],"collection":[{"href":"https:\/\/psykedelikalsd.com\/en\/wp-json\/wp\/v2\/product"}],"about":[{"href":"https:\/\/psykedelikalsd.com\/en\/wp-json\/wp\/v2\/types\/product"}],"replies":[{"embeddable":true,"href":"https:\/\/psykedelikalsd.com\/en\/wp-json\/wp\/v2\/comments?post=3192"}],"wp:featuredmedia":[{"embeddable":true,"href":"https:\/\/psykedelikalsd.com\/en\/wp-json\/wp\/v2\/media\/3196"}],"wp:attachment":[{"href":"https:\/\/psykedelikalsd.com\/en\/wp-json\/wp\/v2\/media?parent=3192"}],"wp:term":[{"taxonomy":"product_brand","embeddable":true,"href":"https:\/\/psykedelikalsd.com\/en\/wp-json\/wp\/v2\/product_brand?post=3192"},{"taxonomy":"product_cat","embeddable":true,"href":"https:\/\/psykedelikalsd.com\/en\/wp-json\/wp\/v2\/product_cat?post=3192"},{"taxonomy":"product_tag","embeddable":true,"href":"https:\/\/psykedelikalsd.com\/en\/wp-json\/wp\/v2\/product_tag?post=3192"}],"curies":[{"name":"wp","href":"https:\/\/api.w.org\/{rel}","templated":true}]}}