{"id":3199,"date":"2022-02-13T04:48:39","date_gmt":"2022-02-13T04:48:39","guid":{"rendered":"https:\/\/psykedelikalsd.com\/?post_type=product&#038;p=3199"},"modified":"2025-08-08T16:17:09","modified_gmt":"2025-08-08T16:17:09","slug":"koeb-2-c-b-online","status":"publish","type":"product","link":"https:\/\/psykedelikalsd.com\/en\/produkt\/koeb-2-c-b-online\/","title":{"rendered":"K\u00d8B 2 C-B ONLINE"},"content":{"rendered":"<h2 style=\"text-align: center;\">K\u00d8B 2 C-B ONLINE<\/h2>\n<p>K\u00d8B 2 C-B ONLINE. 2C-B er et medlem af 2C-familien af psykedelika. Alexander Shulgin var den f\u00f8rste til at syntetisere det i 1974. Doseringsomr\u00e5det er angivet som 12-24 mg i Shulgins bog PiHKAL. 2c-b tilbydes som et hvidt pulver, der undertiden presses til piller eller gelkapsler som et rekreativt stof. Det er ogs\u00e5 kendt under en r\u00e6kke forskellige gadenavne.<\/p>\n<p>Serotonerge hallucinogener (indolaminer, f.eks. psilocybin og <a href=\"https:\/\/comprelsdon-line.com\/\">LSD<\/a>) og phenylethylaminer [f.eks. meskalin og 2,5-dimethoxy-4-iodoamphetamin (DOI)] er generelt opdelt i to typer baseret p\u00e5 deres kemiske struktur eller prim\u00e6re virkningsmekanisme (Vollenweider, 2001; Aarde og Taffe, 2017).<\/p>\n<p>Der er dog for nylig blevet udviklet nye psykoaktive stoffer (NPS) fra b\u00e5de erstatninger og velkendte strukturer.<\/p>\n<h2 style=\"text-align: center;\">BESTIL 2C-B ONLINE<\/h2>\n<p>2C-serien og dens strukturelle analoger, s\u00e5som N-benzylphenethylaminer (NBOM&#8217;er), er eksempler p\u00e5 nye psykedelika (Tracy et al., 2017). 2C-serien, almindeligvis omtalt som 2C-l\u00e6gemidler\/forbindelser, er en klasse af kemikalier, der menes at have psykedeliske og psykostimulerende virkninger. De er alle phenylethylaminderivater med methoxysubstitutioner i 2- og 5-positionerne afledt af de to kulstofmolekyler mellem benzenringen og aminogruppen, og de er alle strukturelt ligner meskalin. Nexus (2C-B, 2,5-dimethoxy-4-bromphenethylamin) er et af de mest kendte l\u00e6gemidler af 2C-typen. Trods dets tidlige ry som et muligt psykoterapimiddel i 1970&#8217;erne og senere som et elskovsmiddel, har det opn\u00e5et et ry som et elskovsmiddel i de senere \u00e5r. K\u00f8b 25I NBOMe online<\/p>\n<h2 style=\"text-align: center;\">HVORDAN VIRKER 2 C-B?<\/h2>\n<p>Det hallucinogene phenylethylamin-derivat 2,5-dimethoxy-4-bromphenethylamin (2C-B) er strukturelt besl\u00e6gtet med meskalin. Det er en partiel agonist ved serotoninreceptorerne 5-hydroxytryptamin-2A (5-HT2A), 5-hydroxytryptamin-2B (5-HT2B) og 5-hydroxytryptamin-2C (5-HT2C) og bruges rekreativt som et nyt psykoaktivt stof. Selvom dets akutte farmakologiske virkninger og farmakokinetik endnu ikke er fuldt unders\u00f8gt hos mennesker, er det rapporteret, at 2C-B producerer beskedne psykedeliske virkninger.<\/p>\n<p>De akutte subjektive og fysiologiske virkninger, s\u00e5vel som farmakokinetikken af 2C-B, unders\u00f8ges i et observationsstudie. En dosis af 2C-B blev selvadministreret af seksten raske, erfarne stofbrugere (10, 15 eller 20 mg). Ved baseline blev vitale tegn (blodtryk og puls) overv\u00e5get (t). Ved baseline, 2-3 og 6 timer, gennemf\u00f8rte hver deltager tre vurderingsskalaer: den visuelle analoge skala (VAS), Addiction Research Center Inventory (ARCI) og Evaluation of the Subjective Effects of Substances with Abuse Potential (VESSPA-SSE). Du kan ogs\u00e5 k\u00f8be <a href=\"https:\/\/psykedelikalsd.com\/produkt\/koeb-25i-nbome-online\/\">25I NBOMe<\/a> online.<\/p>\n","protected":false},"excerpt":{"rendered":"<p>Det hallucinogene phenylethylamin-derivat 2,5-dimethoxy-4-bromphenethylamin (2C-B) er strukturelt besl\u00e6gtet med meskalin. Det er en partiel agonist for serotoninreceptorerne 5-hydroxytryptamin-2A (5-HT2A), 5-hydroxytryptamin-2B (5-HT2B) og 5-hydroxytryptamin-2C (5-HT2C) og bruges rekreativt som et nyt psykoaktivt stof.<\/p>","protected":false},"featured_media":3204,"comment_status":"open","ping_status":"closed","template":"","meta":[],"product_brand":[],"product_cat":[68],"product_tag":[361,350,357,363,366,368,372,371,359,349,356,358,355,360,364,351,365,352,353,374,354,369,373,367,370,143,144,145,74,1888,80,1887,94],"class_list":{"0":"post-3199","1":"product","2":"type-product","3":"status-publish","4":"has-post-thumbnail","6":"product_cat-psykedelika","7":"product_tag-361","8":"product_tag-acid","9":"product_tag-acidart","10":"product_tag-acidtrip","11":"product_tag-art_spotlight","12":"product_tag-ayahuasca","13":"product_tag-dmtart","14":"product_tag-dmtdreams","15":"product_tag-dope","16":"product_tag-hippie","17":"product_tag-lean","18":"product_tag-lsdtabs","19":"product_tag-mdma","20":"product_tag-mdmamazing","21":"product_tag-mdmapills","22":"product_tag-mescalina","23":"product_tag-psicodelico","24":"product_tag-psychedelic","25":"product_tag-psycho","26":"product_tag-psyfi","27":"product_tag-sizzurp","28":"product_tag-staysafe","29":"product_tag-techno","30":"product_tag-tussisabes","31":"product_tag-xocolate7","32":"product_tag-2c-b","33":"product_tag-2c-b-drug","34":"product_tag-2cb","35":"product_tag-dmt","36":"product_tag-fest","37":"product_tag-lsd","38":"product_tag-stoffer","39":"product_tag-trip","41":"first","42":"instock","43":"shipping-taxable","44":"purchasable","45":"product-type-variable"},"yoast_head":"<!-- This site is optimized with the Yoast SEO plugin v27.4 - https:\/\/yoast.com\/product\/yoast-seo-wordpress\/ -->\n<title>K\u00d8B 2 C-B ONLINE | K\u00f8b LSD online<\/title>\n<meta name=\"description\" content=\"K\u00d8B 2 C-B ONLINE. 2C-B er medlem af 2C-familien af psykedelika. Alexander Shulgin var den f\u00f8rste til at syntetisere det i 1974.\" \/>\n<meta name=\"robots\" content=\"index, follow, max-snippet:-1, max-image-preview:large, max-video-preview:-1\" \/>\n<link rel=\"canonical\" href=\"https:\/\/psykedelikalsd.com\/en\/produkt\/koeb-2-c-b-online\/\" \/>\n<meta property=\"og:locale\" content=\"en_US\" \/>\n<meta property=\"og:type\" content=\"article\" \/>\n<meta property=\"og:title\" content=\"K\u00d8B 2 C-B ONLINE | K\u00f8b LSD online\" \/>\n<meta property=\"og:description\" content=\"K\u00d8B 2 C-B ONLINE. 2C-B er medlem af 2C-familien af psykedelika. Alexander Shulgin var den f\u00f8rste til at syntetisere det i 1974.\" \/>\n<meta property=\"og:url\" content=\"https:\/\/psykedelikalsd.com\/en\/produkt\/koeb-2-c-b-online\/\" \/>\n<meta property=\"og:site_name\" content=\"K\u00f8b LSD online\" \/>\n<meta property=\"article:modified_time\" content=\"2025-08-08T16:17:09+00:00\" \/>\n<meta property=\"og:image\" content=\"https:\/\/psykedelikalsd.com\/wp-content\/uploads\/2022\/02\/2cb-scaled-e1590267957883.jpg\" \/>\n\t<meta property=\"og:image:width\" content=\"998\" \/>\n\t<meta property=\"og:image:height\" content=\"1152\" \/>\n\t<meta property=\"og:image:type\" content=\"image\/jpeg\" \/>\n<meta name=\"twitter:card\" content=\"summary_large_image\" \/>\n<meta name=\"twitter:label1\" content=\"Est. reading time\" \/>\n\t<meta name=\"twitter:data1\" content=\"2 minutes\" \/>\n<script type=\"application\/ld+json\" class=\"yoast-schema-graph\">{\"@context\":\"https:\\\/\\\/schema.org\",\"@graph\":[{\"@type\":\"WebPage\",\"@id\":\"https:\\\/\\\/psykedelikalsd.com\\\/produkt\\\/koeb-2-c-b-online\\\/\",\"url\":\"https:\\\/\\\/psykedelikalsd.com\\\/produkt\\\/koeb-2-c-b-online\\\/\",\"name\":\"K\u00d8B 2 C-B ONLINE | K\u00f8b LSD online\",\"isPartOf\":{\"@id\":\"https:\\\/\\\/psykedelikalsd.com\\\/#website\"},\"primaryImageOfPage\":{\"@id\":\"https:\\\/\\\/psykedelikalsd.com\\\/produkt\\\/koeb-2-c-b-online\\\/#primaryimage\"},\"image\":{\"@id\":\"https:\\\/\\\/psykedelikalsd.com\\\/produkt\\\/koeb-2-c-b-online\\\/#primaryimage\"},\"thumbnailUrl\":\"https:\\\/\\\/psykedelikalsd.com\\\/wp-content\\\/uploads\\\/2022\\\/02\\\/2cb-scaled-e1590267957883.jpg\",\"datePublished\":\"2022-02-13T04:48:39+00:00\",\"dateModified\":\"2025-08-08T16:17:09+00:00\",\"description\":\"K\u00d8B 2 C-B ONLINE. 2C-B er medlem af 2C-familien af psykedelika. Alexander Shulgin var den f\u00f8rste til at syntetisere det i 1974.\",\"breadcrumb\":{\"@id\":\"https:\\\/\\\/psykedelikalsd.com\\\/produkt\\\/koeb-2-c-b-online\\\/#breadcrumb\"},\"inLanguage\":\"en-US\",\"potentialAction\":[{\"@type\":\"ReadAction\",\"target\":[\"https:\\\/\\\/psykedelikalsd.com\\\/produkt\\\/koeb-2-c-b-online\\\/\"]}]},{\"@type\":\"ImageObject\",\"inLanguage\":\"en-US\",\"@id\":\"https:\\\/\\\/psykedelikalsd.com\\\/produkt\\\/koeb-2-c-b-online\\\/#primaryimage\",\"url\":\"https:\\\/\\\/psykedelikalsd.com\\\/wp-content\\\/uploads\\\/2022\\\/02\\\/2cb-scaled-e1590267957883.jpg\",\"contentUrl\":\"https:\\\/\\\/psykedelikalsd.com\\\/wp-content\\\/uploads\\\/2022\\\/02\\\/2cb-scaled-e1590267957883.jpg\",\"width\":998,\"height\":1152,\"caption\":\"K\u00d8B 2 C-B ONLINE\"},{\"@type\":\"BreadcrumbList\",\"@id\":\"https:\\\/\\\/psykedelikalsd.com\\\/produkt\\\/koeb-2-c-b-online\\\/#breadcrumb\",\"itemListElement\":[{\"@type\":\"ListItem\",\"position\":1,\"name\":\"Home\",\"item\":\"https:\\\/\\\/psykedelikalsd.com\\\/\"},{\"@type\":\"ListItem\",\"position\":2,\"name\":\"Butik\",\"item\":\"https:\\\/\\\/psykedelikalsd.com\\\/shop\\\/\"},{\"@type\":\"ListItem\",\"position\":3,\"name\":\"K\u00d8B 2 C-B ONLINE\"}]},{\"@type\":\"WebSite\",\"@id\":\"https:\\\/\\\/psykedelikalsd.com\\\/#website\",\"url\":\"https:\\\/\\\/psykedelikalsd.com\\\/\",\"name\":\"K\u00f8b LSD-stof online\",\"description\":\"Bedste sted at k\u00f8be LSD-stoffer online | Bestil DMT-stoffer online\",\"publisher\":{\"@id\":\"https:\\\/\\\/psykedelikalsd.com\\\/#organization\"},\"potentialAction\":[{\"@type\":\"SearchAction\",\"target\":{\"@type\":\"EntryPoint\",\"urlTemplate\":\"https:\\\/\\\/psykedelikalsd.com\\\/?s={search_term_string}\"},\"query-input\":{\"@type\":\"PropertyValueSpecification\",\"valueRequired\":true,\"valueName\":\"search_term_string\"}}],\"inLanguage\":\"en-US\"},{\"@type\":\"Organization\",\"@id\":\"https:\\\/\\\/psykedelikalsd.com\\\/#organization\",\"name\":\"LSD-forhandler\",\"url\":\"https:\\\/\\\/psykedelikalsd.com\\\/\",\"logo\":{\"@type\":\"ImageObject\",\"inLanguage\":\"en-US\",\"@id\":\"https:\\\/\\\/psykedelikalsd.com\\\/#\\\/schema\\\/logo\\\/image\\\/\",\"url\":\"https:\\\/\\\/psykedelikalsd.com\\\/wp-content\\\/uploads\\\/2022\\\/02\\\/cropped-psychedelic-logo.png\",\"contentUrl\":\"https:\\\/\\\/psykedelikalsd.com\\\/wp-content\\\/uploads\\\/2022\\\/02\\\/cropped-psychedelic-logo.png\",\"width\":512,\"height\":512,\"caption\":\"LSD-forhandler\"},\"image\":{\"@id\":\"https:\\\/\\\/psykedelikalsd.com\\\/#\\\/schema\\\/logo\\\/image\\\/\"}}]}<\/script>\n<!-- \/ Yoast SEO plugin. -->","yoast_head_json":{"title":"K\u00d8B 2 C-B ONLINE | K\u00f8b LSD online","description":"K\u00d8B 2 C-B ONLINE. 2C-B er medlem af 2C-familien af psykedelika. Alexander Shulgin var den f\u00f8rste til at syntetisere det i 1974.","robots":{"index":"index","follow":"follow","max-snippet":"max-snippet:-1","max-image-preview":"max-image-preview:large","max-video-preview":"max-video-preview:-1"},"canonical":"https:\/\/psykedelikalsd.com\/en\/produkt\/koeb-2-c-b-online\/","og_locale":"en_US","og_type":"article","og_title":"K\u00d8B 2 C-B ONLINE | K\u00f8b LSD online","og_description":"K\u00d8B 2 C-B ONLINE. 2C-B er medlem af 2C-familien af psykedelika. Alexander Shulgin var den f\u00f8rste til at syntetisere det i 1974.","og_url":"https:\/\/psykedelikalsd.com\/en\/produkt\/koeb-2-c-b-online\/","og_site_name":"K\u00f8b LSD online","article_modified_time":"2025-08-08T16:17:09+00:00","og_image":[{"width":998,"height":1152,"url":"https:\/\/psykedelikalsd.com\/wp-content\/uploads\/2022\/02\/2cb-scaled-e1590267957883.jpg","type":"image\/jpeg"}],"twitter_card":"summary_large_image","twitter_misc":{"Est. reading time":"2 minutes"},"schema":{"@context":"https:\/\/schema.org","@graph":[{"@type":"WebPage","@id":"https:\/\/psykedelikalsd.com\/produkt\/koeb-2-c-b-online\/","url":"https:\/\/psykedelikalsd.com\/produkt\/koeb-2-c-b-online\/","name":"K\u00d8B 2 C-B ONLINE | K\u00f8b LSD online","isPartOf":{"@id":"https:\/\/psykedelikalsd.com\/#website"},"primaryImageOfPage":{"@id":"https:\/\/psykedelikalsd.com\/produkt\/koeb-2-c-b-online\/#primaryimage"},"image":{"@id":"https:\/\/psykedelikalsd.com\/produkt\/koeb-2-c-b-online\/#primaryimage"},"thumbnailUrl":"https:\/\/psykedelikalsd.com\/wp-content\/uploads\/2022\/02\/2cb-scaled-e1590267957883.jpg","datePublished":"2022-02-13T04:48:39+00:00","dateModified":"2025-08-08T16:17:09+00:00","description":"K\u00d8B 2 C-B ONLINE. 2C-B er medlem af 2C-familien af psykedelika. Alexander Shulgin var den f\u00f8rste til at syntetisere det i 1974.","breadcrumb":{"@id":"https:\/\/psykedelikalsd.com\/produkt\/koeb-2-c-b-online\/#breadcrumb"},"inLanguage":"en-US","potentialAction":[{"@type":"ReadAction","target":["https:\/\/psykedelikalsd.com\/produkt\/koeb-2-c-b-online\/"]}]},{"@type":"ImageObject","inLanguage":"en-US","@id":"https:\/\/psykedelikalsd.com\/produkt\/koeb-2-c-b-online\/#primaryimage","url":"https:\/\/psykedelikalsd.com\/wp-content\/uploads\/2022\/02\/2cb-scaled-e1590267957883.jpg","contentUrl":"https:\/\/psykedelikalsd.com\/wp-content\/uploads\/2022\/02\/2cb-scaled-e1590267957883.jpg","width":998,"height":1152,"caption":"K\u00d8B 2 C-B ONLINE"},{"@type":"BreadcrumbList","@id":"https:\/\/psykedelikalsd.com\/produkt\/koeb-2-c-b-online\/#breadcrumb","itemListElement":[{"@type":"ListItem","position":1,"name":"Home","item":"https:\/\/psykedelikalsd.com\/"},{"@type":"ListItem","position":2,"name":"Butik","item":"https:\/\/psykedelikalsd.com\/shop\/"},{"@type":"ListItem","position":3,"name":"K\u00d8B 2 C-B ONLINE"}]},{"@type":"WebSite","@id":"https:\/\/psykedelikalsd.com\/#website","url":"https:\/\/psykedelikalsd.com\/","name":"K\u00f8b LSD-stof online","description":"Bedste sted at k\u00f8be LSD-stoffer online | Bestil DMT-stoffer online","publisher":{"@id":"https:\/\/psykedelikalsd.com\/#organization"},"potentialAction":[{"@type":"SearchAction","target":{"@type":"EntryPoint","urlTemplate":"https:\/\/psykedelikalsd.com\/?s={search_term_string}"},"query-input":{"@type":"PropertyValueSpecification","valueRequired":true,"valueName":"search_term_string"}}],"inLanguage":"en-US"},{"@type":"Organization","@id":"https:\/\/psykedelikalsd.com\/#organization","name":"LSD-forhandler","url":"https:\/\/psykedelikalsd.com\/","logo":{"@type":"ImageObject","inLanguage":"en-US","@id":"https:\/\/psykedelikalsd.com\/#\/schema\/logo\/image\/","url":"https:\/\/psykedelikalsd.com\/wp-content\/uploads\/2022\/02\/cropped-psychedelic-logo.png","contentUrl":"https:\/\/psykedelikalsd.com\/wp-content\/uploads\/2022\/02\/cropped-psychedelic-logo.png","width":512,"height":512,"caption":"LSD-forhandler"},"image":{"@id":"https:\/\/psykedelikalsd.com\/#\/schema\/logo\/image\/"}}]}},"_links":{"self":[{"href":"https:\/\/psykedelikalsd.com\/en\/wp-json\/wp\/v2\/product\/3199","targetHints":{"allow":["GET"]}}],"collection":[{"href":"https:\/\/psykedelikalsd.com\/en\/wp-json\/wp\/v2\/product"}],"about":[{"href":"https:\/\/psykedelikalsd.com\/en\/wp-json\/wp\/v2\/types\/product"}],"replies":[{"embeddable":true,"href":"https:\/\/psykedelikalsd.com\/en\/wp-json\/wp\/v2\/comments?post=3199"}],"wp:featuredmedia":[{"embeddable":true,"href":"https:\/\/psykedelikalsd.com\/en\/wp-json\/wp\/v2\/media\/3204"}],"wp:attachment":[{"href":"https:\/\/psykedelikalsd.com\/en\/wp-json\/wp\/v2\/media?parent=3199"}],"wp:term":[{"taxonomy":"product_brand","embeddable":true,"href":"https:\/\/psykedelikalsd.com\/en\/wp-json\/wp\/v2\/product_brand?post=3199"},{"taxonomy":"product_cat","embeddable":true,"href":"https:\/\/psykedelikalsd.com\/en\/wp-json\/wp\/v2\/product_cat?post=3199"},{"taxonomy":"product_tag","embeddable":true,"href":"https:\/\/psykedelikalsd.com\/en\/wp-json\/wp\/v2\/product_tag?post=3199"}],"curies":[{"name":"wp","href":"https:\/\/api.w.org\/{rel}","templated":true}]}}