{"id":3205,"date":"2022-02-13T05:18:58","date_gmt":"2022-02-13T05:18:58","guid":{"rendered":"https:\/\/psykedelikalsd.com\/?post_type=product&#038;p=3205"},"modified":"2025-08-08T15:59:02","modified_gmt":"2025-08-08T15:59:02","slug":"koeb-25i-nbome-online","status":"publish","type":"product","link":"https:\/\/psykedelikalsd.com\/en\/produkt\/koeb-25i-nbome-online\/","title":{"rendered":"K\u00f8b 25I NBOMe online"},"content":{"rendered":"<h2 style=\"text-align: center;\">K\u00f8b 25I NBOMe online | K\u00f8b nbome<\/h2>\n<p>K\u00f8b 25I NBOMe online. 25i nbome blotte er en psykedelisk phenethylamin. Det er et potent stof med en lav sikkerhedsratio, s\u00e5 det er lettere at opleve farlige virkninger sammenlignet med LSD eller psilocin.<\/p>\n<p>25i nbome blotter. Fordi det har f\u00e5et en masse negativ medied\u00e6kning og har for\u00e5rsaget adskillige d\u00f8dsfald, har 25i nbome blotter ikke et godt ry. Ikke desto mindre er det generelt sikkert ved normale doser, og nogle mennesker nyder dets virkninger.<\/p>\n<p>N\u00e5r det bruges i st\u00e6rke+ doser, kan det v\u00e6re mere tilb\u00f8jeligt til at for\u00e5rsage forvirring og v\u00e6re overv\u00e6ldende end andre psykedelika. Det kan ogs\u00e5 bidrage til HPPD i en lidt h\u00f8jere grad.<\/p>\n<p>Stoffet blev syntetiseret i begyndelsen af 2000&#8217;erne, men det kom ikke ind p\u00e5 markedet for rekreative stoffer f\u00f8r i 2010.<\/p>\n<p>Det s\u00e6lges normalt p\u00e5 tr\u00e6kpapir, men det er ogs\u00e5 blevet solgt som pulver og v\u00e6ske.<\/p>\n<p>25i nbome blotter, N-bombe; N boom; smiles; 25I; Boom-25; Cimbi-5<\/p>\n<p>Molekylformel: C18H22INO3<\/p>\n<p>Molekylv\u00e6gt: 427,282 g\/mol<\/p>\n<p>IUPAC: 2-(4-iod-2,5-dimethoxyphenyl)-N-[(2-methoxyphenyl)methyl]ethanamin. K\u00f8b 25I NBOMe online<\/p>\n<h3>25I NBOME blotter \u2013 Bomproduktion \u2013 25I<\/h3>\n<p>Hvad ang\u00e5r bevidst indtagelse af h\u00f8je doser, er der en lang historie i nogle subkulturer med &#8220;thumbprinting&#8221;, hvor en person dypper sin tommelfinger i <a href=\"https:\/\/psykedeliskagemenskap.com\/\">25i nbome<\/a> blots af rent LSD-pulver og slikker det rent. Selvom det er vanskeligt at estimere antallet af brugere, der har gjort dette, eller den dosis, de m\u00e5tte have indtaget, er det en almindelig nok adf\u00e6rd til, at den har sit eget navn.<\/p>\n<p>Siden det f\u00f8rste bevidste indtag i 1943 har titusindvis af brugere i USA pr\u00f8vet LSD. Det samlede antal globale brugere er ukendt, men er bestemt mindst hundredvis af millioner. K\u00f8b 25I NBOMe online.<\/p>\n<p>Et af de klareste beviser p\u00e5 manglen p\u00e5 akut toksicitet ved LSD kommer fra den lange og veldokumenterede historie med folk, der b\u00e5de bevidst og utilsigtet indtager massive doser uden negative medicinske h\u00e6ndelser eller d\u00f8dsfald. I 1974 sniffede fire kvinder og fire m\u00e6nd, hvad de troede var kokain, men som faktisk var pulveriseret LSD. P\u00e5 trods af at de ved et uheld indtog tusindvis af doser p\u00e5 \u00e9n gang.<\/p>\n<h3>K\u00f8b kemikalier online i USA og Europa<\/h3>\n<p>For at give dig h\u00f8j kvalitet og konkurrencedygtige priser samarbejder vi med 5 laboratorier fra Indien og Kina. Kun her kan du finde de nyeste lovlige produkter og produkter, som du har ledt efter i lang tid. Bem\u00e6rk venligst, at ikke alle produkter vises p\u00e5 hjemmesiden, kontakt venligst for yderligere information. Vores logistikteam fungerer perfekt, vi har opn\u00e5et hurtig og p\u00e5lidelig levering, nu vil din pakke blive leveret p\u00e5 op til 3 dage. Der findes forskellige syntetiske forskningsmaterialer, der kan k\u00f8bes her, og disse opfylder udelukkende analytikernes specifikke behov. Organisationen er kendt for at levere trov\u00e6rdige og institutionaliserede kemikalier til forskere og har dermed haft kapacitet til at blive velkendt i branchen. K\u00f8b <a href=\"https:\/\/psykedelikalsd.com\/produkt\/koeb-ecstasy-tabletter-online\/\">Ecstasy<\/a>-tabletter online.<\/p>\n<p>&nbsp;<\/p>\n<p>&nbsp;<\/p>\n","protected":false},"excerpt":{"rendered":"<p>25I-NBOMe er en agonist for 5-HT2A, der binder til rotte-5-HT2A og humant 5-HT2A med Ki p\u00e5 0,087 nM og 0,044 nM.<\/p>","protected":false},"featured_media":3212,"comment_status":"open","ping_status":"closed","template":"","meta":[],"product_brand":[],"product_cat":[68],"product_tag":[146,147,148,1859,150,152,1860,1861,155,1867,1868,1869,1870,160,1865,1881,163,1885,1886,1866,1862,1864,1863,1877,1871,168,1873,174,170,171,1874,1872,1769,1875,1876,1878,1879,181,1243,1880,184,1882,1883,187,1884],"class_list":{"0":"post-3205","1":"product","2":"type-product","3":"status-publish","4":"has-post-thumbnail","6":"product_cat-psykedelika","7":"product_tag-25-i","8":"product_tag-251-nbome","9":"product_tag-25i","10":"product_tag-25i-nbome-doed","11":"product_tag-25i-nbome","12":"product_tag-bfly-twitch","13":"product_tag-bombe-urban-ordbog","14":"product_tag-bome-fremstilling","15":"product_tag-bome-s","16":"product_tag-er-lsd-daarligt-for-dig","17":"product_tag-er-lsd-farligt","18":"product_tag-er-lsd-lovligt-i-usa","19":"product_tag-er-n","20":"product_tag-falsk-lsd","21":"product_tag-falsk-syre","22":"product_tag-flot-urban-ordbog","23":"product_tag-hppd-reddit","24":"product_tag-hvad-er-lsd","25":"product_tag-hvad-er-lsd-lavet-af","26":"product_tag-hvor-laenge-forbliver-syre-i-dit-system-reddit","27":"product_tag-kan-man-doe-af-lsd","28":"product_tag-kan-man-overdosere-paa-lsd","29":"product_tag-kan-man-overdosere-paa-syre","30":"product_tag-lav-lsd","31":"product_tag-lovlige-hallucinogener-reddit","32":"product_tag-lsd-25","33":"product_tag-lsd-forbindelse","34":"product_tag-lsd-hallucinationer","35":"product_tag-lsd-kemisk-formel","36":"product_tag-lsd-kemisk-struktur","37":"product_tag-lsd-ligner-hvilket-af-foelgende-stoffer","38":"product_tag-lsd-og-ssri","39":"product_tag-lsd-stof","40":"product_tag-lsd-syntese","41":"product_tag-lsd-visuelle-effekter","42":"product_tag-n-bombe","43":"product_tag-nbombe","44":"product_tag-nbome","45":"product_tag-nbome-login","46":"product_tag-nbome-stof","47":"product_tag-nbomes","48":"product_tag-nitrogenbomber","49":"product_tag-papirbombe","50":"product_tag-r-lsd","51":"product_tag-typer-af-lsd","53":"first","54":"instock","55":"shipping-taxable","56":"purchasable","57":"product-type-variable"},"yoast_head":"<!-- This site is optimized with the Yoast SEO plugin v27.4 - https:\/\/yoast.com\/product\/yoast-seo-wordpress\/ -->\n<title>K\u00f8b 25I NBOMe online | K\u00f8b LSD online<\/title>\n<meta name=\"description\" content=\"K\u00f8b 25I NBOMe online. For at give dig h\u00f8j kvalitet og konkurrencedygtige priser samarbejder vi med 5 laboratorier fra Indien og Kina.\" \/>\n<meta name=\"robots\" content=\"index, follow, max-snippet:-1, max-image-preview:large, max-video-preview:-1\" \/>\n<link rel=\"canonical\" href=\"https:\/\/psykedelikalsd.com\/en\/produkt\/koeb-25i-nbome-online\/\" \/>\n<meta property=\"og:locale\" content=\"en_US\" \/>\n<meta property=\"og:type\" content=\"article\" \/>\n<meta property=\"og:title\" content=\"K\u00f8b 25I NBOMe online | K\u00f8b LSD online\" \/>\n<meta property=\"og:description\" content=\"K\u00f8b 25I NBOMe online. For at give dig h\u00f8j kvalitet og konkurrencedygtige priser samarbejder vi med 5 laboratorier fra Indien og Kina.\" \/>\n<meta property=\"og:url\" content=\"https:\/\/psykedelikalsd.com\/en\/produkt\/koeb-25i-nbome-online\/\" \/>\n<meta property=\"og:site_name\" content=\"K\u00f8b LSD online\" \/>\n<meta property=\"article:modified_time\" content=\"2025-08-08T15:59:02+00:00\" \/>\n<meta property=\"og:image\" content=\"https:\/\/psykedelikalsd.com\/wp-content\/uploads\/2022\/02\/25i-NBOMe.jpeg\" \/>\n\t<meta property=\"og:image:width\" content=\"345\" \/>\n\t<meta property=\"og:image:height\" content=\"220\" \/>\n\t<meta property=\"og:image:type\" content=\"image\/jpeg\" \/>\n<meta name=\"twitter:card\" content=\"summary_large_image\" \/>\n<meta name=\"twitter:label1\" content=\"Est. reading time\" \/>\n\t<meta name=\"twitter:data1\" content=\"2 minutes\" \/>\n<script type=\"application\/ld+json\" class=\"yoast-schema-graph\">{\"@context\":\"https:\\\/\\\/schema.org\",\"@graph\":[{\"@type\":\"WebPage\",\"@id\":\"https:\\\/\\\/psykedelikalsd.com\\\/produkt\\\/koeb-25i-nbome-online\\\/\",\"url\":\"https:\\\/\\\/psykedelikalsd.com\\\/produkt\\\/koeb-25i-nbome-online\\\/\",\"name\":\"K\u00f8b 25I NBOMe online | K\u00f8b LSD online\",\"isPartOf\":{\"@id\":\"https:\\\/\\\/psykedelikalsd.com\\\/#website\"},\"primaryImageOfPage\":{\"@id\":\"https:\\\/\\\/psykedelikalsd.com\\\/produkt\\\/koeb-25i-nbome-online\\\/#primaryimage\"},\"image\":{\"@id\":\"https:\\\/\\\/psykedelikalsd.com\\\/produkt\\\/koeb-25i-nbome-online\\\/#primaryimage\"},\"thumbnailUrl\":\"https:\\\/\\\/psykedelikalsd.com\\\/wp-content\\\/uploads\\\/2022\\\/02\\\/25i-NBOMe.jpeg\",\"datePublished\":\"2022-02-13T05:18:58+00:00\",\"dateModified\":\"2025-08-08T15:59:02+00:00\",\"description\":\"K\u00f8b 25I NBOMe online. For at give dig h\u00f8j kvalitet og konkurrencedygtige priser samarbejder vi med 5 laboratorier fra Indien og Kina.\",\"breadcrumb\":{\"@id\":\"https:\\\/\\\/psykedelikalsd.com\\\/produkt\\\/koeb-25i-nbome-online\\\/#breadcrumb\"},\"inLanguage\":\"en-US\",\"potentialAction\":[{\"@type\":\"ReadAction\",\"target\":[\"https:\\\/\\\/psykedelikalsd.com\\\/produkt\\\/koeb-25i-nbome-online\\\/\"]}]},{\"@type\":\"ImageObject\",\"inLanguage\":\"en-US\",\"@id\":\"https:\\\/\\\/psykedelikalsd.com\\\/produkt\\\/koeb-25i-nbome-online\\\/#primaryimage\",\"url\":\"https:\\\/\\\/psykedelikalsd.com\\\/wp-content\\\/uploads\\\/2022\\\/02\\\/25i-NBOMe.jpeg\",\"contentUrl\":\"https:\\\/\\\/psykedelikalsd.com\\\/wp-content\\\/uploads\\\/2022\\\/02\\\/25i-NBOMe.jpeg\",\"width\":345,\"height\":220,\"caption\":\"K\u00f8b 25I NBOMe online\"},{\"@type\":\"BreadcrumbList\",\"@id\":\"https:\\\/\\\/psykedelikalsd.com\\\/produkt\\\/koeb-25i-nbome-online\\\/#breadcrumb\",\"itemListElement\":[{\"@type\":\"ListItem\",\"position\":1,\"name\":\"Home\",\"item\":\"https:\\\/\\\/psykedelikalsd.com\\\/\"},{\"@type\":\"ListItem\",\"position\":2,\"name\":\"Butik\",\"item\":\"https:\\\/\\\/psykedelikalsd.com\\\/shop\\\/\"},{\"@type\":\"ListItem\",\"position\":3,\"name\":\"K\u00f8b 25I NBOMe online\"}]},{\"@type\":\"WebSite\",\"@id\":\"https:\\\/\\\/psykedelikalsd.com\\\/#website\",\"url\":\"https:\\\/\\\/psykedelikalsd.com\\\/\",\"name\":\"K\u00f8b LSD-stof online\",\"description\":\"Bedste sted at k\u00f8be LSD-stoffer online | Bestil DMT-stoffer online\",\"publisher\":{\"@id\":\"https:\\\/\\\/psykedelikalsd.com\\\/#organization\"},\"potentialAction\":[{\"@type\":\"SearchAction\",\"target\":{\"@type\":\"EntryPoint\",\"urlTemplate\":\"https:\\\/\\\/psykedelikalsd.com\\\/?s={search_term_string}\"},\"query-input\":{\"@type\":\"PropertyValueSpecification\",\"valueRequired\":true,\"valueName\":\"search_term_string\"}}],\"inLanguage\":\"en-US\"},{\"@type\":\"Organization\",\"@id\":\"https:\\\/\\\/psykedelikalsd.com\\\/#organization\",\"name\":\"LSD-forhandler\",\"url\":\"https:\\\/\\\/psykedelikalsd.com\\\/\",\"logo\":{\"@type\":\"ImageObject\",\"inLanguage\":\"en-US\",\"@id\":\"https:\\\/\\\/psykedelikalsd.com\\\/#\\\/schema\\\/logo\\\/image\\\/\",\"url\":\"https:\\\/\\\/psykedelikalsd.com\\\/wp-content\\\/uploads\\\/2022\\\/02\\\/cropped-psychedelic-logo.png\",\"contentUrl\":\"https:\\\/\\\/psykedelikalsd.com\\\/wp-content\\\/uploads\\\/2022\\\/02\\\/cropped-psychedelic-logo.png\",\"width\":512,\"height\":512,\"caption\":\"LSD-forhandler\"},\"image\":{\"@id\":\"https:\\\/\\\/psykedelikalsd.com\\\/#\\\/schema\\\/logo\\\/image\\\/\"}}]}<\/script>\n<!-- \/ Yoast SEO plugin. -->","yoast_head_json":{"title":"K\u00f8b 25I NBOMe online | K\u00f8b LSD online","description":"K\u00f8b 25I NBOMe online. For at give dig h\u00f8j kvalitet og konkurrencedygtige priser samarbejder vi med 5 laboratorier fra Indien og Kina.","robots":{"index":"index","follow":"follow","max-snippet":"max-snippet:-1","max-image-preview":"max-image-preview:large","max-video-preview":"max-video-preview:-1"},"canonical":"https:\/\/psykedelikalsd.com\/en\/produkt\/koeb-25i-nbome-online\/","og_locale":"en_US","og_type":"article","og_title":"K\u00f8b 25I NBOMe online | K\u00f8b LSD online","og_description":"K\u00f8b 25I NBOMe online. For at give dig h\u00f8j kvalitet og konkurrencedygtige priser samarbejder vi med 5 laboratorier fra Indien og Kina.","og_url":"https:\/\/psykedelikalsd.com\/en\/produkt\/koeb-25i-nbome-online\/","og_site_name":"K\u00f8b LSD online","article_modified_time":"2025-08-08T15:59:02+00:00","og_image":[{"width":345,"height":220,"url":"https:\/\/psykedelikalsd.com\/wp-content\/uploads\/2022\/02\/25i-NBOMe.jpeg","type":"image\/jpeg"}],"twitter_card":"summary_large_image","twitter_misc":{"Est. reading time":"2 minutes"},"schema":{"@context":"https:\/\/schema.org","@graph":[{"@type":"WebPage","@id":"https:\/\/psykedelikalsd.com\/produkt\/koeb-25i-nbome-online\/","url":"https:\/\/psykedelikalsd.com\/produkt\/koeb-25i-nbome-online\/","name":"K\u00f8b 25I NBOMe online | K\u00f8b LSD online","isPartOf":{"@id":"https:\/\/psykedelikalsd.com\/#website"},"primaryImageOfPage":{"@id":"https:\/\/psykedelikalsd.com\/produkt\/koeb-25i-nbome-online\/#primaryimage"},"image":{"@id":"https:\/\/psykedelikalsd.com\/produkt\/koeb-25i-nbome-online\/#primaryimage"},"thumbnailUrl":"https:\/\/psykedelikalsd.com\/wp-content\/uploads\/2022\/02\/25i-NBOMe.jpeg","datePublished":"2022-02-13T05:18:58+00:00","dateModified":"2025-08-08T15:59:02+00:00","description":"K\u00f8b 25I NBOMe online. For at give dig h\u00f8j kvalitet og konkurrencedygtige priser samarbejder vi med 5 laboratorier fra Indien og Kina.","breadcrumb":{"@id":"https:\/\/psykedelikalsd.com\/produkt\/koeb-25i-nbome-online\/#breadcrumb"},"inLanguage":"en-US","potentialAction":[{"@type":"ReadAction","target":["https:\/\/psykedelikalsd.com\/produkt\/koeb-25i-nbome-online\/"]}]},{"@type":"ImageObject","inLanguage":"en-US","@id":"https:\/\/psykedelikalsd.com\/produkt\/koeb-25i-nbome-online\/#primaryimage","url":"https:\/\/psykedelikalsd.com\/wp-content\/uploads\/2022\/02\/25i-NBOMe.jpeg","contentUrl":"https:\/\/psykedelikalsd.com\/wp-content\/uploads\/2022\/02\/25i-NBOMe.jpeg","width":345,"height":220,"caption":"K\u00f8b 25I NBOMe online"},{"@type":"BreadcrumbList","@id":"https:\/\/psykedelikalsd.com\/produkt\/koeb-25i-nbome-online\/#breadcrumb","itemListElement":[{"@type":"ListItem","position":1,"name":"Home","item":"https:\/\/psykedelikalsd.com\/"},{"@type":"ListItem","position":2,"name":"Butik","item":"https:\/\/psykedelikalsd.com\/shop\/"},{"@type":"ListItem","position":3,"name":"K\u00f8b 25I NBOMe online"}]},{"@type":"WebSite","@id":"https:\/\/psykedelikalsd.com\/#website","url":"https:\/\/psykedelikalsd.com\/","name":"K\u00f8b LSD-stof online","description":"Bedste sted at k\u00f8be LSD-stoffer online | Bestil DMT-stoffer online","publisher":{"@id":"https:\/\/psykedelikalsd.com\/#organization"},"potentialAction":[{"@type":"SearchAction","target":{"@type":"EntryPoint","urlTemplate":"https:\/\/psykedelikalsd.com\/?s={search_term_string}"},"query-input":{"@type":"PropertyValueSpecification","valueRequired":true,"valueName":"search_term_string"}}],"inLanguage":"en-US"},{"@type":"Organization","@id":"https:\/\/psykedelikalsd.com\/#organization","name":"LSD-forhandler","url":"https:\/\/psykedelikalsd.com\/","logo":{"@type":"ImageObject","inLanguage":"en-US","@id":"https:\/\/psykedelikalsd.com\/#\/schema\/logo\/image\/","url":"https:\/\/psykedelikalsd.com\/wp-content\/uploads\/2022\/02\/cropped-psychedelic-logo.png","contentUrl":"https:\/\/psykedelikalsd.com\/wp-content\/uploads\/2022\/02\/cropped-psychedelic-logo.png","width":512,"height":512,"caption":"LSD-forhandler"},"image":{"@id":"https:\/\/psykedelikalsd.com\/#\/schema\/logo\/image\/"}}]}},"_links":{"self":[{"href":"https:\/\/psykedelikalsd.com\/en\/wp-json\/wp\/v2\/product\/3205","targetHints":{"allow":["GET"]}}],"collection":[{"href":"https:\/\/psykedelikalsd.com\/en\/wp-json\/wp\/v2\/product"}],"about":[{"href":"https:\/\/psykedelikalsd.com\/en\/wp-json\/wp\/v2\/types\/product"}],"replies":[{"embeddable":true,"href":"https:\/\/psykedelikalsd.com\/en\/wp-json\/wp\/v2\/comments?post=3205"}],"wp:featuredmedia":[{"embeddable":true,"href":"https:\/\/psykedelikalsd.com\/en\/wp-json\/wp\/v2\/media\/3212"}],"wp:attachment":[{"href":"https:\/\/psykedelikalsd.com\/en\/wp-json\/wp\/v2\/media?parent=3205"}],"wp:term":[{"taxonomy":"product_brand","embeddable":true,"href":"https:\/\/psykedelikalsd.com\/en\/wp-json\/wp\/v2\/product_brand?post=3205"},{"taxonomy":"product_cat","embeddable":true,"href":"https:\/\/psykedelikalsd.com\/en\/wp-json\/wp\/v2\/product_cat?post=3205"},{"taxonomy":"product_tag","embeddable":true,"href":"https:\/\/psykedelikalsd.com\/en\/wp-json\/wp\/v2\/product_tag?post=3205"}],"curies":[{"name":"wp","href":"https:\/\/api.w.org\/{rel}","templated":true}]}}