{"id":3225,"date":"2022-02-13T05:37:54","date_gmt":"2022-02-13T05:37:54","guid":{"rendered":"https:\/\/psykedelikalsd.com\/?post_type=product&#038;p=3225"},"modified":"2026-04-11T10:45:48","modified_gmt":"2026-04-11T10:45:48","slug":"koeb-ecstasy-tabletter-online","status":"publish","type":"product","link":"https:\/\/psykedelikalsd.com\/en\/produkt\/koeb-ecstasy-tabletter-online\/","title":{"rendered":"K\u00f8b Ecstasy-tabletter online"},"content":{"rendered":"<h2>K\u00f8b Ecstasy-tabletter online<\/h2>\n<p>K\u00f8b Ecstasy-tabletter online. Ecstasy-tabletter er et af de mest omsatte stoffer online p\u00e5 tv\u00e6rs af en r\u00e6kke platforme. Disse omfatter darknet-markeder samt overfladeweb- og sociale medieplatforme. P\u00e5 trods af dette rapporterede kun et mindretal af EWSD-respondenterne i gennemsnit, at de havde erhvervet stoffet online. Dette varierede dog meget p\u00e5 tv\u00e6rs af lande. Dette synes at blive underst\u00f8ttet af eksisterende unders\u00f8gelser, der viser, at <a href=\"https:\/\/comprelsdon-line.com\/\">MDMA<\/a> prim\u00e6rt k\u00f8bes online af detaildistribut\u00f8rer. Med henblik p\u00e5 videresalg snarere end direkte k\u00f8b af detailkunder.<\/p>\n<p>For nylig er sociale medieplatforme og instant messaging-applikationer dog blevet s\u00e6rligt dynamiske onlinekanaler, hvorigennem ecstasy-tabletter s\u00e6lges til forbrugere. Den voksende udnyttelse af disse platforme er sandsynligvis knyttet til m\u00e5let om at n\u00e5 ud til et bredere publikum. Dette er en udvikling, der kr\u00e6ver n\u00e6rmere overv\u00e5gning.<\/p>\n<p>Vores detailm\u00e6ngder, der s\u00e6lges p\u00e5 vores hjemmeside, sendes med post og pakker fra EU-medlemsstater til forbrugermarkeder i Europa og globalt, og kryptovalutaer bruges til at afvikle disse onlinetransaktioner. Derudover organiseres transaktioner online, is\u00e6r med instant messaging-applikationer, men gennemf\u00f8res ved hj\u00e6lp af personlig afhentning eller &#8216;dead-drop&#8217;-levering.<\/p>\n<h3>Hvordan s\u00e6lges MDMA i Europa?<\/h3>\n<p>MDMA findes oftest p\u00e5 det europ\u00e6iske marked i form af ecstasy-tabletter, relativt rene krystaller eller pulvere (fintmalede krystaller af MDMA, der typisk blandes med andre stoffer). Disse produkter indeholder typisk MDMA-hydrochlorid (se boksformularer af MDMA p\u00e5 det europ\u00e6iske marked).<\/p>\n<p>Siden de dukkede op p\u00e5 det europ\u00e6iske narkotikamarked i 1990&#8217;erne, har ecstasy-tabletter v\u00e6ret den mest almindelige form for MDMA, der blev forbrugt i Europa, men efter en periode, hvor forbrugertilliden til disse produkter var lav omkring midten til slutningen af 2000&#8217;erne, har pulvere\/krystaller vundet en andel af markedet (Gremeaux, 2022; Mounteney et al., 2018).<\/p>\n<p>If\u00f8lge data fra 2021 deler tabletter og pulvere\/krystaller det europ\u00e6iske MDMA-marked ligeligt, med en vis variation mellem landene med hensyn til pr\u00e6ference for enten ecstasy-tabletter eller MDMA-pulvere\/krystaller (se figur 6.1. Fordeling af almindelige MDMA-former p\u00e5 tv\u00e6rs af landene). Selvom data fra den europ\u00e6iske webunders\u00f8gelse om narkotika (EWSD) fra 2021 (1) ikke er repr\u00e6sentative, viste det sig, at tabletter blev brugt af 42 % af de 17.098 respondenter, der havde brugt MDMA inden for de sidste 12 m\u00e5neder, sammenlignet med 24 % for pulver\/krystal. Omkring 33 % af respondenterne rapporterede, at de brugte begge former for stoffet. Du kan ogs\u00e5 k\u00f8be <a href=\"https:\/\/psykedelikalsd.com\/en\/produkt\/koeb-meskalinpulver-online\/\">meskalinpulver<\/a> her.<\/p>","protected":false},"excerpt":{"rendered":"<p>Tabletter, der indeholder mere end 150 milligram MDMA, betragtes som ecstasytabletter med h\u00f8j styrke, givet den dosis MDMA, der kr\u00e6ves for at fremkalde subjektive virkninger hos voksne.<\/p>","protected":false},"featured_media":3229,"comment_status":"open","ping_status":"closed","template":"","meta":[],"product_brand":[],"product_cat":[68],"product_tag":[1837,1838,1839,1840,1841,1858,1845,1843,1844,1846,1847,1851,1848,1849,1850,1842,1852,466,480,1853,1854,472,487,482,477,467,1855,1856,1857],"class_list":{"0":"post-3225","1":"product","2":"type-product","3":"status-publish","4":"has-post-thumbnail","6":"product_cat-psykedelika","7":"product_tag-bedste-sted-at-koebe-ecstacy-online","8":"product_tag-bestil-mdma-piller-online","9":"product_tag-bestil-molly-online-i-sverige","10":"product_tag-emballage-af-mdma-piller","11":"product_tag-gadepris-for-mdma-piller","12":"product_tag-hvad-er-mdma-piller","13":"product_tag-hvor-meget-vejer-mdma-piller-fysisk","14":"product_tag-hvordan-man-koeber-mdma-piller","15":"product_tag-hvordan-man-tester-mdma-piller","16":"product_tag-kan-man-tage-8-10-mdma-piller","17":"product_tag-koeb-ecstacy-piller","18":"product_tag-koeb-mdma-piller","19":"product_tag-koeb-mdma-piller-online","20":"product_tag-koeb-molly-mdma-piller-ren-mdma","21":"product_tag-koeb-molly-online-darknet","22":"product_tag-lave-mdma-piller","23":"product_tag-mdma-og-molly-til-salg","24":"product_tag-mdma-piller","25":"product_tag-mdma-piller-2023","26":"product_tag-mdma-piller-billeder","27":"product_tag-mdma-piller-billeder-sverige","28":"product_tag-mdma-piller-bla","29":"product_tag-mdma-piller-bla-delfin-mdma-piller","30":"product_tag-mdma-piller-online","31":"product_tag-mdma-piller-piller-8-10","32":"product_tag-mdma-piller-sverige","33":"product_tag-mdma-piller-til-salg","34":"product_tag-staerke-mdma-piller","35":"product_tag-staerkeste-mdma-piller","37":"first","38":"instock","39":"shipping-taxable","40":"purchasable","41":"product-type-variable"},"yoast_head":"<!-- This site is optimized with the Yoast SEO plugin v27.4 - https:\/\/yoast.com\/product\/yoast-seo-wordpress\/ -->\n<title>K\u00f8b Ecstasy-tabletter online | K\u00f8b LSD online<\/title>\n<meta name=\"description\" content=\"K\u00f8b Ecstasy-tabletter online. Vores detailm\u00e6ngder, der s\u00e6lges p\u00e5 vores hjemmeside, sendes med post og pakker fra EU-medlemsstater\" \/>\n<meta name=\"robots\" content=\"index, follow, max-snippet:-1, max-image-preview:large, max-video-preview:-1\" \/>\n<link rel=\"canonical\" href=\"https:\/\/psykedelikalsd.com\/en\/produkt\/koeb-ecstasy-tabletter-online\/\" \/>\n<meta property=\"og:locale\" content=\"en_US\" \/>\n<meta property=\"og:type\" content=\"article\" \/>\n<meta property=\"og:title\" content=\"K\u00f8b Ecstasy-tabletter online | K\u00f8b LSD online\" \/>\n<meta property=\"og:description\" content=\"K\u00f8b Ecstasy-tabletter online. Vores detailm\u00e6ngder, der s\u00e6lges p\u00e5 vores hjemmeside, sendes med post og pakker fra EU-medlemsstater\" \/>\n<meta property=\"og:url\" content=\"https:\/\/psykedelikalsd.com\/en\/produkt\/koeb-ecstasy-tabletter-online\/\" \/>\n<meta property=\"og:site_name\" content=\"K\u00f8b LSD online\" \/>\n<meta property=\"article:modified_time\" content=\"2026-04-11T10:45:48+00:00\" \/>\n<meta property=\"og:image\" content=\"https:\/\/psykedelikalsd.com\/wp-content\/uploads\/2022\/02\/Buy-mdma-ecstasy-1.jpg\" \/>\n\t<meta property=\"og:image:width\" content=\"867\" \/>\n\t<meta property=\"og:image:height\" content=\"867\" \/>\n\t<meta property=\"og:image:type\" content=\"image\/jpeg\" \/>\n<meta name=\"twitter:card\" content=\"summary_large_image\" \/>\n<meta name=\"twitter:label1\" content=\"Est. reading time\" \/>\n\t<meta name=\"twitter:data1\" content=\"3 minutes\" \/>\n<script type=\"application\/ld+json\" class=\"yoast-schema-graph\">{\"@context\":\"https:\\\/\\\/schema.org\",\"@graph\":[{\"@type\":\"WebPage\",\"@id\":\"https:\\\/\\\/psykedelikalsd.com\\\/produkt\\\/koeb-ecstasy-tabletter-online\\\/\",\"url\":\"https:\\\/\\\/psykedelikalsd.com\\\/produkt\\\/koeb-ecstasy-tabletter-online\\\/\",\"name\":\"K\u00f8b Ecstasy-tabletter online | K\u00f8b LSD online\",\"isPartOf\":{\"@id\":\"https:\\\/\\\/psykedelikalsd.com\\\/#website\"},\"primaryImageOfPage\":{\"@id\":\"https:\\\/\\\/psykedelikalsd.com\\\/produkt\\\/koeb-ecstasy-tabletter-online\\\/#primaryimage\"},\"image\":{\"@id\":\"https:\\\/\\\/psykedelikalsd.com\\\/produkt\\\/koeb-ecstasy-tabletter-online\\\/#primaryimage\"},\"thumbnailUrl\":\"https:\\\/\\\/psykedelikalsd.com\\\/wp-content\\\/uploads\\\/2022\\\/02\\\/Buy-mdma-ecstasy-1.jpg\",\"datePublished\":\"2022-02-13T05:37:54+00:00\",\"dateModified\":\"2026-04-11T10:45:48+00:00\",\"description\":\"K\u00f8b Ecstasy-tabletter online. Vores detailm\u00e6ngder, der s\u00e6lges p\u00e5 vores hjemmeside, sendes med post og pakker fra EU-medlemsstater\",\"breadcrumb\":{\"@id\":\"https:\\\/\\\/psykedelikalsd.com\\\/produkt\\\/koeb-ecstasy-tabletter-online\\\/#breadcrumb\"},\"inLanguage\":\"en-US\",\"potentialAction\":[{\"@type\":\"ReadAction\",\"target\":[\"https:\\\/\\\/psykedelikalsd.com\\\/produkt\\\/koeb-ecstasy-tabletter-online\\\/\"]}]},{\"@type\":\"ImageObject\",\"inLanguage\":\"en-US\",\"@id\":\"https:\\\/\\\/psykedelikalsd.com\\\/produkt\\\/koeb-ecstasy-tabletter-online\\\/#primaryimage\",\"url\":\"https:\\\/\\\/psykedelikalsd.com\\\/wp-content\\\/uploads\\\/2022\\\/02\\\/Buy-mdma-ecstasy-1.jpg\",\"contentUrl\":\"https:\\\/\\\/psykedelikalsd.com\\\/wp-content\\\/uploads\\\/2022\\\/02\\\/Buy-mdma-ecstasy-1.jpg\",\"width\":867,\"height\":867,\"caption\":\"K\u00f8b Ecstasy-tabletter online\"},{\"@type\":\"BreadcrumbList\",\"@id\":\"https:\\\/\\\/psykedelikalsd.com\\\/produkt\\\/koeb-ecstasy-tabletter-online\\\/#breadcrumb\",\"itemListElement\":[{\"@type\":\"ListItem\",\"position\":1,\"name\":\"Home\",\"item\":\"https:\\\/\\\/psykedelikalsd.com\\\/\"},{\"@type\":\"ListItem\",\"position\":2,\"name\":\"Butik\",\"item\":\"https:\\\/\\\/psykedelikalsd.com\\\/shop\\\/\"},{\"@type\":\"ListItem\",\"position\":3,\"name\":\"K\u00f8b Ecstasy-tabletter online\"}]},{\"@type\":\"WebSite\",\"@id\":\"https:\\\/\\\/psykedelikalsd.com\\\/#website\",\"url\":\"https:\\\/\\\/psykedelikalsd.com\\\/\",\"name\":\"K\u00f8b LSD-stof online\",\"description\":\"Bedste sted at k\u00f8be LSD-stoffer online | Bestil DMT-stoffer online\",\"publisher\":{\"@id\":\"https:\\\/\\\/psykedelikalsd.com\\\/#organization\"},\"potentialAction\":[{\"@type\":\"SearchAction\",\"target\":{\"@type\":\"EntryPoint\",\"urlTemplate\":\"https:\\\/\\\/psykedelikalsd.com\\\/?s={search_term_string}\"},\"query-input\":{\"@type\":\"PropertyValueSpecification\",\"valueRequired\":true,\"valueName\":\"search_term_string\"}}],\"inLanguage\":\"en-US\"},{\"@type\":\"Organization\",\"@id\":\"https:\\\/\\\/psykedelikalsd.com\\\/#organization\",\"name\":\"LSD-forhandler\",\"url\":\"https:\\\/\\\/psykedelikalsd.com\\\/\",\"logo\":{\"@type\":\"ImageObject\",\"inLanguage\":\"en-US\",\"@id\":\"https:\\\/\\\/psykedelikalsd.com\\\/#\\\/schema\\\/logo\\\/image\\\/\",\"url\":\"https:\\\/\\\/psykedelikalsd.com\\\/wp-content\\\/uploads\\\/2022\\\/02\\\/cropped-psychedelic-logo.png\",\"contentUrl\":\"https:\\\/\\\/psykedelikalsd.com\\\/wp-content\\\/uploads\\\/2022\\\/02\\\/cropped-psychedelic-logo.png\",\"width\":512,\"height\":512,\"caption\":\"LSD-forhandler\"},\"image\":{\"@id\":\"https:\\\/\\\/psykedelikalsd.com\\\/#\\\/schema\\\/logo\\\/image\\\/\"}}]}<\/script>\n<!-- \/ Yoast SEO plugin. -->","yoast_head_json":{"title":"K\u00f8b Ecstasy-tabletter online | K\u00f8b LSD online","description":"K\u00f8b Ecstasy-tabletter online. Vores detailm\u00e6ngder, der s\u00e6lges p\u00e5 vores hjemmeside, sendes med post og pakker fra EU-medlemsstater","robots":{"index":"index","follow":"follow","max-snippet":"max-snippet:-1","max-image-preview":"max-image-preview:large","max-video-preview":"max-video-preview:-1"},"canonical":"https:\/\/psykedelikalsd.com\/en\/produkt\/koeb-ecstasy-tabletter-online\/","og_locale":"en_US","og_type":"article","og_title":"K\u00f8b Ecstasy-tabletter online | K\u00f8b LSD online","og_description":"K\u00f8b Ecstasy-tabletter online. Vores detailm\u00e6ngder, der s\u00e6lges p\u00e5 vores hjemmeside, sendes med post og pakker fra EU-medlemsstater","og_url":"https:\/\/psykedelikalsd.com\/en\/produkt\/koeb-ecstasy-tabletter-online\/","og_site_name":"K\u00f8b LSD online","article_modified_time":"2026-04-11T10:45:48+00:00","og_image":[{"width":867,"height":867,"url":"https:\/\/psykedelikalsd.com\/wp-content\/uploads\/2022\/02\/Buy-mdma-ecstasy-1.jpg","type":"image\/jpeg"}],"twitter_card":"summary_large_image","twitter_misc":{"Est. reading time":"3 minutes"},"schema":{"@context":"https:\/\/schema.org","@graph":[{"@type":"WebPage","@id":"https:\/\/psykedelikalsd.com\/produkt\/koeb-ecstasy-tabletter-online\/","url":"https:\/\/psykedelikalsd.com\/produkt\/koeb-ecstasy-tabletter-online\/","name":"K\u00f8b Ecstasy-tabletter online | K\u00f8b LSD online","isPartOf":{"@id":"https:\/\/psykedelikalsd.com\/#website"},"primaryImageOfPage":{"@id":"https:\/\/psykedelikalsd.com\/produkt\/koeb-ecstasy-tabletter-online\/#primaryimage"},"image":{"@id":"https:\/\/psykedelikalsd.com\/produkt\/koeb-ecstasy-tabletter-online\/#primaryimage"},"thumbnailUrl":"https:\/\/psykedelikalsd.com\/wp-content\/uploads\/2022\/02\/Buy-mdma-ecstasy-1.jpg","datePublished":"2022-02-13T05:37:54+00:00","dateModified":"2026-04-11T10:45:48+00:00","description":"K\u00f8b Ecstasy-tabletter online. Vores detailm\u00e6ngder, der s\u00e6lges p\u00e5 vores hjemmeside, sendes med post og pakker fra EU-medlemsstater","breadcrumb":{"@id":"https:\/\/psykedelikalsd.com\/produkt\/koeb-ecstasy-tabletter-online\/#breadcrumb"},"inLanguage":"en-US","potentialAction":[{"@type":"ReadAction","target":["https:\/\/psykedelikalsd.com\/produkt\/koeb-ecstasy-tabletter-online\/"]}]},{"@type":"ImageObject","inLanguage":"en-US","@id":"https:\/\/psykedelikalsd.com\/produkt\/koeb-ecstasy-tabletter-online\/#primaryimage","url":"https:\/\/psykedelikalsd.com\/wp-content\/uploads\/2022\/02\/Buy-mdma-ecstasy-1.jpg","contentUrl":"https:\/\/psykedelikalsd.com\/wp-content\/uploads\/2022\/02\/Buy-mdma-ecstasy-1.jpg","width":867,"height":867,"caption":"K\u00f8b Ecstasy-tabletter online"},{"@type":"BreadcrumbList","@id":"https:\/\/psykedelikalsd.com\/produkt\/koeb-ecstasy-tabletter-online\/#breadcrumb","itemListElement":[{"@type":"ListItem","position":1,"name":"Home","item":"https:\/\/psykedelikalsd.com\/"},{"@type":"ListItem","position":2,"name":"Butik","item":"https:\/\/psykedelikalsd.com\/shop\/"},{"@type":"ListItem","position":3,"name":"K\u00f8b Ecstasy-tabletter online"}]},{"@type":"WebSite","@id":"https:\/\/psykedelikalsd.com\/#website","url":"https:\/\/psykedelikalsd.com\/","name":"K\u00f8b LSD-stof online","description":"Bedste sted at k\u00f8be LSD-stoffer online | Bestil DMT-stoffer online","publisher":{"@id":"https:\/\/psykedelikalsd.com\/#organization"},"potentialAction":[{"@type":"SearchAction","target":{"@type":"EntryPoint","urlTemplate":"https:\/\/psykedelikalsd.com\/?s={search_term_string}"},"query-input":{"@type":"PropertyValueSpecification","valueRequired":true,"valueName":"search_term_string"}}],"inLanguage":"en-US"},{"@type":"Organization","@id":"https:\/\/psykedelikalsd.com\/#organization","name":"LSD-forhandler","url":"https:\/\/psykedelikalsd.com\/","logo":{"@type":"ImageObject","inLanguage":"en-US","@id":"https:\/\/psykedelikalsd.com\/#\/schema\/logo\/image\/","url":"https:\/\/psykedelikalsd.com\/wp-content\/uploads\/2022\/02\/cropped-psychedelic-logo.png","contentUrl":"https:\/\/psykedelikalsd.com\/wp-content\/uploads\/2022\/02\/cropped-psychedelic-logo.png","width":512,"height":512,"caption":"LSD-forhandler"},"image":{"@id":"https:\/\/psykedelikalsd.com\/#\/schema\/logo\/image\/"}}]}},"_links":{"self":[{"href":"https:\/\/psykedelikalsd.com\/en\/wp-json\/wp\/v2\/product\/3225","targetHints":{"allow":["GET"]}}],"collection":[{"href":"https:\/\/psykedelikalsd.com\/en\/wp-json\/wp\/v2\/product"}],"about":[{"href":"https:\/\/psykedelikalsd.com\/en\/wp-json\/wp\/v2\/types\/product"}],"replies":[{"embeddable":true,"href":"https:\/\/psykedelikalsd.com\/en\/wp-json\/wp\/v2\/comments?post=3225"}],"wp:featuredmedia":[{"embeddable":true,"href":"https:\/\/psykedelikalsd.com\/en\/wp-json\/wp\/v2\/media\/3229"}],"wp:attachment":[{"href":"https:\/\/psykedelikalsd.com\/en\/wp-json\/wp\/v2\/media?parent=3225"}],"wp:term":[{"taxonomy":"product_brand","embeddable":true,"href":"https:\/\/psykedelikalsd.com\/en\/wp-json\/wp\/v2\/product_brand?post=3225"},{"taxonomy":"product_cat","embeddable":true,"href":"https:\/\/psykedelikalsd.com\/en\/wp-json\/wp\/v2\/product_cat?post=3225"},{"taxonomy":"product_tag","embeddable":true,"href":"https:\/\/psykedelikalsd.com\/en\/wp-json\/wp\/v2\/product_tag?post=3225"}],"curies":[{"name":"wp","href":"https:\/\/api.w.org\/{rel}","templated":true}]}}