{"id":3232,"date":"2022-02-13T05:45:39","date_gmt":"2022-02-13T05:45:39","guid":{"rendered":"https:\/\/psykedelikalsd.com\/?post_type=product&#038;p=3232"},"modified":"2025-08-07T02:43:53","modified_gmt":"2025-08-07T02:43:53","slug":"koeb-meskalinpulver-online","status":"publish","type":"product","link":"https:\/\/psykedelikalsd.com\/en\/produkt\/koeb-meskalinpulver-online\/","title":{"rendered":"K\u00f8b meskalinpulver online"},"content":{"rendered":"<h1 style=\"text-align: center;\">K\u00f8b meskalinpulver online<\/h1>\n<p>K\u00f8b MESKALINPULVER online. F\u00f8rst og fremmest er meskalinpulver et innovativt hallucinogen udvundet af den lille, rygradsl\u00f8se kaktus Peyote (Lophophora williamsi). Igen bruges meskalinpulver prim\u00e6rt som et rekreativt stof og bruges ogs\u00e5 til at supplere forskellige typer meditation og psykedelisk terapi. Derudover kan meskalinpulver v\u00e6re meget vanedannende, da det giver patienten en h\u00f8j eufori, hvilket kan f\u00f8re til et s\u00e6dvanligt behov. K\u00f8b meskalinpulver.<\/p>\n<h2>HVORDAN BRUGER MAN MESKALINPULVER?<\/h2>\n<p>\u2022 Den hallucinogene dosis for <a href=\"https:\/\/www.lettemedisiner.com\/\">meskalinpulver<\/a> b\u00f8r v\u00e6re mellem 0,3 og 0,5 gram, hvilket svarer til ca. 5 gram t\u00f8rret peyote, da det varer i ca. 12 timer.<\/p>\n<p>\u2022 Brugere oplever typisk visuelle hallucinationer og radikalt \u00e6ndrede bevidsthedstilstande, som ofte opleves som behagelige og oplysende.<\/p>\n<h3>HVAD ER BIVIRKNINGERNE VED MESKALINPULVER?<\/h3>\n<p>Begr\u00e6nsende med kan bivirkningerne af meskalin omfatte:<\/p>\n<p>Angst<br \/>\nHurtig hjerterytme<br \/>\nSvimmelhed<br \/>\nDiarr\u00e9<br \/>\nOpkastning<br \/>\nHovedpine<br \/>\nHallucinationer<br \/>\n\u00c5rdr\u00e6tsbesv\u00e6r<\/p>\n<h4>HVAD ER FORHOLDSREGLERNE MED MESKALINPULVER?<\/h4>\n<p>&#8211; Patienter med eksisterende medicinske tilstande s\u00e5som hjerteproblemer, luftvejslidelser, psykisk sygdom eller impotens b\u00f8r konsultere deres l\u00e6ge, f\u00f8r de p\u00e5begynder behandlingen.<\/p>\n<p>&#8211; Indtagelse af alkohol eller marihuana sammen med denne medicin kan f\u00f8re til ekstrem svimmelhed eller endda d\u00f8sighed.<\/p>\n<p>&#8211; Gravide kvinder eller kvinder, der \u00f8nsker at blive gravide, b\u00f8r ikke tage denne tablet. L\u00e6ger anbefaler ogs\u00e5 mindre eller ingen brug af denne medicin til m\u00f8dre i ammeperioden.<\/p>\n<p>Bedste sted at k\u00f8be meskalinpulver online<\/p>\n<p>Interaktion med sygdomme:<\/p>\n<p>Leversygdom<br \/>\nNyresygdom<br \/>\nHjerteproblemer<br \/>\nHIV\/AIDS<br \/>\nUregelm\u00e6ssig menstruation<\/p>\n<p>Interaktion med mad\/medicin:<\/p>\n<p>Ethanol<br \/>\nNarkotika<br \/>\nStimulerende midler<\/p>\n<p>Derudover er meskalin kendt som 3,4,5-trimethoxyphenethylamin, et hallucinogent stof, der forekommer naturligt. Der findes ogs\u00e5 nogle kaktusplanter, der er hjemmeh\u00f8rende i det sydvestlige USA, Mexico og Sydamerika. Disse planter omfatter ogs\u00e5 peyote-kaktus (Lophophora williamsii), San Pedro-kaktus (Trichocereus pachanoi) og den peruvianske fakkelkaktus (Trichocereus peruvianus).<\/p>\n<h3>K\u00f8b MESKALINPULVER online i Danmark<\/h3>\n<p>Vi tilbyder de bedste psykedelika, du kan forestille dig. Vi forst\u00e5r, at de fleste kunder har sv\u00e6rt ved at k\u00f8be disse produkter online. Vores virksomhed er her for at opfylde dine dr\u00f8mme. kop-<a href=\"https:\/\/psykedelikalsd.com\/en\/produkt\/koeb-mimosa-hostilis-online\/\">mimosa-hostilis<\/a>-online.<\/p>\n<p>&nbsp;<\/p>","protected":false},"excerpt":{"rendered":"<p>Mescalin eller 3,4,5-trimethoxyphenethylamin er et naturligt forekommende psykedelisk alkaloid af phenethylaminklassen, kendt for sine hallucinogene virkninger svarende til LSD og psilocybin.<\/p>","protected":false},"featured_media":3236,"comment_status":"open","ping_status":"closed","template":"","meta":[],"product_brand":[],"product_cat":[68],"product_tag":[1832,1830,1824,1817,1835,1820,1821,1818,1819,1822,1823,1816,1814,1815,1813,1829,436,1826,1827,454,1825,1828,457,448,1831,1834,1833,1836],"class_list":{"0":"post-3232","1":"product","2":"type-product","3":"status-publish","4":"has-post-thumbnail","6":"product_cat-psykedelika","7":"product_tag-bestil-meskalinpulver","8":"product_tag-billede-af-meskalinpulver","9":"product_tag-dosering-af-meskalinpulver","10":"product_tag-forbrug-meskalinpulver","11":"product_tag-hvad-er-den-sikre-maengde-meskalinpulver-at-tage","12":"product_tag-hvordan-man-bruger-meskalinpulver","13":"product_tag-hvordan-man-bruger-meskalinpulverform","14":"product_tag-hvordan-man-laver-meskalinpulver-fra-lissabon","15":"product_tag-hvordan-man-maaler-meskalinpulver","16":"product_tag-identificer-meskalinpulver","17":"product_tag-koeb-af-meskalinpulver","18":"product_tag-koeb-meskalinpulver-med-paypal-online","19":"product_tag-koeb-meskalinpulver-online","20":"product_tag-koeb-meskalinpulver-online-portugal","21":"product_tag-koeb-toerret-meskalinpulver","22":"product_tag-lovligt-meskalinpulver","23":"product_tag-meskalinpulver","24":"product_tag-meskalinpulver-til-salg","25":"product_tag-meskalinpulver-til-salg-portugal","26":"product_tag-meskalinpulverdensitet","27":"product_tag-meskalinpulverekstrakt-til-salg","28":"product_tag-meskalinpulverisolat-til-salg","29":"product_tag-meskalinpulverkief","30":"product_tag-meskalinpulverte","31":"product_tag-meskalinpulverte-til-salg","32":"product_tag-opbevaring-af-meskalinpulver","33":"product_tag-rygning-af-meskalinpulver","34":"product_tag-www-er-meskalinpulver-det-samme-som-peyote","36":"first","37":"instock","38":"shipping-taxable","39":"purchasable","40":"product-type-variable"},"yoast_head":"<!-- This site is optimized with the Yoast SEO plugin v27.4 - https:\/\/yoast.com\/product\/yoast-seo-wordpress\/ -->\n<title>K\u00f8b meskalinpulver online | K\u00f8b LSD online<\/title>\n<meta name=\"description\" content=\"K\u00f8b meskalinpulver online. Den hallucinogene dosis for meskalinpulver b\u00f8r v\u00e6re mellem 0,3 og 0,5 gram, hvilket svarer til ca. 5 gram t\u00f8rret peyote, da det varer i ca. 12 timer.\" \/>\n<meta name=\"robots\" content=\"index, follow, max-snippet:-1, max-image-preview:large, max-video-preview:-1\" \/>\n<link rel=\"canonical\" href=\"https:\/\/psykedelikalsd.com\/en\/produkt\/koeb-meskalinpulver-online\/\" \/>\n<meta property=\"og:locale\" content=\"en_US\" \/>\n<meta property=\"og:type\" content=\"article\" \/>\n<meta property=\"og:title\" content=\"K\u00f8b meskalinpulver online | K\u00f8b LSD online\" \/>\n<meta property=\"og:description\" content=\"K\u00f8b meskalinpulver online. Den hallucinogene dosis for meskalinpulver b\u00f8r v\u00e6re mellem 0,3 og 0,5 gram, hvilket svarer til ca. 5 gram t\u00f8rret peyote, da det varer i ca. 12 timer.\" \/>\n<meta property=\"og:url\" content=\"https:\/\/psykedelikalsd.com\/en\/produkt\/koeb-meskalinpulver-online\/\" \/>\n<meta property=\"og:site_name\" content=\"K\u00f8b LSD online\" \/>\n<meta property=\"article:modified_time\" content=\"2025-08-07T02:43:53+00:00\" \/>\n<meta property=\"og:image\" content=\"https:\/\/psykedelikalsd.com\/wp-content\/uploads\/2022\/02\/bb.jpg\" \/>\n\t<meta property=\"og:image:width\" content=\"400\" \/>\n\t<meta property=\"og:image:height\" content=\"300\" \/>\n\t<meta property=\"og:image:type\" content=\"image\/jpeg\" \/>\n<meta name=\"twitter:card\" content=\"summary_large_image\" \/>\n<meta name=\"twitter:label1\" content=\"Est. reading time\" \/>\n\t<meta name=\"twitter:data1\" content=\"2 minutes\" \/>\n<script type=\"application\/ld+json\" class=\"yoast-schema-graph\">{\"@context\":\"https:\\\/\\\/schema.org\",\"@graph\":[{\"@type\":\"WebPage\",\"@id\":\"https:\\\/\\\/psykedelikalsd.com\\\/produkt\\\/koeb-meskalinpulver-online\\\/\",\"url\":\"https:\\\/\\\/psykedelikalsd.com\\\/produkt\\\/koeb-meskalinpulver-online\\\/\",\"name\":\"K\u00f8b meskalinpulver online | K\u00f8b LSD online\",\"isPartOf\":{\"@id\":\"https:\\\/\\\/psykedelikalsd.com\\\/#website\"},\"primaryImageOfPage\":{\"@id\":\"https:\\\/\\\/psykedelikalsd.com\\\/produkt\\\/koeb-meskalinpulver-online\\\/#primaryimage\"},\"image\":{\"@id\":\"https:\\\/\\\/psykedelikalsd.com\\\/produkt\\\/koeb-meskalinpulver-online\\\/#primaryimage\"},\"thumbnailUrl\":\"https:\\\/\\\/psykedelikalsd.com\\\/wp-content\\\/uploads\\\/2022\\\/02\\\/bb.jpg\",\"datePublished\":\"2022-02-13T05:45:39+00:00\",\"dateModified\":\"2025-08-07T02:43:53+00:00\",\"description\":\"K\u00f8b meskalinpulver online. Den hallucinogene dosis for meskalinpulver b\u00f8r v\u00e6re mellem 0,3 og 0,5 gram, hvilket svarer til ca. 5 gram t\u00f8rret peyote, da det varer i ca. 12 timer.\",\"breadcrumb\":{\"@id\":\"https:\\\/\\\/psykedelikalsd.com\\\/produkt\\\/koeb-meskalinpulver-online\\\/#breadcrumb\"},\"inLanguage\":\"en-US\",\"potentialAction\":[{\"@type\":\"ReadAction\",\"target\":[\"https:\\\/\\\/psykedelikalsd.com\\\/produkt\\\/koeb-meskalinpulver-online\\\/\"]}]},{\"@type\":\"ImageObject\",\"inLanguage\":\"en-US\",\"@id\":\"https:\\\/\\\/psykedelikalsd.com\\\/produkt\\\/koeb-meskalinpulver-online\\\/#primaryimage\",\"url\":\"https:\\\/\\\/psykedelikalsd.com\\\/wp-content\\\/uploads\\\/2022\\\/02\\\/bb.jpg\",\"contentUrl\":\"https:\\\/\\\/psykedelikalsd.com\\\/wp-content\\\/uploads\\\/2022\\\/02\\\/bb.jpg\",\"width\":400,\"height\":300,\"caption\":\"K\u00f8b meskalinpulver online\"},{\"@type\":\"BreadcrumbList\",\"@id\":\"https:\\\/\\\/psykedelikalsd.com\\\/produkt\\\/koeb-meskalinpulver-online\\\/#breadcrumb\",\"itemListElement\":[{\"@type\":\"ListItem\",\"position\":1,\"name\":\"Home\",\"item\":\"https:\\\/\\\/psykedelikalsd.com\\\/\"},{\"@type\":\"ListItem\",\"position\":2,\"name\":\"Butik\",\"item\":\"https:\\\/\\\/psykedelikalsd.com\\\/shop\\\/\"},{\"@type\":\"ListItem\",\"position\":3,\"name\":\"K\u00f8b meskalinpulver online\"}]},{\"@type\":\"WebSite\",\"@id\":\"https:\\\/\\\/psykedelikalsd.com\\\/#website\",\"url\":\"https:\\\/\\\/psykedelikalsd.com\\\/\",\"name\":\"K\u00f8b LSD-stof online\",\"description\":\"Bedste sted at k\u00f8be LSD-stoffer online | Bestil DMT-stoffer online\",\"publisher\":{\"@id\":\"https:\\\/\\\/psykedelikalsd.com\\\/#organization\"},\"potentialAction\":[{\"@type\":\"SearchAction\",\"target\":{\"@type\":\"EntryPoint\",\"urlTemplate\":\"https:\\\/\\\/psykedelikalsd.com\\\/?s={search_term_string}\"},\"query-input\":{\"@type\":\"PropertyValueSpecification\",\"valueRequired\":true,\"valueName\":\"search_term_string\"}}],\"inLanguage\":\"en-US\"},{\"@type\":\"Organization\",\"@id\":\"https:\\\/\\\/psykedelikalsd.com\\\/#organization\",\"name\":\"LSD-forhandler\",\"url\":\"https:\\\/\\\/psykedelikalsd.com\\\/\",\"logo\":{\"@type\":\"ImageObject\",\"inLanguage\":\"en-US\",\"@id\":\"https:\\\/\\\/psykedelikalsd.com\\\/#\\\/schema\\\/logo\\\/image\\\/\",\"url\":\"https:\\\/\\\/psykedelikalsd.com\\\/wp-content\\\/uploads\\\/2022\\\/02\\\/cropped-psychedelic-logo.png\",\"contentUrl\":\"https:\\\/\\\/psykedelikalsd.com\\\/wp-content\\\/uploads\\\/2022\\\/02\\\/cropped-psychedelic-logo.png\",\"width\":512,\"height\":512,\"caption\":\"LSD-forhandler\"},\"image\":{\"@id\":\"https:\\\/\\\/psykedelikalsd.com\\\/#\\\/schema\\\/logo\\\/image\\\/\"}}]}<\/script>\n<!-- \/ Yoast SEO plugin. -->","yoast_head_json":{"title":"K\u00f8b meskalinpulver online | K\u00f8b LSD online","description":"K\u00f8b meskalinpulver online. Den hallucinogene dosis for meskalinpulver b\u00f8r v\u00e6re mellem 0,3 og 0,5 gram, hvilket svarer til ca. 5 gram t\u00f8rret peyote, da det varer i ca. 12 timer.","robots":{"index":"index","follow":"follow","max-snippet":"max-snippet:-1","max-image-preview":"max-image-preview:large","max-video-preview":"max-video-preview:-1"},"canonical":"https:\/\/psykedelikalsd.com\/en\/produkt\/koeb-meskalinpulver-online\/","og_locale":"en_US","og_type":"article","og_title":"K\u00f8b meskalinpulver online | K\u00f8b LSD online","og_description":"K\u00f8b meskalinpulver online. Den hallucinogene dosis for meskalinpulver b\u00f8r v\u00e6re mellem 0,3 og 0,5 gram, hvilket svarer til ca. 5 gram t\u00f8rret peyote, da det varer i ca. 12 timer.","og_url":"https:\/\/psykedelikalsd.com\/en\/produkt\/koeb-meskalinpulver-online\/","og_site_name":"K\u00f8b LSD online","article_modified_time":"2025-08-07T02:43:53+00:00","og_image":[{"width":400,"height":300,"url":"https:\/\/psykedelikalsd.com\/wp-content\/uploads\/2022\/02\/bb.jpg","type":"image\/jpeg"}],"twitter_card":"summary_large_image","twitter_misc":{"Est. reading time":"2 minutes"},"schema":{"@context":"https:\/\/schema.org","@graph":[{"@type":"WebPage","@id":"https:\/\/psykedelikalsd.com\/produkt\/koeb-meskalinpulver-online\/","url":"https:\/\/psykedelikalsd.com\/produkt\/koeb-meskalinpulver-online\/","name":"K\u00f8b meskalinpulver online | K\u00f8b LSD online","isPartOf":{"@id":"https:\/\/psykedelikalsd.com\/#website"},"primaryImageOfPage":{"@id":"https:\/\/psykedelikalsd.com\/produkt\/koeb-meskalinpulver-online\/#primaryimage"},"image":{"@id":"https:\/\/psykedelikalsd.com\/produkt\/koeb-meskalinpulver-online\/#primaryimage"},"thumbnailUrl":"https:\/\/psykedelikalsd.com\/wp-content\/uploads\/2022\/02\/bb.jpg","datePublished":"2022-02-13T05:45:39+00:00","dateModified":"2025-08-07T02:43:53+00:00","description":"K\u00f8b meskalinpulver online. Den hallucinogene dosis for meskalinpulver b\u00f8r v\u00e6re mellem 0,3 og 0,5 gram, hvilket svarer til ca. 5 gram t\u00f8rret peyote, da det varer i ca. 12 timer.","breadcrumb":{"@id":"https:\/\/psykedelikalsd.com\/produkt\/koeb-meskalinpulver-online\/#breadcrumb"},"inLanguage":"en-US","potentialAction":[{"@type":"ReadAction","target":["https:\/\/psykedelikalsd.com\/produkt\/koeb-meskalinpulver-online\/"]}]},{"@type":"ImageObject","inLanguage":"en-US","@id":"https:\/\/psykedelikalsd.com\/produkt\/koeb-meskalinpulver-online\/#primaryimage","url":"https:\/\/psykedelikalsd.com\/wp-content\/uploads\/2022\/02\/bb.jpg","contentUrl":"https:\/\/psykedelikalsd.com\/wp-content\/uploads\/2022\/02\/bb.jpg","width":400,"height":300,"caption":"K\u00f8b meskalinpulver online"},{"@type":"BreadcrumbList","@id":"https:\/\/psykedelikalsd.com\/produkt\/koeb-meskalinpulver-online\/#breadcrumb","itemListElement":[{"@type":"ListItem","position":1,"name":"Home","item":"https:\/\/psykedelikalsd.com\/"},{"@type":"ListItem","position":2,"name":"Butik","item":"https:\/\/psykedelikalsd.com\/shop\/"},{"@type":"ListItem","position":3,"name":"K\u00f8b meskalinpulver online"}]},{"@type":"WebSite","@id":"https:\/\/psykedelikalsd.com\/#website","url":"https:\/\/psykedelikalsd.com\/","name":"K\u00f8b LSD-stof online","description":"Bedste sted at k\u00f8be LSD-stoffer online | Bestil DMT-stoffer online","publisher":{"@id":"https:\/\/psykedelikalsd.com\/#organization"},"potentialAction":[{"@type":"SearchAction","target":{"@type":"EntryPoint","urlTemplate":"https:\/\/psykedelikalsd.com\/?s={search_term_string}"},"query-input":{"@type":"PropertyValueSpecification","valueRequired":true,"valueName":"search_term_string"}}],"inLanguage":"en-US"},{"@type":"Organization","@id":"https:\/\/psykedelikalsd.com\/#organization","name":"LSD-forhandler","url":"https:\/\/psykedelikalsd.com\/","logo":{"@type":"ImageObject","inLanguage":"en-US","@id":"https:\/\/psykedelikalsd.com\/#\/schema\/logo\/image\/","url":"https:\/\/psykedelikalsd.com\/wp-content\/uploads\/2022\/02\/cropped-psychedelic-logo.png","contentUrl":"https:\/\/psykedelikalsd.com\/wp-content\/uploads\/2022\/02\/cropped-psychedelic-logo.png","width":512,"height":512,"caption":"LSD-forhandler"},"image":{"@id":"https:\/\/psykedelikalsd.com\/#\/schema\/logo\/image\/"}}]}},"_links":{"self":[{"href":"https:\/\/psykedelikalsd.com\/en\/wp-json\/wp\/v2\/product\/3232","targetHints":{"allow":["GET"]}}],"collection":[{"href":"https:\/\/psykedelikalsd.com\/en\/wp-json\/wp\/v2\/product"}],"about":[{"href":"https:\/\/psykedelikalsd.com\/en\/wp-json\/wp\/v2\/types\/product"}],"replies":[{"embeddable":true,"href":"https:\/\/psykedelikalsd.com\/en\/wp-json\/wp\/v2\/comments?post=3232"}],"wp:featuredmedia":[{"embeddable":true,"href":"https:\/\/psykedelikalsd.com\/en\/wp-json\/wp\/v2\/media\/3236"}],"wp:attachment":[{"href":"https:\/\/psykedelikalsd.com\/en\/wp-json\/wp\/v2\/media?parent=3232"}],"wp:term":[{"taxonomy":"product_brand","embeddable":true,"href":"https:\/\/psykedelikalsd.com\/en\/wp-json\/wp\/v2\/product_brand?post=3232"},{"taxonomy":"product_cat","embeddable":true,"href":"https:\/\/psykedelikalsd.com\/en\/wp-json\/wp\/v2\/product_cat?post=3232"},{"taxonomy":"product_tag","embeddable":true,"href":"https:\/\/psykedelikalsd.com\/en\/wp-json\/wp\/v2\/product_tag?post=3232"}],"curies":[{"name":"wp","href":"https:\/\/api.w.org\/{rel}","templated":true}]}}