{"id":3238,"date":"2022-02-13T05:56:16","date_gmt":"2022-02-13T05:56:16","guid":{"rendered":"https:\/\/psykedelikalsd.com\/?post_type=product&#038;p=3238"},"modified":"2025-08-07T02:32:17","modified_gmt":"2025-08-07T02:32:17","slug":"koeb-mimosa-hostilis-online","status":"publish","type":"product","link":"https:\/\/psykedelikalsd.com\/en\/produkt\/koeb-mimosa-hostilis-online\/","title":{"rendered":"K\u00f8b Mimosa Hostilis online"},"content":{"rendered":"<h1 style=\"text-align: center;\">K\u00f8b Mimosa Hostilis online<\/h1>\n<p>K\u00f8b Mimosa Hostilis online. Mimosa hostilis&#8217; indre rodbark kommer fra et tr\u00e6, der lokalt er kendt som Jurema, Jurema Preta, Black Jurema eller Vinho de Jurema, og er den mest eftertragtede del af planten, som den lokale shaman kender for sine entheogene egenskaber.<\/p>\n<h2 style=\"text-align: center;\">Bedste sted at k\u00f8be Mimosa Hostilis online<\/h2>\n<p>Mimosa Hostilis (eller Mimosa tenuiflora) kombineres ofte med MAO-h\u00e6mmende urter s\u00e5som Banisteriopsis Caapi for at fremstille den psykedeliske ayahuasca fra Amazonas. Den kombineres med Peganum Harmala i bryg kaldet anahuaca, en ayahuasca-analog med psykedeliske egenskaber, der minder meget om ayahuasca med hensyn til virkning. Stoffet er meget popul\u00e6rt blandt psykonauter, og der rapporteres om ret intense trips i forbindelse med dets brug.<\/p>\n<p>BOTANISK KLASSIFIKATION<\/p>\n<p>FAMILIE: Fabaceae (Leguminosae; Mimosaceae)<\/p>\n<p>SL\u00c6GT: Mimosa<\/p>\n<p>ART: Mimosa Hostilis (Mimosa tenuiflora)<\/p>\n<p>OPRINDELSE: Brasilien<\/p>\n<p>ALMINDE NAVNE: Jurema, Tepescohuite, Cabrero, Carbonal, Jurema Preta, Calumbi, Black Jeruma, Vinho de Jeruma, Yurema<\/p>\n<p>Vi tilbyder Mimosa hostilis indre rodbark fra en velrenommeret kilde. En virksomhed, der har mange \u00e5rs erfaring med h\u00f8st og forarbejdning af Mimosa hostilis rodbark af h\u00f8j kvalitet. Vores virksomhed mener, at dette er den bedste kvalitet Mimosa, der er tilg\u00e6ngelig p\u00e5 markedet. Vi tilbyder altid et friskh\u00f8stet parti, og du kan nu bestille mellem 2-10 kg engros.<\/p>\n<h2>BUY MIMOSA ONLINE<\/h2>\n<p><a href=\"https:\/\/comprelsdon-line.com\/\">mimosa<\/a> tenuiflora rod, mimosa, pulver til salg, mimosa hostilis, mimosa hostilis rodbarkpulver usa, mimosa hostilis rodbark usa leverand\u00f8r, hvordan man laver dmt, desuden mimosa hostilis usa, mimosa hostilis rodbark usa s\u00e6lger, mimosa pudica dmt, mimosa pudica dmt. Derudover, mimosa hostilis rodbarkpulver i n\u00e6rheden af mig, mimosa hostilis rodbark usa leverand\u00f8r, mimosa hostilis indre rodbark. mimosa hostilis rodbark, mimosa hostilis rodbark, k\u00f8b mi. k\u00f8b <a href=\"https:\/\/psykedelikalsd.com\/en\/produkt\/koeb-morgenfruefroe-online\/\">morning glory fr\u00f8<\/a>.<\/p>","protected":false},"excerpt":{"rendered":"<p>Studier af M. tenuiflora har blandt andet vist potentiale til at hele arv\u00e6v. If\u00f8lge mexicanske etnobotaniske kilder var direkte p\u00e5f\u00f8ring af den t\u00f8rrede pulveriserede bark p\u00e5 l\u00e6sionen et effektivt middel til behandling af forbr\u00e6ndinger og s\u00e5r p\u00e5 huden. Befolkningen i distriktet Palmeiras ved Contendas i Sincor\u00e1 (Bahia-staten, Brasilien) bruger barken af M. tenuiflora til behandling af hoste og til heling af s\u00e5r. Et standardiseret tanninekstrakt udvundet af M. tenuiflora-barken viste ogs\u00e5 fantastiske terapeutiske egenskaber til behandling af ven\u00f8se bens\u00e5r og st\u00e6rke in vitro-antimikrobielle egenskaber mod en bred gruppe af mikroorganismer.<\/p>","protected":false},"featured_media":3242,"comment_status":"open","ping_status":"closed","template":"","meta":[],"product_brand":[],"product_cat":[68],"product_tag":[1793,1794,1796,1797,1810,1811,1812,1799,1798,1795,111,139,1808,1800,1801,1803,1802,1807,1805,1804,1806,1809],"class_list":{"0":"post-3238","1":"product","2":"type-product","3":"status-publish","4":"has-post-thumbnail","6":"product_cat-psykedelika","7":"product_tag-amazon-mimosa-lavement-rodbark-amazon","8":"product_tag-amazon-mimosa-lavement-rodbark-amazon-koeb-mimosa-lavement-rodbark-amazon","9":"product_tag-d-dmt-molekyle","10":"product_tag-dmt-spiritusmolekyle","11":"product_tag-hvad-er-mimosa-af-en-fjende","12":"product_tag-hvor-kan-jeg-koebe-mimosa-af-en-fjende","13":"product_tag-hvor-kan-jeg-koebe-mimosa-af-en-fjende-rodbark","14":"product_tag-hvordan-man-laver-dmt","15":"product_tag-hvordan-man-udvinder-dmt-fra-mimosa-lavement","16":"product_tag-koeb-mimosa-lavement-rodbark-amazon","17":"product_tag-mimosa","18":"product_tag-mimosa-barkpulver","19":"product_tag-mimosa-fjendtlig","20":"product_tag-mimosa-lavement-rodbark-amazon","21":"product_tag-mimosa-lavement-rodbark-amazon-mimosa-lavement-rodbarkpulver-amazon","22":"product_tag-mimosa-lavement-rodbark-i-naerheden-af-mig","23":"product_tag-mimosa-lavement-rodbark-til-salg","24":"product_tag-mimosa-lavement-rodbark-usa-leverandoer","25":"product_tag-mimosa-lavement-rodbarkpulver-mig","26":"product_tag-mimosa-lavement-rodbarkpulver-til-salg","27":"product_tag-mimosa-lavement-rodbarkpulver-usa","28":"product_tag-rang-ogsaa-for-mimosa-lavement","30":"first","31":"instock","32":"shipping-taxable","33":"purchasable","34":"product-type-variable"},"yoast_head":"<!-- This site is optimized with the Yoast SEO plugin v27.4 - https:\/\/yoast.com\/product\/yoast-seo-wordpress\/ -->\n<title>K\u00f8b Mimosa Hostilis online | K\u00f8b LSD online<\/title>\n<meta name=\"description\" content=\"K\u00f8b Mimosa Hostilis online. En virksomhed med mange \u00e5rs erfaring i h\u00f8st og forarbejdning af Mimosa hostilis rodbark af h\u00f8j kvalitet.\" \/>\n<meta name=\"robots\" content=\"index, follow, max-snippet:-1, max-image-preview:large, max-video-preview:-1\" \/>\n<link rel=\"canonical\" href=\"https:\/\/psykedelikalsd.com\/en\/produkt\/koeb-mimosa-hostilis-online\/\" \/>\n<meta property=\"og:locale\" content=\"en_US\" \/>\n<meta property=\"og:type\" content=\"article\" \/>\n<meta property=\"og:title\" content=\"K\u00f8b Mimosa Hostilis online | K\u00f8b LSD online\" \/>\n<meta property=\"og:description\" content=\"K\u00f8b Mimosa Hostilis online. En virksomhed med mange \u00e5rs erfaring i h\u00f8st og forarbejdning af Mimosa hostilis rodbark af h\u00f8j kvalitet.\" \/>\n<meta property=\"og:url\" content=\"https:\/\/psykedelikalsd.com\/en\/produkt\/koeb-mimosa-hostilis-online\/\" \/>\n<meta property=\"og:site_name\" content=\"K\u00f8b LSD online\" \/>\n<meta property=\"article:modified_time\" content=\"2025-08-07T02:32:17+00:00\" \/>\n<meta property=\"og:image\" content=\"https:\/\/psykedelikalsd.com\/wp-content\/uploads\/2022\/02\/MIMOSA1.jpg\" \/>\n\t<meta property=\"og:image:width\" content=\"800\" \/>\n\t<meta property=\"og:image:height\" content=\"800\" \/>\n\t<meta property=\"og:image:type\" content=\"image\/jpeg\" \/>\n<meta name=\"twitter:card\" content=\"summary_large_image\" \/>\n<meta name=\"twitter:label1\" content=\"Est. reading time\" \/>\n\t<meta name=\"twitter:data1\" content=\"2 minutes\" \/>\n<script type=\"application\/ld+json\" class=\"yoast-schema-graph\">{\"@context\":\"https:\\\/\\\/schema.org\",\"@graph\":[{\"@type\":\"WebPage\",\"@id\":\"https:\\\/\\\/psykedelikalsd.com\\\/produkt\\\/koeb-mimosa-hostilis-online\\\/\",\"url\":\"https:\\\/\\\/psykedelikalsd.com\\\/produkt\\\/koeb-mimosa-hostilis-online\\\/\",\"name\":\"K\u00f8b Mimosa Hostilis online | K\u00f8b LSD online\",\"isPartOf\":{\"@id\":\"https:\\\/\\\/psykedelikalsd.com\\\/#website\"},\"primaryImageOfPage\":{\"@id\":\"https:\\\/\\\/psykedelikalsd.com\\\/produkt\\\/koeb-mimosa-hostilis-online\\\/#primaryimage\"},\"image\":{\"@id\":\"https:\\\/\\\/psykedelikalsd.com\\\/produkt\\\/koeb-mimosa-hostilis-online\\\/#primaryimage\"},\"thumbnailUrl\":\"https:\\\/\\\/psykedelikalsd.com\\\/wp-content\\\/uploads\\\/2022\\\/02\\\/MIMOSA1.jpg\",\"datePublished\":\"2022-02-13T05:56:16+00:00\",\"dateModified\":\"2025-08-07T02:32:17+00:00\",\"description\":\"K\u00f8b Mimosa Hostilis online. En virksomhed med mange \u00e5rs erfaring i h\u00f8st og forarbejdning af Mimosa hostilis rodbark af h\u00f8j kvalitet.\",\"breadcrumb\":{\"@id\":\"https:\\\/\\\/psykedelikalsd.com\\\/produkt\\\/koeb-mimosa-hostilis-online\\\/#breadcrumb\"},\"inLanguage\":\"en-US\",\"potentialAction\":[{\"@type\":\"ReadAction\",\"target\":[\"https:\\\/\\\/psykedelikalsd.com\\\/produkt\\\/koeb-mimosa-hostilis-online\\\/\"]}]},{\"@type\":\"ImageObject\",\"inLanguage\":\"en-US\",\"@id\":\"https:\\\/\\\/psykedelikalsd.com\\\/produkt\\\/koeb-mimosa-hostilis-online\\\/#primaryimage\",\"url\":\"https:\\\/\\\/psykedelikalsd.com\\\/wp-content\\\/uploads\\\/2022\\\/02\\\/MIMOSA1.jpg\",\"contentUrl\":\"https:\\\/\\\/psykedelikalsd.com\\\/wp-content\\\/uploads\\\/2022\\\/02\\\/MIMOSA1.jpg\",\"width\":800,\"height\":800,\"caption\":\"K\u00f8b Mimosa Hostilis online\"},{\"@type\":\"BreadcrumbList\",\"@id\":\"https:\\\/\\\/psykedelikalsd.com\\\/produkt\\\/koeb-mimosa-hostilis-online\\\/#breadcrumb\",\"itemListElement\":[{\"@type\":\"ListItem\",\"position\":1,\"name\":\"Home\",\"item\":\"https:\\\/\\\/psykedelikalsd.com\\\/\"},{\"@type\":\"ListItem\",\"position\":2,\"name\":\"Butik\",\"item\":\"https:\\\/\\\/psykedelikalsd.com\\\/shop\\\/\"},{\"@type\":\"ListItem\",\"position\":3,\"name\":\"K\u00f8b Mimosa Hostilis online\"}]},{\"@type\":\"WebSite\",\"@id\":\"https:\\\/\\\/psykedelikalsd.com\\\/#website\",\"url\":\"https:\\\/\\\/psykedelikalsd.com\\\/\",\"name\":\"K\u00f8b LSD-stof online\",\"description\":\"Bedste sted at k\u00f8be LSD-stoffer online | Bestil DMT-stoffer online\",\"publisher\":{\"@id\":\"https:\\\/\\\/psykedelikalsd.com\\\/#organization\"},\"potentialAction\":[{\"@type\":\"SearchAction\",\"target\":{\"@type\":\"EntryPoint\",\"urlTemplate\":\"https:\\\/\\\/psykedelikalsd.com\\\/?s={search_term_string}\"},\"query-input\":{\"@type\":\"PropertyValueSpecification\",\"valueRequired\":true,\"valueName\":\"search_term_string\"}}],\"inLanguage\":\"en-US\"},{\"@type\":\"Organization\",\"@id\":\"https:\\\/\\\/psykedelikalsd.com\\\/#organization\",\"name\":\"LSD-forhandler\",\"url\":\"https:\\\/\\\/psykedelikalsd.com\\\/\",\"logo\":{\"@type\":\"ImageObject\",\"inLanguage\":\"en-US\",\"@id\":\"https:\\\/\\\/psykedelikalsd.com\\\/#\\\/schema\\\/logo\\\/image\\\/\",\"url\":\"https:\\\/\\\/psykedelikalsd.com\\\/wp-content\\\/uploads\\\/2022\\\/02\\\/cropped-psychedelic-logo.png\",\"contentUrl\":\"https:\\\/\\\/psykedelikalsd.com\\\/wp-content\\\/uploads\\\/2022\\\/02\\\/cropped-psychedelic-logo.png\",\"width\":512,\"height\":512,\"caption\":\"LSD-forhandler\"},\"image\":{\"@id\":\"https:\\\/\\\/psykedelikalsd.com\\\/#\\\/schema\\\/logo\\\/image\\\/\"}}]}<\/script>\n<!-- \/ Yoast SEO plugin. -->","yoast_head_json":{"title":"K\u00f8b Mimosa Hostilis online | K\u00f8b LSD online","description":"K\u00f8b Mimosa Hostilis online. En virksomhed med mange \u00e5rs erfaring i h\u00f8st og forarbejdning af Mimosa hostilis rodbark af h\u00f8j kvalitet.","robots":{"index":"index","follow":"follow","max-snippet":"max-snippet:-1","max-image-preview":"max-image-preview:large","max-video-preview":"max-video-preview:-1"},"canonical":"https:\/\/psykedelikalsd.com\/en\/produkt\/koeb-mimosa-hostilis-online\/","og_locale":"en_US","og_type":"article","og_title":"K\u00f8b Mimosa Hostilis online | K\u00f8b LSD online","og_description":"K\u00f8b Mimosa Hostilis online. En virksomhed med mange \u00e5rs erfaring i h\u00f8st og forarbejdning af Mimosa hostilis rodbark af h\u00f8j kvalitet.","og_url":"https:\/\/psykedelikalsd.com\/en\/produkt\/koeb-mimosa-hostilis-online\/","og_site_name":"K\u00f8b LSD online","article_modified_time":"2025-08-07T02:32:17+00:00","og_image":[{"width":800,"height":800,"url":"https:\/\/psykedelikalsd.com\/wp-content\/uploads\/2022\/02\/MIMOSA1.jpg","type":"image\/jpeg"}],"twitter_card":"summary_large_image","twitter_misc":{"Est. reading time":"2 minutes"},"schema":{"@context":"https:\/\/schema.org","@graph":[{"@type":"WebPage","@id":"https:\/\/psykedelikalsd.com\/produkt\/koeb-mimosa-hostilis-online\/","url":"https:\/\/psykedelikalsd.com\/produkt\/koeb-mimosa-hostilis-online\/","name":"K\u00f8b Mimosa Hostilis online | K\u00f8b LSD online","isPartOf":{"@id":"https:\/\/psykedelikalsd.com\/#website"},"primaryImageOfPage":{"@id":"https:\/\/psykedelikalsd.com\/produkt\/koeb-mimosa-hostilis-online\/#primaryimage"},"image":{"@id":"https:\/\/psykedelikalsd.com\/produkt\/koeb-mimosa-hostilis-online\/#primaryimage"},"thumbnailUrl":"https:\/\/psykedelikalsd.com\/wp-content\/uploads\/2022\/02\/MIMOSA1.jpg","datePublished":"2022-02-13T05:56:16+00:00","dateModified":"2025-08-07T02:32:17+00:00","description":"K\u00f8b Mimosa Hostilis online. En virksomhed med mange \u00e5rs erfaring i h\u00f8st og forarbejdning af Mimosa hostilis rodbark af h\u00f8j kvalitet.","breadcrumb":{"@id":"https:\/\/psykedelikalsd.com\/produkt\/koeb-mimosa-hostilis-online\/#breadcrumb"},"inLanguage":"en-US","potentialAction":[{"@type":"ReadAction","target":["https:\/\/psykedelikalsd.com\/produkt\/koeb-mimosa-hostilis-online\/"]}]},{"@type":"ImageObject","inLanguage":"en-US","@id":"https:\/\/psykedelikalsd.com\/produkt\/koeb-mimosa-hostilis-online\/#primaryimage","url":"https:\/\/psykedelikalsd.com\/wp-content\/uploads\/2022\/02\/MIMOSA1.jpg","contentUrl":"https:\/\/psykedelikalsd.com\/wp-content\/uploads\/2022\/02\/MIMOSA1.jpg","width":800,"height":800,"caption":"K\u00f8b Mimosa Hostilis online"},{"@type":"BreadcrumbList","@id":"https:\/\/psykedelikalsd.com\/produkt\/koeb-mimosa-hostilis-online\/#breadcrumb","itemListElement":[{"@type":"ListItem","position":1,"name":"Home","item":"https:\/\/psykedelikalsd.com\/"},{"@type":"ListItem","position":2,"name":"Butik","item":"https:\/\/psykedelikalsd.com\/shop\/"},{"@type":"ListItem","position":3,"name":"K\u00f8b Mimosa Hostilis online"}]},{"@type":"WebSite","@id":"https:\/\/psykedelikalsd.com\/#website","url":"https:\/\/psykedelikalsd.com\/","name":"K\u00f8b LSD-stof online","description":"Bedste sted at k\u00f8be LSD-stoffer online | Bestil DMT-stoffer online","publisher":{"@id":"https:\/\/psykedelikalsd.com\/#organization"},"potentialAction":[{"@type":"SearchAction","target":{"@type":"EntryPoint","urlTemplate":"https:\/\/psykedelikalsd.com\/?s={search_term_string}"},"query-input":{"@type":"PropertyValueSpecification","valueRequired":true,"valueName":"search_term_string"}}],"inLanguage":"en-US"},{"@type":"Organization","@id":"https:\/\/psykedelikalsd.com\/#organization","name":"LSD-forhandler","url":"https:\/\/psykedelikalsd.com\/","logo":{"@type":"ImageObject","inLanguage":"en-US","@id":"https:\/\/psykedelikalsd.com\/#\/schema\/logo\/image\/","url":"https:\/\/psykedelikalsd.com\/wp-content\/uploads\/2022\/02\/cropped-psychedelic-logo.png","contentUrl":"https:\/\/psykedelikalsd.com\/wp-content\/uploads\/2022\/02\/cropped-psychedelic-logo.png","width":512,"height":512,"caption":"LSD-forhandler"},"image":{"@id":"https:\/\/psykedelikalsd.com\/#\/schema\/logo\/image\/"}}]}},"_links":{"self":[{"href":"https:\/\/psykedelikalsd.com\/en\/wp-json\/wp\/v2\/product\/3238","targetHints":{"allow":["GET"]}}],"collection":[{"href":"https:\/\/psykedelikalsd.com\/en\/wp-json\/wp\/v2\/product"}],"about":[{"href":"https:\/\/psykedelikalsd.com\/en\/wp-json\/wp\/v2\/types\/product"}],"replies":[{"embeddable":true,"href":"https:\/\/psykedelikalsd.com\/en\/wp-json\/wp\/v2\/comments?post=3238"}],"wp:featuredmedia":[{"embeddable":true,"href":"https:\/\/psykedelikalsd.com\/en\/wp-json\/wp\/v2\/media\/3242"}],"wp:attachment":[{"href":"https:\/\/psykedelikalsd.com\/en\/wp-json\/wp\/v2\/media?parent=3238"}],"wp:term":[{"taxonomy":"product_brand","embeddable":true,"href":"https:\/\/psykedelikalsd.com\/en\/wp-json\/wp\/v2\/product_brand?post=3238"},{"taxonomy":"product_cat","embeddable":true,"href":"https:\/\/psykedelikalsd.com\/en\/wp-json\/wp\/v2\/product_cat?post=3238"},{"taxonomy":"product_tag","embeddable":true,"href":"https:\/\/psykedelikalsd.com\/en\/wp-json\/wp\/v2\/product_tag?post=3238"}],"curies":[{"name":"wp","href":"https:\/\/api.w.org\/{rel}","templated":true}]}}