{"id":3244,"date":"2022-02-13T06:01:57","date_gmt":"2022-02-13T06:01:57","guid":{"rendered":"https:\/\/psykedelikalsd.com\/?post_type=product&#038;p=3244"},"modified":"2025-08-07T02:14:49","modified_gmt":"2025-08-07T02:14:49","slug":"koeb-morgenfruefroe-online","status":"publish","type":"product","link":"https:\/\/psykedelikalsd.com\/en\/produkt\/koeb-morgenfruefroe-online\/","title":{"rendered":"K\u00f8b morgenfruefr\u00f8 online"},"content":{"rendered":"<h2 style=\"text-align: center;\">K\u00f8b morgenfruefr\u00f8 online<\/h2>\n<p>K\u00f8b morgenfruefr\u00f8 online. Ligesom LSD er LSA et psykedelisk eller hallucinogen, der kan have adskillige mentale effekter. Det vil give dig en rolig, dr\u00f8mmende og trippy oplevelse. De prim\u00e6re effekter er som f\u00f8lger: dr\u00f8mmende tilstand, lykke, evne til at fokusere og blive intenst interesseret i alt, hvad du kan lide, manglende evne til at koncentrere sig om komplekse opgaver s\u00e5som programmering eller k\u00f8rsel, ekstrem d\u00f8sighed. Husk, at for de fleste brugere kan Morning Glory for\u00e5rsage ret alvorlig kvalme, f\u00f8r trippen begynder, hvilket kan vare op til en time eller mere.<\/p>\n<h3>S\u00c5DAN BRUGES<\/h3>\n<p>Da brugen er oral, p\u00e5virkes starten af den senest indtagne mad. P\u00e5 en relativt tom mave (pr\u00f8v at undg\u00e5 at spise i 4-6 timer f\u00f8r du spiser fr\u00f8ene), begynder virkningerne (normalt kvalme) omkring en time efter indtagelse, selvom det kan tage mange timer, f\u00f8r de psykedeliske peakeffekter n\u00e5s. Prim\u00e6re virkninger varer 6-10 timer, n\u00e5r fr\u00f8ene tages oralt. LSD stof.<\/p>\n<p>Der er flere brugsmetoder: Tyg s\u00e5 l\u00e6nge som muligt og synk. Mal og l\u00e6g i bl\u00f8d i vand i 1\/2 time, si og drik. Spir ved at l\u00e6gge i bl\u00f8d i vand i 3-4 dage (skift vandet ofte). Hvorefter den hvide, bl\u00f8de del fjernes fra skallen og spises. Dette er sandsynligvis den bedste metode til at undg\u00e5 bivirkninger, selvom det g\u00f8r virkningerne lidt mindre intense.<\/p>\n<h2 style=\"text-align: center;\">K\u00f8b morgenfruefr\u00f8 i Danmark<\/h2>\n<p>Advarsel: Betjen ikke tunge maskiner. K\u00f8r ikke bil. Brug ikke morning glory-fr\u00f8 under graviditet. LSA er t\u00e6t besl\u00e6gtet med LSD, som er en livmoderkontraktil, der kan \u00f8ge risikoen for spontan abort under graviditet. Personer, der i \u00f8jeblikket er midt i f\u00f8lelsesm\u00e6ssige eller psykologiske omv\u00e6ltninger i deres dagligdag, b\u00f8r v\u00e6re forsigtige med at v\u00e6lge at bruge psykedelika s\u00e5som Hawaiian Woodrose-fr\u00f8, da de kan fremkalde sovende f\u00f8lelser. Personer med en familiehistorie med skizofreni eller tidlig debuterende psykisk sygdom b\u00f8r v\u00e6re yderst forsigtige, da <a href=\"https:\/\/comprelsdon-line.com\/\">psykedelika<\/a> har vist sig at udl\u00f8se latente psykologiske og mentale problemer. Selvom Hawaiian Woodrose tilh\u00f8rer samme familie som morning glory, er Hawaiian Woodrose-fr\u00f8 meget st\u00e6rkere. Kombiner ikke LSA med alkohol, MAO-h\u00e6mmere eller andre l\u00e6gemidler. K\u00f8b <a href=\"https:\/\/psykedelikalsd.com\/en\/produkt\/koeb-kvalitets-1p-lsd-blotters-150-mcg\/\">LSD Blotter<\/a> Online<\/p>","protected":false},"excerpt":{"rendered":"<p>morgenfruefr\u00f8 (ipomoea tricolor), Heavenly Blue<\/p>\n<p>M\u00e6ngde: 10 gr<\/p>\n<p>Dosering: 2 doser<\/p>\n<p>Ingredienser: LSD, lysergsyreamid<\/p>","protected":false},"featured_media":3249,"comment_status":"open","ping_status":"closed","template":"","meta":[],"product_brand":[],"product_cat":[68],"product_tag":[1787,1772,1774,1788,1792,1775,1777,1776,1791,1773,1778,1779,1780,1781,1783,1784,1782,1785,1786,1789,1790],"class_list":{"0":"post-3244","1":"product","2":"type-product","3":"status-publish","4":"has-post-thumbnail","6":"product_cat-psykedelika","7":"product_tag-boer-man-koebe-morning-glory-froe","8":"product_tag-burpee-morning-glory-froe","9":"product_tag-dyrkning-af-morning-glory-froe-19","10":"product_tag-himmelblaa-morning-glory-froe","11":"product_tag-hvor-kan-man-koebe-morning-glory-froe","12":"product_tag-hvor-mange-morning-glory-froe-for-at-blive-high","13":"product_tag-hvordan-man-planter-morning-glory-froe","14":"product_tag-hvordan-man-udvinder-lsa-fra-morning-glory-froe","15":"product_tag-hvornaar-skal-man-plante-morning-glory-froe","16":"product_tag-koeb-morning-glory-froe","17":"product_tag-morning-glory-blomsterfroe","18":"product_tag-morning-glory-froe","19":"product_tag-morning-glory-froe-amazon","20":"product_tag-morning-glory-froe-erowid-0","21":"product_tag-morning-glory-froe-high","22":"product_tag-morning-glory-froe-lsa","23":"product_tag-morning-glory-froe-til-salg","24":"product_tag-oekologiske-morning-glory-froe","25":"product_tag-plantning-af-morning-glory-froe","26":"product_tag-roegede-morning-glory-froe","27":"product_tag-rygende-morning-glory-froe","29":"first","30":"instock","31":"shipping-taxable","32":"purchasable","33":"product-type-simple"},"yoast_head":"<!-- This site is optimized with the Yoast SEO plugin v27.4 - https:\/\/yoast.com\/product\/yoast-seo-wordpress\/ -->\n<title>K\u00f8b morgenfruefr\u00f8 online | K\u00f8b LSD online<\/title>\n<meta name=\"description\" content=\"K\u00f8b morgenfruefr\u00f8 online. Ligesom LSD er LSA et psykedelisk eller hallucinogen, der kan have adskillige mentale effekter.\" \/>\n<meta name=\"robots\" content=\"index, follow, max-snippet:-1, max-image-preview:large, max-video-preview:-1\" \/>\n<link rel=\"canonical\" href=\"https:\/\/psykedelikalsd.com\/en\/produkt\/koeb-morgenfruefroe-online\/\" \/>\n<meta property=\"og:locale\" content=\"en_US\" \/>\n<meta property=\"og:type\" content=\"article\" \/>\n<meta property=\"og:title\" content=\"K\u00f8b morgenfruefr\u00f8 online | K\u00f8b LSD online\" \/>\n<meta property=\"og:description\" content=\"K\u00f8b morgenfruefr\u00f8 online. Ligesom LSD er LSA et psykedelisk eller hallucinogen, der kan have adskillige mentale effekter.\" \/>\n<meta property=\"og:url\" content=\"https:\/\/psykedelikalsd.com\/en\/produkt\/koeb-morgenfruefroe-online\/\" \/>\n<meta property=\"og:site_name\" content=\"K\u00f8b LSD online\" \/>\n<meta property=\"article:modified_time\" content=\"2025-08-07T02:14:49+00:00\" \/>\n<meta property=\"og:image\" content=\"https:\/\/psykedelikalsd.com\/wp-content\/uploads\/2022\/02\/morning-glory.jpg\" \/>\n\t<meta property=\"og:image:width\" content=\"650\" \/>\n\t<meta property=\"og:image:height\" content=\"650\" \/>\n\t<meta property=\"og:image:type\" content=\"image\/jpeg\" \/>\n<meta name=\"twitter:card\" content=\"summary_large_image\" \/>\n<meta name=\"twitter:label1\" content=\"Est. reading time\" \/>\n\t<meta name=\"twitter:data1\" content=\"2 minutes\" \/>\n<script type=\"application\/ld+json\" class=\"yoast-schema-graph\">{\"@context\":\"https:\\\/\\\/schema.org\",\"@graph\":[{\"@type\":\"WebPage\",\"@id\":\"https:\\\/\\\/psykedelikalsd.com\\\/produkt\\\/koeb-morgenfruefroe-online\\\/\",\"url\":\"https:\\\/\\\/psykedelikalsd.com\\\/produkt\\\/koeb-morgenfruefroe-online\\\/\",\"name\":\"K\u00f8b morgenfruefr\u00f8 online | K\u00f8b LSD online\",\"isPartOf\":{\"@id\":\"https:\\\/\\\/psykedelikalsd.com\\\/#website\"},\"primaryImageOfPage\":{\"@id\":\"https:\\\/\\\/psykedelikalsd.com\\\/produkt\\\/koeb-morgenfruefroe-online\\\/#primaryimage\"},\"image\":{\"@id\":\"https:\\\/\\\/psykedelikalsd.com\\\/produkt\\\/koeb-morgenfruefroe-online\\\/#primaryimage\"},\"thumbnailUrl\":\"https:\\\/\\\/psykedelikalsd.com\\\/wp-content\\\/uploads\\\/2022\\\/02\\\/morning-glory.jpg\",\"datePublished\":\"2022-02-13T06:01:57+00:00\",\"dateModified\":\"2025-08-07T02:14:49+00:00\",\"description\":\"K\u00f8b morgenfruefr\u00f8 online. Ligesom LSD er LSA et psykedelisk eller hallucinogen, der kan have adskillige mentale effekter.\",\"breadcrumb\":{\"@id\":\"https:\\\/\\\/psykedelikalsd.com\\\/produkt\\\/koeb-morgenfruefroe-online\\\/#breadcrumb\"},\"inLanguage\":\"en-US\",\"potentialAction\":[{\"@type\":\"ReadAction\",\"target\":[\"https:\\\/\\\/psykedelikalsd.com\\\/produkt\\\/koeb-morgenfruefroe-online\\\/\"]}]},{\"@type\":\"ImageObject\",\"inLanguage\":\"en-US\",\"@id\":\"https:\\\/\\\/psykedelikalsd.com\\\/produkt\\\/koeb-morgenfruefroe-online\\\/#primaryimage\",\"url\":\"https:\\\/\\\/psykedelikalsd.com\\\/wp-content\\\/uploads\\\/2022\\\/02\\\/morning-glory.jpg\",\"contentUrl\":\"https:\\\/\\\/psykedelikalsd.com\\\/wp-content\\\/uploads\\\/2022\\\/02\\\/morning-glory.jpg\",\"width\":650,\"height\":650,\"caption\":\"K\u00f8b morgenfruefr\u00f8 online\"},{\"@type\":\"BreadcrumbList\",\"@id\":\"https:\\\/\\\/psykedelikalsd.com\\\/produkt\\\/koeb-morgenfruefroe-online\\\/#breadcrumb\",\"itemListElement\":[{\"@type\":\"ListItem\",\"position\":1,\"name\":\"Home\",\"item\":\"https:\\\/\\\/psykedelikalsd.com\\\/\"},{\"@type\":\"ListItem\",\"position\":2,\"name\":\"Butik\",\"item\":\"https:\\\/\\\/psykedelikalsd.com\\\/shop\\\/\"},{\"@type\":\"ListItem\",\"position\":3,\"name\":\"K\u00f8b morgenfruefr\u00f8 online\"}]},{\"@type\":\"WebSite\",\"@id\":\"https:\\\/\\\/psykedelikalsd.com\\\/#website\",\"url\":\"https:\\\/\\\/psykedelikalsd.com\\\/\",\"name\":\"K\u00f8b LSD-stof online\",\"description\":\"Bedste sted at k\u00f8be LSD-stoffer online | Bestil DMT-stoffer online\",\"publisher\":{\"@id\":\"https:\\\/\\\/psykedelikalsd.com\\\/#organization\"},\"potentialAction\":[{\"@type\":\"SearchAction\",\"target\":{\"@type\":\"EntryPoint\",\"urlTemplate\":\"https:\\\/\\\/psykedelikalsd.com\\\/?s={search_term_string}\"},\"query-input\":{\"@type\":\"PropertyValueSpecification\",\"valueRequired\":true,\"valueName\":\"search_term_string\"}}],\"inLanguage\":\"en-US\"},{\"@type\":\"Organization\",\"@id\":\"https:\\\/\\\/psykedelikalsd.com\\\/#organization\",\"name\":\"LSD-forhandler\",\"url\":\"https:\\\/\\\/psykedelikalsd.com\\\/\",\"logo\":{\"@type\":\"ImageObject\",\"inLanguage\":\"en-US\",\"@id\":\"https:\\\/\\\/psykedelikalsd.com\\\/#\\\/schema\\\/logo\\\/image\\\/\",\"url\":\"https:\\\/\\\/psykedelikalsd.com\\\/wp-content\\\/uploads\\\/2022\\\/02\\\/cropped-psychedelic-logo.png\",\"contentUrl\":\"https:\\\/\\\/psykedelikalsd.com\\\/wp-content\\\/uploads\\\/2022\\\/02\\\/cropped-psychedelic-logo.png\",\"width\":512,\"height\":512,\"caption\":\"LSD-forhandler\"},\"image\":{\"@id\":\"https:\\\/\\\/psykedelikalsd.com\\\/#\\\/schema\\\/logo\\\/image\\\/\"}}]}<\/script>\n<!-- \/ Yoast SEO plugin. -->","yoast_head_json":{"title":"K\u00f8b morgenfruefr\u00f8 online | K\u00f8b LSD online","description":"K\u00f8b morgenfruefr\u00f8 online. Ligesom LSD er LSA et psykedelisk eller hallucinogen, der kan have adskillige mentale effekter.","robots":{"index":"index","follow":"follow","max-snippet":"max-snippet:-1","max-image-preview":"max-image-preview:large","max-video-preview":"max-video-preview:-1"},"canonical":"https:\/\/psykedelikalsd.com\/en\/produkt\/koeb-morgenfruefroe-online\/","og_locale":"en_US","og_type":"article","og_title":"K\u00f8b morgenfruefr\u00f8 online | K\u00f8b LSD online","og_description":"K\u00f8b morgenfruefr\u00f8 online. Ligesom LSD er LSA et psykedelisk eller hallucinogen, der kan have adskillige mentale effekter.","og_url":"https:\/\/psykedelikalsd.com\/en\/produkt\/koeb-morgenfruefroe-online\/","og_site_name":"K\u00f8b LSD online","article_modified_time":"2025-08-07T02:14:49+00:00","og_image":[{"width":650,"height":650,"url":"https:\/\/psykedelikalsd.com\/wp-content\/uploads\/2022\/02\/morning-glory.jpg","type":"image\/jpeg"}],"twitter_card":"summary_large_image","twitter_misc":{"Est. reading time":"2 minutes"},"schema":{"@context":"https:\/\/schema.org","@graph":[{"@type":"WebPage","@id":"https:\/\/psykedelikalsd.com\/produkt\/koeb-morgenfruefroe-online\/","url":"https:\/\/psykedelikalsd.com\/produkt\/koeb-morgenfruefroe-online\/","name":"K\u00f8b morgenfruefr\u00f8 online | K\u00f8b LSD online","isPartOf":{"@id":"https:\/\/psykedelikalsd.com\/#website"},"primaryImageOfPage":{"@id":"https:\/\/psykedelikalsd.com\/produkt\/koeb-morgenfruefroe-online\/#primaryimage"},"image":{"@id":"https:\/\/psykedelikalsd.com\/produkt\/koeb-morgenfruefroe-online\/#primaryimage"},"thumbnailUrl":"https:\/\/psykedelikalsd.com\/wp-content\/uploads\/2022\/02\/morning-glory.jpg","datePublished":"2022-02-13T06:01:57+00:00","dateModified":"2025-08-07T02:14:49+00:00","description":"K\u00f8b morgenfruefr\u00f8 online. Ligesom LSD er LSA et psykedelisk eller hallucinogen, der kan have adskillige mentale effekter.","breadcrumb":{"@id":"https:\/\/psykedelikalsd.com\/produkt\/koeb-morgenfruefroe-online\/#breadcrumb"},"inLanguage":"en-US","potentialAction":[{"@type":"ReadAction","target":["https:\/\/psykedelikalsd.com\/produkt\/koeb-morgenfruefroe-online\/"]}]},{"@type":"ImageObject","inLanguage":"en-US","@id":"https:\/\/psykedelikalsd.com\/produkt\/koeb-morgenfruefroe-online\/#primaryimage","url":"https:\/\/psykedelikalsd.com\/wp-content\/uploads\/2022\/02\/morning-glory.jpg","contentUrl":"https:\/\/psykedelikalsd.com\/wp-content\/uploads\/2022\/02\/morning-glory.jpg","width":650,"height":650,"caption":"K\u00f8b morgenfruefr\u00f8 online"},{"@type":"BreadcrumbList","@id":"https:\/\/psykedelikalsd.com\/produkt\/koeb-morgenfruefroe-online\/#breadcrumb","itemListElement":[{"@type":"ListItem","position":1,"name":"Home","item":"https:\/\/psykedelikalsd.com\/"},{"@type":"ListItem","position":2,"name":"Butik","item":"https:\/\/psykedelikalsd.com\/shop\/"},{"@type":"ListItem","position":3,"name":"K\u00f8b morgenfruefr\u00f8 online"}]},{"@type":"WebSite","@id":"https:\/\/psykedelikalsd.com\/#website","url":"https:\/\/psykedelikalsd.com\/","name":"K\u00f8b LSD-stof online","description":"Bedste sted at k\u00f8be LSD-stoffer online | Bestil DMT-stoffer online","publisher":{"@id":"https:\/\/psykedelikalsd.com\/#organization"},"potentialAction":[{"@type":"SearchAction","target":{"@type":"EntryPoint","urlTemplate":"https:\/\/psykedelikalsd.com\/?s={search_term_string}"},"query-input":{"@type":"PropertyValueSpecification","valueRequired":true,"valueName":"search_term_string"}}],"inLanguage":"en-US"},{"@type":"Organization","@id":"https:\/\/psykedelikalsd.com\/#organization","name":"LSD-forhandler","url":"https:\/\/psykedelikalsd.com\/","logo":{"@type":"ImageObject","inLanguage":"en-US","@id":"https:\/\/psykedelikalsd.com\/#\/schema\/logo\/image\/","url":"https:\/\/psykedelikalsd.com\/wp-content\/uploads\/2022\/02\/cropped-psychedelic-logo.png","contentUrl":"https:\/\/psykedelikalsd.com\/wp-content\/uploads\/2022\/02\/cropped-psychedelic-logo.png","width":512,"height":512,"caption":"LSD-forhandler"},"image":{"@id":"https:\/\/psykedelikalsd.com\/#\/schema\/logo\/image\/"}}]}},"_links":{"self":[{"href":"https:\/\/psykedelikalsd.com\/en\/wp-json\/wp\/v2\/product\/3244","targetHints":{"allow":["GET"]}}],"collection":[{"href":"https:\/\/psykedelikalsd.com\/en\/wp-json\/wp\/v2\/product"}],"about":[{"href":"https:\/\/psykedelikalsd.com\/en\/wp-json\/wp\/v2\/types\/product"}],"replies":[{"embeddable":true,"href":"https:\/\/psykedelikalsd.com\/en\/wp-json\/wp\/v2\/comments?post=3244"}],"wp:featuredmedia":[{"embeddable":true,"href":"https:\/\/psykedelikalsd.com\/en\/wp-json\/wp\/v2\/media\/3249"}],"wp:attachment":[{"href":"https:\/\/psykedelikalsd.com\/en\/wp-json\/wp\/v2\/media?parent=3244"}],"wp:term":[{"taxonomy":"product_brand","embeddable":true,"href":"https:\/\/psykedelikalsd.com\/en\/wp-json\/wp\/v2\/product_brand?post=3244"},{"taxonomy":"product_cat","embeddable":true,"href":"https:\/\/psykedelikalsd.com\/en\/wp-json\/wp\/v2\/product_cat?post=3244"},{"taxonomy":"product_tag","embeddable":true,"href":"https:\/\/psykedelikalsd.com\/en\/wp-json\/wp\/v2\/product_tag?post=3244"}],"curies":[{"name":"wp","href":"https:\/\/api.w.org\/{rel}","templated":true}]}}