{"id":3267,"date":"2022-02-13T06:17:43","date_gmt":"2022-02-13T06:17:43","guid":{"rendered":"https:\/\/psykedelikalsd.com\/?post_type=product&#038;p=3267"},"modified":"2025-10-04T09:29:00","modified_gmt":"2025-10-04T09:29:00","slug":"koeb-lsd-geltabletter-online","status":"publish","type":"product","link":"https:\/\/psykedelikalsd.com\/en\/produkt\/koeb-lsd-geltabletter-online\/","title":{"rendered":"K\u00f8b LSD geltabletter online"},"content":{"rendered":"<h2 style=\"text-align: center;\">K\u00f8b LSD geltabletter online | Syre Gel Tabs til salg<\/h2>\n<p>K\u00f8b LSD geltabletter online. LSD Gel Tabs er en form for syredosis, der dannes ved at blande flydende syre med gelatine. Det er ogs\u00e5 kendt som rudesyre.<br \/>\nGel Tabs har en l\u00e6ngere holdbarhed end andre syredosis, og de kan v\u00e6re meget kraftige. De koster ofte en dollar mere pr. skud end blottersyre p\u00e5 grund af disse positive egenskaber.<br \/>\nGel Tabs betragtes som naturens perfekte f\u00f8de.<\/p>\n<h3 style=\"text-align: center;\">K\u00f8b LSD geltabletter online &#8211; reddit | Acid Gel Tabs<\/h3>\n<p>Vi har modtaget positiv feedback fra brugere p\u00e5 Reddit. Det beskrives som s\u00e5 piv smukt, Gel Tabs lavet af LSD at have det sjovt med. Nye brugere er ogs\u00e5 virkelig begejstrede for at bruge dette.<\/p>\n<p>Nogle kommentatorer p\u00e5 Reddit siger endda: &#8220;Vend det hele rundt om ris og r\u00e5 fisk. Det bliver fantastisk med wasabi.&#8221;<\/p>\n<p>Du kan bestille Gel LSD Tabs her. Bedste pris og fuld information.<br \/>\nGeler defineres som et v\u00e6sentligt fortyndet tv\u00e6rbundet system, som ikke udviser nogen flydeevne, n\u00e5r det er i steady state.<\/p>\n<p>S\u00e5 LSD gel tabs er gellignende tabs infunderet med LSD for at give en bedre, glat og frisk smag.<\/p>\n<p>LSD findes normalt som en krystal og kan infunderes i tr\u00e6kpapir. Firkanterne eller &#8220;flagerne&#8221; kan v\u00e6re farvede eller have billeder pr\u00e6get p\u00e5 dem.<\/p>\n<p>Flydende LSD er en umiskendelig v\u00e6ske, for det meste i en lille beholder, cylinder eller kop. <a href=\"https:\/\/comprelsdon-line.com\/\">LSD<\/a> kan ogs\u00e5 findes i tynde firkanter af gelatine. K\u00f8b LSD geltabletter online.<\/p>\n<p>Vi l\u00e6gger generelt v\u00e6gt p\u00e5 at give vores kunder kun det bedste, s\u00e5 du skal have ro i sindet, n\u00e5r du handler.<\/p>\n<h3>GELSYRETABLETTER<\/h3>\n<p>LSD-tabletter, LSD (Lysergsyrediethylamid) forkortet LSD eller LSD-25, ogs\u00e5 kaldet lysergid og undertiden \u00e6tsende, er et semisyntetisk hallucinogent l\u00e6gemiddel fra ergolinfamilien, kendt for dets mentalt \u00e6ndrende virkninger.<\/p>\n<h3>LSD-geltabletters styrke<\/h3>\n<p>LSD-geltabletter er et af de mest intense, mentalt \u00e6ndrende syntetiske stoffer. Fra ergotv\u00e6ksten, der udvikler sig p\u00e5 rug og andre kornsorter, produceres lysergisk \u00e6tsende.<\/p>\n<p>Laboratorier i USA producerer det prim\u00e6rt i sin krystallinske struktur. Spredningsv\u00e6sken kommer fra \u00e6delstenene. Den er lugtfri, dyster og har en noget st\u00e6rk smag. Du kan ogs\u00e5 k\u00f8be <a href=\"https:\/\/psykedelikalsd.com\/en\/produkt\/koeb-oxynorm-oxycodon-10-mg\/\">oxynorm<\/a> 10 mg her.<\/p>","protected":false},"excerpt":{"rendered":"<p>K\u00f8b LSD gel-tabletter online LSD (Lysergsyrediethylamid) LSD gel-tabletter fremstilles ved at blande v\u00e6ske med gelatine. De er ekstremt rene og ufortyndede. Det gode ved gel-tabletter er, at de kan opbevares i l\u00e6ngere tid end andre former for LSD.<\/p>","protected":false},"featured_media":3580,"comment_status":"open","ping_status":"closed","template":"","meta":[],"product_brand":[],"product_cat":[70],"product_tag":[243,244,1726,1724,1723,1725,1728,1730,1731,1732,1758,1759,1735,1734,1736,1737,1738,1733,1743,1742,1739,1741,1740,1744,1745,1746,1729,1749,266,342,273,1756,1750,1751,1753,1748,1752,1754,1755,275,1757,1720,1719,1718,1721,1722,1747,1727],"class_list":{"0":"post-3267","1":"product","2":"type-product","3":"status-publish","4":"has-post-thumbnail","6":"product_cat-lsd","7":"product_tag-1p-lsd","8":"product_tag-1plsd","9":"product_tag-blaekklat","10":"product_tag-er-lsd-syre","11":"product_tag-er-lsd-vanedannende","12":"product_tag-er-syre-lsd","13":"product_tag-flydende-lsd","14":"product_tag-gelsyretabletter-syregeltabletter","15":"product_tag-geltabletter","16":"product_tag-humoersvingninger","17":"product_tag-hvad-er-syre","18":"product_tag-hvad-er-tabletter","19":"product_tag-hvor-laenge-varer-en-syretrip","20":"product_tag-hvor-laenge-varer-syre","21":"product_tag-hvordan-laver-man-lsd","22":"product_tag-hvordan-laver-man-lsd-geltabletter","23":"product_tag-hvordan-laver-man-syre","24":"product_tag-hvordan-laves-lsd","25":"product_tag-hvordan-ser-lsd-ud","26":"product_tag-hvordan-ser-syre-ud","27":"product_tag-hvordan-tager-man-lsd","28":"product_tag-hvordan-tager-man-syre","29":"product_tag-hvordan-tager-man-syregeltabletter","30":"product_tag-kan-man-overdosere-lsd","31":"product_tag-koeb-lsd","32":"product_tag-koeb-lsd-geltabletter-online","33":"product_tag-leverandoerer-af-forskningskemikalier","34":"product_tag-lsd-betydning","35":"product_tag-lsd-effekter","36":"product_tag-lsd-tolerance","37":"product_tag-lsd-trip","38":"product_tag-lsd-vs-syre","39":"product_tag-lsd-bivirkninger","40":"product_tag-lsd-dosis","41":"product_tag-lsd-geltabletter","42":"product_tag-lsd-kunst","43":"product_tag-lsd-laegemiddel","44":"product_tag-lsd-tablet","45":"product_tag-lsd-tabletter","46":"product_tag-lysergi","47":"product_tag-lysergsyre","48":"product_tag-syre-lsd","49":"product_tag-syregeltabletter","50":"product_tag-syrekunst","51":"product_tag-syretablet","52":"product_tag-syretabletter","53":"product_tag-traekpapir","54":"product_tag-virkninger-af-lsd","56":"first","57":"instock","58":"shipping-taxable","59":"purchasable","60":"product-type-variable"},"yoast_head":"<!-- This site is optimized with the Yoast SEO plugin v27.4 - https:\/\/yoast.com\/product\/yoast-seo-wordpress\/ -->\n<title>K\u00f8b LSD geltabletter online | K\u00f8b LSD online<\/title>\n<meta name=\"description\" content=\"K\u00f8b LSD geltabletter online. LSD Gel Tabs er en form for syredosis, der dannes ved at blande flydende syre med gelatine. Det er ogs\u00e5 kendt som rudesyre.\" \/>\n<meta name=\"robots\" content=\"index, follow, max-snippet:-1, max-image-preview:large, max-video-preview:-1\" \/>\n<link rel=\"canonical\" href=\"https:\/\/psykedelikalsd.com\/en\/produkt\/koeb-lsd-geltabletter-online\/\" \/>\n<meta property=\"og:locale\" content=\"en_US\" \/>\n<meta property=\"og:type\" content=\"article\" \/>\n<meta property=\"og:title\" content=\"K\u00f8b LSD geltabletter online | K\u00f8b LSD online\" \/>\n<meta property=\"og:description\" content=\"K\u00f8b LSD geltabletter online. LSD Gel Tabs er en form for syredosis, der dannes ved at blande flydende syre med gelatine. Det er ogs\u00e5 kendt som rudesyre.\" \/>\n<meta property=\"og:url\" content=\"https:\/\/psykedelikalsd.com\/en\/produkt\/koeb-lsd-geltabletter-online\/\" \/>\n<meta property=\"og:site_name\" content=\"K\u00f8b LSD online\" \/>\n<meta property=\"article:modified_time\" content=\"2025-10-04T09:29:00+00:00\" \/>\n<meta property=\"og:image\" content=\"https:\/\/psykedelikalsd.com\/wp-content\/uploads\/2022\/02\/Lsd-Gel-Tabs.jpg\" \/>\n\t<meta property=\"og:image:width\" content=\"960\" \/>\n\t<meta property=\"og:image:height\" content=\"1280\" \/>\n\t<meta property=\"og:image:type\" content=\"image\/jpeg\" \/>\n<meta name=\"twitter:card\" content=\"summary_large_image\" \/>\n<meta name=\"twitter:label1\" content=\"Est. reading time\" \/>\n\t<meta name=\"twitter:data1\" content=\"2 minutes\" \/>\n<script type=\"application\/ld+json\" class=\"yoast-schema-graph\">{\"@context\":\"https:\\\/\\\/schema.org\",\"@graph\":[{\"@type\":\"WebPage\",\"@id\":\"https:\\\/\\\/psykedelikalsd.com\\\/produkt\\\/koeb-lsd-geltabletter-online\\\/\",\"url\":\"https:\\\/\\\/psykedelikalsd.com\\\/produkt\\\/koeb-lsd-geltabletter-online\\\/\",\"name\":\"K\u00f8b LSD geltabletter online | K\u00f8b LSD online\",\"isPartOf\":{\"@id\":\"https:\\\/\\\/psykedelikalsd.com\\\/#website\"},\"primaryImageOfPage\":{\"@id\":\"https:\\\/\\\/psykedelikalsd.com\\\/produkt\\\/koeb-lsd-geltabletter-online\\\/#primaryimage\"},\"image\":{\"@id\":\"https:\\\/\\\/psykedelikalsd.com\\\/produkt\\\/koeb-lsd-geltabletter-online\\\/#primaryimage\"},\"thumbnailUrl\":\"https:\\\/\\\/psykedelikalsd.com\\\/wp-content\\\/uploads\\\/2022\\\/02\\\/Lsd-Gel-Tabs.jpg\",\"datePublished\":\"2022-02-13T06:17:43+00:00\",\"dateModified\":\"2025-10-04T09:29:00+00:00\",\"description\":\"K\u00f8b LSD geltabletter online. LSD Gel Tabs er en form for syredosis, der dannes ved at blande flydende syre med gelatine. Det er ogs\u00e5 kendt som rudesyre.\",\"breadcrumb\":{\"@id\":\"https:\\\/\\\/psykedelikalsd.com\\\/produkt\\\/koeb-lsd-geltabletter-online\\\/#breadcrumb\"},\"inLanguage\":\"en-US\",\"potentialAction\":[{\"@type\":\"ReadAction\",\"target\":[\"https:\\\/\\\/psykedelikalsd.com\\\/produkt\\\/koeb-lsd-geltabletter-online\\\/\"]}]},{\"@type\":\"ImageObject\",\"inLanguage\":\"en-US\",\"@id\":\"https:\\\/\\\/psykedelikalsd.com\\\/produkt\\\/koeb-lsd-geltabletter-online\\\/#primaryimage\",\"url\":\"https:\\\/\\\/psykedelikalsd.com\\\/wp-content\\\/uploads\\\/2022\\\/02\\\/Lsd-Gel-Tabs.jpg\",\"contentUrl\":\"https:\\\/\\\/psykedelikalsd.com\\\/wp-content\\\/uploads\\\/2022\\\/02\\\/Lsd-Gel-Tabs.jpg\",\"width\":960,\"height\":1280,\"caption\":\"K\u00f8b LSD geltabletter online\"},{\"@type\":\"BreadcrumbList\",\"@id\":\"https:\\\/\\\/psykedelikalsd.com\\\/produkt\\\/koeb-lsd-geltabletter-online\\\/#breadcrumb\",\"itemListElement\":[{\"@type\":\"ListItem\",\"position\":1,\"name\":\"Home\",\"item\":\"https:\\\/\\\/psykedelikalsd.com\\\/\"},{\"@type\":\"ListItem\",\"position\":2,\"name\":\"Butik\",\"item\":\"https:\\\/\\\/psykedelikalsd.com\\\/shop\\\/\"},{\"@type\":\"ListItem\",\"position\":3,\"name\":\"K\u00f8b LSD geltabletter online\"}]},{\"@type\":\"WebSite\",\"@id\":\"https:\\\/\\\/psykedelikalsd.com\\\/#website\",\"url\":\"https:\\\/\\\/psykedelikalsd.com\\\/\",\"name\":\"K\u00f8b LSD-stof online\",\"description\":\"Bedste sted at k\u00f8be LSD-stoffer online | Bestil DMT-stoffer online\",\"publisher\":{\"@id\":\"https:\\\/\\\/psykedelikalsd.com\\\/#organization\"},\"potentialAction\":[{\"@type\":\"SearchAction\",\"target\":{\"@type\":\"EntryPoint\",\"urlTemplate\":\"https:\\\/\\\/psykedelikalsd.com\\\/?s={search_term_string}\"},\"query-input\":{\"@type\":\"PropertyValueSpecification\",\"valueRequired\":true,\"valueName\":\"search_term_string\"}}],\"inLanguage\":\"en-US\"},{\"@type\":\"Organization\",\"@id\":\"https:\\\/\\\/psykedelikalsd.com\\\/#organization\",\"name\":\"LSD-forhandler\",\"url\":\"https:\\\/\\\/psykedelikalsd.com\\\/\",\"logo\":{\"@type\":\"ImageObject\",\"inLanguage\":\"en-US\",\"@id\":\"https:\\\/\\\/psykedelikalsd.com\\\/#\\\/schema\\\/logo\\\/image\\\/\",\"url\":\"https:\\\/\\\/psykedelikalsd.com\\\/wp-content\\\/uploads\\\/2022\\\/02\\\/cropped-psychedelic-logo.png\",\"contentUrl\":\"https:\\\/\\\/psykedelikalsd.com\\\/wp-content\\\/uploads\\\/2022\\\/02\\\/cropped-psychedelic-logo.png\",\"width\":512,\"height\":512,\"caption\":\"LSD-forhandler\"},\"image\":{\"@id\":\"https:\\\/\\\/psykedelikalsd.com\\\/#\\\/schema\\\/logo\\\/image\\\/\"}}]}<\/script>\n<!-- \/ Yoast SEO plugin. -->","yoast_head_json":{"title":"K\u00f8b LSD geltabletter online | K\u00f8b LSD online","description":"K\u00f8b LSD geltabletter online. LSD Gel Tabs er en form for syredosis, der dannes ved at blande flydende syre med gelatine. Det er ogs\u00e5 kendt som rudesyre.","robots":{"index":"index","follow":"follow","max-snippet":"max-snippet:-1","max-image-preview":"max-image-preview:large","max-video-preview":"max-video-preview:-1"},"canonical":"https:\/\/psykedelikalsd.com\/en\/produkt\/koeb-lsd-geltabletter-online\/","og_locale":"en_US","og_type":"article","og_title":"K\u00f8b LSD geltabletter online | K\u00f8b LSD online","og_description":"K\u00f8b LSD geltabletter online. LSD Gel Tabs er en form for syredosis, der dannes ved at blande flydende syre med gelatine. Det er ogs\u00e5 kendt som rudesyre.","og_url":"https:\/\/psykedelikalsd.com\/en\/produkt\/koeb-lsd-geltabletter-online\/","og_site_name":"K\u00f8b LSD online","article_modified_time":"2025-10-04T09:29:00+00:00","og_image":[{"width":960,"height":1280,"url":"https:\/\/psykedelikalsd.com\/wp-content\/uploads\/2022\/02\/Lsd-Gel-Tabs.jpg","type":"image\/jpeg"}],"twitter_card":"summary_large_image","twitter_misc":{"Est. reading time":"2 minutes"},"schema":{"@context":"https:\/\/schema.org","@graph":[{"@type":"WebPage","@id":"https:\/\/psykedelikalsd.com\/produkt\/koeb-lsd-geltabletter-online\/","url":"https:\/\/psykedelikalsd.com\/produkt\/koeb-lsd-geltabletter-online\/","name":"K\u00f8b LSD geltabletter online | K\u00f8b LSD online","isPartOf":{"@id":"https:\/\/psykedelikalsd.com\/#website"},"primaryImageOfPage":{"@id":"https:\/\/psykedelikalsd.com\/produkt\/koeb-lsd-geltabletter-online\/#primaryimage"},"image":{"@id":"https:\/\/psykedelikalsd.com\/produkt\/koeb-lsd-geltabletter-online\/#primaryimage"},"thumbnailUrl":"https:\/\/psykedelikalsd.com\/wp-content\/uploads\/2022\/02\/Lsd-Gel-Tabs.jpg","datePublished":"2022-02-13T06:17:43+00:00","dateModified":"2025-10-04T09:29:00+00:00","description":"K\u00f8b LSD geltabletter online. LSD Gel Tabs er en form for syredosis, der dannes ved at blande flydende syre med gelatine. Det er ogs\u00e5 kendt som rudesyre.","breadcrumb":{"@id":"https:\/\/psykedelikalsd.com\/produkt\/koeb-lsd-geltabletter-online\/#breadcrumb"},"inLanguage":"en-US","potentialAction":[{"@type":"ReadAction","target":["https:\/\/psykedelikalsd.com\/produkt\/koeb-lsd-geltabletter-online\/"]}]},{"@type":"ImageObject","inLanguage":"en-US","@id":"https:\/\/psykedelikalsd.com\/produkt\/koeb-lsd-geltabletter-online\/#primaryimage","url":"https:\/\/psykedelikalsd.com\/wp-content\/uploads\/2022\/02\/Lsd-Gel-Tabs.jpg","contentUrl":"https:\/\/psykedelikalsd.com\/wp-content\/uploads\/2022\/02\/Lsd-Gel-Tabs.jpg","width":960,"height":1280,"caption":"K\u00f8b LSD geltabletter online"},{"@type":"BreadcrumbList","@id":"https:\/\/psykedelikalsd.com\/produkt\/koeb-lsd-geltabletter-online\/#breadcrumb","itemListElement":[{"@type":"ListItem","position":1,"name":"Home","item":"https:\/\/psykedelikalsd.com\/"},{"@type":"ListItem","position":2,"name":"Butik","item":"https:\/\/psykedelikalsd.com\/shop\/"},{"@type":"ListItem","position":3,"name":"K\u00f8b LSD geltabletter online"}]},{"@type":"WebSite","@id":"https:\/\/psykedelikalsd.com\/#website","url":"https:\/\/psykedelikalsd.com\/","name":"K\u00f8b LSD-stof online","description":"Bedste sted at k\u00f8be LSD-stoffer online | Bestil DMT-stoffer online","publisher":{"@id":"https:\/\/psykedelikalsd.com\/#organization"},"potentialAction":[{"@type":"SearchAction","target":{"@type":"EntryPoint","urlTemplate":"https:\/\/psykedelikalsd.com\/?s={search_term_string}"},"query-input":{"@type":"PropertyValueSpecification","valueRequired":true,"valueName":"search_term_string"}}],"inLanguage":"en-US"},{"@type":"Organization","@id":"https:\/\/psykedelikalsd.com\/#organization","name":"LSD-forhandler","url":"https:\/\/psykedelikalsd.com\/","logo":{"@type":"ImageObject","inLanguage":"en-US","@id":"https:\/\/psykedelikalsd.com\/#\/schema\/logo\/image\/","url":"https:\/\/psykedelikalsd.com\/wp-content\/uploads\/2022\/02\/cropped-psychedelic-logo.png","contentUrl":"https:\/\/psykedelikalsd.com\/wp-content\/uploads\/2022\/02\/cropped-psychedelic-logo.png","width":512,"height":512,"caption":"LSD-forhandler"},"image":{"@id":"https:\/\/psykedelikalsd.com\/#\/schema\/logo\/image\/"}}]}},"_links":{"self":[{"href":"https:\/\/psykedelikalsd.com\/en\/wp-json\/wp\/v2\/product\/3267","targetHints":{"allow":["GET"]}}],"collection":[{"href":"https:\/\/psykedelikalsd.com\/en\/wp-json\/wp\/v2\/product"}],"about":[{"href":"https:\/\/psykedelikalsd.com\/en\/wp-json\/wp\/v2\/types\/product"}],"replies":[{"embeddable":true,"href":"https:\/\/psykedelikalsd.com\/en\/wp-json\/wp\/v2\/comments?post=3267"}],"wp:featuredmedia":[{"embeddable":true,"href":"https:\/\/psykedelikalsd.com\/en\/wp-json\/wp\/v2\/media\/3580"}],"wp:attachment":[{"href":"https:\/\/psykedelikalsd.com\/en\/wp-json\/wp\/v2\/media?parent=3267"}],"wp:term":[{"taxonomy":"product_brand","embeddable":true,"href":"https:\/\/psykedelikalsd.com\/en\/wp-json\/wp\/v2\/product_brand?post=3267"},{"taxonomy":"product_cat","embeddable":true,"href":"https:\/\/psykedelikalsd.com\/en\/wp-json\/wp\/v2\/product_cat?post=3267"},{"taxonomy":"product_tag","embeddable":true,"href":"https:\/\/psykedelikalsd.com\/en\/wp-json\/wp\/v2\/product_tag?post=3267"}],"curies":[{"name":"wp","href":"https:\/\/api.w.org\/{rel}","templated":true}]}}