{"id":3323,"date":"2022-04-13T21:51:18","date_gmt":"2022-04-13T21:51:18","guid":{"rendered":"https:\/\/psykedelikalsd.com\/?post_type=product&#038;p=3323"},"modified":"2025-08-07T01:05:02","modified_gmt":"2025-08-07T01:05:02","slug":"koeb-oxynorm-oxycodon-10-mg","status":"publish","type":"product","link":"https:\/\/psykedelikalsd.com\/en\/produkt\/koeb-oxynorm-oxycodon-10-mg\/","title":{"rendered":"K\u00f8b Oxynorm (Oxycodon) 10 mg"},"content":{"rendered":"<h2 style=\"text-align: center;\">K\u00f8b Oxynorm (Oxycodon) 10 mg online<\/h2>\n<p>K\u00f8b Oxynorm (Oxycodon) 10 mg. Oxynorm (Oxycodon) behandler moderate til sv\u00e6re smerter, n\u00e5r der er behov for smertelindring d\u00f8gnet rundt i en l\u00e6ngere periode. Oxycodon med langsom frigivelse er et narkotisk stof, der ikke b\u00f8r tages oftere end hver 12. time.<\/p>\n<p>Du kan k\u00f8be Oxynorm (Oxycodon) 10 mg kapsler online uden recept (ingen RX).<\/p>\n<p>Produktprisen er som: pr. 100 kapsler<\/p>\n<p>Minimum ordrem\u00e6ngde er: 100 kapsler<\/p>\n<h3 style=\"text-align: center;\">K\u00f8b Oxynorm (Oxycodon) i Danmark uden recept<\/h3>\n<p>K\u00f8b Oxynorm (<a href=\"https:\/\/svenskapoteket.com\/\">oxycodon<\/a>) i Danmark uden recept hos LSD Leader med fantastiske rabatter og hurtige leveringsmuligheder. Hos LSD Leader forst\u00e5r vi vigtigheden af at give nem og p\u00e5lidelig adgang til medicin. Vi giver dig mulighed for at k\u00f8be Oxynorm online, s\u00e5 du kan f\u00e5 smertelindring uden at forlade dit hjem.<\/p>\n<p>Vores hjemmeside er nem at bruge. Du kan nemt finde og k\u00f8be Oxynorm online sikkert med blot et par klik. Vi s\u00f8rger for, at dine personlige oplysninger er sikre og private under hele processen, oxynorm 5 mg flashback, s\u00e5 du kan slappe af.<\/p>\n<p>N\u00e5r du k\u00f8ber Oxynorm online fra LSDLEADER, kan du ogs\u00e5 drage fordel af vores fantastiske rabatter. Vi mener, at sundhedspleje af h\u00f8j kvalitet skal v\u00e6re overkommelig, og vi str\u00e6ber efter at g\u00f8re vores medicin tilg\u00e6ngelig for alle. Med vores konkurrencedygtige priser kan du spare penge, samtidig med at du f\u00e5r produkter af h\u00f8jeste kvalitet.<\/p>\n<p>Oxynorms gadepris 2018 er det, alle vil vide om i disse dage.<\/p>\n<h3 style=\"text-align: center;\">S\u00e5dan pakker vi Oxynorm 10 mg<\/h3>\n<p>Vi forsegler og m\u00e6rker Oxynorm-pakker diskret for at beskytte privatlivets fred. Hos Lsddealer v\u00e6rds\u00e6tter vi dit privatliv i forbindelse med dine medicinbehov.<\/p>\n<p>Derfor er vi ekstra omhyggelige med at pakke dine Oxynorm 10 mg-ordrer. Vi forsegler hver pakke sikkert for at sikre, at indholdet forbliver intakt under transport. Derudover m\u00e6rker vi pakken diskret, s\u00e5 du kan f\u00f8le dig tryg og vide, at vi beskytter dit privatliv.<\/p>\n<p>Vi mener, at bekvemmelighed b\u00f8r v\u00e6re en prioritet for din sundhedspleje. Derfor tilbyder vi muligheden for at k\u00f8be Oxynorm 10 mg online. Ved blot at browse kan du f\u00e5 din pakke leveret direkte til din d\u00f8r.<\/p>\n<p>Slut med at vente i lange k\u00f8er eller skynde dig til apoteket f\u00f8r lukketid. Vores online platform er tilg\u00e6ngelig 24\/7, oxynorm 10 mg flashback, s\u00e5 du kan handle, n\u00e5r det passer dig. Vi er hovedleverand\u00f8rer af <a href=\"https:\/\/psykedelikalsd.com\/en\/produkt\/koeb-lsd-krystaller-online\/\">LSD<\/a>, men vi s\u00e6lger ogs\u00e5 smertestillende medicin efter behov.<\/p>","protected":false},"excerpt":{"rendered":"<p>Oxycodon er et semisyntetisk opioidl\u00e6gemiddel, der anvendes til behandling af moderate til sv\u00e6re smerter.<\/p>","protected":false},"featured_media":3579,"comment_status":"open","ping_status":"closed","template":"","meta":[],"product_brand":[],"product_cat":[15],"product_tag":[],"class_list":{"0":"post-3323","1":"product","2":"type-product","3":"status-publish","4":"has-post-thumbnail","6":"product_cat-andra","8":"first","9":"instock","10":"shipping-taxable","11":"purchasable","12":"product-type-variable"},"yoast_head":"<!-- This site is optimized with the Yoast SEO plugin v27.4 - https:\/\/yoast.com\/product\/yoast-seo-wordpress\/ -->\n<title>K\u00f8b Oxynorm (Oxycodon) 10 mg . | K\u00f8b LSD online<\/title>\n<meta name=\"description\" content=\"K\u00f8b Oxynorm (Oxycodon) 10 mg. Oxynorm (Oxycodon) behandler moderate til sv\u00e6re smerter, n\u00e5r der er behov for smertelindring d\u00f8gnet rundt i en l\u00e6ngere periode.\" \/>\n<meta name=\"robots\" content=\"index, follow, max-snippet:-1, max-image-preview:large, max-video-preview:-1\" \/>\n<link rel=\"canonical\" href=\"https:\/\/psykedelikalsd.com\/en\/produkt\/koeb-oxynorm-oxycodon-10-mg\/\" \/>\n<meta property=\"og:locale\" content=\"en_US\" \/>\n<meta property=\"og:type\" content=\"article\" \/>\n<meta property=\"og:title\" content=\"K\u00f8b Oxynorm (Oxycodon) 10 mg . | K\u00f8b LSD online\" \/>\n<meta property=\"og:description\" content=\"K\u00f8b Oxynorm (Oxycodon) 10 mg. Oxynorm (Oxycodon) behandler moderate til sv\u00e6re smerter, n\u00e5r der er behov for smertelindring d\u00f8gnet rundt i en l\u00e6ngere periode.\" \/>\n<meta property=\"og:url\" content=\"https:\/\/psykedelikalsd.com\/en\/produkt\/koeb-oxynorm-oxycodon-10-mg\/\" \/>\n<meta property=\"og:site_name\" content=\"K\u00f8b LSD online\" \/>\n<meta property=\"article:modified_time\" content=\"2025-08-07T01:05:02+00:00\" \/>\n<meta property=\"og:image\" content=\"https:\/\/psykedelikalsd.com\/wp-content\/uploads\/2022\/04\/oxynorm-kop.jpg\" \/>\n\t<meta property=\"og:image:width\" content=\"672\" \/>\n\t<meta property=\"og:image:height\" content=\"481\" \/>\n\t<meta property=\"og:image:type\" content=\"image\/jpeg\" \/>\n<meta name=\"twitter:card\" content=\"summary_large_image\" \/>\n<meta name=\"twitter:label1\" content=\"Est. reading time\" \/>\n\t<meta name=\"twitter:data1\" content=\"2 minutes\" \/>\n<script type=\"application\/ld+json\" class=\"yoast-schema-graph\">{\"@context\":\"https:\\\/\\\/schema.org\",\"@graph\":[{\"@type\":\"WebPage\",\"@id\":\"https:\\\/\\\/psykedelikalsd.com\\\/produkt\\\/koeb-oxynorm-oxycodon-10-mg\\\/\",\"url\":\"https:\\\/\\\/psykedelikalsd.com\\\/produkt\\\/koeb-oxynorm-oxycodon-10-mg\\\/\",\"name\":\"K\u00f8b Oxynorm (Oxycodon) 10 mg . | K\u00f8b LSD online\",\"isPartOf\":{\"@id\":\"https:\\\/\\\/psykedelikalsd.com\\\/#website\"},\"primaryImageOfPage\":{\"@id\":\"https:\\\/\\\/psykedelikalsd.com\\\/produkt\\\/koeb-oxynorm-oxycodon-10-mg\\\/#primaryimage\"},\"image\":{\"@id\":\"https:\\\/\\\/psykedelikalsd.com\\\/produkt\\\/koeb-oxynorm-oxycodon-10-mg\\\/#primaryimage\"},\"thumbnailUrl\":\"https:\\\/\\\/psykedelikalsd.com\\\/wp-content\\\/uploads\\\/2022\\\/04\\\/oxynorm-kop.jpg\",\"datePublished\":\"2022-04-13T21:51:18+00:00\",\"dateModified\":\"2025-08-07T01:05:02+00:00\",\"description\":\"K\u00f8b Oxynorm (Oxycodon) 10 mg. Oxynorm (Oxycodon) behandler moderate til sv\u00e6re smerter, n\u00e5r der er behov for smertelindring d\u00f8gnet rundt i en l\u00e6ngere periode.\",\"breadcrumb\":{\"@id\":\"https:\\\/\\\/psykedelikalsd.com\\\/produkt\\\/koeb-oxynorm-oxycodon-10-mg\\\/#breadcrumb\"},\"inLanguage\":\"en-US\",\"potentialAction\":[{\"@type\":\"ReadAction\",\"target\":[\"https:\\\/\\\/psykedelikalsd.com\\\/produkt\\\/koeb-oxynorm-oxycodon-10-mg\\\/\"]}]},{\"@type\":\"ImageObject\",\"inLanguage\":\"en-US\",\"@id\":\"https:\\\/\\\/psykedelikalsd.com\\\/produkt\\\/koeb-oxynorm-oxycodon-10-mg\\\/#primaryimage\",\"url\":\"https:\\\/\\\/psykedelikalsd.com\\\/wp-content\\\/uploads\\\/2022\\\/04\\\/oxynorm-kop.jpg\",\"contentUrl\":\"https:\\\/\\\/psykedelikalsd.com\\\/wp-content\\\/uploads\\\/2022\\\/04\\\/oxynorm-kop.jpg\",\"width\":672,\"height\":481,\"caption\":\"K\u00f8b Oxynorm (Oxycodon) 10 mg\"},{\"@type\":\"BreadcrumbList\",\"@id\":\"https:\\\/\\\/psykedelikalsd.com\\\/produkt\\\/koeb-oxynorm-oxycodon-10-mg\\\/#breadcrumb\",\"itemListElement\":[{\"@type\":\"ListItem\",\"position\":1,\"name\":\"Home\",\"item\":\"https:\\\/\\\/psykedelikalsd.com\\\/\"},{\"@type\":\"ListItem\",\"position\":2,\"name\":\"Butik\",\"item\":\"https:\\\/\\\/psykedelikalsd.com\\\/shop\\\/\"},{\"@type\":\"ListItem\",\"position\":3,\"name\":\"K\u00f8b Oxynorm (Oxycodon) 10 mg\"}]},{\"@type\":\"WebSite\",\"@id\":\"https:\\\/\\\/psykedelikalsd.com\\\/#website\",\"url\":\"https:\\\/\\\/psykedelikalsd.com\\\/\",\"name\":\"K\u00f8b LSD-stof online\",\"description\":\"Bedste sted at k\u00f8be LSD-stoffer online | Bestil DMT-stoffer online\",\"publisher\":{\"@id\":\"https:\\\/\\\/psykedelikalsd.com\\\/#organization\"},\"potentialAction\":[{\"@type\":\"SearchAction\",\"target\":{\"@type\":\"EntryPoint\",\"urlTemplate\":\"https:\\\/\\\/psykedelikalsd.com\\\/?s={search_term_string}\"},\"query-input\":{\"@type\":\"PropertyValueSpecification\",\"valueRequired\":true,\"valueName\":\"search_term_string\"}}],\"inLanguage\":\"en-US\"},{\"@type\":\"Organization\",\"@id\":\"https:\\\/\\\/psykedelikalsd.com\\\/#organization\",\"name\":\"LSD-forhandler\",\"url\":\"https:\\\/\\\/psykedelikalsd.com\\\/\",\"logo\":{\"@type\":\"ImageObject\",\"inLanguage\":\"en-US\",\"@id\":\"https:\\\/\\\/psykedelikalsd.com\\\/#\\\/schema\\\/logo\\\/image\\\/\",\"url\":\"https:\\\/\\\/psykedelikalsd.com\\\/wp-content\\\/uploads\\\/2022\\\/02\\\/cropped-psychedelic-logo.png\",\"contentUrl\":\"https:\\\/\\\/psykedelikalsd.com\\\/wp-content\\\/uploads\\\/2022\\\/02\\\/cropped-psychedelic-logo.png\",\"width\":512,\"height\":512,\"caption\":\"LSD-forhandler\"},\"image\":{\"@id\":\"https:\\\/\\\/psykedelikalsd.com\\\/#\\\/schema\\\/logo\\\/image\\\/\"}}]}<\/script>\n<!-- \/ Yoast SEO plugin. -->","yoast_head_json":{"title":"K\u00f8b Oxynorm (Oxycodon) 10 mg . | K\u00f8b LSD online","description":"K\u00f8b Oxynorm (Oxycodon) 10 mg. Oxynorm (Oxycodon) behandler moderate til sv\u00e6re smerter, n\u00e5r der er behov for smertelindring d\u00f8gnet rundt i en l\u00e6ngere periode.","robots":{"index":"index","follow":"follow","max-snippet":"max-snippet:-1","max-image-preview":"max-image-preview:large","max-video-preview":"max-video-preview:-1"},"canonical":"https:\/\/psykedelikalsd.com\/en\/produkt\/koeb-oxynorm-oxycodon-10-mg\/","og_locale":"en_US","og_type":"article","og_title":"K\u00f8b Oxynorm (Oxycodon) 10 mg . | K\u00f8b LSD online","og_description":"K\u00f8b Oxynorm (Oxycodon) 10 mg. Oxynorm (Oxycodon) behandler moderate til sv\u00e6re smerter, n\u00e5r der er behov for smertelindring d\u00f8gnet rundt i en l\u00e6ngere periode.","og_url":"https:\/\/psykedelikalsd.com\/en\/produkt\/koeb-oxynorm-oxycodon-10-mg\/","og_site_name":"K\u00f8b LSD online","article_modified_time":"2025-08-07T01:05:02+00:00","og_image":[{"width":672,"height":481,"url":"https:\/\/psykedelikalsd.com\/wp-content\/uploads\/2022\/04\/oxynorm-kop.jpg","type":"image\/jpeg"}],"twitter_card":"summary_large_image","twitter_misc":{"Est. reading time":"2 minutes"},"schema":{"@context":"https:\/\/schema.org","@graph":[{"@type":"WebPage","@id":"https:\/\/psykedelikalsd.com\/produkt\/koeb-oxynorm-oxycodon-10-mg\/","url":"https:\/\/psykedelikalsd.com\/produkt\/koeb-oxynorm-oxycodon-10-mg\/","name":"K\u00f8b Oxynorm (Oxycodon) 10 mg . | K\u00f8b LSD online","isPartOf":{"@id":"https:\/\/psykedelikalsd.com\/#website"},"primaryImageOfPage":{"@id":"https:\/\/psykedelikalsd.com\/produkt\/koeb-oxynorm-oxycodon-10-mg\/#primaryimage"},"image":{"@id":"https:\/\/psykedelikalsd.com\/produkt\/koeb-oxynorm-oxycodon-10-mg\/#primaryimage"},"thumbnailUrl":"https:\/\/psykedelikalsd.com\/wp-content\/uploads\/2022\/04\/oxynorm-kop.jpg","datePublished":"2022-04-13T21:51:18+00:00","dateModified":"2025-08-07T01:05:02+00:00","description":"K\u00f8b Oxynorm (Oxycodon) 10 mg. Oxynorm (Oxycodon) behandler moderate til sv\u00e6re smerter, n\u00e5r der er behov for smertelindring d\u00f8gnet rundt i en l\u00e6ngere periode.","breadcrumb":{"@id":"https:\/\/psykedelikalsd.com\/produkt\/koeb-oxynorm-oxycodon-10-mg\/#breadcrumb"},"inLanguage":"en-US","potentialAction":[{"@type":"ReadAction","target":["https:\/\/psykedelikalsd.com\/produkt\/koeb-oxynorm-oxycodon-10-mg\/"]}]},{"@type":"ImageObject","inLanguage":"en-US","@id":"https:\/\/psykedelikalsd.com\/produkt\/koeb-oxynorm-oxycodon-10-mg\/#primaryimage","url":"https:\/\/psykedelikalsd.com\/wp-content\/uploads\/2022\/04\/oxynorm-kop.jpg","contentUrl":"https:\/\/psykedelikalsd.com\/wp-content\/uploads\/2022\/04\/oxynorm-kop.jpg","width":672,"height":481,"caption":"K\u00f8b Oxynorm (Oxycodon) 10 mg"},{"@type":"BreadcrumbList","@id":"https:\/\/psykedelikalsd.com\/produkt\/koeb-oxynorm-oxycodon-10-mg\/#breadcrumb","itemListElement":[{"@type":"ListItem","position":1,"name":"Home","item":"https:\/\/psykedelikalsd.com\/"},{"@type":"ListItem","position":2,"name":"Butik","item":"https:\/\/psykedelikalsd.com\/shop\/"},{"@type":"ListItem","position":3,"name":"K\u00f8b Oxynorm (Oxycodon) 10 mg"}]},{"@type":"WebSite","@id":"https:\/\/psykedelikalsd.com\/#website","url":"https:\/\/psykedelikalsd.com\/","name":"K\u00f8b LSD-stof online","description":"Bedste sted at k\u00f8be LSD-stoffer online | Bestil DMT-stoffer online","publisher":{"@id":"https:\/\/psykedelikalsd.com\/#organization"},"potentialAction":[{"@type":"SearchAction","target":{"@type":"EntryPoint","urlTemplate":"https:\/\/psykedelikalsd.com\/?s={search_term_string}"},"query-input":{"@type":"PropertyValueSpecification","valueRequired":true,"valueName":"search_term_string"}}],"inLanguage":"en-US"},{"@type":"Organization","@id":"https:\/\/psykedelikalsd.com\/#organization","name":"LSD-forhandler","url":"https:\/\/psykedelikalsd.com\/","logo":{"@type":"ImageObject","inLanguage":"en-US","@id":"https:\/\/psykedelikalsd.com\/#\/schema\/logo\/image\/","url":"https:\/\/psykedelikalsd.com\/wp-content\/uploads\/2022\/02\/cropped-psychedelic-logo.png","contentUrl":"https:\/\/psykedelikalsd.com\/wp-content\/uploads\/2022\/02\/cropped-psychedelic-logo.png","width":512,"height":512,"caption":"LSD-forhandler"},"image":{"@id":"https:\/\/psykedelikalsd.com\/#\/schema\/logo\/image\/"}}]}},"_links":{"self":[{"href":"https:\/\/psykedelikalsd.com\/en\/wp-json\/wp\/v2\/product\/3323","targetHints":{"allow":["GET"]}}],"collection":[{"href":"https:\/\/psykedelikalsd.com\/en\/wp-json\/wp\/v2\/product"}],"about":[{"href":"https:\/\/psykedelikalsd.com\/en\/wp-json\/wp\/v2\/types\/product"}],"replies":[{"embeddable":true,"href":"https:\/\/psykedelikalsd.com\/en\/wp-json\/wp\/v2\/comments?post=3323"}],"wp:featuredmedia":[{"embeddable":true,"href":"https:\/\/psykedelikalsd.com\/en\/wp-json\/wp\/v2\/media\/3579"}],"wp:attachment":[{"href":"https:\/\/psykedelikalsd.com\/en\/wp-json\/wp\/v2\/media?parent=3323"}],"wp:term":[{"taxonomy":"product_brand","embeddable":true,"href":"https:\/\/psykedelikalsd.com\/en\/wp-json\/wp\/v2\/product_brand?post=3323"},{"taxonomy":"product_cat","embeddable":true,"href":"https:\/\/psykedelikalsd.com\/en\/wp-json\/wp\/v2\/product_cat?post=3323"},{"taxonomy":"product_tag","embeddable":true,"href":"https:\/\/psykedelikalsd.com\/en\/wp-json\/wp\/v2\/product_tag?post=3323"}],"curies":[{"name":"wp","href":"https:\/\/api.w.org\/{rel}","templated":true}]}}