{"id":3355,"date":"2022-06-23T13:31:19","date_gmt":"2022-06-23T13:31:19","guid":{"rendered":"https:\/\/psykedelikalsd.com\/?post_type=product&#038;p=3355"},"modified":"2026-04-08T09:58:00","modified_gmt":"2026-04-08T09:58:00","slug":"koeb-lsd-krystaller-online","status":"publish","type":"product","link":"https:\/\/psykedelikalsd.com\/en\/produkt\/koeb-lsd-krystaller-online\/","title":{"rendered":"K\u00f8b LSD-krystaller online"},"content":{"rendered":"<h2 style=\"text-align: center;\">K\u00f8b LSD-krystaller online<\/h2>\n<p>K\u00f8b LSD-krystaller online. LSD er et af de mest potente, hum\u00f8rsvingende kemikalier. Det er fremstillet af lysergsyre, som findes i ergot-svampen, der vokser p\u00e5 rug og andre kornsorter. k\u00f8b teachers gaze lsd online<\/p>\n<p>Det produceres i krystalform i vores laboratorier, hovedsageligt i USA og Danmark. Disse krystaller omdannes til en v\u00e6ske til distribution. Det er lugtfrit, farvel\u00f8st og har en let bitter smag.<\/p>\n<p>LSD-krystal bliver normalt renset og omkrystalliseret et par gange. Det er altid et meget, meget, luftigt pulver fra dine lokale s\u00e6lgere. Hvis du gerne vil se en klump LSD-krystal, s\u00e5 k\u00f8b LSD-krystal fra os i dag. Det vil ikke kunne lide krystal som f.eks. ketamin eller mdma igen i den almindelige gadeoplevelse.<\/p>\n<h3 style=\"text-align: center;\">Hvordan produceres og s\u00e6lges LSD-krystal?<\/h3>\n<p>N\u00e5r LSD syntetiseres, har slutproduktet en krystallinsk struktur, hvilket er grunden til, at folk omtaler det som krystal. <a href=\"https:\/\/psykedelikalsd.com\/en\/produkt\/koeb-lsd-vaeske-300%c2%b5g-online\/\">LSD<\/a>-forhandlere s\u00e6lger derefter deres krystal-LSD i gram til lokale distribut\u00f8rer. Denne distribut\u00f8r vil sandsynligvis s\u00e6lge noget krystal, men det meste af deres forretning kommer sandsynligvis fra salg af LSD p\u00e5 tr\u00e6kpapir, i geler eller i en flydende opl\u00f8sning.<\/p>\n<p>For at lave en flydende opl\u00f8sning opl\u00f8ses en bestemt m\u00e6ngde LSD-krystal i en bestemt m\u00e6ngde v\u00e6ske (typisk ethanol), s\u00e5 hver dr\u00e5be er en enkelt dosis. For at forberede tr\u00e6kpapir h\u00e6lder du en flydende opl\u00f8sning (typisk indeholdende ca. et gram LSD) i en gryde, l\u00e6gger derefter et ark tr\u00e6kpapir (900 firkanter) i den for at absorbere v\u00e6sken, hvorefter alkoholen lades fordampe. Du kunne hypotetisk placere en enkelt dr\u00e5be v\u00e6ske p\u00e5 hver firkant, men det ville tage meget mere tid og kr\u00e6fter. Geler laves ved at blande krystal-<a href=\"https:\/\/psykedeliskagemenskap.com\/\">LSD<\/a> i en gelatineblanding og derefter lade den h\u00e6rde i en form.<\/p>","protected":false},"excerpt":{"rendered":"<p>Krystallen af lysergsyrediethylamid (LSD) er et syntetisk kemikalie udvundet af et stof, der findes i ergot, en svamp (korn), der inficerer rug.<\/p>\n<p>Det siges, at hallucinationer potentielt kan udl\u00f8se problemer med LSD-krystallen. Serotonin er en receptor i hjernen, der kan tillade handlinger og sanser at fungere og moderere f\u00f8lelser.<\/p>","protected":false},"featured_media":3356,"comment_status":"open","ping_status":"closed","template":"","meta":[],"product_brand":[],"product_cat":[70],"product_tag":[1692,1693,1694,1714,1699,1710,1717,1698,1695,1697,1700,1706,1702,1701,1707,1705,1704,1708,1709,1703,1696,1711,1712,1713,1716,1715],"class_list":{"0":"post-3355","1":"product","2":"type-product","3":"status-publish","4":"has-post-thumbnail","6":"product_cat-lsd","7":"product_tag-1-mg-lsd-krystal","8":"product_tag-1p-lsd-krystal","9":"product_tag-1p-lsd-krystal-10-mg","10":"product_tag-enkelt-dosis-lsd-krystal","11":"product_tag-flydende-lsd-krystal","12":"product_tag-fremstilling-af-lsd","13":"product_tag-hvor-faar-folk-lsd-krystal","14":"product_tag-hvordan-man-bruger-lsd-krystal","15":"product_tag-koeb-lsd-krystal","16":"product_tag-krystal-lsd-krystal-naalepunkt","17":"product_tag-lsd-krystal","18":"product_tag-lsd-krystal-billeder","19":"product_tag-lsd-krystal-darknet","20":"product_tag-lsd-krystal-farver","21":"product_tag-lsd-krystal-form","22":"product_tag-lsd-krystal-halskaede","23":"product_tag-lsd-krystal-meth","24":"product_tag-lsd-krystal-tablet","25":"product_tag-lsd-krystal-til-blotter","26":"product_tag-lsd-krystal-til-salg","27":"product_tag-pris-krystal","28":"product_tag-pris-paa-lsd-krystal","29":"product_tag-raa-lsd-krystal","30":"product_tag-roth-2b-lsd-krystalstruktur","31":"product_tag-sniffe-ren-lsd-krystal","32":"product_tag-stoerrelse-paa-lsd-krystal-til-100-hits","34":"first","35":"instock","36":"shipping-taxable","37":"purchasable","38":"product-type-variable"},"yoast_head":"<!-- This site is optimized with the Yoast SEO plugin v27.4 - https:\/\/yoast.com\/product\/yoast-seo-wordpress\/ -->\n<title>K\u00f8b LSD-krystaller online | K\u00f8b LSD online<\/title>\n<meta name=\"description\" content=\"K\u00f8b LSD-krystaller online. Det er fremstillet af lysergsyre, som findes i ergot-svampen, der vokser p\u00e5 rug og andre kornsorter.\" \/>\n<meta name=\"robots\" content=\"index, follow, max-snippet:-1, max-image-preview:large, max-video-preview:-1\" \/>\n<link rel=\"canonical\" href=\"https:\/\/psykedelikalsd.com\/en\/produkt\/koeb-lsd-krystaller-online\/\" \/>\n<meta property=\"og:locale\" content=\"en_US\" \/>\n<meta property=\"og:type\" content=\"article\" \/>\n<meta property=\"og:title\" content=\"K\u00f8b LSD-krystaller online | K\u00f8b LSD online\" \/>\n<meta property=\"og:description\" content=\"K\u00f8b LSD-krystaller online. Det er fremstillet af lysergsyre, som findes i ergot-svampen, der vokser p\u00e5 rug og andre kornsorter.\" \/>\n<meta property=\"og:url\" content=\"https:\/\/psykedelikalsd.com\/en\/produkt\/koeb-lsd-krystaller-online\/\" \/>\n<meta property=\"og:site_name\" content=\"K\u00f8b LSD online\" \/>\n<meta property=\"article:modified_time\" content=\"2026-04-08T09:58:00+00:00\" \/>\n<meta property=\"og:image\" content=\"https:\/\/psykedelikalsd.com\/wp-content\/uploads\/2022\/06\/product-290300-t-1526708620-o.jpg\" \/>\n\t<meta property=\"og:image:width\" content=\"420\" \/>\n\t<meta property=\"og:image:height\" content=\"420\" \/>\n\t<meta property=\"og:image:type\" content=\"image\/jpeg\" \/>\n<meta name=\"twitter:card\" content=\"summary_large_image\" \/>\n<meta name=\"twitter:label1\" content=\"Est. reading time\" \/>\n\t<meta name=\"twitter:data1\" content=\"4 minutes\" \/>\n<script type=\"application\/ld+json\" class=\"yoast-schema-graph\">{\"@context\":\"https:\\\/\\\/schema.org\",\"@graph\":[{\"@type\":\"WebPage\",\"@id\":\"https:\\\/\\\/psykedelikalsd.com\\\/produkt\\\/koeb-lsd-krystaller-online\\\/\",\"url\":\"https:\\\/\\\/psykedelikalsd.com\\\/produkt\\\/koeb-lsd-krystaller-online\\\/\",\"name\":\"K\u00f8b LSD-krystaller online | K\u00f8b LSD online\",\"isPartOf\":{\"@id\":\"https:\\\/\\\/psykedelikalsd.com\\\/#website\"},\"primaryImageOfPage\":{\"@id\":\"https:\\\/\\\/psykedelikalsd.com\\\/produkt\\\/koeb-lsd-krystaller-online\\\/#primaryimage\"},\"image\":{\"@id\":\"https:\\\/\\\/psykedelikalsd.com\\\/produkt\\\/koeb-lsd-krystaller-online\\\/#primaryimage\"},\"thumbnailUrl\":\"https:\\\/\\\/psykedelikalsd.com\\\/wp-content\\\/uploads\\\/2022\\\/06\\\/product-290300-t-1526708620-o.jpg\",\"datePublished\":\"2022-06-23T13:31:19+00:00\",\"dateModified\":\"2026-04-08T09:58:00+00:00\",\"description\":\"K\u00f8b LSD-krystaller online. Det er fremstillet af lysergsyre, som findes i ergot-svampen, der vokser p\u00e5 rug og andre kornsorter.\",\"breadcrumb\":{\"@id\":\"https:\\\/\\\/psykedelikalsd.com\\\/produkt\\\/koeb-lsd-krystaller-online\\\/#breadcrumb\"},\"inLanguage\":\"en-US\",\"potentialAction\":[{\"@type\":\"ReadAction\",\"target\":[\"https:\\\/\\\/psykedelikalsd.com\\\/produkt\\\/koeb-lsd-krystaller-online\\\/\"]}]},{\"@type\":\"ImageObject\",\"inLanguage\":\"en-US\",\"@id\":\"https:\\\/\\\/psykedelikalsd.com\\\/produkt\\\/koeb-lsd-krystaller-online\\\/#primaryimage\",\"url\":\"https:\\\/\\\/psykedelikalsd.com\\\/wp-content\\\/uploads\\\/2022\\\/06\\\/product-290300-t-1526708620-o.jpg\",\"contentUrl\":\"https:\\\/\\\/psykedelikalsd.com\\\/wp-content\\\/uploads\\\/2022\\\/06\\\/product-290300-t-1526708620-o.jpg\",\"width\":420,\"height\":420,\"caption\":\"K\u00f8b LSD-krystaller online\"},{\"@type\":\"BreadcrumbList\",\"@id\":\"https:\\\/\\\/psykedelikalsd.com\\\/produkt\\\/koeb-lsd-krystaller-online\\\/#breadcrumb\",\"itemListElement\":[{\"@type\":\"ListItem\",\"position\":1,\"name\":\"Home\",\"item\":\"https:\\\/\\\/psykedelikalsd.com\\\/\"},{\"@type\":\"ListItem\",\"position\":2,\"name\":\"Butik\",\"item\":\"https:\\\/\\\/psykedelikalsd.com\\\/shop\\\/\"},{\"@type\":\"ListItem\",\"position\":3,\"name\":\"K\u00f8b LSD-krystaller online\"}]},{\"@type\":\"WebSite\",\"@id\":\"https:\\\/\\\/psykedelikalsd.com\\\/#website\",\"url\":\"https:\\\/\\\/psykedelikalsd.com\\\/\",\"name\":\"K\u00f8b LSD-stof online\",\"description\":\"Bedste sted at k\u00f8be LSD-stoffer online | Bestil DMT-stoffer online\",\"publisher\":{\"@id\":\"https:\\\/\\\/psykedelikalsd.com\\\/#organization\"},\"potentialAction\":[{\"@type\":\"SearchAction\",\"target\":{\"@type\":\"EntryPoint\",\"urlTemplate\":\"https:\\\/\\\/psykedelikalsd.com\\\/?s={search_term_string}\"},\"query-input\":{\"@type\":\"PropertyValueSpecification\",\"valueRequired\":true,\"valueName\":\"search_term_string\"}}],\"inLanguage\":\"en-US\"},{\"@type\":\"Organization\",\"@id\":\"https:\\\/\\\/psykedelikalsd.com\\\/#organization\",\"name\":\"LSD-forhandler\",\"url\":\"https:\\\/\\\/psykedelikalsd.com\\\/\",\"logo\":{\"@type\":\"ImageObject\",\"inLanguage\":\"en-US\",\"@id\":\"https:\\\/\\\/psykedelikalsd.com\\\/#\\\/schema\\\/logo\\\/image\\\/\",\"url\":\"https:\\\/\\\/psykedelikalsd.com\\\/wp-content\\\/uploads\\\/2022\\\/02\\\/cropped-psychedelic-logo.png\",\"contentUrl\":\"https:\\\/\\\/psykedelikalsd.com\\\/wp-content\\\/uploads\\\/2022\\\/02\\\/cropped-psychedelic-logo.png\",\"width\":512,\"height\":512,\"caption\":\"LSD-forhandler\"},\"image\":{\"@id\":\"https:\\\/\\\/psykedelikalsd.com\\\/#\\\/schema\\\/logo\\\/image\\\/\"}}]}<\/script>\n<!-- \/ Yoast SEO plugin. -->","yoast_head_json":{"title":"K\u00f8b LSD-krystaller online | K\u00f8b LSD online","description":"K\u00f8b LSD-krystaller online. Det er fremstillet af lysergsyre, som findes i ergot-svampen, der vokser p\u00e5 rug og andre kornsorter.","robots":{"index":"index","follow":"follow","max-snippet":"max-snippet:-1","max-image-preview":"max-image-preview:large","max-video-preview":"max-video-preview:-1"},"canonical":"https:\/\/psykedelikalsd.com\/en\/produkt\/koeb-lsd-krystaller-online\/","og_locale":"en_US","og_type":"article","og_title":"K\u00f8b LSD-krystaller online | K\u00f8b LSD online","og_description":"K\u00f8b LSD-krystaller online. Det er fremstillet af lysergsyre, som findes i ergot-svampen, der vokser p\u00e5 rug og andre kornsorter.","og_url":"https:\/\/psykedelikalsd.com\/en\/produkt\/koeb-lsd-krystaller-online\/","og_site_name":"K\u00f8b LSD online","article_modified_time":"2026-04-08T09:58:00+00:00","og_image":[{"width":420,"height":420,"url":"https:\/\/psykedelikalsd.com\/wp-content\/uploads\/2022\/06\/product-290300-t-1526708620-o.jpg","type":"image\/jpeg"}],"twitter_card":"summary_large_image","twitter_misc":{"Est. reading time":"4 minutes"},"schema":{"@context":"https:\/\/schema.org","@graph":[{"@type":"WebPage","@id":"https:\/\/psykedelikalsd.com\/produkt\/koeb-lsd-krystaller-online\/","url":"https:\/\/psykedelikalsd.com\/produkt\/koeb-lsd-krystaller-online\/","name":"K\u00f8b LSD-krystaller online | K\u00f8b LSD online","isPartOf":{"@id":"https:\/\/psykedelikalsd.com\/#website"},"primaryImageOfPage":{"@id":"https:\/\/psykedelikalsd.com\/produkt\/koeb-lsd-krystaller-online\/#primaryimage"},"image":{"@id":"https:\/\/psykedelikalsd.com\/produkt\/koeb-lsd-krystaller-online\/#primaryimage"},"thumbnailUrl":"https:\/\/psykedelikalsd.com\/wp-content\/uploads\/2022\/06\/product-290300-t-1526708620-o.jpg","datePublished":"2022-06-23T13:31:19+00:00","dateModified":"2026-04-08T09:58:00+00:00","description":"K\u00f8b LSD-krystaller online. Det er fremstillet af lysergsyre, som findes i ergot-svampen, der vokser p\u00e5 rug og andre kornsorter.","breadcrumb":{"@id":"https:\/\/psykedelikalsd.com\/produkt\/koeb-lsd-krystaller-online\/#breadcrumb"},"inLanguage":"en-US","potentialAction":[{"@type":"ReadAction","target":["https:\/\/psykedelikalsd.com\/produkt\/koeb-lsd-krystaller-online\/"]}]},{"@type":"ImageObject","inLanguage":"en-US","@id":"https:\/\/psykedelikalsd.com\/produkt\/koeb-lsd-krystaller-online\/#primaryimage","url":"https:\/\/psykedelikalsd.com\/wp-content\/uploads\/2022\/06\/product-290300-t-1526708620-o.jpg","contentUrl":"https:\/\/psykedelikalsd.com\/wp-content\/uploads\/2022\/06\/product-290300-t-1526708620-o.jpg","width":420,"height":420,"caption":"K\u00f8b LSD-krystaller online"},{"@type":"BreadcrumbList","@id":"https:\/\/psykedelikalsd.com\/produkt\/koeb-lsd-krystaller-online\/#breadcrumb","itemListElement":[{"@type":"ListItem","position":1,"name":"Home","item":"https:\/\/psykedelikalsd.com\/"},{"@type":"ListItem","position":2,"name":"Butik","item":"https:\/\/psykedelikalsd.com\/shop\/"},{"@type":"ListItem","position":3,"name":"K\u00f8b LSD-krystaller online"}]},{"@type":"WebSite","@id":"https:\/\/psykedelikalsd.com\/#website","url":"https:\/\/psykedelikalsd.com\/","name":"K\u00f8b LSD-stof online","description":"Bedste sted at k\u00f8be LSD-stoffer online | Bestil DMT-stoffer online","publisher":{"@id":"https:\/\/psykedelikalsd.com\/#organization"},"potentialAction":[{"@type":"SearchAction","target":{"@type":"EntryPoint","urlTemplate":"https:\/\/psykedelikalsd.com\/?s={search_term_string}"},"query-input":{"@type":"PropertyValueSpecification","valueRequired":true,"valueName":"search_term_string"}}],"inLanguage":"en-US"},{"@type":"Organization","@id":"https:\/\/psykedelikalsd.com\/#organization","name":"LSD-forhandler","url":"https:\/\/psykedelikalsd.com\/","logo":{"@type":"ImageObject","inLanguage":"en-US","@id":"https:\/\/psykedelikalsd.com\/#\/schema\/logo\/image\/","url":"https:\/\/psykedelikalsd.com\/wp-content\/uploads\/2022\/02\/cropped-psychedelic-logo.png","contentUrl":"https:\/\/psykedelikalsd.com\/wp-content\/uploads\/2022\/02\/cropped-psychedelic-logo.png","width":512,"height":512,"caption":"LSD-forhandler"},"image":{"@id":"https:\/\/psykedelikalsd.com\/#\/schema\/logo\/image\/"}}]}},"_links":{"self":[{"href":"https:\/\/psykedelikalsd.com\/en\/wp-json\/wp\/v2\/product\/3355","targetHints":{"allow":["GET"]}}],"collection":[{"href":"https:\/\/psykedelikalsd.com\/en\/wp-json\/wp\/v2\/product"}],"about":[{"href":"https:\/\/psykedelikalsd.com\/en\/wp-json\/wp\/v2\/types\/product"}],"replies":[{"embeddable":true,"href":"https:\/\/psykedelikalsd.com\/en\/wp-json\/wp\/v2\/comments?post=3355"}],"wp:featuredmedia":[{"embeddable":true,"href":"https:\/\/psykedelikalsd.com\/en\/wp-json\/wp\/v2\/media\/3356"}],"wp:attachment":[{"href":"https:\/\/psykedelikalsd.com\/en\/wp-json\/wp\/v2\/media?parent=3355"}],"wp:term":[{"taxonomy":"product_brand","embeddable":true,"href":"https:\/\/psykedelikalsd.com\/en\/wp-json\/wp\/v2\/product_brand?post=3355"},{"taxonomy":"product_cat","embeddable":true,"href":"https:\/\/psykedelikalsd.com\/en\/wp-json\/wp\/v2\/product_cat?post=3355"},{"taxonomy":"product_tag","embeddable":true,"href":"https:\/\/psykedelikalsd.com\/en\/wp-json\/wp\/v2\/product_tag?post=3355"}],"curies":[{"name":"wp","href":"https:\/\/api.w.org\/{rel}","templated":true}]}}