{"id":3361,"date":"2022-06-23T13:48:48","date_gmt":"2022-06-23T13:48:48","guid":{"rendered":"https:\/\/psykedelikalsd.com\/?post_type=product&#038;p=3361"},"modified":"2026-02-26T02:01:55","modified_gmt":"2026-02-26T02:01:55","slug":"koeb-lsd-vaeske-300%c2%b5g-online","status":"publish","type":"product","link":"https:\/\/psykedelikalsd.com\/en\/produkt\/koeb-lsd-vaeske-300%c2%b5g-online\/","title":{"rendered":"K\u00f8b LSD-v\u00e6ske 300\u00b5g online"},"content":{"rendered":"<h2 style=\"text-align: center;\">K\u00f8b LSD-v\u00e6ske 300\u00b5g online<\/h2>\n<p>K\u00f8b LSD-v\u00e6ske 300\u00b5g online. For at lave en flydende opl\u00f8sning opl\u00f8ses en bestemt m\u00e6ngde LSD-krystal i en bestemt m\u00e6ngde v\u00e6ske (typisk ethanol, hvis jeg ikke tager fejl), s\u00e5 hver dr\u00e5be er en enkelt dosis. For at forberede et tr\u00e6kpapir h\u00e6lder du en flydende opl\u00f8sning (typisk indeholdende ca. et gram LSD) i en gryde. L\u00e6g derefter et ark tr\u00e6kpapir (900 firkanter) i det for at absorbere v\u00e6sken. Alkoholen lades derefter fordampe. Du kunne hypotetisk placere en enkelt dr\u00e5be v\u00e6ske p\u00e5 hver firkant, men det ville tage meget mere tid og kr\u00e6fter. Geler fremstilles ved at blande LSD-krystallen i en gelatineblanding og derefter lade den h\u00e6rde i en form.<\/p>\n<p>F\u00f8r du k\u00f8ber LSD-v\u00e6ske online, b\u00f8r du kende lidt til gadenavnene p\u00e5 LSD.<\/p>\n<p>Gadenavne for <a href=\"https:\/\/psykedelikalsd.com\/en\/produkt\/koeb-lsd-ark-online\/\">LSD<\/a> inkluderer syre, tr\u00e6kpapir, syre, bl\u00e5 cheer, elektrisk Kool-Aid, hits, Lucy in the sky with diamonds, mellow yellow, microdots, lilla dis, sukkerterninger, solskinsfaner og vinduesrude.<\/p>\n<h3>Hvad er nogle af virkningerne af LSD-v\u00e6ske?<\/h3>\n<p>LSD-v\u00e6ske er en sinds\u00e6ndrende form for <a href=\"http:\/\/comprelsdon-line.com\/\">LSD<\/a>. Det betyder, at den virker p\u00e5 din hjerne (centralnervesystemet) og \u00e6ndrer dit hum\u00f8r, din adf\u00e6rd og den m\u00e5de, du forholder dig til verden omkring dig p\u00e5. LSD p\u00e5virker virkningen af dit hjernekemikalie kaldet serotonin. Serotonin hj\u00e6lper med at kontrollere adf\u00e6rd, hum\u00f8r, sanser og t\u00e6nkning. Mange mennesker f\u00e5r en trip dusinvis og endda hundredvis af gange uden st\u00f8rre bivirkninger. De, der udvikler HPPD, er normalt synsrelaterede tilf\u00e6lde, is\u00e6r med klassiske psykedelika. Alligevel er dine symptomer smerterelaterede og udvikles efter kun to trips og en uge efter den sidste ovenik\u00f8bet. Nogle af de v\u00e6sentligste bivirkninger, som folk kan opleve med LSD 300\u00b5g trips, er: Intens angst, konstant dissociation, tinnitus, tryk i hovedet og migr\u00e6ne.<\/p>","protected":false},"excerpt":{"rendered":"<p>Dette er ogs\u00e5 som et hum\u00f8rsvingende kemikalie med meget h\u00f8j potens.<\/p>","protected":false},"featured_media":3362,"comment_status":"open","ping_status":"closed","template":"","meta":[],"product_brand":[],"product_cat":[70],"product_tag":[967,968,969,970,407,408,971,979,980,981,982,983,978,996,973,974,977,976,989,985,993,995,992,984,990,994,986,991,406,987,988,997,972,975,998],"class_list":{"0":"post-3361","1":"product","2":"type-product","3":"status-publish","4":"has-post-thumbnail","6":"product_cat-lsd","7":"product_tag-1d-lsd-liquid","8":"product_tag-1p-lsd-liquid","9":"product_tag-1p-lsd-liquid-bottle","10":"product_tag-1v-lsd-liquid-kaufen","11":"product_tag-20-hits-lsd-liquid","12":"product_tag-acid-lsd-liquid-gel-tabs","13":"product_tag-best-way-to-make-lsd-liquid","14":"product_tag-buy-1p-lsd-liquid","15":"product_tag-buy-lsd-liquid","16":"product_tag-buy-lsd-liquid-and-tabs-telegram","17":"product_tag-buy-lsd-liquid-online","18":"product_tag-buying-lsd-liquid","19":"product_tag-can-you-send-lsd-liquid-internationally","20":"product_tag-dark-lsd-liquid","21":"product_tag-day-after-lsd-liquid-shit","22":"product_tag-dose-lsd-liquid","23":"product_tag-how-much-does-a-bottle-of-lsd-liquid-cost","24":"product_tag-how-to-store-lsd-liquid","25":"product_tag-lsd-liquid","26":"product_tag-lsd-liquid-candle","27":"product_tag-lsd-liquid-dosage-tek","28":"product_tag-lsd-liquid-equivalent","29":"product_tag-lsd-liquid-for-sale","30":"product_tag-lsd-liquid-form","31":"product_tag-lsd-liquid-on-blunt","32":"product_tag-lsd-liquid-smell","33":"product_tag-lsd-liquid-staking","34":"product_tag-lsd-liquid-synthetic","35":"product_tag-lsd-liquid-to-tabs","36":"product_tag-lsd-liquid-vape","37":"product_tag-lsd-liquid-vet","38":"product_tag-omicrogam-of-lsd-liquid","39":"product_tag-order-lsd-liquid-200ug","40":"product_tag-storage-of-lsd-liquid","41":"product_tag-where-to-get-lsd-liquid","43":"first","44":"instock","45":"shipping-taxable","46":"purchasable","47":"product-type-variable"},"yoast_head":"<!-- This site is optimized with the Yoast SEO plugin v27.4 - https:\/\/yoast.com\/product\/yoast-seo-wordpress\/ -->\n<title>K\u00f8b LSD-v\u00e6ske 300\u00b5g online | K\u00f8b LSD online<\/title>\n<meta name=\"description\" content=\"K\u00f8b LSD-v\u00e6ske 300\u00b5g online. LSD-v\u00e6ske er en sinds\u00e6ndrende form for LSD. Det betyder, at den virker p\u00e5 din hjerne (centralnervesystemet)\" \/>\n<meta name=\"robots\" content=\"index, follow, max-snippet:-1, max-image-preview:large, max-video-preview:-1\" \/>\n<link rel=\"canonical\" href=\"https:\/\/psykedelikalsd.com\/en\/produkt\/koeb-lsd-vaeske-300\u00b5g-online\/\" \/>\n<meta property=\"og:locale\" content=\"en_US\" \/>\n<meta property=\"og:type\" content=\"article\" \/>\n<meta property=\"og:title\" content=\"K\u00f8b LSD-v\u00e6ske 300\u00b5g online | K\u00f8b LSD online\" \/>\n<meta property=\"og:description\" content=\"K\u00f8b LSD-v\u00e6ske 300\u00b5g online. LSD-v\u00e6ske er en sinds\u00e6ndrende form for LSD. Det betyder, at den virker p\u00e5 din hjerne (centralnervesystemet)\" \/>\n<meta property=\"og:url\" content=\"https:\/\/psykedelikalsd.com\/en\/produkt\/koeb-lsd-vaeske-300\u00b5g-online\/\" \/>\n<meta property=\"og:site_name\" content=\"K\u00f8b LSD online\" \/>\n<meta property=\"article:modified_time\" content=\"2026-02-26T02:01:55+00:00\" \/>\n<meta property=\"og:image\" content=\"https:\/\/psykedelikalsd.com\/wp-content\/uploads\/2022\/06\/buy-liquid-lsd-online-blacknetsales.net_-1080x675-1.jpg\" \/>\n\t<meta property=\"og:image:width\" content=\"432\" \/>\n\t<meta property=\"og:image:height\" content=\"271\" \/>\n\t<meta property=\"og:image:type\" content=\"image\/jpeg\" \/>\n<meta name=\"twitter:card\" content=\"summary_large_image\" \/>\n<meta name=\"twitter:label1\" content=\"Est. reading time\" \/>\n\t<meta name=\"twitter:data1\" content=\"4 minutes\" \/>\n<script type=\"application\/ld+json\" class=\"yoast-schema-graph\">{\"@context\":\"https:\\\/\\\/schema.org\",\"@graph\":[{\"@type\":\"WebPage\",\"@id\":\"https:\\\/\\\/psykedelikalsd.com\\\/produkt\\\/koeb-lsd-vaeske-300%c2%b5g-online\\\/\",\"url\":\"https:\\\/\\\/psykedelikalsd.com\\\/produkt\\\/koeb-lsd-vaeske-300%c2%b5g-online\\\/\",\"name\":\"K\u00f8b LSD-v\u00e6ske 300\u00b5g online | K\u00f8b LSD online\",\"isPartOf\":{\"@id\":\"https:\\\/\\\/psykedelikalsd.com\\\/#website\"},\"primaryImageOfPage\":{\"@id\":\"https:\\\/\\\/psykedelikalsd.com\\\/produkt\\\/koeb-lsd-vaeske-300%c2%b5g-online\\\/#primaryimage\"},\"image\":{\"@id\":\"https:\\\/\\\/psykedelikalsd.com\\\/produkt\\\/koeb-lsd-vaeske-300%c2%b5g-online\\\/#primaryimage\"},\"thumbnailUrl\":\"https:\\\/\\\/psykedelikalsd.com\\\/wp-content\\\/uploads\\\/2022\\\/06\\\/buy-liquid-lsd-online-blacknetsales.net_-1080x675-1.jpg\",\"datePublished\":\"2022-06-23T13:48:48+00:00\",\"dateModified\":\"2026-02-26T02:01:55+00:00\",\"description\":\"K\u00f8b LSD-v\u00e6ske 300\u00b5g online. LSD-v\u00e6ske er en sinds\u00e6ndrende form for LSD. Det betyder, at den virker p\u00e5 din hjerne (centralnervesystemet)\",\"breadcrumb\":{\"@id\":\"https:\\\/\\\/psykedelikalsd.com\\\/produkt\\\/koeb-lsd-vaeske-300%c2%b5g-online\\\/#breadcrumb\"},\"inLanguage\":\"en-US\",\"potentialAction\":[{\"@type\":\"ReadAction\",\"target\":[\"https:\\\/\\\/psykedelikalsd.com\\\/produkt\\\/koeb-lsd-vaeske-300%c2%b5g-online\\\/\"]}]},{\"@type\":\"ImageObject\",\"inLanguage\":\"en-US\",\"@id\":\"https:\\\/\\\/psykedelikalsd.com\\\/produkt\\\/koeb-lsd-vaeske-300%c2%b5g-online\\\/#primaryimage\",\"url\":\"https:\\\/\\\/psykedelikalsd.com\\\/wp-content\\\/uploads\\\/2022\\\/06\\\/buy-liquid-lsd-online-blacknetsales.net_-1080x675-1.jpg\",\"contentUrl\":\"https:\\\/\\\/psykedelikalsd.com\\\/wp-content\\\/uploads\\\/2022\\\/06\\\/buy-liquid-lsd-online-blacknetsales.net_-1080x675-1.jpg\",\"width\":432,\"height\":271,\"caption\":\"K\u00f8b LSD-v\u00e6ske 300\u00b5g online\"},{\"@type\":\"BreadcrumbList\",\"@id\":\"https:\\\/\\\/psykedelikalsd.com\\\/produkt\\\/koeb-lsd-vaeske-300%c2%b5g-online\\\/#breadcrumb\",\"itemListElement\":[{\"@type\":\"ListItem\",\"position\":1,\"name\":\"Home\",\"item\":\"https:\\\/\\\/psykedelikalsd.com\\\/\"},{\"@type\":\"ListItem\",\"position\":2,\"name\":\"Butik\",\"item\":\"https:\\\/\\\/psykedelikalsd.com\\\/shop\\\/\"},{\"@type\":\"ListItem\",\"position\":3,\"name\":\"K\u00f8b LSD-v\u00e6ske 300\u00b5g online\"}]},{\"@type\":\"WebSite\",\"@id\":\"https:\\\/\\\/psykedelikalsd.com\\\/#website\",\"url\":\"https:\\\/\\\/psykedelikalsd.com\\\/\",\"name\":\"K\u00f8b LSD-stof online\",\"description\":\"Bedste sted at k\u00f8be LSD-stoffer online | Bestil DMT-stoffer online\",\"publisher\":{\"@id\":\"https:\\\/\\\/psykedelikalsd.com\\\/#organization\"},\"potentialAction\":[{\"@type\":\"SearchAction\",\"target\":{\"@type\":\"EntryPoint\",\"urlTemplate\":\"https:\\\/\\\/psykedelikalsd.com\\\/?s={search_term_string}\"},\"query-input\":{\"@type\":\"PropertyValueSpecification\",\"valueRequired\":true,\"valueName\":\"search_term_string\"}}],\"inLanguage\":\"en-US\"},{\"@type\":\"Organization\",\"@id\":\"https:\\\/\\\/psykedelikalsd.com\\\/#organization\",\"name\":\"LSD-forhandler\",\"url\":\"https:\\\/\\\/psykedelikalsd.com\\\/\",\"logo\":{\"@type\":\"ImageObject\",\"inLanguage\":\"en-US\",\"@id\":\"https:\\\/\\\/psykedelikalsd.com\\\/#\\\/schema\\\/logo\\\/image\\\/\",\"url\":\"https:\\\/\\\/psykedelikalsd.com\\\/wp-content\\\/uploads\\\/2022\\\/02\\\/cropped-psychedelic-logo.png\",\"contentUrl\":\"https:\\\/\\\/psykedelikalsd.com\\\/wp-content\\\/uploads\\\/2022\\\/02\\\/cropped-psychedelic-logo.png\",\"width\":512,\"height\":512,\"caption\":\"LSD-forhandler\"},\"image\":{\"@id\":\"https:\\\/\\\/psykedelikalsd.com\\\/#\\\/schema\\\/logo\\\/image\\\/\"}}]}<\/script>\n<!-- \/ Yoast SEO plugin. -->","yoast_head_json":{"title":"K\u00f8b LSD-v\u00e6ske 300\u00b5g online | K\u00f8b LSD online","description":"K\u00f8b LSD-v\u00e6ske 300\u00b5g online. LSD-v\u00e6ske er en sinds\u00e6ndrende form for LSD. Det betyder, at den virker p\u00e5 din hjerne (centralnervesystemet)","robots":{"index":"index","follow":"follow","max-snippet":"max-snippet:-1","max-image-preview":"max-image-preview:large","max-video-preview":"max-video-preview:-1"},"canonical":"https:\/\/psykedelikalsd.com\/en\/produkt\/koeb-lsd-vaeske-300\u00b5g-online\/","og_locale":"en_US","og_type":"article","og_title":"K\u00f8b LSD-v\u00e6ske 300\u00b5g online | K\u00f8b LSD online","og_description":"K\u00f8b LSD-v\u00e6ske 300\u00b5g online. LSD-v\u00e6ske er en sinds\u00e6ndrende form for LSD. Det betyder, at den virker p\u00e5 din hjerne (centralnervesystemet)","og_url":"https:\/\/psykedelikalsd.com\/en\/produkt\/koeb-lsd-vaeske-300\u00b5g-online\/","og_site_name":"K\u00f8b LSD online","article_modified_time":"2026-02-26T02:01:55+00:00","og_image":[{"width":432,"height":271,"url":"https:\/\/psykedelikalsd.com\/wp-content\/uploads\/2022\/06\/buy-liquid-lsd-online-blacknetsales.net_-1080x675-1.jpg","type":"image\/jpeg"}],"twitter_card":"summary_large_image","twitter_misc":{"Est. reading time":"4 minutes"},"schema":{"@context":"https:\/\/schema.org","@graph":[{"@type":"WebPage","@id":"https:\/\/psykedelikalsd.com\/produkt\/koeb-lsd-vaeske-300%c2%b5g-online\/","url":"https:\/\/psykedelikalsd.com\/produkt\/koeb-lsd-vaeske-300%c2%b5g-online\/","name":"K\u00f8b LSD-v\u00e6ske 300\u00b5g online | K\u00f8b LSD online","isPartOf":{"@id":"https:\/\/psykedelikalsd.com\/#website"},"primaryImageOfPage":{"@id":"https:\/\/psykedelikalsd.com\/produkt\/koeb-lsd-vaeske-300%c2%b5g-online\/#primaryimage"},"image":{"@id":"https:\/\/psykedelikalsd.com\/produkt\/koeb-lsd-vaeske-300%c2%b5g-online\/#primaryimage"},"thumbnailUrl":"https:\/\/psykedelikalsd.com\/wp-content\/uploads\/2022\/06\/buy-liquid-lsd-online-blacknetsales.net_-1080x675-1.jpg","datePublished":"2022-06-23T13:48:48+00:00","dateModified":"2026-02-26T02:01:55+00:00","description":"K\u00f8b LSD-v\u00e6ske 300\u00b5g online. LSD-v\u00e6ske er en sinds\u00e6ndrende form for LSD. Det betyder, at den virker p\u00e5 din hjerne (centralnervesystemet)","breadcrumb":{"@id":"https:\/\/psykedelikalsd.com\/produkt\/koeb-lsd-vaeske-300%c2%b5g-online\/#breadcrumb"},"inLanguage":"en-US","potentialAction":[{"@type":"ReadAction","target":["https:\/\/psykedelikalsd.com\/produkt\/koeb-lsd-vaeske-300%c2%b5g-online\/"]}]},{"@type":"ImageObject","inLanguage":"en-US","@id":"https:\/\/psykedelikalsd.com\/produkt\/koeb-lsd-vaeske-300%c2%b5g-online\/#primaryimage","url":"https:\/\/psykedelikalsd.com\/wp-content\/uploads\/2022\/06\/buy-liquid-lsd-online-blacknetsales.net_-1080x675-1.jpg","contentUrl":"https:\/\/psykedelikalsd.com\/wp-content\/uploads\/2022\/06\/buy-liquid-lsd-online-blacknetsales.net_-1080x675-1.jpg","width":432,"height":271,"caption":"K\u00f8b LSD-v\u00e6ske 300\u00b5g online"},{"@type":"BreadcrumbList","@id":"https:\/\/psykedelikalsd.com\/produkt\/koeb-lsd-vaeske-300%c2%b5g-online\/#breadcrumb","itemListElement":[{"@type":"ListItem","position":1,"name":"Home","item":"https:\/\/psykedelikalsd.com\/"},{"@type":"ListItem","position":2,"name":"Butik","item":"https:\/\/psykedelikalsd.com\/shop\/"},{"@type":"ListItem","position":3,"name":"K\u00f8b LSD-v\u00e6ske 300\u00b5g online"}]},{"@type":"WebSite","@id":"https:\/\/psykedelikalsd.com\/#website","url":"https:\/\/psykedelikalsd.com\/","name":"K\u00f8b LSD-stof online","description":"Bedste sted at k\u00f8be LSD-stoffer online | Bestil DMT-stoffer online","publisher":{"@id":"https:\/\/psykedelikalsd.com\/#organization"},"potentialAction":[{"@type":"SearchAction","target":{"@type":"EntryPoint","urlTemplate":"https:\/\/psykedelikalsd.com\/?s={search_term_string}"},"query-input":{"@type":"PropertyValueSpecification","valueRequired":true,"valueName":"search_term_string"}}],"inLanguage":"en-US"},{"@type":"Organization","@id":"https:\/\/psykedelikalsd.com\/#organization","name":"LSD-forhandler","url":"https:\/\/psykedelikalsd.com\/","logo":{"@type":"ImageObject","inLanguage":"en-US","@id":"https:\/\/psykedelikalsd.com\/#\/schema\/logo\/image\/","url":"https:\/\/psykedelikalsd.com\/wp-content\/uploads\/2022\/02\/cropped-psychedelic-logo.png","contentUrl":"https:\/\/psykedelikalsd.com\/wp-content\/uploads\/2022\/02\/cropped-psychedelic-logo.png","width":512,"height":512,"caption":"LSD-forhandler"},"image":{"@id":"https:\/\/psykedelikalsd.com\/#\/schema\/logo\/image\/"}}]}},"_links":{"self":[{"href":"https:\/\/psykedelikalsd.com\/en\/wp-json\/wp\/v2\/product\/3361","targetHints":{"allow":["GET"]}}],"collection":[{"href":"https:\/\/psykedelikalsd.com\/en\/wp-json\/wp\/v2\/product"}],"about":[{"href":"https:\/\/psykedelikalsd.com\/en\/wp-json\/wp\/v2\/types\/product"}],"replies":[{"embeddable":true,"href":"https:\/\/psykedelikalsd.com\/en\/wp-json\/wp\/v2\/comments?post=3361"}],"wp:featuredmedia":[{"embeddable":true,"href":"https:\/\/psykedelikalsd.com\/en\/wp-json\/wp\/v2\/media\/3362"}],"wp:attachment":[{"href":"https:\/\/psykedelikalsd.com\/en\/wp-json\/wp\/v2\/media?parent=3361"}],"wp:term":[{"taxonomy":"product_brand","embeddable":true,"href":"https:\/\/psykedelikalsd.com\/en\/wp-json\/wp\/v2\/product_brand?post=3361"},{"taxonomy":"product_cat","embeddable":true,"href":"https:\/\/psykedelikalsd.com\/en\/wp-json\/wp\/v2\/product_cat?post=3361"},{"taxonomy":"product_tag","embeddable":true,"href":"https:\/\/psykedelikalsd.com\/en\/wp-json\/wp\/v2\/product_tag?post=3361"}],"curies":[{"name":"wp","href":"https:\/\/api.w.org\/{rel}","templated":true}]}}