{"id":3367,"date":"2022-06-23T14:05:36","date_gmt":"2022-06-23T14:05:36","guid":{"rendered":"https:\/\/psykedelikalsd.com\/?post_type=product&#038;p=3367"},"modified":"2026-04-25T18:33:02","modified_gmt":"2026-04-25T18:33:02","slug":"koeb-lsd-ark-online","status":"publish","type":"product","link":"https:\/\/psykedelikalsd.com\/en\/produkt\/koeb-lsd-ark-online\/","title":{"rendered":"K\u00f8b LSD-ark online"},"content":{"rendered":"<h2 style=\"text-align: center;\">K\u00f8b LSD-ark online<\/h2>\n<p>K\u00f8b LSD-ark online. LSD-ark af tr\u00e6kpapir sk\u00e5ret i firkanter er impr\u00e6gneret med lysergsyrediethylamid. LSD-ark er et psykedelisk stof og et hallucinogen. Det bruges almindeligvis til rekreative form\u00e5l. Det er farvel\u00f8st, lugtfrit og let syntetiseret, det er ikke vanedannende og ikke-giftigt, men dets virkninger er uforudsigelige.<\/p>\n<p>N\u00e5r sm\u00e5 doser tages, kan det for\u00e5rsage milde \u00e6ndringer i opfattelse, hum\u00f8r og tankegang, og ogs\u00e5 n\u00e5r st\u00f8rre doser tages, vil det for\u00e5rsage visuelle hallucinationer og forvr\u00e6ngninger af rum og tid. LSD er dog s\u00e5 potent, at en effektiv dosis af det rene stof er s\u00e5 lille, at den er praktisk talt usynlig. Der er intet sikkert niveau for stofbrug. Du b\u00f8r bruge ethvert stof, der altid indeb\u00e6rer en vis risiko. Det er meget vigtigt at v\u00e6re forsigtig, n\u00e5r du tager forskellige typer stoffer.<\/p>\n<h3 style=\"text-align: center;\">Misbrug af LSD-ark<\/h3>\n<p><a href=\"https:\/\/psykedeliskagemenskap.com\/\">LSD<\/a> tages oralt, typisk fra tr\u00e6kpapir. Nogle gange indtages det i flydende form gennem en pipette, eller det tages i pille- eller kapselform. N\u00e5r stoffet er absorberet gennem slimhinder i munden og bev\u00e6get sig gennem ford\u00f8jelsessystemet, begynder det at p\u00e5virke hjernen. Dette tager mellem 30 og 90 minutter; de direkte virkninger af LSD-rus kan dog vare op til 12 timer.<\/p>\n<p>Dette kraftige hallucinogen kan, hvis det tages regelm\u00e6ssigt nok, f\u00f8re til krydstolerance med andre hallucinogene stoffer som meskalin, psilocybin og DMT. Selvom LSD-ark ikke betragtes som vanedannende, misbruges det ofte og kan f\u00f8re til alvorlige bivirkninger. Selv \u00e9n dosis for\u00e5rsager varige bivirkninger, selvom dette er mere sandsynligt, hvis en person misbruger <a href=\"https:\/\/setamagica.com\/\">LSD<\/a> flere gange eller i h\u00f8je doser. Du kan ogs\u00e5 k\u00f8be <a href=\"https:\/\/psykedelikalsd.com\/en\/produkt\/koeb-krystalmetamfetamin-online\/\">krystal meth<\/a> her.<\/p>","protected":false},"excerpt":{"rendered":"<p>LSD (lysergsyrediethylamid) er et syntetisk kemikalie fremstillet af et materiale, der findes i meldr\u00f8je, en svamp, der inficerer rug (korn).<\/p>","protected":false},"featured_media":3572,"comment_status":"open","ping_status":"closed","template":"","meta":[],"product_brand":[],"product_cat":[70],"product_tag":[],"class_list":{"0":"post-3367","1":"product","2":"type-product","3":"status-publish","4":"has-post-thumbnail","6":"product_cat-lsd","8":"first","9":"instock","10":"shipping-taxable","11":"purchasable","12":"product-type-variable"},"yoast_head":"<!-- This site is optimized with the Yoast SEO plugin v27.4 - https:\/\/yoast.com\/product\/yoast-seo-wordpress\/ -->\n<title>K\u00f8b LSD-ark online | K\u00f8b LSD online<\/title>\n<meta name=\"description\" content=\"K\u00f8b LSD-ark online. LSD (lysergsyrediethylamid) er et syntetisk kemikalie fremstillet af et materiale, der findes i meldr\u00f8je, en svamp, der inficerer rug (korn).\" \/>\n<meta name=\"robots\" content=\"index, follow, max-snippet:-1, max-image-preview:large, max-video-preview:-1\" \/>\n<link rel=\"canonical\" href=\"https:\/\/floralwhite-marten-418940.hostingersite.com\/produkt\/koeb-lsd-ark-online\/\" \/>\n<meta property=\"og:locale\" content=\"en_US\" \/>\n<meta property=\"og:type\" content=\"article\" \/>\n<meta property=\"og:title\" content=\"K\u00f8b LSD-ark online | K\u00f8b LSD online\" \/>\n<meta property=\"og:description\" content=\"K\u00f8b LSD-ark online. LSD (lysergsyrediethylamid) er et syntetisk kemikalie fremstillet af et materiale, der findes i meldr\u00f8je, en svamp, der inficerer rug (korn).\" \/>\n<meta property=\"og:url\" content=\"https:\/\/floralwhite-marten-418940.hostingersite.com\/produkt\/koeb-lsd-ark-online\/\" \/>\n<meta property=\"og:site_name\" content=\"K\u00f8b LSD online\" \/>\n<meta property=\"article:modified_time\" content=\"2026-04-25T18:33:02+00:00\" \/>\n<meta property=\"og:image\" content=\"https:\/\/floralwhite-marten-418940.hostingersite.com\/wp-content\/uploads\/2022\/06\/alice.jpeg\" \/>\n\t<meta property=\"og:image:width\" content=\"500\" \/>\n\t<meta property=\"og:image:height\" content=\"500\" \/>\n\t<meta property=\"og:image:type\" content=\"image\/jpeg\" \/>\n<meta name=\"twitter:card\" content=\"summary_large_image\" \/>\n<meta name=\"twitter:label1\" content=\"Est. reading time\" \/>\n\t<meta name=\"twitter:data1\" content=\"2 minutes\" \/>\n<script type=\"application\/ld+json\" class=\"yoast-schema-graph\">{\"@context\":\"https:\\\/\\\/schema.org\",\"@graph\":[{\"@type\":\"WebPage\",\"@id\":\"https:\\\/\\\/floralwhite-marten-418940.hostingersite.com\\\/produkt\\\/koeb-lsd-ark-online\\\/\",\"url\":\"https:\\\/\\\/floralwhite-marten-418940.hostingersite.com\\\/produkt\\\/koeb-lsd-ark-online\\\/\",\"name\":\"K\u00f8b LSD-ark online | K\u00f8b LSD online\",\"isPartOf\":{\"@id\":\"https:\\\/\\\/psykedelikalsd.com\\\/#website\"},\"primaryImageOfPage\":{\"@id\":\"https:\\\/\\\/floralwhite-marten-418940.hostingersite.com\\\/produkt\\\/koeb-lsd-ark-online\\\/#primaryimage\"},\"image\":{\"@id\":\"https:\\\/\\\/floralwhite-marten-418940.hostingersite.com\\\/produkt\\\/koeb-lsd-ark-online\\\/#primaryimage\"},\"thumbnailUrl\":\"https:\\\/\\\/psykedelikalsd.com\\\/wp-content\\\/uploads\\\/2022\\\/06\\\/alice.jpeg\",\"datePublished\":\"2022-06-23T14:05:36+00:00\",\"dateModified\":\"2026-04-25T18:33:02+00:00\",\"description\":\"K\u00f8b LSD-ark online. LSD (lysergsyrediethylamid) er et syntetisk kemikalie fremstillet af et materiale, der findes i meldr\u00f8je, en svamp, der inficerer rug (korn).\",\"breadcrumb\":{\"@id\":\"https:\\\/\\\/floralwhite-marten-418940.hostingersite.com\\\/produkt\\\/koeb-lsd-ark-online\\\/#breadcrumb\"},\"inLanguage\":\"en-US\",\"potentialAction\":[{\"@type\":\"ReadAction\",\"target\":[\"https:\\\/\\\/floralwhite-marten-418940.hostingersite.com\\\/produkt\\\/koeb-lsd-ark-online\\\/\"]}]},{\"@type\":\"ImageObject\",\"inLanguage\":\"en-US\",\"@id\":\"https:\\\/\\\/floralwhite-marten-418940.hostingersite.com\\\/produkt\\\/koeb-lsd-ark-online\\\/#primaryimage\",\"url\":\"https:\\\/\\\/psykedelikalsd.com\\\/wp-content\\\/uploads\\\/2022\\\/06\\\/alice.jpeg\",\"contentUrl\":\"https:\\\/\\\/psykedelikalsd.com\\\/wp-content\\\/uploads\\\/2022\\\/06\\\/alice.jpeg\",\"width\":500,\"height\":500,\"caption\":\"K\u00f8b LSD-ark online\"},{\"@type\":\"BreadcrumbList\",\"@id\":\"https:\\\/\\\/floralwhite-marten-418940.hostingersite.com\\\/produkt\\\/koeb-lsd-ark-online\\\/#breadcrumb\",\"itemListElement\":[{\"@type\":\"ListItem\",\"position\":1,\"name\":\"Home\",\"item\":\"https:\\\/\\\/psykedelikalsd.com\\\/\"},{\"@type\":\"ListItem\",\"position\":2,\"name\":\"Butik\",\"item\":\"https:\\\/\\\/psykedelikalsd.com\\\/shop\\\/\"},{\"@type\":\"ListItem\",\"position\":3,\"name\":\"K\u00f8b LSD-ark online\"}]},{\"@type\":\"WebSite\",\"@id\":\"https:\\\/\\\/psykedelikalsd.com\\\/#website\",\"url\":\"https:\\\/\\\/psykedelikalsd.com\\\/\",\"name\":\"K\u00f8b LSD-stof online\",\"description\":\"Bedste sted at k\u00f8be LSD-stoffer online | Bestil DMT-stoffer online\",\"publisher\":{\"@id\":\"https:\\\/\\\/psykedelikalsd.com\\\/#organization\"},\"potentialAction\":[{\"@type\":\"SearchAction\",\"target\":{\"@type\":\"EntryPoint\",\"urlTemplate\":\"https:\\\/\\\/psykedelikalsd.com\\\/?s={search_term_string}\"},\"query-input\":{\"@type\":\"PropertyValueSpecification\",\"valueRequired\":true,\"valueName\":\"search_term_string\"}}],\"inLanguage\":\"en-US\"},{\"@type\":\"Organization\",\"@id\":\"https:\\\/\\\/psykedelikalsd.com\\\/#organization\",\"name\":\"LSD-forhandler\",\"url\":\"https:\\\/\\\/psykedelikalsd.com\\\/\",\"logo\":{\"@type\":\"ImageObject\",\"inLanguage\":\"en-US\",\"@id\":\"https:\\\/\\\/psykedelikalsd.com\\\/#\\\/schema\\\/logo\\\/image\\\/\",\"url\":\"https:\\\/\\\/psykedelikalsd.com\\\/wp-content\\\/uploads\\\/2022\\\/02\\\/cropped-psychedelic-logo.png\",\"contentUrl\":\"https:\\\/\\\/psykedelikalsd.com\\\/wp-content\\\/uploads\\\/2022\\\/02\\\/cropped-psychedelic-logo.png\",\"width\":512,\"height\":512,\"caption\":\"LSD-forhandler\"},\"image\":{\"@id\":\"https:\\\/\\\/psykedelikalsd.com\\\/#\\\/schema\\\/logo\\\/image\\\/\"}}]}<\/script>\n<!-- \/ Yoast SEO plugin. -->","yoast_head_json":{"title":"K\u00f8b LSD-ark online | K\u00f8b LSD online","description":"K\u00f8b LSD-ark online. LSD (lysergsyrediethylamid) er et syntetisk kemikalie fremstillet af et materiale, der findes i meldr\u00f8je, en svamp, der inficerer rug (korn).","robots":{"index":"index","follow":"follow","max-snippet":"max-snippet:-1","max-image-preview":"max-image-preview:large","max-video-preview":"max-video-preview:-1"},"canonical":"https:\/\/floralwhite-marten-418940.hostingersite.com\/produkt\/koeb-lsd-ark-online\/","og_locale":"en_US","og_type":"article","og_title":"K\u00f8b LSD-ark online | K\u00f8b LSD online","og_description":"K\u00f8b LSD-ark online. LSD (lysergsyrediethylamid) er et syntetisk kemikalie fremstillet af et materiale, der findes i meldr\u00f8je, en svamp, der inficerer rug (korn).","og_url":"https:\/\/floralwhite-marten-418940.hostingersite.com\/produkt\/koeb-lsd-ark-online\/","og_site_name":"K\u00f8b LSD online","article_modified_time":"2026-04-25T18:33:02+00:00","og_image":[{"width":500,"height":500,"url":"https:\/\/floralwhite-marten-418940.hostingersite.com\/wp-content\/uploads\/2022\/06\/alice.jpeg","type":"image\/jpeg"}],"twitter_card":"summary_large_image","twitter_misc":{"Est. reading time":"2 minutes"},"schema":{"@context":"https:\/\/schema.org","@graph":[{"@type":"WebPage","@id":"https:\/\/floralwhite-marten-418940.hostingersite.com\/produkt\/koeb-lsd-ark-online\/","url":"https:\/\/floralwhite-marten-418940.hostingersite.com\/produkt\/koeb-lsd-ark-online\/","name":"K\u00f8b LSD-ark online | K\u00f8b LSD online","isPartOf":{"@id":"https:\/\/psykedelikalsd.com\/#website"},"primaryImageOfPage":{"@id":"https:\/\/floralwhite-marten-418940.hostingersite.com\/produkt\/koeb-lsd-ark-online\/#primaryimage"},"image":{"@id":"https:\/\/floralwhite-marten-418940.hostingersite.com\/produkt\/koeb-lsd-ark-online\/#primaryimage"},"thumbnailUrl":"https:\/\/psykedelikalsd.com\/wp-content\/uploads\/2022\/06\/alice.jpeg","datePublished":"2022-06-23T14:05:36+00:00","dateModified":"2026-04-25T18:33:02+00:00","description":"K\u00f8b LSD-ark online. LSD (lysergsyrediethylamid) er et syntetisk kemikalie fremstillet af et materiale, der findes i meldr\u00f8je, en svamp, der inficerer rug (korn).","breadcrumb":{"@id":"https:\/\/floralwhite-marten-418940.hostingersite.com\/produkt\/koeb-lsd-ark-online\/#breadcrumb"},"inLanguage":"en-US","potentialAction":[{"@type":"ReadAction","target":["https:\/\/floralwhite-marten-418940.hostingersite.com\/produkt\/koeb-lsd-ark-online\/"]}]},{"@type":"ImageObject","inLanguage":"en-US","@id":"https:\/\/floralwhite-marten-418940.hostingersite.com\/produkt\/koeb-lsd-ark-online\/#primaryimage","url":"https:\/\/psykedelikalsd.com\/wp-content\/uploads\/2022\/06\/alice.jpeg","contentUrl":"https:\/\/psykedelikalsd.com\/wp-content\/uploads\/2022\/06\/alice.jpeg","width":500,"height":500,"caption":"K\u00f8b LSD-ark online"},{"@type":"BreadcrumbList","@id":"https:\/\/floralwhite-marten-418940.hostingersite.com\/produkt\/koeb-lsd-ark-online\/#breadcrumb","itemListElement":[{"@type":"ListItem","position":1,"name":"Home","item":"https:\/\/psykedelikalsd.com\/"},{"@type":"ListItem","position":2,"name":"Butik","item":"https:\/\/psykedelikalsd.com\/shop\/"},{"@type":"ListItem","position":3,"name":"K\u00f8b LSD-ark online"}]},{"@type":"WebSite","@id":"https:\/\/psykedelikalsd.com\/#website","url":"https:\/\/psykedelikalsd.com\/","name":"K\u00f8b LSD-stof online","description":"Bedste sted at k\u00f8be LSD-stoffer online | Bestil DMT-stoffer online","publisher":{"@id":"https:\/\/psykedelikalsd.com\/#organization"},"potentialAction":[{"@type":"SearchAction","target":{"@type":"EntryPoint","urlTemplate":"https:\/\/psykedelikalsd.com\/?s={search_term_string}"},"query-input":{"@type":"PropertyValueSpecification","valueRequired":true,"valueName":"search_term_string"}}],"inLanguage":"en-US"},{"@type":"Organization","@id":"https:\/\/psykedelikalsd.com\/#organization","name":"LSD-forhandler","url":"https:\/\/psykedelikalsd.com\/","logo":{"@type":"ImageObject","inLanguage":"en-US","@id":"https:\/\/psykedelikalsd.com\/#\/schema\/logo\/image\/","url":"https:\/\/psykedelikalsd.com\/wp-content\/uploads\/2022\/02\/cropped-psychedelic-logo.png","contentUrl":"https:\/\/psykedelikalsd.com\/wp-content\/uploads\/2022\/02\/cropped-psychedelic-logo.png","width":512,"height":512,"caption":"LSD-forhandler"},"image":{"@id":"https:\/\/psykedelikalsd.com\/#\/schema\/logo\/image\/"}}]}},"_links":{"self":[{"href":"https:\/\/psykedelikalsd.com\/en\/wp-json\/wp\/v2\/product\/3367","targetHints":{"allow":["GET"]}}],"collection":[{"href":"https:\/\/psykedelikalsd.com\/en\/wp-json\/wp\/v2\/product"}],"about":[{"href":"https:\/\/psykedelikalsd.com\/en\/wp-json\/wp\/v2\/types\/product"}],"replies":[{"embeddable":true,"href":"https:\/\/psykedelikalsd.com\/en\/wp-json\/wp\/v2\/comments?post=3367"}],"wp:featuredmedia":[{"embeddable":true,"href":"https:\/\/psykedelikalsd.com\/en\/wp-json\/wp\/v2\/media\/3572"}],"wp:attachment":[{"href":"https:\/\/psykedelikalsd.com\/en\/wp-json\/wp\/v2\/media?parent=3367"}],"wp:term":[{"taxonomy":"product_brand","embeddable":true,"href":"https:\/\/psykedelikalsd.com\/en\/wp-json\/wp\/v2\/product_brand?post=3367"},{"taxonomy":"product_cat","embeddable":true,"href":"https:\/\/psykedelikalsd.com\/en\/wp-json\/wp\/v2\/product_cat?post=3367"},{"taxonomy":"product_tag","embeddable":true,"href":"https:\/\/psykedelikalsd.com\/en\/wp-json\/wp\/v2\/product_tag?post=3367"}],"curies":[{"name":"wp","href":"https:\/\/api.w.org\/{rel}","templated":true}]}}