{"id":3374,"date":"2022-06-23T14:42:08","date_gmt":"2022-06-23T14:42:08","guid":{"rendered":"https:\/\/psykedelikalsd.com\/?post_type=product&#038;p=3374"},"modified":"2025-08-06T19:35:40","modified_gmt":"2025-08-06T19:35:40","slug":"koeb-krystalmetamfetamin-online","status":"publish","type":"product","link":"https:\/\/psykedelikalsd.com\/en\/produkt\/koeb-krystalmetamfetamin-online\/","title":{"rendered":"K\u00f8b Krystalmetamfetamin online"},"content":{"rendered":"<h2>K\u00f8b Krystalmetamfetamin online &#8211; Ren Metamfetamin<\/h2>\n<p>K\u00f8b Krystalmetamfetamin online. Krystalmethamfetamin, almindeligvis omtalt som krystalmetamfetamin , er et vanedannende stimulerende stof med potentielt alvorlige sundhedsm\u00e6ssige konsekvenser. Som navnet antyder, er crystal meth en kunstig form for methamfetamin, der fremst\u00e5r som klare eller bl\u00e5hvide krystalsk\u00e5r p\u00e5 en hvid baggrund. P\u00e5 grund af dets potentiale for misbrug og alvorlige bivirkninger er det ulovligt i de fleste lande.<\/p>\n<h3>Hvordan Krystalmetamfetamin p\u00e5virker krop og sind<\/h3>\n<p>Krystalmetamfetamin p\u00e5virker centralnervesystemet og producerer en intens og langvarig rus. Dette stofs virkninger omfatter:<\/p>\n<ul>\n<li>\u00d8get energi og \u00e5rv\u00e5genhed \u2013 Brugere rapporterer ofte en f\u00f8lelse af \u00f8get energi og hyperaktivitet, ofte manifesteret gennem fysiske manifestationer.<\/li>\n<li>Eufori og selvtillidsboost \u2013 Oplev en forbedret f\u00f8lelse af velv\u00e6re og oplev et l\u00f8ft i hum\u00f8ret.<\/li>\n<li>Nedsat appetit \u2013 Mange brugere oplever hurtigt v\u00e6gttab p\u00e5 grund af nedsat sult.<\/li>\n<li>\u00d8get fokus \u2013 Nogle personer bruger i starten meth til at \u00f8ge koncentration og produktivitet.<\/li>\n<\/ul>\n<h4>Stoffet har dog ogs\u00e5 alvorlige konsekvenser p\u00e5 kort og lang sigt:<\/h4>\n<p>Angst og paranoia \u2013 Langvarig brug kan f\u00f8re til alvorlige psykiske problemer.<\/p>\n<p>Aggressiv eller voldelig adf\u00e6rd \u2013 H\u00f8jere doser kan for\u00e5rsage angst og unormal adf\u00e6rd.<\/p>\n<p>Hallucinationer og psykose \u2013 Nogle brugere oplever ekstrem paranoia og vrangforestillinger.<\/p>\n<p>Alvorlig tandforfald (&#8220;Meth-mund&#8221;) \u2013<a href=\"https:\/\/nembutalpentobarbital.com\/\">metamfetamin<\/a> -mund skyldes mundt\u00f8rhed og t\u00e6ndersk\u00e6ren for\u00e5rsaget af meth, hvilket f\u00f8rer til tandskader og omfattende slid p\u00e5 emaljeoverflader.<\/p>\n<p>Huds\u00e5r \u2013 Mange brugere piller tvangsm\u00e6ssigt i deres hud, hvilket f\u00f8rer til s\u00e5r og infektioner p\u00e5 den.<\/p>\n<p>Meth-brug \u00f8ger hjerte- og organskader \u2013 Meth-brug \u00f8ger risikoen for slagtilf\u00e6lde, hjerteanfald og leverskade betydeligt.<\/p>\n<h3>Er Krystalmetamfetamin vanedannende?<\/h3>\n<p>Krystalmetamfetamin udg\u00f8r en utrolig risiko for afh\u00e6ngighed. Stoffet \u00f8ger hurtigt dopaminniveauet i hjernen, hvilket forst\u00e6rker tvangsm\u00e6ssig brug. Brugere oplever typisk et ubehageligt &#8220;crash&#8221;, efter at virkningerne er aftaget, hvilket f\u00f8rer til intens trang og abstinenssymptomer s\u00e5som:<\/p>\n<p>Ekstrem tr\u00e6thed og hum\u00f8rsvingninger<\/p>\n<p>Oplever intens trang, s\u00f8vnl\u00f8shed eller overdreven s\u00f8vn.<\/p>\n<p>Juridisk status og konsekvenser af at blive misbrugt i f\u00e6ngsel.<\/p>\n<p>Krystalmetamfetamin betragtes som et ulovligt stof i de fleste lande, og besiddelse, produktion eller distribution kan f\u00f8re til alvorlige juridiske konsekvenser; s\u00e5som f\u00e6ngsling; beslagl\u00e6ggelse af aktiver; b\u00f8der; beslagl\u00e6ggelse; beslagl\u00e6ggelse med henblik p\u00e5 salg og meget mere. Du kan ogs\u00e5 k\u00f8be <a href=\"https:\/\/psykedelikalsd.com\/en\/produkt\/kob-5-mapb-i-danmark\/\">5-MAPB<\/a> her.<\/p>","protected":false},"excerpt":{"rendered":"<p>Krystalmetamfetamin kan v\u00e6re et utroligt farligt og vanedannende stof med \u00f8del\u00e6ggende konsekvenser for b\u00e5de enkeltpersoner og samfundet. \u00d8get offentlig bevidsthed om dets risici og juridiske konsekvenser er afg\u00f8rende for effektivt at bek\u00e6mpe meth-afh\u00e6ngighed. Hvis du eller en af dine n\u00e6rmeste k\u00e6mper med meth-afh\u00e6ngighed, kan det v\u00e6re afg\u00f8rende at s\u00f8ge professionel hj\u00e6lp for at hj\u00e6lpe dem med at komme sig.<\/p>","protected":false},"featured_media":3375,"comment_status":"open","ping_status":"closed","template":"","meta":[],"product_brand":[],"product_cat":[15],"product_tag":[],"class_list":{"0":"post-3374","1":"product","2":"type-product","3":"status-publish","4":"has-post-thumbnail","6":"product_cat-andra","8":"first","9":"instock","10":"shipping-taxable","11":"purchasable","12":"product-type-variable"},"yoast_head":"<!-- This site is optimized with the Yoast SEO plugin v27.4 - https:\/\/yoast.com\/product\/yoast-seo-wordpress\/ -->\n<title>K\u00f8b Krystalmetamfetamin online | K\u00f8b LSD online<\/title>\n<meta name=\"description\" content=\"K\u00f8b Krystalmetamfetamin online. Aggressiv eller voldelig adf\u00e6rd \u2013 H\u00f8jere doser kan for\u00e5rsage angst og unormal adf\u00e6rd.\" \/>\n<meta name=\"robots\" content=\"index, follow, max-snippet:-1, max-image-preview:large, max-video-preview:-1\" \/>\n<link rel=\"canonical\" href=\"https:\/\/psykedelikalsd.com\/en\/produkt\/koeb-krystalmetamfetamin-online\/\" \/>\n<meta property=\"og:locale\" content=\"en_US\" \/>\n<meta property=\"og:type\" content=\"article\" \/>\n<meta property=\"og:title\" content=\"K\u00f8b Krystalmetamfetamin online | K\u00f8b LSD online\" \/>\n<meta property=\"og:description\" content=\"K\u00f8b Krystalmetamfetamin online. Aggressiv eller voldelig adf\u00e6rd \u2013 H\u00f8jere doser kan for\u00e5rsage angst og unormal adf\u00e6rd.\" \/>\n<meta property=\"og:url\" content=\"https:\/\/psykedelikalsd.com\/en\/produkt\/koeb-krystalmetamfetamin-online\/\" \/>\n<meta property=\"og:site_name\" content=\"K\u00f8b LSD online\" \/>\n<meta property=\"article:modified_time\" content=\"2025-08-06T19:35:40+00:00\" \/>\n<meta property=\"og:image\" content=\"https:\/\/psykedelikalsd.com\/wp-content\/uploads\/2022\/06\/crystal.jpeg\" \/>\n\t<meta property=\"og:image:width\" content=\"382\" \/>\n\t<meta property=\"og:image:height\" content=\"512\" \/>\n\t<meta property=\"og:image:type\" content=\"image\/jpeg\" \/>\n<meta name=\"twitter:card\" content=\"summary_large_image\" \/>\n<meta name=\"twitter:label1\" content=\"Est. reading time\" \/>\n\t<meta name=\"twitter:data1\" content=\"3 minutes\" \/>\n<script type=\"application\/ld+json\" class=\"yoast-schema-graph\">{\"@context\":\"https:\\\/\\\/schema.org\",\"@graph\":[{\"@type\":\"WebPage\",\"@id\":\"https:\\\/\\\/psykedelikalsd.com\\\/produkt\\\/koeb-krystalmetamfetamin-online\\\/\",\"url\":\"https:\\\/\\\/psykedelikalsd.com\\\/produkt\\\/koeb-krystalmetamfetamin-online\\\/\",\"name\":\"K\u00f8b Krystalmetamfetamin online | K\u00f8b LSD online\",\"isPartOf\":{\"@id\":\"https:\\\/\\\/psykedelikalsd.com\\\/#website\"},\"primaryImageOfPage\":{\"@id\":\"https:\\\/\\\/psykedelikalsd.com\\\/produkt\\\/koeb-krystalmetamfetamin-online\\\/#primaryimage\"},\"image\":{\"@id\":\"https:\\\/\\\/psykedelikalsd.com\\\/produkt\\\/koeb-krystalmetamfetamin-online\\\/#primaryimage\"},\"thumbnailUrl\":\"https:\\\/\\\/psykedelikalsd.com\\\/wp-content\\\/uploads\\\/2022\\\/06\\\/crystal.jpeg\",\"datePublished\":\"2022-06-23T14:42:08+00:00\",\"dateModified\":\"2025-08-06T19:35:40+00:00\",\"description\":\"K\u00f8b Krystalmetamfetamin online. Aggressiv eller voldelig adf\u00e6rd \u2013 H\u00f8jere doser kan for\u00e5rsage angst og unormal adf\u00e6rd.\",\"breadcrumb\":{\"@id\":\"https:\\\/\\\/psykedelikalsd.com\\\/produkt\\\/koeb-krystalmetamfetamin-online\\\/#breadcrumb\"},\"inLanguage\":\"en-US\",\"potentialAction\":[{\"@type\":\"ReadAction\",\"target\":[\"https:\\\/\\\/psykedelikalsd.com\\\/produkt\\\/koeb-krystalmetamfetamin-online\\\/\"]}]},{\"@type\":\"ImageObject\",\"inLanguage\":\"en-US\",\"@id\":\"https:\\\/\\\/psykedelikalsd.com\\\/produkt\\\/koeb-krystalmetamfetamin-online\\\/#primaryimage\",\"url\":\"https:\\\/\\\/psykedelikalsd.com\\\/wp-content\\\/uploads\\\/2022\\\/06\\\/crystal.jpeg\",\"contentUrl\":\"https:\\\/\\\/psykedelikalsd.com\\\/wp-content\\\/uploads\\\/2022\\\/06\\\/crystal.jpeg\",\"width\":382,\"height\":512,\"caption\":\"K\u00f8b Krystalmetamfetamin online\"},{\"@type\":\"BreadcrumbList\",\"@id\":\"https:\\\/\\\/psykedelikalsd.com\\\/produkt\\\/koeb-krystalmetamfetamin-online\\\/#breadcrumb\",\"itemListElement\":[{\"@type\":\"ListItem\",\"position\":1,\"name\":\"Home\",\"item\":\"https:\\\/\\\/psykedelikalsd.com\\\/\"},{\"@type\":\"ListItem\",\"position\":2,\"name\":\"Butik\",\"item\":\"https:\\\/\\\/psykedelikalsd.com\\\/shop\\\/\"},{\"@type\":\"ListItem\",\"position\":3,\"name\":\"K\u00f8b Krystalmetamfetamin online\"}]},{\"@type\":\"WebSite\",\"@id\":\"https:\\\/\\\/psykedelikalsd.com\\\/#website\",\"url\":\"https:\\\/\\\/psykedelikalsd.com\\\/\",\"name\":\"K\u00f8b LSD-stof online\",\"description\":\"Bedste sted at k\u00f8be LSD-stoffer online | Bestil DMT-stoffer online\",\"publisher\":{\"@id\":\"https:\\\/\\\/psykedelikalsd.com\\\/#organization\"},\"potentialAction\":[{\"@type\":\"SearchAction\",\"target\":{\"@type\":\"EntryPoint\",\"urlTemplate\":\"https:\\\/\\\/psykedelikalsd.com\\\/?s={search_term_string}\"},\"query-input\":{\"@type\":\"PropertyValueSpecification\",\"valueRequired\":true,\"valueName\":\"search_term_string\"}}],\"inLanguage\":\"en-US\"},{\"@type\":\"Organization\",\"@id\":\"https:\\\/\\\/psykedelikalsd.com\\\/#organization\",\"name\":\"LSD-forhandler\",\"url\":\"https:\\\/\\\/psykedelikalsd.com\\\/\",\"logo\":{\"@type\":\"ImageObject\",\"inLanguage\":\"en-US\",\"@id\":\"https:\\\/\\\/psykedelikalsd.com\\\/#\\\/schema\\\/logo\\\/image\\\/\",\"url\":\"https:\\\/\\\/psykedelikalsd.com\\\/wp-content\\\/uploads\\\/2022\\\/02\\\/cropped-psychedelic-logo.png\",\"contentUrl\":\"https:\\\/\\\/psykedelikalsd.com\\\/wp-content\\\/uploads\\\/2022\\\/02\\\/cropped-psychedelic-logo.png\",\"width\":512,\"height\":512,\"caption\":\"LSD-forhandler\"},\"image\":{\"@id\":\"https:\\\/\\\/psykedelikalsd.com\\\/#\\\/schema\\\/logo\\\/image\\\/\"}}]}<\/script>\n<!-- \/ Yoast SEO plugin. -->","yoast_head_json":{"title":"K\u00f8b Krystalmetamfetamin online | K\u00f8b LSD online","description":"K\u00f8b Krystalmetamfetamin online. Aggressiv eller voldelig adf\u00e6rd \u2013 H\u00f8jere doser kan for\u00e5rsage angst og unormal adf\u00e6rd.","robots":{"index":"index","follow":"follow","max-snippet":"max-snippet:-1","max-image-preview":"max-image-preview:large","max-video-preview":"max-video-preview:-1"},"canonical":"https:\/\/psykedelikalsd.com\/en\/produkt\/koeb-krystalmetamfetamin-online\/","og_locale":"en_US","og_type":"article","og_title":"K\u00f8b Krystalmetamfetamin online | K\u00f8b LSD online","og_description":"K\u00f8b Krystalmetamfetamin online. Aggressiv eller voldelig adf\u00e6rd \u2013 H\u00f8jere doser kan for\u00e5rsage angst og unormal adf\u00e6rd.","og_url":"https:\/\/psykedelikalsd.com\/en\/produkt\/koeb-krystalmetamfetamin-online\/","og_site_name":"K\u00f8b LSD online","article_modified_time":"2025-08-06T19:35:40+00:00","og_image":[{"width":382,"height":512,"url":"https:\/\/psykedelikalsd.com\/wp-content\/uploads\/2022\/06\/crystal.jpeg","type":"image\/jpeg"}],"twitter_card":"summary_large_image","twitter_misc":{"Est. reading time":"3 minutes"},"schema":{"@context":"https:\/\/schema.org","@graph":[{"@type":"WebPage","@id":"https:\/\/psykedelikalsd.com\/produkt\/koeb-krystalmetamfetamin-online\/","url":"https:\/\/psykedelikalsd.com\/produkt\/koeb-krystalmetamfetamin-online\/","name":"K\u00f8b Krystalmetamfetamin online | K\u00f8b LSD online","isPartOf":{"@id":"https:\/\/psykedelikalsd.com\/#website"},"primaryImageOfPage":{"@id":"https:\/\/psykedelikalsd.com\/produkt\/koeb-krystalmetamfetamin-online\/#primaryimage"},"image":{"@id":"https:\/\/psykedelikalsd.com\/produkt\/koeb-krystalmetamfetamin-online\/#primaryimage"},"thumbnailUrl":"https:\/\/psykedelikalsd.com\/wp-content\/uploads\/2022\/06\/crystal.jpeg","datePublished":"2022-06-23T14:42:08+00:00","dateModified":"2025-08-06T19:35:40+00:00","description":"K\u00f8b Krystalmetamfetamin online. Aggressiv eller voldelig adf\u00e6rd \u2013 H\u00f8jere doser kan for\u00e5rsage angst og unormal adf\u00e6rd.","breadcrumb":{"@id":"https:\/\/psykedelikalsd.com\/produkt\/koeb-krystalmetamfetamin-online\/#breadcrumb"},"inLanguage":"en-US","potentialAction":[{"@type":"ReadAction","target":["https:\/\/psykedelikalsd.com\/produkt\/koeb-krystalmetamfetamin-online\/"]}]},{"@type":"ImageObject","inLanguage":"en-US","@id":"https:\/\/psykedelikalsd.com\/produkt\/koeb-krystalmetamfetamin-online\/#primaryimage","url":"https:\/\/psykedelikalsd.com\/wp-content\/uploads\/2022\/06\/crystal.jpeg","contentUrl":"https:\/\/psykedelikalsd.com\/wp-content\/uploads\/2022\/06\/crystal.jpeg","width":382,"height":512,"caption":"K\u00f8b Krystalmetamfetamin online"},{"@type":"BreadcrumbList","@id":"https:\/\/psykedelikalsd.com\/produkt\/koeb-krystalmetamfetamin-online\/#breadcrumb","itemListElement":[{"@type":"ListItem","position":1,"name":"Home","item":"https:\/\/psykedelikalsd.com\/"},{"@type":"ListItem","position":2,"name":"Butik","item":"https:\/\/psykedelikalsd.com\/shop\/"},{"@type":"ListItem","position":3,"name":"K\u00f8b Krystalmetamfetamin online"}]},{"@type":"WebSite","@id":"https:\/\/psykedelikalsd.com\/#website","url":"https:\/\/psykedelikalsd.com\/","name":"K\u00f8b LSD-stof online","description":"Bedste sted at k\u00f8be LSD-stoffer online | Bestil DMT-stoffer online","publisher":{"@id":"https:\/\/psykedelikalsd.com\/#organization"},"potentialAction":[{"@type":"SearchAction","target":{"@type":"EntryPoint","urlTemplate":"https:\/\/psykedelikalsd.com\/?s={search_term_string}"},"query-input":{"@type":"PropertyValueSpecification","valueRequired":true,"valueName":"search_term_string"}}],"inLanguage":"en-US"},{"@type":"Organization","@id":"https:\/\/psykedelikalsd.com\/#organization","name":"LSD-forhandler","url":"https:\/\/psykedelikalsd.com\/","logo":{"@type":"ImageObject","inLanguage":"en-US","@id":"https:\/\/psykedelikalsd.com\/#\/schema\/logo\/image\/","url":"https:\/\/psykedelikalsd.com\/wp-content\/uploads\/2022\/02\/cropped-psychedelic-logo.png","contentUrl":"https:\/\/psykedelikalsd.com\/wp-content\/uploads\/2022\/02\/cropped-psychedelic-logo.png","width":512,"height":512,"caption":"LSD-forhandler"},"image":{"@id":"https:\/\/psykedelikalsd.com\/#\/schema\/logo\/image\/"}}]}},"_links":{"self":[{"href":"https:\/\/psykedelikalsd.com\/en\/wp-json\/wp\/v2\/product\/3374","targetHints":{"allow":["GET"]}}],"collection":[{"href":"https:\/\/psykedelikalsd.com\/en\/wp-json\/wp\/v2\/product"}],"about":[{"href":"https:\/\/psykedelikalsd.com\/en\/wp-json\/wp\/v2\/types\/product"}],"replies":[{"embeddable":true,"href":"https:\/\/psykedelikalsd.com\/en\/wp-json\/wp\/v2\/comments?post=3374"}],"wp:featuredmedia":[{"embeddable":true,"href":"https:\/\/psykedelikalsd.com\/en\/wp-json\/wp\/v2\/media\/3375"}],"wp:attachment":[{"href":"https:\/\/psykedelikalsd.com\/en\/wp-json\/wp\/v2\/media?parent=3374"}],"wp:term":[{"taxonomy":"product_brand","embeddable":true,"href":"https:\/\/psykedelikalsd.com\/en\/wp-json\/wp\/v2\/product_brand?post=3374"},{"taxonomy":"product_cat","embeddable":true,"href":"https:\/\/psykedelikalsd.com\/en\/wp-json\/wp\/v2\/product_cat?post=3374"},{"taxonomy":"product_tag","embeddable":true,"href":"https:\/\/psykedelikalsd.com\/en\/wp-json\/wp\/v2\/product_tag?post=3374"}],"curies":[{"name":"wp","href":"https:\/\/api.w.org\/{rel}","templated":true}]}}