{"id":3470,"date":"2024-02-23T23:26:30","date_gmt":"2024-02-23T23:26:30","guid":{"rendered":"https:\/\/psykedelikalsd.com\/?post_type=product&#038;p=3470"},"modified":"2025-08-06T20:33:03","modified_gmt":"2025-08-06T20:33:03","slug":"kob-5-mapb-i-danmark","status":"publish","type":"product","link":"https:\/\/psykedelikalsd.com\/en\/produkt\/kob-5-mapb-i-danmark\/","title":{"rendered":"K\u00f8b 5-MAPB i Danmark"},"content":{"rendered":"<h2 style=\"text-align: center;\">K\u00f8b 5-MAPB i Danmark | 5-MAPB HCl til salg | Bestil 5-MAPB online i Danmark<\/h2>\n<p style=\"text-align: left;\">K\u00f8b 5-MAPB i Danmark (2-Methylaminopropylbenzofuran). 5-MAPB er et entaktogent designerstof, der ligner Ecstacy og MDMA i sin struktur og virkning. Dette er et af de bedste apoteker i Danmark, hvor du kan bestille 5-MAPB online. Vi tilbyder forskningskemikalier af bedste kvalitet, og 5-MAPB er blot et af dem. F\u00f8r du k\u00f8ber 5-MAPB online, b\u00f8r du vide, at det tilh\u00f8rer en gruppe stoffer kaldet substituerede benzofuraner. Kemikaliet i benzofuran er et typisk kemikalie, der producerer stimulerende, empatiske og euforiske virkninger. Det fremkalder ogs\u00e5 en mild psykedelisk effekt. Nogle af de kemiske stoffer, der falder ind under samme klasse som 5-MAPB, omfatter; 5-APB, 4-APB og 6-APB.<\/p>\n<h3 style=\"text-align: center;\">Bedste sted at bestille 5-MAPB (benzofuraner) online<\/h3>\n<p>Hvis du har ledt efter det bedste sted at k\u00f8be 5-mapb online | 5-mapb til salg i USA | S\u00e5dan k\u00f8ber du 5-Mapb, s\u00e5 er <a href=\"https:\/\/mandyspsychedelic.com\/wp-login.php?redirect_to=https%3A%2F%2Fmandyspsychedelic.com%2Fwp-admin%2Fedit.php%3Fpost_type%3Dproduct&amp;reauth=1\">Psykedelisk<\/a> f\u00e6llesskab din foretrukne butik. Den best\u00e5r af en benzenring i kernen, en N-methyleret ethylamink\u00e6de og en furanring. Da den N-methylerede ethylamink\u00e6de er alfa-methyleret p\u00e5 samme m\u00e5de som metamfetamin, kan den ogs\u00e5 kategoriseres som et derivat af dette stof. Phenethylaminkernen i molekyler, der tilh\u00f8rer amfetaminklassen, best\u00e5r af en phenylring bundet til en aminogruppe (NH2) via en ethylk\u00e6de med en yderligere methylsubstitution ved R. N\u00e5r oxygenatomet er i furanringen i position 5, har det normalt mere stimulerende virkning end n\u00e5r det er i position 6, hvilket normalt har mere hallucinogene virkninger. Du kan ogs\u00e5 k\u00f8be <a href=\"https:\/\/psykedelikalsd.com\/en\/produkt\/koeb-krystalmetamfetamin-online\/\">Krystalmetamfetamin<\/a> online p\u00e5 lsddealer.com.<\/p>\n<p>&nbsp;<\/p>","protected":false},"excerpt":{"rendered":"<p>Alle vores benzofuranderivater er substrattype-frigivere af dopamintransport\u00f8rer (DAT), noradrenalintransport\u00f8rer (NET) og serotonintransport\u00f8rer (SERT) med nanomol\u00e6re potenser.<\/p>","protected":false},"featured_media":3471,"comment_status":"open","ping_status":"closed","template":"","meta":[],"product_brand":[],"product_cat":[15],"product_tag":[],"class_list":{"0":"post-3470","1":"product","2":"type-product","3":"status-publish","4":"has-post-thumbnail","6":"product_cat-andra","8":"first","9":"instock","10":"shipping-taxable","11":"purchasable","12":"product-type-variable"},"yoast_head":"<!-- This site is optimized with the Yoast SEO plugin v27.3 - https:\/\/yoast.com\/product\/yoast-seo-wordpress\/ -->\n<title>K\u00f8b 5-MAPB i Danmark | K\u00f8b LSD online<\/title>\n<meta name=\"description\" content=\"K\u00f8b 5-MAPB i Danmark | Kemikaliet benzofuran er et typisk kemikalie, der producerer stimulerende, empatiske og euforiske effekter. Det fremkalder ogs\u00e5 en mild psykedelisk effekt.\" \/>\n<meta name=\"robots\" content=\"index, follow, max-snippet:-1, max-image-preview:large, max-video-preview:-1\" \/>\n<link rel=\"canonical\" href=\"https:\/\/psykedelikalsd.com\/en\/produkt\/kob-5-mapb-i-danmark\/\" \/>\n<meta property=\"og:locale\" content=\"en_US\" \/>\n<meta property=\"og:type\" content=\"article\" \/>\n<meta property=\"og:title\" content=\"K\u00f8b 5-MAPB i Danmark | K\u00f8b LSD online\" \/>\n<meta property=\"og:description\" content=\"K\u00f8b 5-MAPB i Danmark | Kemikaliet benzofuran er et typisk kemikalie, der producerer stimulerende, empatiske og euforiske effekter. Det fremkalder ogs\u00e5 en mild psykedelisk effekt.\" \/>\n<meta property=\"og:url\" content=\"https:\/\/psykedelikalsd.com\/en\/produkt\/kob-5-mapb-i-danmark\/\" \/>\n<meta property=\"og:site_name\" content=\"K\u00f8b LSD online\" \/>\n<meta property=\"article:modified_time\" content=\"2025-08-06T20:33:03+00:00\" \/>\n<meta property=\"og:image\" content=\"https:\/\/psykedelikalsd.com\/wp-content\/uploads\/2024\/02\/Add-a-heading-1.jpg\" \/>\n\t<meta property=\"og:image:width\" content=\"1200\" \/>\n\t<meta property=\"og:image:height\" content=\"1050\" \/>\n\t<meta property=\"og:image:type\" content=\"image\/jpeg\" \/>\n<meta name=\"twitter:card\" content=\"summary_large_image\" \/>\n<meta name=\"twitter:label1\" content=\"Est. reading time\" \/>\n\t<meta name=\"twitter:data1\" content=\"1 minute\" \/>\n<script type=\"application\/ld+json\" class=\"yoast-schema-graph\">{\"@context\":\"https:\\\/\\\/schema.org\",\"@graph\":[{\"@type\":\"WebPage\",\"@id\":\"https:\\\/\\\/psykedelikalsd.com\\\/produkt\\\/kob-5-mapb-i-danmark\\\/\",\"url\":\"https:\\\/\\\/psykedelikalsd.com\\\/produkt\\\/kob-5-mapb-i-danmark\\\/\",\"name\":\"K\u00f8b 5-MAPB i Danmark | K\u00f8b LSD online\",\"isPartOf\":{\"@id\":\"https:\\\/\\\/psykedelikalsd.com\\\/#website\"},\"primaryImageOfPage\":{\"@id\":\"https:\\\/\\\/psykedelikalsd.com\\\/produkt\\\/kob-5-mapb-i-danmark\\\/#primaryimage\"},\"image\":{\"@id\":\"https:\\\/\\\/psykedelikalsd.com\\\/produkt\\\/kob-5-mapb-i-danmark\\\/#primaryimage\"},\"thumbnailUrl\":\"https:\\\/\\\/psykedelikalsd.com\\\/wp-content\\\/uploads\\\/2024\\\/02\\\/Add-a-heading-1.jpg\",\"datePublished\":\"2024-02-23T23:26:30+00:00\",\"dateModified\":\"2025-08-06T20:33:03+00:00\",\"description\":\"K\u00f8b 5-MAPB i Danmark | Kemikaliet benzofuran er et typisk kemikalie, der producerer stimulerende, empatiske og euforiske effekter. Det fremkalder ogs\u00e5 en mild psykedelisk effekt.\",\"breadcrumb\":{\"@id\":\"https:\\\/\\\/psykedelikalsd.com\\\/produkt\\\/kob-5-mapb-i-danmark\\\/#breadcrumb\"},\"inLanguage\":\"en-US\",\"potentialAction\":[{\"@type\":\"ReadAction\",\"target\":[\"https:\\\/\\\/psykedelikalsd.com\\\/produkt\\\/kob-5-mapb-i-danmark\\\/\"]}]},{\"@type\":\"ImageObject\",\"inLanguage\":\"en-US\",\"@id\":\"https:\\\/\\\/psykedelikalsd.com\\\/produkt\\\/kob-5-mapb-i-danmark\\\/#primaryimage\",\"url\":\"https:\\\/\\\/psykedelikalsd.com\\\/wp-content\\\/uploads\\\/2024\\\/02\\\/Add-a-heading-1.jpg\",\"contentUrl\":\"https:\\\/\\\/psykedelikalsd.com\\\/wp-content\\\/uploads\\\/2024\\\/02\\\/Add-a-heading-1.jpg\",\"width\":1200,\"height\":1050,\"caption\":\"K\u00f8b 5-MAPB i Danmark\"},{\"@type\":\"BreadcrumbList\",\"@id\":\"https:\\\/\\\/psykedelikalsd.com\\\/produkt\\\/kob-5-mapb-i-danmark\\\/#breadcrumb\",\"itemListElement\":[{\"@type\":\"ListItem\",\"position\":1,\"name\":\"Home\",\"item\":\"https:\\\/\\\/psykedelikalsd.com\\\/\"},{\"@type\":\"ListItem\",\"position\":2,\"name\":\"Butik\",\"item\":\"https:\\\/\\\/psykedelikalsd.com\\\/shop\\\/\"},{\"@type\":\"ListItem\",\"position\":3,\"name\":\"K\u00f8b 5-MAPB i Danmark\"}]},{\"@type\":\"WebSite\",\"@id\":\"https:\\\/\\\/psykedelikalsd.com\\\/#website\",\"url\":\"https:\\\/\\\/psykedelikalsd.com\\\/\",\"name\":\"K\u00f8b LSD-stof online\",\"description\":\"Bedste sted at k\u00f8be LSD-stoffer online | Bestil DMT-stoffer online\",\"publisher\":{\"@id\":\"https:\\\/\\\/psykedelikalsd.com\\\/#organization\"},\"potentialAction\":[{\"@type\":\"SearchAction\",\"target\":{\"@type\":\"EntryPoint\",\"urlTemplate\":\"https:\\\/\\\/psykedelikalsd.com\\\/?s={search_term_string}\"},\"query-input\":{\"@type\":\"PropertyValueSpecification\",\"valueRequired\":true,\"valueName\":\"search_term_string\"}}],\"inLanguage\":\"en-US\"},{\"@type\":\"Organization\",\"@id\":\"https:\\\/\\\/psykedelikalsd.com\\\/#organization\",\"name\":\"LSD-forhandler\",\"url\":\"https:\\\/\\\/psykedelikalsd.com\\\/\",\"logo\":{\"@type\":\"ImageObject\",\"inLanguage\":\"en-US\",\"@id\":\"https:\\\/\\\/psykedelikalsd.com\\\/#\\\/schema\\\/logo\\\/image\\\/\",\"url\":\"https:\\\/\\\/psykedelikalsd.com\\\/wp-content\\\/uploads\\\/2022\\\/02\\\/cropped-psychedelic-logo.png\",\"contentUrl\":\"https:\\\/\\\/psykedelikalsd.com\\\/wp-content\\\/uploads\\\/2022\\\/02\\\/cropped-psychedelic-logo.png\",\"width\":512,\"height\":512,\"caption\":\"LSD-forhandler\"},\"image\":{\"@id\":\"https:\\\/\\\/psykedelikalsd.com\\\/#\\\/schema\\\/logo\\\/image\\\/\"}}]}<\/script>\n<!-- \/ Yoast SEO plugin. -->","yoast_head_json":{"title":"K\u00f8b 5-MAPB i Danmark | K\u00f8b LSD online","description":"K\u00f8b 5-MAPB i Danmark | Kemikaliet benzofuran er et typisk kemikalie, der producerer stimulerende, empatiske og euforiske effekter. Det fremkalder ogs\u00e5 en mild psykedelisk effekt.","robots":{"index":"index","follow":"follow","max-snippet":"max-snippet:-1","max-image-preview":"max-image-preview:large","max-video-preview":"max-video-preview:-1"},"canonical":"https:\/\/psykedelikalsd.com\/en\/produkt\/kob-5-mapb-i-danmark\/","og_locale":"en_US","og_type":"article","og_title":"K\u00f8b 5-MAPB i Danmark | K\u00f8b LSD online","og_description":"K\u00f8b 5-MAPB i Danmark | Kemikaliet benzofuran er et typisk kemikalie, der producerer stimulerende, empatiske og euforiske effekter. Det fremkalder ogs\u00e5 en mild psykedelisk effekt.","og_url":"https:\/\/psykedelikalsd.com\/en\/produkt\/kob-5-mapb-i-danmark\/","og_site_name":"K\u00f8b LSD online","article_modified_time":"2025-08-06T20:33:03+00:00","og_image":[{"width":1200,"height":1050,"url":"https:\/\/psykedelikalsd.com\/wp-content\/uploads\/2024\/02\/Add-a-heading-1.jpg","type":"image\/jpeg"}],"twitter_card":"summary_large_image","twitter_misc":{"Est. reading time":"1 minute"},"schema":{"@context":"https:\/\/schema.org","@graph":[{"@type":"WebPage","@id":"https:\/\/psykedelikalsd.com\/produkt\/kob-5-mapb-i-danmark\/","url":"https:\/\/psykedelikalsd.com\/produkt\/kob-5-mapb-i-danmark\/","name":"K\u00f8b 5-MAPB i Danmark | K\u00f8b LSD online","isPartOf":{"@id":"https:\/\/psykedelikalsd.com\/#website"},"primaryImageOfPage":{"@id":"https:\/\/psykedelikalsd.com\/produkt\/kob-5-mapb-i-danmark\/#primaryimage"},"image":{"@id":"https:\/\/psykedelikalsd.com\/produkt\/kob-5-mapb-i-danmark\/#primaryimage"},"thumbnailUrl":"https:\/\/psykedelikalsd.com\/wp-content\/uploads\/2024\/02\/Add-a-heading-1.jpg","datePublished":"2024-02-23T23:26:30+00:00","dateModified":"2025-08-06T20:33:03+00:00","description":"K\u00f8b 5-MAPB i Danmark | Kemikaliet benzofuran er et typisk kemikalie, der producerer stimulerende, empatiske og euforiske effekter. Det fremkalder ogs\u00e5 en mild psykedelisk effekt.","breadcrumb":{"@id":"https:\/\/psykedelikalsd.com\/produkt\/kob-5-mapb-i-danmark\/#breadcrumb"},"inLanguage":"en-US","potentialAction":[{"@type":"ReadAction","target":["https:\/\/psykedelikalsd.com\/produkt\/kob-5-mapb-i-danmark\/"]}]},{"@type":"ImageObject","inLanguage":"en-US","@id":"https:\/\/psykedelikalsd.com\/produkt\/kob-5-mapb-i-danmark\/#primaryimage","url":"https:\/\/psykedelikalsd.com\/wp-content\/uploads\/2024\/02\/Add-a-heading-1.jpg","contentUrl":"https:\/\/psykedelikalsd.com\/wp-content\/uploads\/2024\/02\/Add-a-heading-1.jpg","width":1200,"height":1050,"caption":"K\u00f8b 5-MAPB i Danmark"},{"@type":"BreadcrumbList","@id":"https:\/\/psykedelikalsd.com\/produkt\/kob-5-mapb-i-danmark\/#breadcrumb","itemListElement":[{"@type":"ListItem","position":1,"name":"Home","item":"https:\/\/psykedelikalsd.com\/"},{"@type":"ListItem","position":2,"name":"Butik","item":"https:\/\/psykedelikalsd.com\/shop\/"},{"@type":"ListItem","position":3,"name":"K\u00f8b 5-MAPB i Danmark"}]},{"@type":"WebSite","@id":"https:\/\/psykedelikalsd.com\/#website","url":"https:\/\/psykedelikalsd.com\/","name":"K\u00f8b LSD-stof online","description":"Bedste sted at k\u00f8be LSD-stoffer online | Bestil DMT-stoffer online","publisher":{"@id":"https:\/\/psykedelikalsd.com\/#organization"},"potentialAction":[{"@type":"SearchAction","target":{"@type":"EntryPoint","urlTemplate":"https:\/\/psykedelikalsd.com\/?s={search_term_string}"},"query-input":{"@type":"PropertyValueSpecification","valueRequired":true,"valueName":"search_term_string"}}],"inLanguage":"en-US"},{"@type":"Organization","@id":"https:\/\/psykedelikalsd.com\/#organization","name":"LSD-forhandler","url":"https:\/\/psykedelikalsd.com\/","logo":{"@type":"ImageObject","inLanguage":"en-US","@id":"https:\/\/psykedelikalsd.com\/#\/schema\/logo\/image\/","url":"https:\/\/psykedelikalsd.com\/wp-content\/uploads\/2022\/02\/cropped-psychedelic-logo.png","contentUrl":"https:\/\/psykedelikalsd.com\/wp-content\/uploads\/2022\/02\/cropped-psychedelic-logo.png","width":512,"height":512,"caption":"LSD-forhandler"},"image":{"@id":"https:\/\/psykedelikalsd.com\/#\/schema\/logo\/image\/"}}]}},"_links":{"self":[{"href":"https:\/\/psykedelikalsd.com\/en\/wp-json\/wp\/v2\/product\/3470","targetHints":{"allow":["GET"]}}],"collection":[{"href":"https:\/\/psykedelikalsd.com\/en\/wp-json\/wp\/v2\/product"}],"about":[{"href":"https:\/\/psykedelikalsd.com\/en\/wp-json\/wp\/v2\/types\/product"}],"replies":[{"embeddable":true,"href":"https:\/\/psykedelikalsd.com\/en\/wp-json\/wp\/v2\/comments?post=3470"}],"wp:featuredmedia":[{"embeddable":true,"href":"https:\/\/psykedelikalsd.com\/en\/wp-json\/wp\/v2\/media\/3471"}],"wp:attachment":[{"href":"https:\/\/psykedelikalsd.com\/en\/wp-json\/wp\/v2\/media?parent=3470"}],"wp:term":[{"taxonomy":"product_brand","embeddable":true,"href":"https:\/\/psykedelikalsd.com\/en\/wp-json\/wp\/v2\/product_brand?post=3470"},{"taxonomy":"product_cat","embeddable":true,"href":"https:\/\/psykedelikalsd.com\/en\/wp-json\/wp\/v2\/product_cat?post=3470"},{"taxonomy":"product_tag","embeddable":true,"href":"https:\/\/psykedelikalsd.com\/en\/wp-json\/wp\/v2\/product_tag?post=3470"}],"curies":[{"name":"wp","href":"https:\/\/api.w.org\/{rel}","templated":true}]}}