{"id":432,"date":"2013-08-10T10:26:25","date_gmt":"2013-08-10T10:26:25","guid":{"rendered":"http:\/\/localhost:8888\/test\/?post_type=product&#038;p=432"},"modified":"2025-08-12T00:24:15","modified_gmt":"2025-08-12T00:24:15","slug":"koeb-pcp-pulver-online","status":"publish","type":"product","link":"https:\/\/psykedelikalsd.com\/en\/produkt\/koeb-pcp-pulver-online\/","title":{"rendered":"K\u00f8b PCP-pulver online"},"content":{"rendered":"<h2>K\u00f8b PCP-pulver online<\/h2>\n<p>K\u00f8b PCP-pulver online. Phencyclidin er et l\u00e6gemiddel, der oprindeligt blev udviklet som et bed\u00f8velsesmiddel (K\u00f8b PCP-pulver). PCP p\u00e5virker brugerens hukommelse, evne til at bearbejde f\u00f8lelser og indl\u00e6ringsevne. Ved lavere doser kan virkningerne af PCP ligne alkoholforgiftning. Det kan f\u00e5 brugerne til at f\u00f8le sig distanceret fra deres krop og omgivelser. Det kan ogs\u00e5 forvr\u00e6nge brugerens opfattelse af syn, lyd og virkelighed. L\u00e6gemidlet er kendt for at give brugerne en falsk f\u00f8lelse af styrke, kraft og us\u00e5rlighed. I sin reneste form er PCP et hvidt krystallinsk pulver, der let opl\u00f8ses i vand eller alkohol og har en karakteristisk bitter kemisk smag.<\/p>\n<p>Det betragtes som et dissociativt <a href=\"https:\/\/psykedelikalsd.com\/en\/produkt\/koeb-4-aco-dmt-online\/\">l\u00e6gemiddel<\/a>, der f\u00f8rer til en forvr\u00e6ngning af syn, farver, lyde, sig selv og ens omgivelser. PCP blev udviklet i 1950&#8217;erne som et intraven\u00f8st bed\u00f8velsesmiddel, men p\u00e5 grund af de alvorlige neurotoksiske bivirkninger blev udviklingen til medicinsk brug for mennesker oph\u00f8rt. Ketamin (Ketalar), et bed\u00f8velsesmiddel, der bruges til kirurgi og smertefulde procedurer, blev udviklet i stedet og er strukturelt lig PCP.<\/p>\n<h3>Virkninger af PCP-pulver<\/h3>\n<p>H\u00f8jere doser af PCP kan for\u00e5rsage hallucinationer og symptomer, der ligner virkningerne af psykiske sygdomme som skizofreni. Disse omfatter angst, vrangforestillinger, paranoia, problemer med at danne sammenh\u00e6ngende tanker, selvmordstanker og bizar adf\u00e6rd. PCP-brugere kan blive voldelige.<\/p>\n<ul>\n<li>f\u00f8lelsesl\u00f8shed i kroppen<\/li>\n<li>svimmelhed<\/li>\n<li>savlen<\/li>\n<li>sl\u00f8ret eller forvr\u00e6nget tale<\/li>\n<li>tab af muskelkoordination og balance<\/li>\n<li>kraftig svedtendens<\/li>\n<li>hurtige, ufrivillige \u00f8jenbev\u00e6gelser eller et tomt blik<\/li>\n<li>kvalme og opkastning<\/li>\n<\/ul>\n<h3>Hvor l\u00e6nge varer PCP-pulver?<\/h3>\n<p>Afh\u00e6ngigt af dosis og hvordan det absorberes (injiceres, ryges eller sluges), kan virkningerne af l\u00e6gemidlet v\u00e6re s\u00e5 nylige som 2-5 minutter og vare alt fra 6-24 timer. Det f\u00e5s i en r\u00e6kke forskellige tabletter, kapsler og pulvere, som enten ryges oralt eller intranasalt (&#8220;sniffes&#8221;). Rygning er den mest almindelige vej, n\u00e5r det bruges rekreativt. Den flydende form af PCP er faktisk PCP-base, der ofte opl\u00f8ses i ether, et meget brandfarligt opl\u00f8sningsmiddel. Til rygning spr\u00f8jtes PCP normalt p\u00e5 bladmateriale s\u00e5som mynte, persille, oregano eller marihuana. PCP kan ogs\u00e5 absorberes ved injektion. Virkningerne af <a href=\"http:\/\/pillersparadis.com\">PCP<\/a> kan vare i 4 til 6 timer. kop-lsd-liquid-online<\/p>","protected":false},"excerpt":{"rendered":"<p>Phencyclidin er et l\u00e6gemiddel, der oprindeligt blev udviklet som et bed\u00f8velsesmiddel (K\u00f8b PCP-pulver). PCP p\u00e5virker brugerens hukommelse, evne til at bearbejde f\u00f8lelser og indl\u00e6ringsevne. Ved lavere doser kan virkningerne af PCP ligne alkoholforgiftning. Det kan f\u00e5 brugerne til at f\u00f8le sig distanceret fra deres krop og deres omgivelser.<\/p>","protected":false},"featured_media":2928,"comment_status":"open","ping_status":"closed","template":"","meta":[],"product_brand":[],"product_cat":[71],"product_tag":[2305,2306,2304,952,2307,956,74,2313,2311,2312,2317,2310,2308,2309,75,76,2314,2315,2316,947,77],"class_list":{"0":"post-432","1":"product","2":"type-product","3":"status-publish","4":"has-post-thumbnail","6":"product_cat-psilocybin","7":"product_tag-3-meo-pcp-pulver-dosis","8":"product_tag-3-meo-pcp-pulver-til-vand","9":"product_tag-3-meo-pcp-pulver-tilfoej-til-kurv-3-meo-pcp","10":"product_tag-3-meo-pcp-pulver","11":"product_tag-bedste-sted-at-koebe-pcp-pulver-online","12":"product_tag-brunt-pcp-pulver","13":"product_tag-dmt","14":"product_tag-er-pcp-pulver","15":"product_tag-hvor-meget-koster-et-gram-pcp-stroem","16":"product_tag-hvordan-koeber-man-pcp-pulver-online","17":"product_tag-hvordan-smager-pcp-pulver","18":"product_tag-kan-jeg-koebe-pcp-pulver-i-portugal","19":"product_tag-koeb-pcp-medicin-online","20":"product_tag-koeb-pcp-pulver","21":"product_tag-meth","22":"product_tag-pcp","23":"product_tag-pcp-medicin-til-salg","24":"product_tag-pcp-pulver-smag","25":"product_tag-pcp-pulver-til-salg","26":"product_tag-pcp-pulver","27":"product_tag-pulver","29":"first","30":"instock","31":"shipping-taxable","32":"purchasable","33":"product-type-variable"},"yoast_head":"<!-- This site is optimized with the Yoast SEO plugin v27.4 - https:\/\/yoast.com\/product\/yoast-seo-wordpress\/ -->\n<title>K\u00f8b PCP-pulver online | K\u00f8b LSD online<\/title>\n<meta name=\"description\" content=\"K\u00f8b PCP-pulver online. Det kan ogs\u00e5 forvr\u00e6nge brugerens opfattelse af syn, lyd og virkelighed. L\u00e6gemidlet er kendt for at give brugerne en falsk f\u00f8lelse af styrke\" \/>\n<meta name=\"robots\" content=\"index, follow, max-snippet:-1, max-image-preview:large, max-video-preview:-1\" \/>\n<link rel=\"canonical\" href=\"https:\/\/psykedelikalsd.com\/en\/produkt\/koeb-pcp-pulver-online\/\" \/>\n<meta property=\"og:locale\" content=\"en_US\" \/>\n<meta property=\"og:type\" content=\"article\" \/>\n<meta property=\"og:title\" content=\"K\u00f8b PCP-pulver online | K\u00f8b LSD online\" \/>\n<meta property=\"og:description\" content=\"K\u00f8b PCP-pulver online. Det kan ogs\u00e5 forvr\u00e6nge brugerens opfattelse af syn, lyd og virkelighed. L\u00e6gemidlet er kendt for at give brugerne en falsk f\u00f8lelse af styrke\" \/>\n<meta property=\"og:url\" content=\"https:\/\/psykedelikalsd.com\/en\/produkt\/koeb-pcp-pulver-online\/\" \/>\n<meta property=\"og:site_name\" content=\"K\u00f8b LSD online\" \/>\n<meta property=\"article:modified_time\" content=\"2025-08-12T00:24:15+00:00\" \/>\n<meta property=\"og:image\" content=\"https:\/\/psykedelikalsd.com\/wp-content\/uploads\/2013\/08\/pcp-powder-600x600-1.jpg\" \/>\n\t<meta property=\"og:image:width\" content=\"600\" \/>\n\t<meta property=\"og:image:height\" content=\"600\" \/>\n\t<meta property=\"og:image:type\" content=\"image\/jpeg\" \/>\n<meta name=\"twitter:card\" content=\"summary_large_image\" \/>\n<meta name=\"twitter:label1\" content=\"Est. reading time\" \/>\n\t<meta name=\"twitter:data1\" content=\"2 minutes\" \/>\n<script type=\"application\/ld+json\" class=\"yoast-schema-graph\">{\"@context\":\"https:\\\/\\\/schema.org\",\"@graph\":[{\"@type\":\"WebPage\",\"@id\":\"https:\\\/\\\/psykedelikalsd.com\\\/produkt\\\/koeb-pcp-pulver-online\\\/\",\"url\":\"https:\\\/\\\/psykedelikalsd.com\\\/produkt\\\/koeb-pcp-pulver-online\\\/\",\"name\":\"K\u00f8b PCP-pulver online | K\u00f8b LSD online\",\"isPartOf\":{\"@id\":\"https:\\\/\\\/psykedelikalsd.com\\\/#website\"},\"primaryImageOfPage\":{\"@id\":\"https:\\\/\\\/psykedelikalsd.com\\\/produkt\\\/koeb-pcp-pulver-online\\\/#primaryimage\"},\"image\":{\"@id\":\"https:\\\/\\\/psykedelikalsd.com\\\/produkt\\\/koeb-pcp-pulver-online\\\/#primaryimage\"},\"thumbnailUrl\":\"https:\\\/\\\/psykedelikalsd.com\\\/wp-content\\\/uploads\\\/2013\\\/08\\\/pcp-powder-600x600-1.jpg\",\"datePublished\":\"2013-08-10T10:26:25+00:00\",\"dateModified\":\"2025-08-12T00:24:15+00:00\",\"description\":\"K\u00f8b PCP-pulver online. Det kan ogs\u00e5 forvr\u00e6nge brugerens opfattelse af syn, lyd og virkelighed. L\u00e6gemidlet er kendt for at give brugerne en falsk f\u00f8lelse af styrke\",\"breadcrumb\":{\"@id\":\"https:\\\/\\\/psykedelikalsd.com\\\/produkt\\\/koeb-pcp-pulver-online\\\/#breadcrumb\"},\"inLanguage\":\"en-US\",\"potentialAction\":[{\"@type\":\"ReadAction\",\"target\":[\"https:\\\/\\\/psykedelikalsd.com\\\/produkt\\\/koeb-pcp-pulver-online\\\/\"]}]},{\"@type\":\"ImageObject\",\"inLanguage\":\"en-US\",\"@id\":\"https:\\\/\\\/psykedelikalsd.com\\\/produkt\\\/koeb-pcp-pulver-online\\\/#primaryimage\",\"url\":\"https:\\\/\\\/psykedelikalsd.com\\\/wp-content\\\/uploads\\\/2013\\\/08\\\/pcp-powder-600x600-1.jpg\",\"contentUrl\":\"https:\\\/\\\/psykedelikalsd.com\\\/wp-content\\\/uploads\\\/2013\\\/08\\\/pcp-powder-600x600-1.jpg\",\"width\":600,\"height\":600,\"caption\":\"K\u00f8b PCP-pulver online\"},{\"@type\":\"BreadcrumbList\",\"@id\":\"https:\\\/\\\/psykedelikalsd.com\\\/produkt\\\/koeb-pcp-pulver-online\\\/#breadcrumb\",\"itemListElement\":[{\"@type\":\"ListItem\",\"position\":1,\"name\":\"Home\",\"item\":\"https:\\\/\\\/psykedelikalsd.com\\\/\"},{\"@type\":\"ListItem\",\"position\":2,\"name\":\"Butik\",\"item\":\"https:\\\/\\\/psykedelikalsd.com\\\/shop\\\/\"},{\"@type\":\"ListItem\",\"position\":3,\"name\":\"K\u00f8b PCP-pulver online\"}]},{\"@type\":\"WebSite\",\"@id\":\"https:\\\/\\\/psykedelikalsd.com\\\/#website\",\"url\":\"https:\\\/\\\/psykedelikalsd.com\\\/\",\"name\":\"K\u00f8b LSD-stof online\",\"description\":\"Bedste sted at k\u00f8be LSD-stoffer online | Bestil DMT-stoffer online\",\"publisher\":{\"@id\":\"https:\\\/\\\/psykedelikalsd.com\\\/#organization\"},\"potentialAction\":[{\"@type\":\"SearchAction\",\"target\":{\"@type\":\"EntryPoint\",\"urlTemplate\":\"https:\\\/\\\/psykedelikalsd.com\\\/?s={search_term_string}\"},\"query-input\":{\"@type\":\"PropertyValueSpecification\",\"valueRequired\":true,\"valueName\":\"search_term_string\"}}],\"inLanguage\":\"en-US\"},{\"@type\":\"Organization\",\"@id\":\"https:\\\/\\\/psykedelikalsd.com\\\/#organization\",\"name\":\"LSD-forhandler\",\"url\":\"https:\\\/\\\/psykedelikalsd.com\\\/\",\"logo\":{\"@type\":\"ImageObject\",\"inLanguage\":\"en-US\",\"@id\":\"https:\\\/\\\/psykedelikalsd.com\\\/#\\\/schema\\\/logo\\\/image\\\/\",\"url\":\"https:\\\/\\\/psykedelikalsd.com\\\/wp-content\\\/uploads\\\/2022\\\/02\\\/cropped-psychedelic-logo.png\",\"contentUrl\":\"https:\\\/\\\/psykedelikalsd.com\\\/wp-content\\\/uploads\\\/2022\\\/02\\\/cropped-psychedelic-logo.png\",\"width\":512,\"height\":512,\"caption\":\"LSD-forhandler\"},\"image\":{\"@id\":\"https:\\\/\\\/psykedelikalsd.com\\\/#\\\/schema\\\/logo\\\/image\\\/\"}}]}<\/script>\n<!-- \/ Yoast SEO plugin. -->","yoast_head_json":{"title":"K\u00f8b PCP-pulver online | K\u00f8b LSD online","description":"K\u00f8b PCP-pulver online. Det kan ogs\u00e5 forvr\u00e6nge brugerens opfattelse af syn, lyd og virkelighed. L\u00e6gemidlet er kendt for at give brugerne en falsk f\u00f8lelse af styrke","robots":{"index":"index","follow":"follow","max-snippet":"max-snippet:-1","max-image-preview":"max-image-preview:large","max-video-preview":"max-video-preview:-1"},"canonical":"https:\/\/psykedelikalsd.com\/en\/produkt\/koeb-pcp-pulver-online\/","og_locale":"en_US","og_type":"article","og_title":"K\u00f8b PCP-pulver online | K\u00f8b LSD online","og_description":"K\u00f8b PCP-pulver online. Det kan ogs\u00e5 forvr\u00e6nge brugerens opfattelse af syn, lyd og virkelighed. L\u00e6gemidlet er kendt for at give brugerne en falsk f\u00f8lelse af styrke","og_url":"https:\/\/psykedelikalsd.com\/en\/produkt\/koeb-pcp-pulver-online\/","og_site_name":"K\u00f8b LSD online","article_modified_time":"2025-08-12T00:24:15+00:00","og_image":[{"width":600,"height":600,"url":"https:\/\/psykedelikalsd.com\/wp-content\/uploads\/2013\/08\/pcp-powder-600x600-1.jpg","type":"image\/jpeg"}],"twitter_card":"summary_large_image","twitter_misc":{"Est. reading time":"2 minutes"},"schema":{"@context":"https:\/\/schema.org","@graph":[{"@type":"WebPage","@id":"https:\/\/psykedelikalsd.com\/produkt\/koeb-pcp-pulver-online\/","url":"https:\/\/psykedelikalsd.com\/produkt\/koeb-pcp-pulver-online\/","name":"K\u00f8b PCP-pulver online | K\u00f8b LSD online","isPartOf":{"@id":"https:\/\/psykedelikalsd.com\/#website"},"primaryImageOfPage":{"@id":"https:\/\/psykedelikalsd.com\/produkt\/koeb-pcp-pulver-online\/#primaryimage"},"image":{"@id":"https:\/\/psykedelikalsd.com\/produkt\/koeb-pcp-pulver-online\/#primaryimage"},"thumbnailUrl":"https:\/\/psykedelikalsd.com\/wp-content\/uploads\/2013\/08\/pcp-powder-600x600-1.jpg","datePublished":"2013-08-10T10:26:25+00:00","dateModified":"2025-08-12T00:24:15+00:00","description":"K\u00f8b PCP-pulver online. Det kan ogs\u00e5 forvr\u00e6nge brugerens opfattelse af syn, lyd og virkelighed. L\u00e6gemidlet er kendt for at give brugerne en falsk f\u00f8lelse af styrke","breadcrumb":{"@id":"https:\/\/psykedelikalsd.com\/produkt\/koeb-pcp-pulver-online\/#breadcrumb"},"inLanguage":"en-US","potentialAction":[{"@type":"ReadAction","target":["https:\/\/psykedelikalsd.com\/produkt\/koeb-pcp-pulver-online\/"]}]},{"@type":"ImageObject","inLanguage":"en-US","@id":"https:\/\/psykedelikalsd.com\/produkt\/koeb-pcp-pulver-online\/#primaryimage","url":"https:\/\/psykedelikalsd.com\/wp-content\/uploads\/2013\/08\/pcp-powder-600x600-1.jpg","contentUrl":"https:\/\/psykedelikalsd.com\/wp-content\/uploads\/2013\/08\/pcp-powder-600x600-1.jpg","width":600,"height":600,"caption":"K\u00f8b PCP-pulver online"},{"@type":"BreadcrumbList","@id":"https:\/\/psykedelikalsd.com\/produkt\/koeb-pcp-pulver-online\/#breadcrumb","itemListElement":[{"@type":"ListItem","position":1,"name":"Home","item":"https:\/\/psykedelikalsd.com\/"},{"@type":"ListItem","position":2,"name":"Butik","item":"https:\/\/psykedelikalsd.com\/shop\/"},{"@type":"ListItem","position":3,"name":"K\u00f8b PCP-pulver online"}]},{"@type":"WebSite","@id":"https:\/\/psykedelikalsd.com\/#website","url":"https:\/\/psykedelikalsd.com\/","name":"K\u00f8b LSD-stof online","description":"Bedste sted at k\u00f8be LSD-stoffer online | Bestil DMT-stoffer online","publisher":{"@id":"https:\/\/psykedelikalsd.com\/#organization"},"potentialAction":[{"@type":"SearchAction","target":{"@type":"EntryPoint","urlTemplate":"https:\/\/psykedelikalsd.com\/?s={search_term_string}"},"query-input":{"@type":"PropertyValueSpecification","valueRequired":true,"valueName":"search_term_string"}}],"inLanguage":"en-US"},{"@type":"Organization","@id":"https:\/\/psykedelikalsd.com\/#organization","name":"LSD-forhandler","url":"https:\/\/psykedelikalsd.com\/","logo":{"@type":"ImageObject","inLanguage":"en-US","@id":"https:\/\/psykedelikalsd.com\/#\/schema\/logo\/image\/","url":"https:\/\/psykedelikalsd.com\/wp-content\/uploads\/2022\/02\/cropped-psychedelic-logo.png","contentUrl":"https:\/\/psykedelikalsd.com\/wp-content\/uploads\/2022\/02\/cropped-psychedelic-logo.png","width":512,"height":512,"caption":"LSD-forhandler"},"image":{"@id":"https:\/\/psykedelikalsd.com\/#\/schema\/logo\/image\/"}}]}},"_links":{"self":[{"href":"https:\/\/psykedelikalsd.com\/en\/wp-json\/wp\/v2\/product\/432","targetHints":{"allow":["GET"]}}],"collection":[{"href":"https:\/\/psykedelikalsd.com\/en\/wp-json\/wp\/v2\/product"}],"about":[{"href":"https:\/\/psykedelikalsd.com\/en\/wp-json\/wp\/v2\/types\/product"}],"replies":[{"embeddable":true,"href":"https:\/\/psykedelikalsd.com\/en\/wp-json\/wp\/v2\/comments?post=432"}],"wp:featuredmedia":[{"embeddable":true,"href":"https:\/\/psykedelikalsd.com\/en\/wp-json\/wp\/v2\/media\/2928"}],"wp:attachment":[{"href":"https:\/\/psykedelikalsd.com\/en\/wp-json\/wp\/v2\/media?parent=432"}],"wp:term":[{"taxonomy":"product_brand","embeddable":true,"href":"https:\/\/psykedelikalsd.com\/en\/wp-json\/wp\/v2\/product_brand?post=432"},{"taxonomy":"product_cat","embeddable":true,"href":"https:\/\/psykedelikalsd.com\/en\/wp-json\/wp\/v2\/product_cat?post=432"},{"taxonomy":"product_tag","embeddable":true,"href":"https:\/\/psykedelikalsd.com\/en\/wp-json\/wp\/v2\/product_tag?post=432"}],"curies":[{"name":"wp","href":"https:\/\/api.w.org\/{rel}","templated":true}]}}